{"id":2802,"date":"2025-07-29T07:03:26","date_gmt":"2025-07-29T07:03:26","guid":{"rendered":"https:\/\/shaliteink.com\/?page_id=2802"},"modified":"2025-11-12T07:06:46","modified_gmt":"2025-11-12T07:06:46","slug":"contactanos","status":"publish","type":"page","link":"https:\/\/shaliteink.com\/es\/contactanos\/","title":{"rendered":"Cont\u00e1ctenos"},"content":{"rendered":"<div data-elementor-type=\"wp-page\" data-elementor-id=\"2802\" class=\"elementor elementor-2802\">\n\t\t\t\t<div class=\"wd-negative-gap elementor-element elementor-element-5996490 e-flex e-con-boxed e-con e-parent\" data-id=\"5996490\" data-element_type=\"container\">\n\t\t\t\t\t<div class=\"e-con-inner\">\n\t\t\t\t<div class=\"elementor-element elementor-element-fb751fd elementor-widget elementor-widget-heading\" data-id=\"fb751fd\" data-element_type=\"widget\" data-widget_type=\"heading.default\">\n\t\t\t\t\t<h2 class=\"elementor-heading-title elementor-size-default\">Estamos aqu\u00ed para ayudar<\/h2>\t\t\t\t<\/div>\n\t\t\t\t<div class=\"elementor-element elementor-element-0ef6271 color-scheme-inherit text-left elementor-widget elementor-widget-text-editor\" data-id=\"0ef6271\" data-element_type=\"widget\" data-widget_type=\"text-editor.default\">\n\t\t\t\t\t\t\t\t\t<p>\u00bfTiene alguna pregunta sobre nuestras tintas plastisol, su pedido o alguna t\u00e9cnica de impresi\u00f3n? Nos encantar\u00eda saber de usted.<\/p>\t\t\t\t\t\t\t\t<\/div>\n\t\t\t\t\t<\/div>\n\t\t\t\t<\/div>\n\t\t<div class=\"wd-negative-gap elementor-element elementor-element-44354dc e-flex e-con-boxed e-con e-parent\" data-id=\"44354dc\" data-element_type=\"container\">\n\t\t\t\t\t<div class=\"e-con-inner\">\n\t\t<div class=\"elementor-element elementor-element-40e5fc2b e-con-full e-flex e-con e-child\" data-id=\"40e5fc2b\" data-element_type=\"container\">\n\t\t\t\t<div class=\"elementor-element elementor-element-4803275a wd-width-100 elementor-widget elementor-widget-wd_title\" data-id=\"4803275a\" data-element_type=\"widget\" data-widget_type=\"wd_title.default\">\n\t\t\t\t<div class=\"elementor-widget-container\">\n\t\t\t\t\t\t\t<div class=\"title-wrapper wd-set-mb reset-last-child wd-title-color-default wd-title-style-default wd-title-size-default text-left\">\n\n\t\t\t\n\t\t\t<div class=\"liner-continer\">\n\t\t\t\t<h4 class=\"woodmart-title-container title wd-fontsize-l\">\u00a1Cont\u00e1ctanos!<\/h4> \n\t\t\t\t\t\t\t<\/div>\n\n\t\t\t\t\t<\/div>\n\t\t\t\t\t\t<\/div>\n\t\t\t\t<\/div>\n\t\t\t\t<div class=\"elementor-element elementor-element-210d9fda elementor-widget elementor-widget-wd_text_block\" data-id=\"210d9fda\" data-element_type=\"widget\" data-widget_type=\"wd_text_block.default\">\n\t\t\t\t<div class=\"elementor-widget-container\">\n\t\t\t\t\t\t\t<div class=\"wd-text-block reset-last-child text-left color-title\">\n\t\t\t\n\t\t\t<h3>DIRECCI\u00d3N<\/h3><p><span style=\"color: #000000;\"><strong>69 2nd Ave, Brooklyn, Nueva York 11215, EE. UU.<\/strong><\/span><\/p><p>Lunes - S\u00e1bado, 8.00 a. m. - 4.00 p. m. Domingo, cerrado<\/p>\n\t\t\t\t\t<\/div>\n\t\t\t\t\t\t<\/div>\n\t\t\t\t<\/div>\n\t\t<div class=\"elementor-element elementor-element-15e72fad e-con-full e-flex e-con e-child\" data-id=\"15e72fad\" data-element_type=\"container\">\n\t\t<div class=\"elementor-element elementor-element-79c5d1c7 e-con-full e-flex e-con e-child\" data-id=\"79c5d1c7\" data-element_type=\"container\">\n\t\t\t\t<div class=\"elementor-element elementor-element-11fcf6e8 elementor-widget elementor-widget-wd_text_block\" data-id=\"11fcf6e8\" data-element_type=\"widget\" data-widget_type=\"wd_text_block.default\">\n\t\t\t\t<div class=\"elementor-widget-container\">\n\t\t\t\t\t\t\t<div class=\"wd-text-block reset-last-child text-left\">\n\t\t\t\n\t\t\t<h3>Tel\u00e9fono<\/h3><p><span style=\"color: #000000;\"><strong>+1 971 472 9342<\/strong><\/span><\/p>\n\t\t\t\t\t<\/div>\n\t\t\t\t\t\t<\/div>\n\t\t\t\t<\/div>\n\t\t\t\t<\/div>\n\t\t<div class=\"elementor-element elementor-element-39b33dbc e-con-full e-flex e-con e-child\" data-id=\"39b33dbc\" data-element_type=\"container\">\n\t\t\t\t<div class=\"elementor-element elementor-element-3966d16a elementor-widget elementor-widget-wd_text_block\" data-id=\"3966d16a\" data-element_type=\"widget\" data-widget_type=\"wd_text_block.default\">\n\t\t\t\t<div class=\"elementor-widget-container\">\n\t\t\t\t\t\t\t<div class=\"wd-text-block reset-last-child text-left\">\n\t\t\t\n\t\t\t\n\t\t\t\t\t<\/div>\n\t\t\t\t\t\t<\/div>\n\t\t\t\t<\/div>\n\t\t\t\t<\/div>\n\t\t\t\t<\/div>\n\t\t\t\t<div class=\"elementor-element elementor-element-6321a85 elementor-widget elementor-widget-wd_text_block\" data-id=\"6321a85\" data-element_type=\"widget\" data-widget_type=\"wd_text_block.default\">\n\t\t\t\t<div class=\"elementor-widget-container\">\n\t\t\t\t\t\t\t<div class=\"wd-text-block reset-last-child text-left\">\n\t\t\t\n\t\t\t<h3>Correo electr\u00f3nico<\/h3><p><a href=\"mailto:info@plastisolink.us\">info@plastisolink.us<\/a><\/p>\n\t\t\t\t\t<\/div>\n\t\t\t\t\t\t<\/div>\n\t\t\t\t<\/div>\n\t\t\t\t<\/div>\n\t\t<div class=\"elementor-element elementor-element-59210d37 e-con-full e-flex e-con e-child\" data-id=\"59210d37\" data-element_type=\"container\">\n\t\t\t\t<div class=\"elementor-element elementor-element-322f43c6 wd-width-100 elementor-widget elementor-widget-wd_open_street_map\" data-id=\"322f43c6\" data-element_type=\"widget\" data-widget_type=\"wd_open_street_map.default\">\n\t\t\t\t<div class=\"elementor-widget-container\">\n\t\t\t\t\t\t\t<div class=\"wd-osm-map-container wd-map-container\">\n\t\t\t<div id=\"wd-osm-map-322f43c6\" class=\"wd-osm-map-wrapper wd-map-wrapper\" data-settings=\"{&quot;zoom&quot;:15,&quot;iconUrl&quot;:&quot;https:\\\/\\\/shaliteink.com\\\/wp-content\\\/uploads\\\/2024\\\/07\\\/w-hmp-map-point.svg&quot;,&quot;iconSize&quot;:[&quot;32&quot;,&quot;38&quot;],&quot;scrollWheelZoom&quot;:&quot;no&quot;,&quot;zoomControl&quot;:&quot;yes&quot;,&quot;dragging&quot;:&quot;yes&quot;,&quot;geoapify_tile&quot;:&quot;osm-carto&quot;,&quot;markers&quot;:[{&quot;marker&quot;:{&quot;_id&quot;:&quot;7538c0e&quot;,&quot;marker_coords&quot;:&quot;51.50735, -0.12776&quot;,&quot;marker_title&quot;:&quot;&quot;,&quot;marker_description&quot;:&quot;&quot;,&quot;marker_behavior&quot;:&quot;popup&quot;,&quot;show_button&quot;:&quot;no&quot;,&quot;button_text&quot;:null,&quot;button_url&quot;:null,&quot;button_url_target&quot;:null,&quot;image&quot;:{&quot;url&quot;:&quot;&quot;,&quot;id&quot;:&quot;&quot;,&quot;size&quot;:&quot;&quot;},&quot;image_size&quot;:[],&quot;image_custom_dimension&quot;:null},&quot;lat&quot;:&quot;51.50735&quot;,&quot;lng&quot;:&quot; -0.12776&quot;}],&quot;center&quot;:&quot;51.50735,-0.12776&quot;,&quot;init_type&quot;:&quot;page_load&quot;}\"><\/div>\n\n\t\t\t\n\t\t\t\n\t\t\t\t\t<\/div>\n\t\t\t\t\t\t<\/div>\n\t\t\t\t<\/div>\n\t\t\t\t<\/div>\n\t\t\t\t\t<\/div>\n\t\t\t\t<\/div>\n\t\t\t\t<\/div>","protected":false},"excerpt":{"rendered":"<p>Estamos aqu\u00ed para ayudarte. \u00bfTienes alguna pregunta sobre nuestras tintas plastisol, tu pedido o una t\u00e9cnica de impresi\u00f3n? Nos encantar\u00eda...<\/p>","protected":false},"author":1,"featured_media":3750,"parent":0,"menu_order":0,"comment_status":"closed","ping_status":"closed","template":"","meta":{"footnotes":""},"class_list":["post-2802","page","type-page","status-publish","has-post-thumbnail","hentry"],"_links":{"self":[{"href":"https:\/\/shaliteink.com\/es\/wp-json\/wp\/v2\/pages\/2802","targetHints":{"allow":["GET"]}}],"collection":[{"href":"https:\/\/shaliteink.com\/es\/wp-json\/wp\/v2\/pages"}],"about":[{"href":"https:\/\/shaliteink.com\/es\/wp-json\/wp\/v2\/types\/page"}],"author":[{"embeddable":true,"href":"https:\/\/shaliteink.com\/es\/wp-json\/wp\/v2\/users\/1"}],"replies":[{"embeddable":true,"href":"https:\/\/shaliteink.com\/es\/wp-json\/wp\/v2\/comments?post=2802"}],"version-history":[{"count":0,"href":"https:\/\/shaliteink.com\/es\/wp-json\/wp\/v2\/pages\/2802\/revisions"}],"wp:featuredmedia":[{"embeddable":true,"href":"https:\/\/shaliteink.com\/es\/wp-json\/wp\/v2\/media\/3750"}],"wp:attachment":[{"href":"https:\/\/shaliteink.com\/es\/wp-json\/wp\/v2\/media?parent=2802"}],"curies":[{"name":"wp","href":"https:\/\/api.w.org\/{rel}","templated":true}]}}