{"id":4381,"date":"2026-01-28T06:11:12","date_gmt":"2026-01-28T06:11:12","guid":{"rendered":"https:\/\/shaliteink.com\/?post_type=product&#038;p=4381"},"modified":"2026-01-28T06:11:12","modified_gmt":"2026-01-28T06:11:12","slug":"hochauflosende-lichtempfindliche-emulsion","status":"publish","type":"product","link":"https:\/\/shaliteink.com\/de\/produkt\/hochauflosende-lichtempfindliche-emulsion\/","title":{"rendered":"Hochaufl\u00f6sende, lichtempfindliche Emulsion \u2013 In den Warenkorb"},"content":{"rendered":"<p>Wenn Sie auf der Suche nach einer zuverl\u00e4ssigen, anf\u00e4ngerfreundlichen Methode zur Herstellung sauberer, detaillierter Siebdruckschablonen sind, dann ist dies genau das Richtige f\u00fcr Sie. <strong>hochaufl\u00f6sende, lichtempfindliche Emulsion<\/strong> ist perfekt! Entwickelt f\u00fcr kleine Studios, DIY-Bastler, Klassenzimmer und professionelle Druckereien gleicherma\u00dfen, liefert es jedes Mal glatte, gleichm\u00e4\u00dfige Ergebnisse \u2013 super einfach zu bedienen, selbst wenn Sie gerade erst mit dem Siebdruck beginnen!<\/p>\n<p>Was Anwender an dieser lichtempfindlichen Emulsion besonders sch\u00e4tzen? Ihre kinderleichte Handhabung! Die Viskosit\u00e4t ist optimal \u2013 dickfl\u00fcssig genug, um Siebe gleichm\u00e4\u00dfig und ohne Verlaufen zu beschichten, aber gleichzeitig geschmeidig genug f\u00fcr einen pr\u00e4zisen Farbauftrag. Sie trocknet auch in dunklen oder schwach beleuchteten R\u00e4umen schnell, sodass Sie die Einrichtung z\u00fcgig abschlie\u00dfen und direkt mit dem Siebdruck beginnen k\u00f6nnen! Nach dem Trocknen sorgt sie f\u00fcr gestochen scharfe Kanten und h\u00e4lt Ihre Designs auch bei langen Druckvorg\u00e4ngen brillant.<\/p>\n<p><img decoding=\"async\" class=\"alignnone size-medium wp-image-4405\" src=\"https:\/\/shaliteink.com\/wp-content\/uploads\/2025\/12\/High-Resolution-Photosensitive-Emulsion-3-300x300.jpg\" alt=\"Hochaufl\u00f6sende lichtempfindliche Emulsion (1)\" width=\"300\" height=\"300\" srcset=\"https:\/\/shaliteink.com\/wp-content\/uploads\/2025\/12\/High-Resolution-Photosensitive-Emulsion-3-300x300.jpg 300w, https:\/\/shaliteink.com\/wp-content\/uploads\/2025\/12\/High-Resolution-Photosensitive-Emulsion-3-1024x1024.jpg 1024w, https:\/\/shaliteink.com\/wp-content\/uploads\/2025\/12\/High-Resolution-Photosensitive-Emulsion-3-150x150.jpg 150w, https:\/\/shaliteink.com\/wp-content\/uploads\/2025\/12\/High-Resolution-Photosensitive-Emulsion-3-768x768.jpg 768w, https:\/\/shaliteink.com\/wp-content\/uploads\/2025\/12\/High-Resolution-Photosensitive-Emulsion-3-12x12.jpg 12w, https:\/\/shaliteink.com\/wp-content\/uploads\/2025\/12\/High-Resolution-Photosensitive-Emulsion-3-600x600.jpg 600w, https:\/\/shaliteink.com\/wp-content\/uploads\/2025\/12\/High-Resolution-Photosensitive-Emulsion-3-1200x1200.jpg 1200w, https:\/\/shaliteink.com\/wp-content\/uploads\/2025\/12\/High-Resolution-Photosensitive-Emulsion-3.jpg 1500w\" sizes=\"(max-width: 300px) 100vw, 300px\" \/><\/p>\n<p>&nbsp;<\/p>\n<h3 data-start=\"2688\" data-end=\"2711\">Merkmale\/Vorteile<\/h3>\n<p>Superhochaufl\u00f6sende Beschichtung f\u00fcr scharfe Linien und feinste Details<br \/>\nStrapazierf\u00e4hige Schablonenschicht, die w\u00e4hrend des Druckvorgangs best\u00e4ndig gegen Abnutzung ist.<br \/>\nHohe Hitzebest\u00e4ndigkeit beim Abschmelzen und Aush\u00e4rten.<br \/>\nKompatibel mit verschiedenen Maschenweiten f\u00fcr vielseitiges Drucken.<br \/>\nSuperschnelle Belichtungszeit \u2013 beschleunigt die Einrichtung Ihres Siebdrucks im Handumdrehen!<\/p>\n<p>Egal ob T-Shirts, Tragetaschen, Poster oder Holz \u2013 diese Schablonen bleiben bombenfest, selbst nach unz\u00e4hligen Drucken oder starkem Andr\u00fccken mit dem Rakel! Und das Beste daran: Workshops, Kurse und Indie-Marken.\u00a0<em>besessen<\/em>\u00a0dar\u00fcber\u00a0<strong>lichtempfindliche Emulsion<\/strong>\u2014Keine aufwendige Profi-Schulung n\u00f6tig! Es ist kinderleicht zu bedienen und in Kombination mit\u00a0<a href=\"https:\/\/shaliteink.com\/de\/?s=PVC+free+plastisol+ink&amp;post_type=product&amp;product_cat=0\"><strong>PVC-freie Plastisol-Tinte<\/strong><\/a>\u00a0oder Standard\u00a0<a href=\"https:\/\/shaliteink.com\/de\/produkt\/orange-gelbe-pvc-freie-nb-siebdruckfarbe\/\"><strong>Siebdruckfarbe<\/strong><\/a>, Sie erhalten jedes Mal gleichbleibend hochwertige Ausdrucke.<\/p>\n<div class=\"auto-hide-last-sibling-br paragraph-pP9ZLC paragraph-element br-paragraph-space\">Auch die Reinigung ist kinderleicht! Nach dem Drucken mit\u00a0<a href=\"https:\/\/shaliteink.com\/de\/produkt\/kaufen-sie-pvc-freie-plastisol-tinte-prozessblau-schnelle-lieferung\/\"><strong>PVC-freie Plastisol-Tinte<\/strong><\/a>\u00a0oder Standard\u00a0<strong>Siebdruckfarbe<\/strong>, Das k\u00f6nnen Sie abwischen.\u00a0<strong>lichtempfindliche Emulsion<\/strong>\u00a0Mit herk\u00f6mmlichem Emulsionsentferner oder Siebreiniger \u2013 kinderleicht! Es l\u00f6st sich sauber und gleichm\u00e4\u00dfig auf, wodurch Ihr Sieb l\u00e4nger h\u00e4lt und Sie Zeit und M\u00fche sparen.<\/div>\n<div class=\"auto-hide-last-sibling-br paragraph-pP9ZLC paragraph-element br-paragraph-space\">Und das Beste daran? Die Formel zersetzt sich nicht vorzeitig, sodass Sie sich w\u00e4hrend des Druckvorgangs keine Gedanken \u00fcber Abbl\u00e4ttern oder Abl\u00f6sen machen m\u00fcssen \u2013 ein absoluter Gamechanger, insbesondere f\u00fcr Anf\u00e4nger!<\/div>\n<div><\/div>\n<div>\n<div class=\"auto-hide-last-sibling-br paragraph-pP9ZLC paragraph-element br-paragraph-space\">Egal ob Sie Ihren ersten Bildschirm belichten oder eine Charge f\u00fcr Online-Bestellungen vorbereiten, diese hochaufl\u00f6sende\u00a0<strong>lichtempfindliche Emulsion<\/strong>\u00a0Sorgt f\u00fcr einen reibungslosen, vorhersehbaren und v\u00f6llig frustfreien Arbeitsablauf!<\/div>\n<div class=\"auto-hide-last-sibling-br paragraph-pP9ZLC paragraph-element br-paragraph-space\">Von DIY-Heimdruckprojekten \u00fcber kreative Klassenzimmer bis hin zu kleinen Bekleidungsmarken \u2013 es liefert Ergebnisse auf Profi-Niveau, ganz ohne teure Ausr\u00fcstung oder fortgeschrittene Kenntnisse. Kombinieren Sie es mit\u00a0<strong>PVC-freie Plastisol-Tinte<\/strong>\u00a0oder Standard\u00a0<strong>Siebdruckfarbe<\/strong>, Und Sie erhalten jedes Mal gleichbleibende, professionelle Druckergebnisse \u2013 ganz stressfrei!<\/div>\n<div><img decoding=\"async\" class=\"alignnone size-medium wp-image-4407\" src=\"https:\/\/shaliteink.com\/wp-content\/uploads\/2025\/12\/High-Resolution-Photosensitive-Emulsion-5-300x300.jpg\" alt=\"Hochaufl\u00f6sende lichtempfindliche Emulsion (1)\" width=\"300\" height=\"300\" srcset=\"https:\/\/shaliteink.com\/wp-content\/uploads\/2025\/12\/High-Resolution-Photosensitive-Emulsion-5-300x300.jpg 300w, https:\/\/shaliteink.com\/wp-content\/uploads\/2025\/12\/High-Resolution-Photosensitive-Emulsion-5-1024x1024.jpg 1024w, https:\/\/shaliteink.com\/wp-content\/uploads\/2025\/12\/High-Resolution-Photosensitive-Emulsion-5-150x150.jpg 150w, https:\/\/shaliteink.com\/wp-content\/uploads\/2025\/12\/High-Resolution-Photosensitive-Emulsion-5-768x768.jpg 768w, https:\/\/shaliteink.com\/wp-content\/uploads\/2025\/12\/High-Resolution-Photosensitive-Emulsion-5-12x12.jpg 12w, https:\/\/shaliteink.com\/wp-content\/uploads\/2025\/12\/High-Resolution-Photosensitive-Emulsion-5-600x600.jpg 600w, https:\/\/shaliteink.com\/wp-content\/uploads\/2025\/12\/High-Resolution-Photosensitive-Emulsion-5-1200x1200.jpg 1200w, https:\/\/shaliteink.com\/wp-content\/uploads\/2025\/12\/High-Resolution-Photosensitive-Emulsion-5.jpg 1500w\" sizes=\"(max-width: 300px) 100vw, 300px\" \/><\/div>\n<div><\/div>\n<\/div>\n<div>\n<h3 data-start=\"2688\" data-end=\"2711\">Warum kaufen<\/h3>\n<\/div>\n<div>Diese speziell entwickelte Formel vereinfacht die Verarbeitung von lichtempfindlicher Emulsion und erm\u00f6glicht eine schnelle, vorhersehbare und problemlose Einrichtung des Siebdrucks \u2013 ideal f\u00fcr T-Shirts, Tragetaschen, Poster und Kleinserien. Ob Sie zu Hause drucken oder eine kleine Werkstatt betreiben, sie harmoniert perfekt mit PVC-freier Plastisolfarbe oder Siebdruckfarbe. .<\/div>\n<div><\/div>\n<div>Wenn Sie mit pr\u00e4zisen Designs arbeiten \u2013 feinen Linien, Halbtonbildern, Text oder detaillierten Illustrationen \u2013 dann ist dies\u00a0<strong>lichtempfindliche Emulsion<\/strong>\u00a0Gibt Ihnen die volle Kontrolle und Klarheit, die Sie ben\u00f6tigen! Einfach das Sieb beschichten, trocknen lassen, unter UV- oder LED-Licht belichten, absp\u00fclen, und fertig \u2013 Ihre Schablone ist bereit zum Kombinieren mit\u00a0<strong>PVC-freie Plastisol-Tinte<\/strong>\u00a0oder Standard\u00a0<strong>Siebdruckfarbe<\/strong>\u00a0f\u00fcr gestochen scharfe, perfekte Ausdrucke!<\/div>","protected":false},"excerpt":{"rendered":"<p>Hochaufl\u00f6sende, lichtempfindliche Emulsion f\u00fcr den Siebdruck \u2013 f\u00fcr gestochen scharfe Belichtungen und die perfekte Wiedergabe feinster Details! Ideal f\u00fcr Siebdruckfarbe und PVC-freie Plastisolfarbe. Perfekt f\u00fcr DIY-Studios, kleine Werkst\u00e4tten und professionelle Druckereien. Super einfach anzuwenden, schnelltrocknend und f\u00fcr eine deutlich h\u00f6here Druckqualit\u00e4t \u2013 perfekt f\u00fcr all Ihre Siebdruckprojekte!<\/p>","protected":false},"featured_media":4403,"comment_status":"open","ping_status":"closed","template":"","meta":[],"product_brand":[],"product_cat":[88],"product_tag":[98],"class_list":{"0":"post-4381","1":"product","2":"type-product","3":"status-publish","4":"has-post-thumbnail","6":"product_cat-photosensitive-emulsion","7":"product_tag-high-resolution-photosensitive-emulsion","9":"first","10":"instock","11":"shipping-taxable","12":"purchasable","13":"product-type-simple"},"tiered_pricing_type":"fixed","tiered_pricing_fixed_rules":[],"tiered_pricing_product_settings":{"layout":"default","base_unit_name":{"singular":null,"plural":null},"default_variation":null},"tiered_pricing_minimum_quantity":null,"tiered_pricing_roles_data":[],"tiered_pricing_percentage_rules":[],"tiered_pricing_maximum_quantity":null,"tiered_pricing_quantity_step":null,"_links":{"self":[{"href":"https:\/\/shaliteink.com\/de\/wp-json\/wp\/v2\/product\/4381","targetHints":{"allow":["GET"]}}],"collection":[{"href":"https:\/\/shaliteink.com\/de\/wp-json\/wp\/v2\/product"}],"about":[{"href":"https:\/\/shaliteink.com\/de\/wp-json\/wp\/v2\/types\/product"}],"replies":[{"embeddable":true,"href":"https:\/\/shaliteink.com\/de\/wp-json\/wp\/v2\/comments?post=4381"}],"version-history":[{"count":1,"href":"https:\/\/shaliteink.com\/de\/wp-json\/wp\/v2\/product\/4381\/revisions"}],"predecessor-version":[{"id":4632,"href":"https:\/\/shaliteink.com\/de\/wp-json\/wp\/v2\/product\/4381\/revisions\/4632"}],"wp:featuredmedia":[{"embeddable":true,"href":"https:\/\/shaliteink.com\/de\/wp-json\/wp\/v2\/media\/4403"}],"wp:attachment":[{"href":"https:\/\/shaliteink.com\/de\/wp-json\/wp\/v2\/media?parent=4381"}],"wp:term":[{"taxonomy":"product_brand","embeddable":true,"href":"https:\/\/shaliteink.com\/de\/wp-json\/wp\/v2\/product_brand?post=4381"},{"taxonomy":"product_cat","embeddable":true,"href":"https:\/\/shaliteink.com\/de\/wp-json\/wp\/v2\/product_cat?post=4381"},{"taxonomy":"product_tag","embeddable":true,"href":"https:\/\/shaliteink.com\/de\/wp-json\/wp\/v2\/product_tag?post=4381"}],"curies":[{"name":"wp","href":"https:\/\/api.w.org\/{rel}","templated":true}]}}