{"id":4355,"date":"2026-01-28T06:09:39","date_gmt":"2026-01-28T06:09:39","guid":{"rendered":"https:\/\/shaliteink.com\/?post_type=product&#038;p=4355"},"modified":"2026-01-28T06:10:34","modified_gmt":"2026-01-28T06:10:34","slug":"nb-drucktinten-einsteigerset","status":"publish","type":"product","link":"https:\/\/shaliteink.com\/de\/produkt\/nb-drucktinten-einsteigerset\/","title":{"rendered":"NB Druckfarben-Einsteigerset \u2013 Leuchtende Farben f\u00fcr DIY-Bastler Jetzt erh\u00e4ltlich"},"content":{"rendered":"<p class=\"isSelectedEnd\">M\u00f6chten Sie Ihre Siebdrucktechnik verbessern? Dann greifen Sie zu! <strong>NB Siebdruckfarben-Starterset<\/strong>Egal ob Heimwerker, kleine Werkstatt oder Indie-Modelabel \u2013 das NB Printing Ink Einsteiger-Set ist wie f\u00fcr dich gemacht! Es enth\u00e4lt erstklassige, PVC-freie Plastisolfarbe. Die Farben leuchten intensiv, f\u00fchlen sich weich auf Stoff an und eignen sich perfekt f\u00fcr T-Shirts, Stofftaschen oder jedes andere Siebdruckprojekt f\u00fcr Zuhause! Und das Beste daran? Das NB Printing Ink Einsteiger-Set ist kinderleicht anzuwenden, spart dir jede Menge Zeit und erm\u00f6glicht dir professionelle Siebdruckqualit\u00e4t ganz ohne Aufwand! Hol es dir jetzt!<\/p>\n<p><img decoding=\"async\" class=\"alignnone size-medium wp-image-4362\" src=\"https:\/\/shaliteink.com\/wp-content\/uploads\/2025\/12\/NB-Printing-Ink-Beginner-Kit-5-300x300.jpg\" alt=\"NB Druckfarben-Einsteigerset\" width=\"300\" height=\"300\" srcset=\"https:\/\/shaliteink.com\/wp-content\/uploads\/2025\/12\/NB-Printing-Ink-Beginner-Kit-5-300x300.jpg 300w, https:\/\/shaliteink.com\/wp-content\/uploads\/2025\/12\/NB-Printing-Ink-Beginner-Kit-5-1024x1024.jpg 1024w, https:\/\/shaliteink.com\/wp-content\/uploads\/2025\/12\/NB-Printing-Ink-Beginner-Kit-5-150x150.jpg 150w, https:\/\/shaliteink.com\/wp-content\/uploads\/2025\/12\/NB-Printing-Ink-Beginner-Kit-5-768x768.jpg 768w, https:\/\/shaliteink.com\/wp-content\/uploads\/2025\/12\/NB-Printing-Ink-Beginner-Kit-5-1536x1536.jpg 1536w, https:\/\/shaliteink.com\/wp-content\/uploads\/2025\/12\/NB-Printing-Ink-Beginner-Kit-5-12x12.jpg 12w, https:\/\/shaliteink.com\/wp-content\/uploads\/2025\/12\/NB-Printing-Ink-Beginner-Kit-5-600x600.jpg 600w, https:\/\/shaliteink.com\/wp-content\/uploads\/2025\/12\/NB-Printing-Ink-Beginner-Kit-5-1200x1200.jpg 1200w, https:\/\/shaliteink.com\/wp-content\/uploads\/2025\/12\/NB-Printing-Ink-Beginner-Kit-5.jpg 1600w\" sizes=\"(max-width: 300px) 100vw, 300px\" \/><\/p>\n<p class=\"isSelectedEnd\"><strong>Funktionen und Vorteile<\/strong><\/p>\n<p class=\"isSelectedEnd\">\u2705 <strong>PVC-freie Plastisolfarben:<\/strong> Sicher, langlebig und umweltfreundlich \u2013 ideal f\u00fcr Heimwerker und kleine Werkst\u00e4tten! Keine unangenehmen, stechenden D\u00e4mpfe, die Ihre Arbeitsr\u00e4ume verpesten!<br \/>\n\u2705 <strong>Hohe Deckkraft + leuchtende Farben:<\/strong> Strahlende, gleichm\u00e4\u00dfige Drucke \u2013 jedes Mal, selbst auf dunklen Stoffen! Keine matten, verwaschenen Farben \u2013 Ihre Designs stechen richtig hervor!<br \/>\n\u2705<strong> Weiches Handgef\u00fchl:<\/strong> Die Drucke bleiben strapazierf\u00e4hig und die Stoffe flexibel \u2013 kein steifes, kratziges Gef\u00fchl!<br \/>\n\u2705 <strong>Absolut anf\u00e4ngerfreundlich:<\/strong> Im Lieferumfang enthalten sind kleine Tintenf\u00e4sser (4\u00d7100 ml), superleicht verst\u00e4ndliche Anleitungen und Online-Tutorials \u2013 Vorkenntnisse sind nicht erforderlich!<br \/>\n\u2705<strong> Extrem vielseitig:<\/strong> Funktioniert mit handels\u00fcblichen Hei\u00dfluftpistolen, kleinen Trocknern und Standardger\u00e4ten. <a href=\"https:\/\/shaliteink.com\/de\/produkt\/rote-pvc-freie-nb-siebdruckfarbe\/\"><strong>Siebdruckfarbe<\/strong><\/a> Setups \u2013 passt perfekt in Ihren Workflow!<br \/>\n\u2705 <strong>All-in-One NB Drucktinten-Einsteigerset:<\/strong> Tinten, Rakel und Starterzubeh\u00f6r sind im Lieferumfang enthalten \u2013 sofort losdrucken ohne Probleme!<\/p>\n<p class=\"isSelectedEnd\"><strong>Aush\u00e4rtungsanleitung<\/strong><\/p>\n<div class=\"auto-hide-last-sibling-br paragraph-pP9ZLC paragraph-element br-paragraph-space\">Einfach die Drucke bei ca. 160 \u00b0C (320 \u00b0F) hitzeh\u00e4rten \u2013 und schon bleiben die Designs jahrelang farbbrillant und haltbar! Funktioniert einwandfrei mit Standard- und Schnellh\u00e4rtungsger\u00e4ten.\u00a0<a href=\"https:\/\/shaliteink.com\/de\/produkt\/kaufen-sie-online-pvc-freie-plastisolfarbe-fluoreszierendes-violett\/\"><strong>PVC-freie Plastisol-Tinte<\/strong><\/a>, Egal ob Kleinserienproduktion oder kreatives DIY-Projekt \u2013 alles ist m\u00f6glich.\u00a0<strong>Siebdruck<\/strong>\u00a0Projekte, die\u00a0<strong>NB Druckfarben-Einsteigerset<\/strong>\u00a0Wir k\u00fcmmern uns um alles!<\/div>\n<p><img decoding=\"async\" class=\"alignnone size-medium wp-image-4363\" src=\"https:\/\/shaliteink.com\/wp-content\/uploads\/2025\/12\/NB-Printing-Ink-Beginner-Kit-7-300x300.jpg\" alt=\"NB Druckfarben-Einsteigerset\" width=\"300\" height=\"300\" srcset=\"https:\/\/shaliteink.com\/wp-content\/uploads\/2025\/12\/NB-Printing-Ink-Beginner-Kit-7-300x300.jpg 300w, https:\/\/shaliteink.com\/wp-content\/uploads\/2025\/12\/NB-Printing-Ink-Beginner-Kit-7-1024x1024.jpg 1024w, https:\/\/shaliteink.com\/wp-content\/uploads\/2025\/12\/NB-Printing-Ink-Beginner-Kit-7-150x150.jpg 150w, https:\/\/shaliteink.com\/wp-content\/uploads\/2025\/12\/NB-Printing-Ink-Beginner-Kit-7-768x768.jpg 768w, https:\/\/shaliteink.com\/wp-content\/uploads\/2025\/12\/NB-Printing-Ink-Beginner-Kit-7-1536x1536.jpg 1536w, https:\/\/shaliteink.com\/wp-content\/uploads\/2025\/12\/NB-Printing-Ink-Beginner-Kit-7-12x12.jpg 12w, https:\/\/shaliteink.com\/wp-content\/uploads\/2025\/12\/NB-Printing-Ink-Beginner-Kit-7-600x600.jpg 600w, https:\/\/shaliteink.com\/wp-content\/uploads\/2025\/12\/NB-Printing-Ink-Beginner-Kit-7-1200x1200.jpg 1200w, https:\/\/shaliteink.com\/wp-content\/uploads\/2025\/12\/NB-Printing-Ink-Beginner-Kit-7.jpg 1600w\" sizes=\"(max-width: 300px) 100vw, 300px\" \/><\/p>\n<p><strong>Reinigung und Instandhaltung<\/strong><br \/>\nDie Reinigung ist kinderleicht! Verwenden Sie ein spezielles Plastisol-Siebreiniger oder -Entfernungsmittel. Im Gegensatz zu wasserbasierten Farben, <a href=\"https:\/\/shaliteink.com\/de\/produkt\/pvc-freie-zitronengelbe-plastisolfarbe\/\"><strong>PVC-freie Plastisol-Tinte<\/strong><\/a> Trocknen nicht in Ihren Sieben ein \u2013 verwenden Sie sie immer wieder ohne Verstopfungen oder R\u00fcckst\u00e4nde!<\/p>\n<p class=\"isSelectedEnd\"><strong>Aufbewahrungstipps<\/strong><br \/>\nBewahren Sie die Tinten an einem k\u00fchlen, trockenen Ort auf (vor direkter Sonneneinstrahlung und Hitze gesch\u00fctzt).\u00a0<strong>PVC-freie Plastisol-Tinte<\/strong>\u00a0Genau, und die Farben bleiben leuchtend und die Leistung bleibt konstant \u2013 und zwar f\u00fcr jedes Ger\u00e4t.\u00a0<strong>Siebdruck<\/strong>\u00a0Projekt!<\/p>\n<div class=\"auto-hide-last-sibling-br paragraph-pP9ZLC paragraph-element br-paragraph-space\">Egal ob Sie auf Etsy\/Shopify verkaufen, Workshops geben oder einfach nur Spa\u00df an Hausarbeiten haben,\u00a0<strong>NB Druckfarben-Einsteigerset<\/strong>\u00a0Verk\u00fcrzt die Einarbeitungszeit, reduziert die Unordnung und f\u00f6rdert die Kreativit\u00e4t! \u00dcbernehmen Sie die Kontrolle \u00fcber Ihre Kleinserienproduktion mit einem Set, das Qualit\u00e4t, Sicherheit und Komfort perfekt vereint \u2013 Sie schaffen das!<\/div>","protected":false},"excerpt":{"rendered":"<p>Der <strong>NB Druckfarben-Einsteigerset<\/strong> Liefert leuchtende, weiche Drucke f\u00fcr individuelle Bekleidung und Bastelarbeiten. Enth\u00e4lt <strong>PVC-freie Plastisol-Tinte<\/strong>, ideal <strong>Siebdruckfarbe<\/strong> f\u00fcr Etsy-Verk\u00e4ufer, DIY-Bastler und kleine Marken, die T-Shirts, Tragetaschen und Wohnaccessoires herstellen.<\/p>","protected":false},"featured_media":4357,"comment_status":"open","ping_status":"closed","template":"","meta":[],"product_brand":[],"product_cat":[43,48],"product_tag":[108],"class_list":{"0":"post-4355","1":"product","2":"type-product","3":"status-publish","4":"has-post-thumbnail","6":"product_cat-pvc-free-nb-screen-printing-ink","7":"product_cat-screen-printing-ink-kit","8":"product_tag-nb-printing-ink-beginner-kit","10":"first","11":"instock","12":"shipping-taxable","13":"purchasable","14":"product-type-simple"},"tiered_pricing_type":"fixed","tiered_pricing_fixed_rules":[],"tiered_pricing_product_settings":{"layout":"default","base_unit_name":{"singular":null,"plural":null},"default_variation":null},"tiered_pricing_minimum_quantity":null,"tiered_pricing_roles_data":[],"tiered_pricing_percentage_rules":[],"tiered_pricing_maximum_quantity":null,"tiered_pricing_quantity_step":null,"_links":{"self":[{"href":"https:\/\/shaliteink.com\/de\/wp-json\/wp\/v2\/product\/4355","targetHints":{"allow":["GET"]}}],"collection":[{"href":"https:\/\/shaliteink.com\/de\/wp-json\/wp\/v2\/product"}],"about":[{"href":"https:\/\/shaliteink.com\/de\/wp-json\/wp\/v2\/types\/product"}],"replies":[{"embeddable":true,"href":"https:\/\/shaliteink.com\/de\/wp-json\/wp\/v2\/comments?post=4355"}],"version-history":[{"count":1,"href":"https:\/\/shaliteink.com\/de\/wp-json\/wp\/v2\/product\/4355\/revisions"}],"predecessor-version":[{"id":4631,"href":"https:\/\/shaliteink.com\/de\/wp-json\/wp\/v2\/product\/4355\/revisions\/4631"}],"wp:featuredmedia":[{"embeddable":true,"href":"https:\/\/shaliteink.com\/de\/wp-json\/wp\/v2\/media\/4357"}],"wp:attachment":[{"href":"https:\/\/shaliteink.com\/de\/wp-json\/wp\/v2\/media?parent=4355"}],"wp:term":[{"taxonomy":"product_brand","embeddable":true,"href":"https:\/\/shaliteink.com\/de\/wp-json\/wp\/v2\/product_brand?post=4355"},{"taxonomy":"product_cat","embeddable":true,"href":"https:\/\/shaliteink.com\/de\/wp-json\/wp\/v2\/product_cat?post=4355"},{"taxonomy":"product_tag","embeddable":true,"href":"https:\/\/shaliteink.com\/de\/wp-json\/wp\/v2\/product_tag?post=4355"}],"curies":[{"name":"wp","href":"https:\/\/api.w.org\/{rel}","templated":true}]}}