{"id":4334,"date":"2025-12-30T03:48:04","date_gmt":"2025-12-30T03:48:04","guid":{"rendered":"https:\/\/shaliteink.com\/?post_type=product&#038;p=4334"},"modified":"2025-12-30T03:48:50","modified_gmt":"2025-12-30T03:48:50","slug":"hochdichte-lichtempfindliche-emulsion","status":"publish","type":"product","link":"https:\/\/shaliteink.com\/de\/produkt\/hochdichte-lichtempfindliche-emulsion\/","title":{"rendered":"Hochdichte lichtempfindliche Emulsion \u2013 W\u00e4hlen Sie Ihre Geschmacksrichtungen"},"content":{"rendered":"<p class=\"bv-p-translate\" data-start=\"346\" data-end=\"827\">Der <strong data-start=\"350\" data-end=\"390\">Hochdichte lichtempfindliche Emulsion<\/strong> von Shaliteink ist die erste Wahl der Verbraucher.<\/p>\n<div class=\"auto-hide-last-sibling-br paragraph-pP9ZLC paragraph-element br-paragraph-space\">Das\u00a0<strong>Hochdichte lichtempfindliche Emulsion<\/strong> ist f\u00fcr Siebdrucker entwickelt, die auf pr\u00e4zise Details angewiesen sind \u2013 denken Sie an gestochen scharfe Kanten, gleichm\u00e4\u00dfigen Farbauftrag und hervorragende Best\u00e4ndigkeit, selbst bei langen Druckvorg\u00e4ngen! Ob Sie auff\u00e4llige Grafiken auf T-Shirts drucken, Texturen f\u00fcr Streetwear-Branding schichten oder hochdichte Effekte auf Tragetaschen und Heimtextilien erzeugen, unsere Formel sorgt daf\u00fcr, dass Ihre Schablone bei jedem Druckvorgang absolut fest bleibt. Und das Beste daran? Es harmoniert perfekt mit\u00a0<strong>PVC-freie Plastisol-Tinte<\/strong>\u00a0und alle Arten von\u00a0<a href=\"https:\/\/shaliteink.com\/de\/produkt\/gelbe-pvc-freie-nb-siebdruckfarbe\/\"><strong>Siebdruckfarbe<\/strong><\/a>, So k\u00f6nnen Sie sich auf gleichbleibende Ergebnisse auf Profi-Niveau verlassen, egal was Sie drucken!<\/div>\n<div><img decoding=\"async\" class=\"alignnone size-medium wp-image-4417\" src=\"https:\/\/shaliteink.com\/wp-content\/uploads\/2025\/12\/High-Density-Photosensitive-Emulsion-2-300x300.jpg\" alt=\"Hochdichte lichtempfindliche Emulsion (5)\" width=\"300\" height=\"300\" srcset=\"https:\/\/shaliteink.com\/wp-content\/uploads\/2025\/12\/High-Density-Photosensitive-Emulsion-2-300x300.jpg 300w, https:\/\/shaliteink.com\/wp-content\/uploads\/2025\/12\/High-Density-Photosensitive-Emulsion-2-1024x1024.jpg 1024w, https:\/\/shaliteink.com\/wp-content\/uploads\/2025\/12\/High-Density-Photosensitive-Emulsion-2-150x150.jpg 150w, https:\/\/shaliteink.com\/wp-content\/uploads\/2025\/12\/High-Density-Photosensitive-Emulsion-2-768x768.jpg 768w, https:\/\/shaliteink.com\/wp-content\/uploads\/2025\/12\/High-Density-Photosensitive-Emulsion-2-12x12.jpg 12w, https:\/\/shaliteink.com\/wp-content\/uploads\/2025\/12\/High-Density-Photosensitive-Emulsion-2-600x600.jpg 600w, https:\/\/shaliteink.com\/wp-content\/uploads\/2025\/12\/High-Density-Photosensitive-Emulsion-2-1200x1200.jpg 1200w, https:\/\/shaliteink.com\/wp-content\/uploads\/2025\/12\/High-Density-Photosensitive-Emulsion-2.jpg 1500w\" sizes=\"(max-width: 300px) 100vw, 300px\" \/><\/div>\n<div><\/div>\n<div class=\"auto-hide-last-sibling-br paragraph-pP9ZLC paragraph-element br-paragraph-space\">Hey Leute\u00a0<strong>Siebdruckfarbe<\/strong> Liebe DIY-Fans, Etsy-Verk\u00e4ufer, Kursleiter und Indie-Modelabel! Wir wissen, dass ihr oft mit l\u00e4stigen Dingen wie schwierigen Beschichtungen, langwierigen Trocknungsproblemen und ungleichm\u00e4\u00dfiger Belichtung zu k\u00e4mpfen habt, richtig? Zum Gl\u00fcck gibt es unsere L\u00f6sung!\u00a0<a href=\"https:\/\/shaliteink.com\/de\/produkt-kategorie\/lichtempfindliche-emulsion\/\"><strong>Hochdichte lichtempfindliche Emulsion<\/strong><\/a>\u00a0L\u00f6st all diese Probleme! Die anwenderfreundliche Formel l\u00e4sst sich superleicht auftragen, trocknet gleichm\u00e4\u00dfig und sorgt f\u00fcr saubere Belichtung mit LED- und herk\u00f6mmlichen UV-Lampen. Und das Beste? Es harmoniert perfekt mit\u00a0<strong>PVC-freie Plastisol-Tinte<\/strong> (und all Ihre bevorzugten Tinten) f\u00fcr stets gleichm\u00e4\u00dfige und konsistente Ergebnisse! Sie erhalten vorhersehbare Resultate, eine hervorragende Detailwiedergabe und einen gro\u00dfen Belichtungsspielraum, der kleinere Prozessabweichungen ausgleicht \u2013 perfekt f\u00fcr Anf\u00e4nger und Produktionsumgebungen mit hohem Arbeitsaufkommen.<\/div>\n<p class=\"bv-p-translate\" data-start=\"1755\" data-end=\"2100\">Die Formulierung l\u00e4sst sich nahtlos kombinieren mit <strong data-start=\"1793\" data-end=\"1819\">PVC-freie Plastisol-Tinte<\/strong>, traditionelles Plastisol.<\/p>\n<h3 data-start=\"2102\" data-end=\"2122\"><strong data-start=\"2106\" data-end=\"2122\">Hauptmerkmale<\/strong><\/h3>\n<ul data-start=\"2123\" data-end=\"2614\">\n<li data-start=\"2123\" data-end=\"2198\">\n<p class=\"bv-p-translate\" data-start=\"2125\" data-end=\"2198\"><strong data-start=\"2125\" data-end=\"2155\">Konstruktion von hochdichten Schablonen<\/strong> um klare Proben zu erhalten<\/p>\n<\/li>\n<li data-start=\"2199\" data-end=\"2268\">\n<p class=\"bv-p-translate\" data-start=\"2201\" data-end=\"2268\"><strong data-start=\"2201\" data-end=\"2216\">Schnell trocknend<\/strong> f\u00fcr schnelle<\/p>\n<\/li>\n<li data-start=\"2269\" data-end=\"2337\">\n<p class=\"bv-p-translate\" data-start=\"2271\" data-end=\"2337\"><strong data-start=\"2271\" data-end=\"2297\">Gro\u00dfer Belichtungsspielraum<\/strong> f\u00fcr saubere Details<\/p>\n<\/li>\n<li data-start=\"2338\" data-end=\"2412\">\n<p class=\"bv-p-translate\" data-start=\"2340\" data-end=\"2412\">Funktioniert mit <strong data-start=\"2351\" data-end=\"2377\">PVC-freie Plastisol-Tinte<\/strong>, Plastisol- und wasserbasierte Tinten<\/p>\n<\/li>\n<li data-start=\"2413\" data-end=\"2481\">\n<p data-start=\"2415\" data-end=\"2481\"><strong>Robuste Schablonen<\/strong> Sie halten auch langen Laufstrecken und mehrlagigen Designs stand!<\/p>\n<\/li>\n<li data-start=\"2482\" data-end=\"2523\">\n<p data-start=\"2484\" data-end=\"2523\">Anf\u00e4ngerfreundliche Beschichtung &amp; superleichtes Auswaschen!<\/p>\n<\/li>\n<li data-start=\"2524\" data-end=\"2614\">\n<p data-start=\"2526\" data-end=\"2614\">Geeignet f\u00fcr T-Shirts, Bekleidungskollektionen, Maker Spaces, DIY-Studios und kommerzielle Studios.<\/p>\n<\/li>\n<\/ul>\n<p><img decoding=\"async\" class=\"alignnone size-medium wp-image-4419\" src=\"https:\/\/shaliteink.com\/wp-content\/uploads\/2025\/12\/High-Density-Photosensitive-Emulsion-4-300x300.jpg\" alt=\"Hochdichte lichtempfindliche Emulsion (5)\" width=\"300\" height=\"300\" srcset=\"https:\/\/shaliteink.com\/wp-content\/uploads\/2025\/12\/High-Density-Photosensitive-Emulsion-4-300x300.jpg 300w, https:\/\/shaliteink.com\/wp-content\/uploads\/2025\/12\/High-Density-Photosensitive-Emulsion-4-1024x1024.jpg 1024w, https:\/\/shaliteink.com\/wp-content\/uploads\/2025\/12\/High-Density-Photosensitive-Emulsion-4-150x150.jpg 150w, https:\/\/shaliteink.com\/wp-content\/uploads\/2025\/12\/High-Density-Photosensitive-Emulsion-4-768x768.jpg 768w, https:\/\/shaliteink.com\/wp-content\/uploads\/2025\/12\/High-Density-Photosensitive-Emulsion-4-12x12.jpg 12w, https:\/\/shaliteink.com\/wp-content\/uploads\/2025\/12\/High-Density-Photosensitive-Emulsion-4-600x600.jpg 600w, https:\/\/shaliteink.com\/wp-content\/uploads\/2025\/12\/High-Density-Photosensitive-Emulsion-4-1200x1200.jpg 1200w, https:\/\/shaliteink.com\/wp-content\/uploads\/2025\/12\/High-Density-Photosensitive-Emulsion-4.jpg 1500w\" sizes=\"(max-width: 300px) 100vw, 300px\" \/><\/p>\n<h3 data-start=\"2616\" data-end=\"2644\"><strong data-start=\"2620\" data-end=\"2644\">Aush\u00e4rtung &amp; Leistung<\/strong><\/h3>\n<p class=\"bv-p-translate\" data-start=\"2645\" data-end=\"3073\">Die Emulsion selbst h\u00e4rtet zwar nicht wie Tinte aus, ist aber so formuliert, dass sie den hohen Temperaturen standh\u00e4lt, die zum Aush\u00e4rten erforderlich sind. <strong data-start=\"113\" data-end=\"136\">Siebdruckfarbe<\/strong>, einschlie\u00dflich langsam aush\u00e4rtender und schnell aush\u00e4rtender Produkte <a href=\"https:\/\/shaliteink.com\/de\/?s=PVC+free+plastisol+ink&amp;post_type=product&amp;product_cat=0\"><strong data-start=\"177\" data-end=\"203\">PVC-freie Plastisol-Tinte<\/strong><\/a>. Dein\u00a0<strong>Hochdichte lichtempfindliche Emulsion<\/strong>\u00a0ist hitzebest\u00e4ndig \u2013 h\u00e4lt die Schablonen w\u00e4hrend des Fixierens und der abschlie\u00dfenden Aush\u00e4rtung des Kleidungsst\u00fccks stabil!<\/p>\n<div class=\"auto-hide-last-sibling-br paragraph-pP9ZLC paragraph-element br-paragraph-space\">Es wurde f\u00fcr Projekte mit hoher Dichte entwickelt und h\u00e4lt wiederholten Rakelstrichen mit hohem Druck sowie langen Druckl\u00e4ufen stand, wobei es selbst bei hohen Anforderungen f\u00fcr gestochen scharfe Details und Kanten sorgt.\u00a0<strong>PVC-freie Plastisol-Tinte<\/strong>\u00a0oder irgendein\u00a0<strong>Siebdruckfarbe<\/strong>!<\/div>\n<h3 data-start=\"3075\" data-end=\"3109\"><strong data-start=\"3079\" data-end=\"3109\">Kinderleicht zu reinigen und wiederzuverwerten<\/strong><\/h3>\n<p class=\"bv-p-translate\" data-start=\"3110\" data-end=\"3394\">Die Reinigung ist bewusst einfach gehalten, um sowohl DIY-K\u00fcnstlern als auch Gro\u00dfdruckereien entgegenzukommen. Nach dem Drucken l\u00e4sst sich die Schablone schnell mit handels\u00fcblichen Emulsionsentfernern aufl\u00f6sen. Die Formel ist f\u00fcr eine einfache und r\u00fcckstandsfreie R\u00fcckgewinnung optimiert, wodurch Zeit und Chemikalienverbrauch reduziert werden.<\/p>","protected":false},"excerpt":{"rendered":"<p>Hochdichte, lichtempfindliche Emulsion f\u00fcr gestochen scharfe Details, schnelles Trocknen und lange Haltbarkeit der Schablonen. Ideal f\u00fcr Siebdruckfarbe, PVC-freie Plastisolfarbe, DIY-Projekte, kleine Studios, Werkst\u00e4tten und aufstrebende Bekleidungsmarken.<\/p>","protected":false},"featured_media":4416,"comment_status":"open","ping_status":"closed","template":"","meta":[],"product_brand":[],"product_cat":[88],"product_tag":[96],"class_list":{"0":"post-4334","1":"product","2":"type-product","3":"status-publish","4":"has-post-thumbnail","6":"product_cat-photosensitive-emulsion","7":"product_tag-high-density-photosensitive-emulsion","9":"first","10":"instock","11":"shipping-taxable","12":"purchasable","13":"product-type-simple"},"tiered_pricing_type":"fixed","tiered_pricing_fixed_rules":[],"tiered_pricing_product_settings":{"layout":"default","base_unit_name":{"singular":null,"plural":null},"default_variation":null},"tiered_pricing_minimum_quantity":null,"tiered_pricing_roles_data":[],"tiered_pricing_percentage_rules":[],"tiered_pricing_maximum_quantity":null,"tiered_pricing_quantity_step":null,"_links":{"self":[{"href":"https:\/\/shaliteink.com\/de\/wp-json\/wp\/v2\/product\/4334","targetHints":{"allow":["GET"]}}],"collection":[{"href":"https:\/\/shaliteink.com\/de\/wp-json\/wp\/v2\/product"}],"about":[{"href":"https:\/\/shaliteink.com\/de\/wp-json\/wp\/v2\/types\/product"}],"replies":[{"embeddable":true,"href":"https:\/\/shaliteink.com\/de\/wp-json\/wp\/v2\/comments?post=4334"}],"version-history":[{"count":2,"href":"https:\/\/shaliteink.com\/de\/wp-json\/wp\/v2\/product\/4334\/revisions"}],"predecessor-version":[{"id":4621,"href":"https:\/\/shaliteink.com\/de\/wp-json\/wp\/v2\/product\/4334\/revisions\/4621"}],"wp:featuredmedia":[{"embeddable":true,"href":"https:\/\/shaliteink.com\/de\/wp-json\/wp\/v2\/media\/4416"}],"wp:attachment":[{"href":"https:\/\/shaliteink.com\/de\/wp-json\/wp\/v2\/media?parent=4334"}],"wp:term":[{"taxonomy":"product_brand","embeddable":true,"href":"https:\/\/shaliteink.com\/de\/wp-json\/wp\/v2\/product_brand?post=4334"},{"taxonomy":"product_cat","embeddable":true,"href":"https:\/\/shaliteink.com\/de\/wp-json\/wp\/v2\/product_cat?post=4334"},{"taxonomy":"product_tag","embeddable":true,"href":"https:\/\/shaliteink.com\/de\/wp-json\/wp\/v2\/product_tag?post=4334"}],"curies":[{"name":"wp","href":"https:\/\/api.w.org\/{rel}","templated":true}]}}