{"id":3406,"date":"2025-08-16T00:32:32","date_gmt":"2025-08-16T00:32:32","guid":{"rendered":"https:\/\/shaliteink.com\/?post_type=product&#038;p=3406"},"modified":"2025-12-10T11:29:16","modified_gmt":"2025-12-10T11:29:16","slug":"kaufen-sie-cmyk-blau-pvc-freie-tinte-fur-den-siebdruck","status":"publish","type":"product","link":"https:\/\/shaliteink.com\/de\/produkt\/kaufen-sie-cmyk-blau-pvc-freie-tinte-fur-den-siebdruck\/","title":{"rendered":"Kaufen Sie CMYK-blaue PVC-freie Tinte f\u00fcr den Siebdruck"},"content":{"rendered":"<p>Unser <strong><a href=\"https:\/\/shaliteink.com\/de\/produkt-kategorie\/plastisol-cmyk-tinte\/\">PVC-freie Plastisol-Tinte<\/a><\/strong> Diese brillante und umweltfreundliche Tinte eignet sich ideal f\u00fcr den Siebdruck auf verschiedensten Textilien. Sie wurde speziell f\u00fcr umweltbewusste Anwender entwickelt und ist perfekt f\u00fcr Hobbybastler, kleine Unternehmen und Gro\u00dfbetriebe, die zuverl\u00e4ssige und langlebige Druckergebnisse ben\u00f6tigen. Die PVC-freie Formel reduziert Schadstoffemissionen und schont somit Anwender und Umwelt. Ob T-Shirts, Taschen oder Wohnaccessoires \u2013 unsere PVC-freie CMYK-Blau-Tinte liefert stets gleichbleibende Ergebnisse.<\/p>\n<p><img decoding=\"async\" class=\"alignnone size-medium wp-image-3538\" src=\"https:\/\/shaliteink.com\/wp-content\/uploads\/2025\/08\/CMYK-Blue-PVC-Free-Ink-for-Screen-Print-3-293x300.jpeg\" alt=\"\" width=\"293\" height=\"300\" srcset=\"https:\/\/shaliteink.com\/wp-content\/uploads\/2025\/08\/CMYK-Blue-PVC-Free-Ink-for-Screen-Print-3-293x300.jpeg 293w, https:\/\/shaliteink.com\/wp-content\/uploads\/2025\/08\/CMYK-Blue-PVC-Free-Ink-for-Screen-Print-3-999x1024.jpeg 999w, https:\/\/shaliteink.com\/wp-content\/uploads\/2025\/08\/CMYK-Blue-PVC-Free-Ink-for-Screen-Print-3-768x787.jpeg 768w, https:\/\/shaliteink.com\/wp-content\/uploads\/2025\/08\/CMYK-Blue-PVC-Free-Ink-for-Screen-Print-3-1499x1536.jpeg 1499w, https:\/\/shaliteink.com\/wp-content\/uploads\/2025\/08\/CMYK-Blue-PVC-Free-Ink-for-Screen-Print-3-1999x2048.jpeg 1999w, https:\/\/shaliteink.com\/wp-content\/uploads\/2025\/08\/CMYK-Blue-PVC-Free-Ink-for-Screen-Print-3-12x12.jpeg 12w, https:\/\/shaliteink.com\/wp-content\/uploads\/2025\/08\/CMYK-Blue-PVC-Free-Ink-for-Screen-Print-3-1200x1230.jpeg 1200w, https:\/\/shaliteink.com\/wp-content\/uploads\/2025\/08\/CMYK-Blue-PVC-Free-Ink-for-Screen-Print-3-150x154.jpeg 150w\" sizes=\"(max-width: 293px) 100vw, 293px\" \/><\/p>\n<p>&nbsp;<\/p>\n<h1>Hauptmerkmale:<\/h1>\n<ul>\n<li>Umweltfreundlich: Diese Tinte ist PVC-frei und somit eine umweltbewusste Wahl f\u00fcr Ihre Druckprojekte.<\/li>\n<li>Strahlendes CMYK-Blau: Erzielen Sie satte, langanhaltende Farbt\u00f6ne, die auf Textilien und anderen Untergr\u00fcnden besonders gut zur Geltung kommen.<\/li>\n<li>Benutzerfreundlichkeit: Perfekt f\u00fcr professionelle Drucker und Heimwerker gleicherma\u00dfen, mit leicht verst\u00e4ndlichen Befehlen und verf\u00fcgbaren Anleitungen.<\/li>\n<li>Langlebige Drucke: Die Tinte bietet eine bemerkenswerte Deckkraft und Farbbest\u00e4ndigkeit, sodass Ihre Designs auch nach wiederholtem Waschen nicht verblassen.<\/li>\n<li data-start=\"1421\" data-end=\"1589\"><strong data-start=\"1421\" data-end=\"1445\">Geruchsarm und ungiftig<\/strong>Diese Tinte ist unbedenklich f\u00fcr Sie und die Umwelt, da sie geruchsarm und ungiftig ist und sich daher hervorragend f\u00fcr Hobbybastler und kleine Ateliers eignet.<\/li>\n<li data-start=\"1592\" data-end=\"1712\"><strong data-start=\"1592\" data-end=\"1609\">Kompatibilit\u00e4t<\/strong>Kompatibel mit Hei\u00dfluftpistolen oder Trocknern f\u00fcr den Hausgebrauch, daher perfekt f\u00fcr kleine Mengen und individuelle Designs.<\/li>\n<\/ul>\n<p><img decoding=\"async\" class=\"alignnone size-medium wp-image-3412\" src=\"https:\/\/shaliteink.com\/wp-content\/uploads\/2025\/08\/CMYK-Blue-PVC-Free-Ink-for-Screen-Print-295x300.jpeg\" alt=\"CMYK Blau PVC-freie Tinte f\u00fcr Siebdruck\" width=\"295\" height=\"300\" srcset=\"https:\/\/shaliteink.com\/wp-content\/uploads\/2025\/08\/CMYK-Blue-PVC-Free-Ink-for-Screen-Print-295x300.jpeg 295w, https:\/\/shaliteink.com\/wp-content\/uploads\/2025\/08\/CMYK-Blue-PVC-Free-Ink-for-Screen-Print-1007x1024.jpeg 1007w, https:\/\/shaliteink.com\/wp-content\/uploads\/2025\/08\/CMYK-Blue-PVC-Free-Ink-for-Screen-Print-768x781.jpeg 768w, https:\/\/shaliteink.com\/wp-content\/uploads\/2025\/08\/CMYK-Blue-PVC-Free-Ink-for-Screen-Print-1510x1536.jpeg 1510w, https:\/\/shaliteink.com\/wp-content\/uploads\/2025\/08\/CMYK-Blue-PVC-Free-Ink-for-Screen-Print-2014x2048.jpeg 2014w, https:\/\/shaliteink.com\/wp-content\/uploads\/2025\/08\/CMYK-Blue-PVC-Free-Ink-for-Screen-Print-12x12.jpeg 12w, https:\/\/shaliteink.com\/wp-content\/uploads\/2025\/08\/CMYK-Blue-PVC-Free-Ink-for-Screen-Print-1200x1220.jpeg 1200w, https:\/\/shaliteink.com\/wp-content\/uploads\/2025\/08\/CMYK-Blue-PVC-Free-Ink-for-Screen-Print-150x153.jpeg 150w\" sizes=\"(max-width: 295px) 100vw, 295px\" \/><\/p>\n<h1>Aush\u00e4rtung:<\/h1>\n<p>Um optimale Ergebnisse zu gew\u00e4hrleisten, <a href=\"https:\/\/shaliteink.com\/de\/produkt-kategorie\/plastisol-cmyk-tinte\/\"><strong><span class=\"___SBox_epc1q-ko_ ___SText_zko9t-ko_\" data-ui-name=\"Link.Text\">Plastisol-CMYK-Tinte<\/span><\/strong><\/a> Erfordert eine Aush\u00e4rtung bei Temperaturen von 160 \u00b0C (320 \u00b0F) f\u00fcr etwa 2 Minuten, wodurch brillante, langlebige Drucke gew\u00e4hrleistet werden, die sich \u00fcber lange Zeit bew\u00e4hren.<\/p>","protected":false},"excerpt":{"rendered":"<p>Lebendiges Shoppen <strong data-start=\"2878\" data-end=\"2904\">CMYK Blaue PVC-freie Tinte<\/strong> F\u00fcr den Siebdruck. Ungiftig, umweltfreundlich und langlebig. Perfekt f\u00fcr Heimwerker, E-Commerce-H\u00e4ndler und mehr. Jetzt kaufen!<\/p>","protected":false},"featured_media":3414,"comment_status":"open","ping_status":"closed","template":"","meta":[],"product_brand":[],"product_cat":[63,45],"product_tag":[],"class_list":{"0":"post-3406","1":"product","2":"type-product","3":"status-publish","4":"has-post-thumbnail","6":"product_cat-plastisol-cmyk-ink","7":"product_cat-pvc-free-plastisol-ink","9":"first","10":"instock","11":"shipping-taxable","12":"purchasable","13":"product-type-variable"},"tiered_pricing_type":"fixed","tiered_pricing_fixed_rules":[],"tiered_pricing_product_settings":{"layout":"default","base_unit_name":{"singular":null,"plural":null},"default_variation":null},"tiered_pricing_minimum_quantity":null,"tiered_pricing_roles_data":[],"tiered_pricing_percentage_rules":[],"tiered_pricing_maximum_quantity":null,"tiered_pricing_quantity_step":null,"_links":{"self":[{"href":"https:\/\/shaliteink.com\/de\/wp-json\/wp\/v2\/product\/3406","targetHints":{"allow":["GET"]}}],"collection":[{"href":"https:\/\/shaliteink.com\/de\/wp-json\/wp\/v2\/product"}],"about":[{"href":"https:\/\/shaliteink.com\/de\/wp-json\/wp\/v2\/types\/product"}],"replies":[{"embeddable":true,"href":"https:\/\/shaliteink.com\/de\/wp-json\/wp\/v2\/comments?post=3406"}],"version-history":[{"count":0,"href":"https:\/\/shaliteink.com\/de\/wp-json\/wp\/v2\/product\/3406\/revisions"}],"wp:featuredmedia":[{"embeddable":true,"href":"https:\/\/shaliteink.com\/de\/wp-json\/wp\/v2\/media\/3414"}],"wp:attachment":[{"href":"https:\/\/shaliteink.com\/de\/wp-json\/wp\/v2\/media?parent=3406"}],"wp:term":[{"taxonomy":"product_brand","embeddable":true,"href":"https:\/\/shaliteink.com\/de\/wp-json\/wp\/v2\/product_brand?post=3406"},{"taxonomy":"product_cat","embeddable":true,"href":"https:\/\/shaliteink.com\/de\/wp-json\/wp\/v2\/product_cat?post=3406"},{"taxonomy":"product_tag","embeddable":true,"href":"https:\/\/shaliteink.com\/de\/wp-json\/wp\/v2\/product_tag?post=3406"}],"curies":[{"name":"wp","href":"https:\/\/api.w.org\/{rel}","templated":true}]}}