{"id":3394,"date":"2025-10-13T09:14:54","date_gmt":"2025-10-13T09:14:54","guid":{"rendered":"https:\/\/shaliteink.com\/?post_type=product&#038;p=3394"},"modified":"2025-12-10T11:29:31","modified_gmt":"2025-12-10T11:29:31","slug":"cmyk-rottinte-pvc-frei-plastisolfarbe-jetzt-kaufen","status":"publish","type":"product","link":"https:\/\/shaliteink.com\/de\/produkt\/cmyk-rottinte-pvc-frei-plastisolfarbe-jetzt-kaufen\/","title":{"rendered":"CMYK-Rottinte, PVC-frei | Plastisol-Tinte \u2013 Jetzt kaufen"},"content":{"rendered":"<p>Erwecken Sie Ihre lebendigen Designs zum Leben mit unserem <strong>PVC-freie Plastisolfarbe CMYK <\/strong>Rot \u2013 eine Premium-Wahl f\u00fcr umweltbewusste Kreative. Egal, ob Sie zu Hause T-Shirts in limitierter Auflage bedrucken oder ein kleines Modelabel betreiben, diese Farbe ist die perfekte Wahl. <a href=\"https:\/\/shaliteink.com\/de\/screen-printing-ink\/\"><strong>Siebdruckfarbe<\/strong><\/a> bietet satte, gleichm\u00e4\u00dfige Rott\u00f6ne mit der von Ihnen ben\u00f6tigten geschmeidigen Druckbarkeit.<\/p>\n<p><img decoding=\"async\" class=\"alignnone wp-image-3401\" src=\"https:\/\/shaliteink.com\/wp-content\/uploads\/2025\/08\/PVC-Free-CMYK-plastisol-Ink-Red-227x300.jpeg\" alt=\"PVC-freie CMYK-Plastisolfarbe Rot\" width=\"205\" height=\"271\" srcset=\"https:\/\/shaliteink.com\/wp-content\/uploads\/2025\/08\/PVC-Free-CMYK-plastisol-Ink-Red-227x300.jpeg 227w, https:\/\/shaliteink.com\/wp-content\/uploads\/2025\/08\/PVC-Free-CMYK-plastisol-Ink-Red-774x1024.jpeg 774w, https:\/\/shaliteink.com\/wp-content\/uploads\/2025\/08\/PVC-Free-CMYK-plastisol-Ink-Red-768x1016.jpeg 768w, https:\/\/shaliteink.com\/wp-content\/uploads\/2025\/08\/PVC-Free-CMYK-plastisol-Ink-Red-1161x1536.jpeg 1161w, https:\/\/shaliteink.com\/wp-content\/uploads\/2025\/08\/PVC-Free-CMYK-plastisol-Ink-Red-1548x2048.jpeg 1548w, https:\/\/shaliteink.com\/wp-content\/uploads\/2025\/08\/PVC-Free-CMYK-plastisol-Ink-Red-9x12.jpeg 9w, https:\/\/shaliteink.com\/wp-content\/uploads\/2025\/08\/PVC-Free-CMYK-plastisol-Ink-Red-1200x1587.jpeg 1200w, https:\/\/shaliteink.com\/wp-content\/uploads\/2025\/08\/PVC-Free-CMYK-plastisol-Ink-Red-150x198.jpeg 150w, https:\/\/shaliteink.com\/wp-content\/uploads\/2025\/08\/PVC-Free-CMYK-plastisol-Ink-Red-scaled.jpeg 1936w\" sizes=\"(max-width: 205px) 100vw, 205px\" \/><\/p>\n<h1>\u00a0Umweltfreundlich und sicher f\u00fcr jeden Arbeitsplatz<\/h1>\n<p>Diese Tinte wird ohne sch\u00e4dliches PVC oder Phthalate hergestellt und eignet sich perfekt f\u00fcr Schulen, Heimstudios oder Maker-Spaces, in denen Sicherheit und Geruchsarmut wichtig sind. Sie entspricht den OEKO-TEX\u00ae-Standards und ist ideal f\u00fcr Projekte, bei denen Umweltverantwortung im Vordergrund steht.<\/p>\n<h1>Hauptmerkmale:<\/h1>\n<ul>\n<li>Leuchtendes CMYK-Rotpigment mit starker Deckkraft und gleichm\u00e4\u00dfiger Deckkraft.<\/li>\n<li><strong>PVC-freie Plastisol-Tinte<\/strong> f\u00fcr sicheres, ungiftiges Drucken<\/li>\n<li>Niedrigtemperaturh\u00e4rtung: Verfestigt sich bereits bei 132 \u00b0C bis 149 \u00b0C (270 \u00b0F\u2013300 \u00b0F), ideal f\u00fcr die Verwendung mit Hei\u00dfluftpistolen f\u00fcr den Hausgebrauch oder kleinen Trocknern.<\/li>\n<li>Cremige Konsistenz, die sich leicht auf den Bildschirm auftragen l\u00e4sst<\/li>\n<li>Kein Vormischen n\u00f6tig \u2013 sofort gebrauchsfertig aus dem Glas.<\/li>\n<li>Lange Haltbarkeit bei sachgem\u00e4\u00dfer Lagerung<\/li>\n<\/ul>\n<p><img decoding=\"async\" class=\"alignnone size-medium wp-image-3402\" src=\"https:\/\/shaliteink.com\/wp-content\/uploads\/2025\/08\/PVC-Free-CMYK-plastisol-Ink-Red-300x259.jpg\" alt=\"PVC-freie CMYK-Plastisolfarbe Rot\" width=\"300\" height=\"259\" srcset=\"https:\/\/shaliteink.com\/wp-content\/uploads\/2025\/08\/PVC-Free-CMYK-plastisol-Ink-Red-300x259.jpg 300w, https:\/\/shaliteink.com\/wp-content\/uploads\/2025\/08\/PVC-Free-CMYK-plastisol-Ink-Red-1024x883.jpg 1024w, https:\/\/shaliteink.com\/wp-content\/uploads\/2025\/08\/PVC-Free-CMYK-plastisol-Ink-Red-768x662.jpg 768w, https:\/\/shaliteink.com\/wp-content\/uploads\/2025\/08\/PVC-Free-CMYK-plastisol-Ink-Red-1536x1324.jpg 1536w, https:\/\/shaliteink.com\/wp-content\/uploads\/2025\/08\/PVC-Free-CMYK-plastisol-Ink-Red-2048x1765.jpg 2048w, https:\/\/shaliteink.com\/wp-content\/uploads\/2025\/08\/PVC-Free-CMYK-plastisol-Ink-Red-14x12.jpg 14w, https:\/\/shaliteink.com\/wp-content\/uploads\/2025\/08\/PVC-Free-CMYK-plastisol-Ink-Red-1200x1034.jpg 1200w, https:\/\/shaliteink.com\/wp-content\/uploads\/2025\/08\/PVC-Free-CMYK-plastisol-Ink-Red-150x129.jpg 150w\" sizes=\"(max-width: 300px) 100vw, 300px\" \/><\/p>\n<h1>Ideal f\u00fcr:<\/h1>\n<ul>\n<li>DIY-Bastler gestalten personalisierte T-Shirts, Tragetaschen und Dekorationen.<\/li>\n<li>Etsy- und Shopify-Verk\u00e4ufer, die auf gleichbleibende Qualit\u00e4t in kleinen Chargen angewiesen sind.<\/li>\n<li>Kunstp\u00e4dagogen und Maker-Labs nutzen Siebdruck f\u00fcr Gruppenprojekte<\/li>\n<li>Indie-Bekleidungsmarken, die zuverl\u00e4ssigen CMYK-Separationsdruck ben\u00f6tigen<\/li>\n<\/ul>\n<h1>Aush\u00e4rtungsanleitung<\/h1>\n<p>F\u00fcr optimale Haltbarkeit und Waschechtheit sollte diese Tinte bei 132 \u00b0C bis 149 \u00b0C (270 \u00b0F bis 300 \u00b0F) ausgeh\u00e4rtet werden. Sie eignet sich f\u00fcr Hei\u00dflufttrockner, Haushalts-Hei\u00dfluftpistolen und kleine Back\u00f6fen. Niedrigere Aush\u00e4rtungstemperaturen reduzieren das Versengen des Gewebes und den Energieverbrauch \u2013 ideal f\u00fcr Hobbyprojekte.<\/p>","protected":false},"excerpt":{"rendered":"<p>Leuchtend rote, PVC-freie Plastisol-Tinte f\u00fcr den Siebdruck. H\u00e4rtung bei niedrigen Temperaturen, ungiftig, ideal f\u00fcr Heimwerker, Etsy-Shops und Schulen. Jetzt Premium-Siebdruckfarbe kaufen.<\/p>","protected":false},"featured_media":3403,"comment_status":"open","ping_status":"closed","template":"","meta":[],"product_brand":[],"product_cat":[63,45],"product_tag":[],"class_list":{"0":"post-3394","1":"product","2":"type-product","3":"status-publish","4":"has-post-thumbnail","6":"product_cat-plastisol-cmyk-ink","7":"product_cat-pvc-free-plastisol-ink","9":"first","10":"instock","11":"shipping-taxable","12":"purchasable","13":"product-type-variable"},"tiered_pricing_type":"fixed","tiered_pricing_fixed_rules":[],"tiered_pricing_product_settings":{"layout":"default","base_unit_name":{"singular":null,"plural":null},"default_variation":null},"tiered_pricing_minimum_quantity":null,"tiered_pricing_roles_data":[],"tiered_pricing_percentage_rules":[],"tiered_pricing_maximum_quantity":null,"tiered_pricing_quantity_step":null,"_links":{"self":[{"href":"https:\/\/shaliteink.com\/de\/wp-json\/wp\/v2\/product\/3394","targetHints":{"allow":["GET"]}}],"collection":[{"href":"https:\/\/shaliteink.com\/de\/wp-json\/wp\/v2\/product"}],"about":[{"href":"https:\/\/shaliteink.com\/de\/wp-json\/wp\/v2\/types\/product"}],"replies":[{"embeddable":true,"href":"https:\/\/shaliteink.com\/de\/wp-json\/wp\/v2\/comments?post=3394"}],"version-history":[{"count":0,"href":"https:\/\/shaliteink.com\/de\/wp-json\/wp\/v2\/product\/3394\/revisions"}],"wp:featuredmedia":[{"embeddable":true,"href":"https:\/\/shaliteink.com\/de\/wp-json\/wp\/v2\/media\/3403"}],"wp:attachment":[{"href":"https:\/\/shaliteink.com\/de\/wp-json\/wp\/v2\/media?parent=3394"}],"wp:term":[{"taxonomy":"product_brand","embeddable":true,"href":"https:\/\/shaliteink.com\/de\/wp-json\/wp\/v2\/product_brand?post=3394"},{"taxonomy":"product_cat","embeddable":true,"href":"https:\/\/shaliteink.com\/de\/wp-json\/wp\/v2\/product_cat?post=3394"},{"taxonomy":"product_tag","embeddable":true,"href":"https:\/\/shaliteink.com\/de\/wp-json\/wp\/v2\/product_tag?post=3394"}],"curies":[{"name":"wp","href":"https:\/\/api.w.org\/{rel}","templated":true}]}}