{"id":3373,"date":"2025-08-07T08:43:36","date_gmt":"2025-08-07T08:43:36","guid":{"rendered":"https:\/\/shaliteink.com\/?post_type=product&#038;p=3373"},"modified":"2025-12-10T11:32:07","modified_gmt":"2025-12-10T11:32:07","slug":"pvc-freie-cmyk-plastisolfarbe-schwarz-kaufen-in-den-warenkorb-legen","status":"publish","type":"product","link":"https:\/\/shaliteink.com\/de\/produkt\/pvc-freie-cmyk-plastisolfarbe-schwarz-kaufen-in-den-warenkorb-legen\/","title":{"rendered":"PVC-freie CMYK-Plastisol-Tinte Schwarz kaufen \u2013 In den Warenkorb"},"content":{"rendered":"<p>Erzielen Sie kr\u00e4ftige, gestochen scharfe Drucke mit unserem <strong>PVC-freie Plastisol-Tinte Schwarz<\/strong>, Diese Tinte wurde speziell f\u00fcr Kreative entwickelt, die eine ungiftige und umweltfreundliche Alternative suchen, ohne Kompromisse bei der Druckqualit\u00e4t einzugehen. Egal, ob Sie als Hobbybastler zu Hause T-Shirts individuell gestalten oder als Shopify-Bekleidungsmarke Ihre Produktion ausweiten m\u00f6chten \u2013 diese Tinte liefert satte, tiefschwarze Ergebnisse mit gleichm\u00e4\u00dfiger Deckkraft und einem glatten Finish.<\/p>\n<p>Dieses Produkt eignet sich sowohl f\u00fcr den manuellen als auch f\u00fcr den automatischen Siebdruck. <strong>PVC-freie Plastisol-Tinte<\/strong> ist eine zuverl\u00e4ssige Wahl f\u00fcr hochaufl\u00f6sende Grafiken, unter Basisanwendungen und als Teil von <a href=\"https:\/\/shaliteink.com\/de\/produkt-kategorie\/plastisol-cmyk-tinte\/\"><strong>Prozessfarbe CMYK<\/strong><\/a> Das System bietet eine starke Haftung auf Baumwolle, Baumwollmischgewebe und anderen g\u00e4ngigen bedruckbaren Stoffen.<\/p>\n<p>Bei <a href=\"https:\/\/shaliteink.com\/de\/\">Shaliteink<\/a>, Diese Tinte wurde f\u00fcr schnelle Produktion, einfache Reinigung und hervorragende Waschbest\u00e4ndigkeit optimiert \u2013 basierend auf zwei Jahrzehnten eigener Tintenentwicklung. Sie ist die perfekte Erg\u00e4nzung f\u00fcr jeden Siebdrucker.<\/p>\n<p><img decoding=\"async\" class=\"alignnone size-medium wp-image-3385\" src=\"https:\/\/shaliteink.com\/wp-content\/uploads\/2025\/08\/PVC-Free-CMYK-plastisol-Ink-Black-278x300.jpg\" alt=\"PVC-freie CMYK-Plastisolfarbe Schwarz\" width=\"278\" height=\"300\" srcset=\"https:\/\/shaliteink.com\/wp-content\/uploads\/2025\/08\/PVC-Free-CMYK-plastisol-Ink-Black-278x300.jpg 278w, https:\/\/shaliteink.com\/wp-content\/uploads\/2025\/08\/PVC-Free-CMYK-plastisol-Ink-Black-949x1024.jpg 949w, https:\/\/shaliteink.com\/wp-content\/uploads\/2025\/08\/PVC-Free-CMYK-plastisol-Ink-Black-768x828.jpg 768w, https:\/\/shaliteink.com\/wp-content\/uploads\/2025\/08\/PVC-Free-CMYK-plastisol-Ink-Black-1424x1536.jpg 1424w, https:\/\/shaliteink.com\/wp-content\/uploads\/2025\/08\/PVC-Free-CMYK-plastisol-Ink-Black-1899x2048.jpg 1899w, https:\/\/shaliteink.com\/wp-content\/uploads\/2025\/08\/PVC-Free-CMYK-plastisol-Ink-Black-11x12.jpg 11w, https:\/\/shaliteink.com\/wp-content\/uploads\/2025\/08\/PVC-Free-CMYK-plastisol-Ink-Black-1200x1294.jpg 1200w, https:\/\/shaliteink.com\/wp-content\/uploads\/2025\/08\/PVC-Free-CMYK-plastisol-Ink-Black-150x162.jpg 150w\" sizes=\"(max-width: 278px) 100vw, 278px\" \/><\/p>\n<h1>Hauptmerkmale<\/h1>\n<ul>\n<li>PVC-freie Formel: Unsere Tinte wird ohne sch\u00e4dliches Polyvinylchlorid hergestellt und erm\u00f6glicht so sicherere Arbeitsumgebungen und nachhaltigere Drucke. Ideal f\u00fcr Heimstudios, Klassenzimmer und umweltbewusste Marken.<\/li>\n<li>Kr\u00e4ftiges CMYK-Schwarz: Tiefes, sattes Schwarz f\u00fcr klare Konturen und starke Kontraste. Geeignet f\u00fcr detailreiche CMYK-Drucke, Untergr\u00fcnde oder eigenst\u00e4ndige schwarze Designs.<\/li>\n<li>Geruchsarm und ungiftig: Ideal f\u00fcr den Innenbereich \u2013 sicher f\u00fcr Haushalte mit Kindern und Haustieren oder Kunstabteilungen von Schulen.<\/li>\n<li>Optimale Bedruckbarkeit: Mittlere Viskosit\u00e4t f\u00fcr hervorragenden Siebdruck und minimales Antrocknen im Sieb. Geeignet f\u00fcr Feinheitsgrade von 110\u2013160 Mesh.<\/li>\n<li>Luft- oder Niedrigtemperaturh\u00e4rtung: H\u00e4rtet bei 132\u2013160 \u00b0C aus. Kompatibel mit handels\u00fcblichen Hei\u00dfluftpistolen, Blitztrocknern oder Haushaltstrocknern \u2013 kein Durchlauftrockner erforderlich.<\/li>\n<li>Weiches Griffgef\u00fchl: Nach dem Aush\u00e4rten ergibt die Tinte eine weiche, flexible Oberfl\u00e4che, die auch nach mehrmaligem Waschen nicht rei\u00dft oder abbl\u00e4ttert.<\/li>\n<\/ul>\n<p><img decoding=\"async\" class=\"alignnone size-medium wp-image-3387\" src=\"https:\/\/shaliteink.com\/wp-content\/uploads\/2025\/08\/PVC-Free-CMYK-plastisol-Ink-Black-267x300.jpeg\" alt=\"PVC-freie CMYK-Plastisolfarbe Schwarz\" width=\"267\" height=\"300\" srcset=\"https:\/\/shaliteink.com\/wp-content\/uploads\/2025\/08\/PVC-Free-CMYK-plastisol-Ink-Black-267x300.jpeg 267w, https:\/\/shaliteink.com\/wp-content\/uploads\/2025\/08\/PVC-Free-CMYK-plastisol-Ink-Black-912x1024.jpeg 912w, https:\/\/shaliteink.com\/wp-content\/uploads\/2025\/08\/PVC-Free-CMYK-plastisol-Ink-Black-768x863.jpeg 768w, https:\/\/shaliteink.com\/wp-content\/uploads\/2025\/08\/PVC-Free-CMYK-plastisol-Ink-Black-1368x1536.jpeg 1368w, https:\/\/shaliteink.com\/wp-content\/uploads\/2025\/08\/PVC-Free-CMYK-plastisol-Ink-Black-1823x2048.jpeg 1823w, https:\/\/shaliteink.com\/wp-content\/uploads\/2025\/08\/PVC-Free-CMYK-plastisol-Ink-Black-11x12.jpeg 11w, https:\/\/shaliteink.com\/wp-content\/uploads\/2025\/08\/PVC-Free-CMYK-plastisol-Ink-Black-1200x1348.jpeg 1200w, https:\/\/shaliteink.com\/wp-content\/uploads\/2025\/08\/PVC-Free-CMYK-plastisol-Ink-Black-150x168.jpeg 150w\" sizes=\"(max-width: 267px) 100vw, 267px\" \/><\/p>\n<h1>Reinigung &amp; Kompatibilit\u00e4t<\/h1>\n<p>Das <a href=\"https:\/\/shaliteink.com\/de\/screen-printing-ink\/\"><strong>Siebdruckfarbe<\/strong><\/a> L\u00e4sst sich leicht mit handels\u00fcblichen Plastisol-Tintenentfernern reinigen. F\u00fcr einen vollst\u00e4ndig umweltfreundlichen Workflow verwenden Sie am besten unseren biologisch abbaubaren Tintenreiniger. Geeignet f\u00fcr Baumwolle, Baumwollmischgewebe und ausgew\u00e4hlte Synthetikfasern (Vorher-Test empfohlen).<\/p>","protected":false},"excerpt":{"rendered":"<p>PVC-freie Plastisol-Tinte in Schwarz f\u00fcr den Siebdruck. Geruchsarm, weich im Griff, lufth\u00e4rtende Formel, perfekt f\u00fcr Heimwerker und Bekleidungsmarken. Jetzt bei Shaliteink einkaufen.<\/p>","protected":false},"featured_media":3386,"comment_status":"open","ping_status":"closed","template":"","meta":[],"product_brand":[],"product_cat":[63,45],"product_tag":[],"class_list":{"0":"post-3373","1":"product","2":"type-product","3":"status-publish","4":"has-post-thumbnail","6":"product_cat-plastisol-cmyk-ink","7":"product_cat-pvc-free-plastisol-ink","9":"first","10":"instock","11":"shipping-taxable","12":"purchasable","13":"product-type-variable"},"tiered_pricing_type":"fixed","tiered_pricing_fixed_rules":[],"tiered_pricing_product_settings":{"layout":"default","base_unit_name":{"singular":null,"plural":null},"default_variation":null},"tiered_pricing_minimum_quantity":null,"tiered_pricing_roles_data":[],"tiered_pricing_percentage_rules":[],"tiered_pricing_maximum_quantity":null,"tiered_pricing_quantity_step":null,"_links":{"self":[{"href":"https:\/\/shaliteink.com\/de\/wp-json\/wp\/v2\/product\/3373","targetHints":{"allow":["GET"]}}],"collection":[{"href":"https:\/\/shaliteink.com\/de\/wp-json\/wp\/v2\/product"}],"about":[{"href":"https:\/\/shaliteink.com\/de\/wp-json\/wp\/v2\/types\/product"}],"replies":[{"embeddable":true,"href":"https:\/\/shaliteink.com\/de\/wp-json\/wp\/v2\/comments?post=3373"}],"version-history":[{"count":0,"href":"https:\/\/shaliteink.com\/de\/wp-json\/wp\/v2\/product\/3373\/revisions"}],"wp:featuredmedia":[{"embeddable":true,"href":"https:\/\/shaliteink.com\/de\/wp-json\/wp\/v2\/media\/3386"}],"wp:attachment":[{"href":"https:\/\/shaliteink.com\/de\/wp-json\/wp\/v2\/media?parent=3373"}],"wp:term":[{"taxonomy":"product_brand","embeddable":true,"href":"https:\/\/shaliteink.com\/de\/wp-json\/wp\/v2\/product_brand?post=3373"},{"taxonomy":"product_cat","embeddable":true,"href":"https:\/\/shaliteink.com\/de\/wp-json\/wp\/v2\/product_cat?post=3373"},{"taxonomy":"product_tag","embeddable":true,"href":"https:\/\/shaliteink.com\/de\/wp-json\/wp\/v2\/product_tag?post=3373"}],"curies":[{"name":"wp","href":"https:\/\/api.w.org\/{rel}","templated":true}]}}