{"id":3088,"date":"2025-10-15T08:11:26","date_gmt":"2025-10-15T08:11:26","guid":{"rendered":"https:\/\/shaliteink.com\/?post_type=product&#038;p=3088"},"modified":"2025-12-10T11:31:51","modified_gmt":"2025-12-10T11:31:51","slug":"pvc-freies-plastisol-tintenverfahren-sicherer-schwarzer-druck","status":"publish","type":"product","link":"https:\/\/shaliteink.com\/de\/produkt\/pvc-freies-plastisol-tintenverfahren-sicherer-schwarzer-druck\/","title":{"rendered":"PVC-freie Plastisol-Tinte kaufen \u2013 Prozess Schwarz \u2013 Sicherer Druck"},"content":{"rendered":"<p>Erhalten Sie beeindruckende, tiefschwarze Drucke mit unserem <strong>PVC-freie Plastisol-Tinte<\/strong> <strong>Prozess Schwarz<\/strong>, Diese Tinte wurde speziell f\u00fcr sicheren, farbenfrohen und umweltfreundlichen Siebdruck entwickelt. Sie eignet sich ideal f\u00fcr DIY-Bastler, Etsy-Verk\u00e4ufer, Hochschulen und unabh\u00e4ngige Bekleidungshersteller und liefert professionelle Ergebnisse bei gleichzeitiger Ungiftigkeit, Phthalatfreiheit und einfacher Verarbeitung.<\/p>\n<p>Speziell f\u00fcr jede Anleitung und automatische Siebdruckeinrichtung entwickelt, bieten wir <a href=\"https:\/\/shaliteink.com\/de\/produkt-kategorie\/pvc-freie-plastisolfarbe\/\"><strong>PVC-freie Plastisolfarbe<\/strong><\/a> Gew\u00e4hrleistet satte, gleichm\u00e4\u00dfige Deckkraft auf hellen wie dunklen Textilien. Ob Sie T-Shirts, Tragetaschen oder Heimtextilien individuell gestalten \u2013 diese Siebdruckfarbe sorgt f\u00fcr anhaltende Farbtiefe bei minimalem Farbauftrag, selbst auf feinmaschigen Geweben.<\/p>\n<p><img decoding=\"async\" class=\"alignnone wp-image-3543\" src=\"https:\/\/shaliteink.com\/wp-content\/uploads\/2025\/08\/Plastisol-Ink-Process-Black-1-300x287.jpeg\" alt=\"Plastisol-Tintenverfahren Schwarz\" width=\"224\" height=\"214\" srcset=\"https:\/\/shaliteink.com\/wp-content\/uploads\/2025\/08\/Plastisol-Ink-Process-Black-1-300x287.jpeg 300w, https:\/\/shaliteink.com\/wp-content\/uploads\/2025\/08\/Plastisol-Ink-Process-Black-1-1024x978.jpeg 1024w, https:\/\/shaliteink.com\/wp-content\/uploads\/2025\/08\/Plastisol-Ink-Process-Black-1-768x734.jpeg 768w, https:\/\/shaliteink.com\/wp-content\/uploads\/2025\/08\/Plastisol-Ink-Process-Black-1-1536x1468.jpeg 1536w, https:\/\/shaliteink.com\/wp-content\/uploads\/2025\/08\/Plastisol-Ink-Process-Black-1-2048x1957.jpeg 2048w, https:\/\/shaliteink.com\/wp-content\/uploads\/2025\/08\/Plastisol-Ink-Process-Black-1-13x12.jpeg 13w, https:\/\/shaliteink.com\/wp-content\/uploads\/2025\/08\/Plastisol-Ink-Process-Black-1-1200x1147.jpeg 1200w, https:\/\/shaliteink.com\/wp-content\/uploads\/2025\/08\/Plastisol-Ink-Process-Black-1-150x143.jpeg 150w\" sizes=\"(max-width: 224px) 100vw, 224px\" \/><\/p>\n<h1>Hauptmerkmale:<\/h1>\n<ul>\n<li>Umweltfreundlich und sicher: Die PVC-freie Plastisolfarbe von Shaliteink wurde so formuliert, dass sie umweltschonender ist und eine nachhaltige Alternative zu herk\u00f6mmlichen Plastisolfarben bietet.<\/li>\n<li>Brillante und langlebige Drucke: Diese Siebdruckfarbe liefert intensive Farben, die scharf, lebendig und gleichm\u00e4\u00dfig bleiben und so f\u00fcr au\u00dfergew\u00f6hnliche Ergebnisse auf verschiedenen Stoffarten sorgen.<\/li>\n<li>Einfache Anwendung: Diese Tinte ist ideal f\u00fcr Anf\u00e4nger und Experten gleicherma\u00dfen, da sie sich leicht auftragen l\u00e4sst und eine au\u00dfergew\u00f6hnliche Haltbarkeit bietet. Sie eignet sich hervorragend f\u00fcr DIY-Projekte oder die Herstellung kleinerer Mengen an Kleidung.<\/li>\n<li>Geruchsarm und ungiftig: Die geruchsarmen Komponenten gew\u00e4hrleisten einen sichereren Arbeitsplatz und eignen sich daher f\u00fcr Heimwerker, Schulen und kleine Unternehmen.<\/li>\n<li>Weiches Tragegef\u00fchl: Unsere Tinte verleiht Textilien eine weiche Oberfl\u00e4che und eignet sich daher ideal f\u00fcr die Herstellung von bequemer, angenehmer Kleidung, die Kunden gerne tragen werden.<\/li>\n<li>Kompatibilit\u00e4t mit Heimger\u00e4ten: Diese Tinte funktioniert einwandfrei mit handels\u00fcblichen Hei\u00dfluftpistolen und kleinen Trocknungssystemen, sodass Sie Ihre Ausdrucke m\u00fchelos aush\u00e4rten k\u00f6nnen, ohne auf teure Profiger\u00e4te zur\u00fcckgreifen zu m\u00fcssen.<\/li>\n<\/ul>\n<h1>Aush\u00e4rtungshinweise:<\/h1>\n<p>Aush\u00e4rten Ihrer Drucke mit <a href=\"https:\/\/shaliteink.com\/de\/\"><strong>Shaliteink<\/strong><\/a> Die Anwendung von loser PVC-Plastisolfarbe ist unkompliziert! Erhitzen Sie die Ausdrucke 1\u20132 Minuten lang bei 160 \u00b0C (320 \u00b0F), um eine optimale Aush\u00e4rtung zu gew\u00e4hrleisten. Nach der Aush\u00e4rtung ist die Farbe langlebig und abriebfest, selbst nach mehrmaligem Waschen.<\/p>\n<p><img decoding=\"async\" class=\"alignnone size-medium wp-image-3542\" src=\"https:\/\/shaliteink.com\/wp-content\/uploads\/2025\/08\/Plastisol-Ink-Process-Black-300x279.jpeg\" alt=\"Plastisol-Tintenverfahren Schwarz\" width=\"300\" height=\"279\" srcset=\"https:\/\/shaliteink.com\/wp-content\/uploads\/2025\/08\/Plastisol-Ink-Process-Black-300x279.jpeg 300w, https:\/\/shaliteink.com\/wp-content\/uploads\/2025\/08\/Plastisol-Ink-Process-Black-1024x952.jpeg 1024w, https:\/\/shaliteink.com\/wp-content\/uploads\/2025\/08\/Plastisol-Ink-Process-Black-768x714.jpeg 768w, https:\/\/shaliteink.com\/wp-content\/uploads\/2025\/08\/Plastisol-Ink-Process-Black-1536x1429.jpeg 1536w, https:\/\/shaliteink.com\/wp-content\/uploads\/2025\/08\/Plastisol-Ink-Process-Black-2048x1905.jpeg 2048w, https:\/\/shaliteink.com\/wp-content\/uploads\/2025\/08\/Plastisol-Ink-Process-Black-13x12.jpeg 13w, https:\/\/shaliteink.com\/wp-content\/uploads\/2025\/08\/Plastisol-Ink-Process-Black-1200x1116.jpeg 1200w, https:\/\/shaliteink.com\/wp-content\/uploads\/2025\/08\/Plastisol-Ink-Process-Black-150x140.jpeg 150w\" sizes=\"(max-width: 300px) 100vw, 300px\" \/><\/p>\n<h1>Warum sollten Sie sich f\u00fcr die PVC-freie Plastisolfarbe von Shaliteink entscheiden?<\/h1>\n<ul>\n<li>Sicher und umweltfreundlich: Dank Zertifizierungen wie OEKO-TEX erf\u00fcllt unsere Tinte strenge Umwelt- und Sicherheitsstandards. Sie ist ideal f\u00fcr Kunden, die Wert auf umweltfreundliche Alternativen legen.<\/li>\n<li>Preiswert und hochwertig: Egal ob Sie individuelle T-Shirts, Accessoires oder Dekoartikel f\u00fcr Ihr Zuhause gestalten m\u00f6chten, unsere Tinte liefert Ergebnisse auf Expertenniveau, ohne Ihr Budget zu sprengen.<\/li>\n<li>Kundensupport und Ressourcen: Wir bieten Ihnen ausf\u00fchrliche Anleitungen, Tipps und Online-Hilfe, damit Sie Ihre Druckprozesse optimieren k\u00f6nnen. Ob Anf\u00e4nger oder Profi \u2013 Shaliteink unterst\u00fctzt Sie bei jedem Schritt.<\/li>\n<\/ul>\n<p>Ob Sie in Ihrem Kleinunternehmen individuelle Kleidung herstellen oder zu Hause DIY-Projekte entwickeln, <a href=\"https:\/\/shaliteink.com\/de\/\">Shaliteink PVC-freie Plastisoltinte<\/a> garantiert, dass jeder Druck farbenfroh, langlebig und umweltfreundlich ist.<\/p>","protected":false},"excerpt":{"rendered":"<p>Kaufen <strong data-start=\"3170\" data-end=\"3196\">PVC-freie Plastisol-Tinte<\/strong> Process Black von Shaliteink. Ideal f\u00fcr <strong data-start=\"3238\" data-end=\"3261\">Siebdruckfarbe<\/strong> Anforderungen an Produkte mit brillanten, langlebigen Drucken, umweltfreundlich und sicher f\u00fcr Kleinunternehmen und Heimwerker.<\/p>","protected":false},"featured_media":3092,"comment_status":"open","ping_status":"closed","template":"","meta":[],"product_brand":[],"product_cat":[45,50,63],"product_tag":[],"class_list":{"0":"post-3088","1":"product","2":"type-product","3":"status-publish","4":"has-post-thumbnail","6":"product_cat-pvc-free-plastisol-ink","7":"product_cat-black-screen-printing-ink-plastisol","8":"product_cat-plastisol-cmyk-ink","10":"first","11":"instock","12":"shipping-taxable","13":"purchasable","14":"product-type-variable"},"tiered_pricing_type":"fixed","tiered_pricing_fixed_rules":[],"tiered_pricing_product_settings":{"layout":"default","base_unit_name":{"singular":null,"plural":null},"default_variation":null},"tiered_pricing_minimum_quantity":null,"tiered_pricing_roles_data":[],"tiered_pricing_percentage_rules":[],"tiered_pricing_maximum_quantity":null,"tiered_pricing_quantity_step":null,"_links":{"self":[{"href":"https:\/\/shaliteink.com\/de\/wp-json\/wp\/v2\/product\/3088","targetHints":{"allow":["GET"]}}],"collection":[{"href":"https:\/\/shaliteink.com\/de\/wp-json\/wp\/v2\/product"}],"about":[{"href":"https:\/\/shaliteink.com\/de\/wp-json\/wp\/v2\/types\/product"}],"replies":[{"embeddable":true,"href":"https:\/\/shaliteink.com\/de\/wp-json\/wp\/v2\/comments?post=3088"}],"version-history":[{"count":0,"href":"https:\/\/shaliteink.com\/de\/wp-json\/wp\/v2\/product\/3088\/revisions"}],"wp:featuredmedia":[{"embeddable":true,"href":"https:\/\/shaliteink.com\/de\/wp-json\/wp\/v2\/media\/3092"}],"wp:attachment":[{"href":"https:\/\/shaliteink.com\/de\/wp-json\/wp\/v2\/media?parent=3088"}],"wp:term":[{"taxonomy":"product_brand","embeddable":true,"href":"https:\/\/shaliteink.com\/de\/wp-json\/wp\/v2\/product_brand?post=3088"},{"taxonomy":"product_cat","embeddable":true,"href":"https:\/\/shaliteink.com\/de\/wp-json\/wp\/v2\/product_cat?post=3088"},{"taxonomy":"product_tag","embeddable":true,"href":"https:\/\/shaliteink.com\/de\/wp-json\/wp\/v2\/product_tag?post=3088"}],"curies":[{"name":"wp","href":"https:\/\/api.w.org\/{rel}","templated":true}]}}