{"id":3061,"date":"2025-10-15T08:00:47","date_gmt":"2025-10-15T08:00:47","guid":{"rendered":"https:\/\/shaliteink.com\/?post_type=product&#038;p=3061"},"modified":"2025-12-10T11:29:42","modified_gmt":"2025-12-10T11:29:42","slug":"pvc-freie-plastisolfarbe-fluoreszierendes-rosarot-online-kaufen","status":"publish","type":"product","link":"https:\/\/shaliteink.com\/de\/produkt\/pvc-freie-plastisolfarbe-fluoreszierendes-rosarot-online-kaufen\/","title":{"rendered":"PVC-freie Plastisolfarbe, fluoreszierendes Rosarot \u2013 Jetzt online kaufen"},"content":{"rendered":"<p>Entdecken Sie die lebendige Kraft unserer <strong>PVC-freie Plastisolfarbe<\/strong> <strong>Fluoreszierendes Rosenrot<\/strong>, speziell entwickelt f\u00fcr hochwertige, umweltbewusste Siebdruckfarben. Als bew\u00e4hrte Wahl f\u00fcr Heimwerker, Kleinunternehmer und professionelle Displaydrucker gleicherma\u00dfen, <a href=\"https:\/\/shaliteink.com\/de\/produkt-kategorie\/pvc-freie-plastisolfarbe\/\"><strong>PVC-freie Plastisol-Tinte<\/strong><\/a>\u00a0Bietet superfluoreszierende Farben mit hervorragender Haltbarkeit, ideal f\u00fcr die Entwicklung ansprechender, individueller Bekleidung und Textilien.<\/p>\n<p>Unsere PVC-freie Plastisolfarbe ist speziell so formuliert, dass sie frei von sch\u00e4dlichen PVC-Verbindungen ist und somit eine sicherere und umweltfreundlichere Alternative bietet, ohne Kompromisse bei der Druckqualit\u00e4t einzugehen. Der fluoreszierende rosarote Farbton sorgt f\u00fcr brillante Leuchtkraft und optimale Sichtbarkeit und eignet sich ideal f\u00fcr Werbeartikel, Mode und innovative Projekte, die leuchtende und langlebige Farben erfordern.<\/p>\n<p><img decoding=\"async\" class=\"alignnone size-medium wp-image-3559\" src=\"https:\/\/shaliteink.com\/wp-content\/uploads\/2025\/08\/Fluorescent-Rose-Red-2-288x300.jpeg\" alt=\" Fluoreszierendes Rosenrot\" width=\"288\" height=\"300\" srcset=\"https:\/\/shaliteink.com\/wp-content\/uploads\/2025\/08\/Fluorescent-Rose-Red-2-288x300.jpeg 288w, https:\/\/shaliteink.com\/wp-content\/uploads\/2025\/08\/Fluorescent-Rose-Red-2-983x1024.jpeg 983w, https:\/\/shaliteink.com\/wp-content\/uploads\/2025\/08\/Fluorescent-Rose-Red-2-768x800.jpeg 768w, https:\/\/shaliteink.com\/wp-content\/uploads\/2025\/08\/Fluorescent-Rose-Red-2-1475x1536.jpeg 1475w, https:\/\/shaliteink.com\/wp-content\/uploads\/2025\/08\/Fluorescent-Rose-Red-2-12x12.jpeg 12w, https:\/\/shaliteink.com\/wp-content\/uploads\/2025\/08\/Fluorescent-Rose-Red-2-1200x1250.jpeg 1200w, https:\/\/shaliteink.com\/wp-content\/uploads\/2025\/08\/Fluorescent-Rose-Red-2-150x156.jpeg 150w, https:\/\/shaliteink.com\/wp-content\/uploads\/2025\/08\/Fluorescent-Rose-Red-2.jpeg 1632w\" sizes=\"(max-width: 288px) 100vw, 288px\" \/><\/p>\n<h1>Hauptmerkmale:<\/h1>\n<ul>\n<li>Leuchtende, fluoreszierende Pigmentierung: Der rosarote Farbton zeichnet sich durch hohe Deckkraft und optimalen Schutz aus. Ihre Drucke behalten ihre Farbintensit\u00e4t auch nach vielen W\u00e4schen.<\/li>\n<li>Umweltfreundlich und sicher: Diese Tinte ist frei von PVC und sch\u00e4dlichen Chemikalien, ungiftig und hat nur gelegentlich einen Geruch \u2013 ideal f\u00fcr die sichere Anwendung in der N\u00e4he von Kindern, Haustieren und in schulischen Umgebungen.<\/li>\n<li>Benutzerfreundliche Anwendung: Dank der cremigen, sauberen Konsistenz eignet es sich auch f\u00fcr Anf\u00e4nger, w\u00e4hrend professionelle Druckereien die problemlose Einrichtung und Reinigung sch\u00e4tzen.<\/li>\n<li>F\u00fcr alle Stoffe geeignet: Entwickelt f\u00fcr Baumwolle, Mischgewebe und die meisten Polyesterstoffe. Ideal f\u00fcr Kleidung, Merchandise-Artikel, Accessoires und anspruchsvolle Projekte.<\/li>\n<li>Ideal f\u00fcr Klein- und Gro\u00dfserien: Erh\u00e4ltlich in verschiedenen Mustergr\u00f6\u00dfen und gro\u00dfen Verpackungsbeh\u00e4ltern. Testen Sie neue Farben oder skalieren Sie Ihre Produktion mit zuverl\u00e4ssiger Farbkonsistenz.<\/li>\n<\/ul>\n<h1>Aush\u00e4rtungshinweise:<\/h1>\n<p>F\u00fcr optimale Ergebnisse die Tinte 1 bis 1,5 Minuten lang bei 160 \u00b0C (320 \u00b0F) aush\u00e4rten lassen, bis sie vollst\u00e4ndig mit dem Material verbunden ist. Eine korrekte Aush\u00e4rtung garantiert langlebige Drucke mit hervorragender Waschechtheit und brillanter Farbwiedergabe.<\/p>\n<p><img decoding=\"async\" class=\"alignnone size-medium wp-image-3558\" src=\"https:\/\/shaliteink.com\/wp-content\/uploads\/2025\/08\/Fluorescent-Rose-Red-1-283x300.jpeg\" alt=\" Fluoreszierendes Rosenrot\" width=\"283\" height=\"300\" srcset=\"https:\/\/shaliteink.com\/wp-content\/uploads\/2025\/08\/Fluorescent-Rose-Red-1-283x300.jpeg 283w, https:\/\/shaliteink.com\/wp-content\/uploads\/2025\/08\/Fluorescent-Rose-Red-1-966x1024.jpeg 966w, https:\/\/shaliteink.com\/wp-content\/uploads\/2025\/08\/Fluorescent-Rose-Red-1-768x814.jpeg 768w, https:\/\/shaliteink.com\/wp-content\/uploads\/2025\/08\/Fluorescent-Rose-Red-1-1449x1536.jpeg 1449w, https:\/\/shaliteink.com\/wp-content\/uploads\/2025\/08\/Fluorescent-Rose-Red-1-11x12.jpeg 11w, https:\/\/shaliteink.com\/wp-content\/uploads\/2025\/08\/Fluorescent-Rose-Red-1-1200x1272.jpeg 1200w, https:\/\/shaliteink.com\/wp-content\/uploads\/2025\/08\/Fluorescent-Rose-Red-1-150x159.jpeg 150w, https:\/\/shaliteink.com\/wp-content\/uploads\/2025\/08\/Fluorescent-Rose-Red-1.jpeg 1664w\" sizes=\"(max-width: 283px) 100vw, 283px\" \/><\/p>","protected":false},"excerpt":{"rendered":"<p>Kaufen Sie farbenfrohe, umweltfreundliche Produkte <strong data-start=\"3573\" data-end=\"3599\">PVC-freie Plastisol-Tinte<\/strong> In leuchtendem Rosarot. Ideal f\u00fcr DIY-Projekte, Bekleidung und Werbedruck. Jetzt in Top-Qualit\u00e4t kaufen. <strong data-start=\"3688\" data-end=\"3711\">Siebdruckfarbe<\/strong> Jetzt online!<\/p>","protected":false},"featured_media":3557,"comment_status":"open","ping_status":"closed","template":"","meta":[],"product_brand":[],"product_cat":[45],"product_tag":[],"class_list":{"0":"post-3061","1":"product","2":"type-product","3":"status-publish","4":"has-post-thumbnail","6":"product_cat-pvc-free-plastisol-ink","8":"first","9":"instock","10":"shipping-taxable","11":"purchasable","12":"product-type-variable"},"tiered_pricing_type":"fixed","tiered_pricing_fixed_rules":[],"tiered_pricing_product_settings":{"layout":"default","base_unit_name":{"singular":null,"plural":null},"default_variation":null},"tiered_pricing_minimum_quantity":null,"tiered_pricing_roles_data":[],"tiered_pricing_percentage_rules":[],"tiered_pricing_maximum_quantity":null,"tiered_pricing_quantity_step":null,"_links":{"self":[{"href":"https:\/\/shaliteink.com\/de\/wp-json\/wp\/v2\/product\/3061","targetHints":{"allow":["GET"]}}],"collection":[{"href":"https:\/\/shaliteink.com\/de\/wp-json\/wp\/v2\/product"}],"about":[{"href":"https:\/\/shaliteink.com\/de\/wp-json\/wp\/v2\/types\/product"}],"replies":[{"embeddable":true,"href":"https:\/\/shaliteink.com\/de\/wp-json\/wp\/v2\/comments?post=3061"}],"version-history":[{"count":1,"href":"https:\/\/shaliteink.com\/de\/wp-json\/wp\/v2\/product\/3061\/revisions"}],"predecessor-version":[{"id":4557,"href":"https:\/\/shaliteink.com\/de\/wp-json\/wp\/v2\/product\/3061\/revisions\/4557"}],"wp:featuredmedia":[{"embeddable":true,"href":"https:\/\/shaliteink.com\/de\/wp-json\/wp\/v2\/media\/3557"}],"wp:attachment":[{"href":"https:\/\/shaliteink.com\/de\/wp-json\/wp\/v2\/media?parent=3061"}],"wp:term":[{"taxonomy":"product_brand","embeddable":true,"href":"https:\/\/shaliteink.com\/de\/wp-json\/wp\/v2\/product_brand?post=3061"},{"taxonomy":"product_cat","embeddable":true,"href":"https:\/\/shaliteink.com\/de\/wp-json\/wp\/v2\/product_cat?post=3061"},{"taxonomy":"product_tag","embeddable":true,"href":"https:\/\/shaliteink.com\/de\/wp-json\/wp\/v2\/product_tag?post=3061"}],"curies":[{"name":"wp","href":"https:\/\/api.w.org\/{rel}","templated":true}]}}