{"id":3046,"date":"2025-10-15T07:26:07","date_gmt":"2025-10-15T07:26:07","guid":{"rendered":"https:\/\/shaliteink.com\/?post_type=product&#038;p=3046"},"modified":"2025-12-10T11:31:43","modified_gmt":"2025-12-10T11:31:43","slug":"pvc-freie-plastisolfarbe-fluoreszierend-rot-schneller-versand","status":"publish","type":"product","link":"https:\/\/shaliteink.com\/de\/produkt\/pvc-freie-plastisolfarbe-fluoreszierend-rot-schneller-versand\/","title":{"rendered":"PVC-freie Plastisolfarbe, fluoreszierend rot \u2013 Schneller Versand"},"content":{"rendered":"<p>Erhalten Sie farbenfrohe, ansprechende Drucke, ohne Kompromisse bei Schutz oder Gesamtleistung einzugehen. Unser <strong><a href=\"https:\/\/shaliteink.com\/de\/produkt-kategorie\/pvc-freie-plastisolfarbe\/\">PVC-freie Plastisolfarbe<\/a><\/strong> Die Tinte in Fluoreszierendem Rot wurde f\u00fcr Kreative entwickelt, die Wert auf kr\u00e4ftige Farben, umweltfreundliche Inhaltsstoffe und zuverl\u00e4ssige Ergebnisse legen. Egal, ob Sie T-Shirts f\u00fcr einen Etsy-Shop gestalten, eine Druckerei f\u00fcr Schulaufs\u00e4tze betreiben oder eine Indie-Modemarke aufbauen \u2013 diese Tinte bietet Ihnen die gew\u00fcnschte Brillanz und Zuverl\u00e4ssigkeit \u2013 und das schnell.<\/p>\n<p><img decoding=\"async\" class=\"alignnone size-medium wp-image-3047\" src=\"https:\/\/shaliteink.com\/wp-content\/uploads\/2025\/08\/PVC-Free-Plastisol-Ink-Fluorescent-Red-241x300.jpeg\" alt=\"PVC-freie Plastisolfarbe, fluoreszierend rot\" width=\"241\" height=\"300\" srcset=\"https:\/\/shaliteink.com\/wp-content\/uploads\/2025\/08\/PVC-Free-Plastisol-Ink-Fluorescent-Red-241x300.jpeg 241w, https:\/\/shaliteink.com\/wp-content\/uploads\/2025\/08\/PVC-Free-Plastisol-Ink-Fluorescent-Red-821x1024.jpeg 821w, https:\/\/shaliteink.com\/wp-content\/uploads\/2025\/08\/PVC-Free-Plastisol-Ink-Fluorescent-Red-768x957.jpeg 768w, https:\/\/shaliteink.com\/wp-content\/uploads\/2025\/08\/PVC-Free-Plastisol-Ink-Fluorescent-Red-1232x1536.jpeg 1232w, https:\/\/shaliteink.com\/wp-content\/uploads\/2025\/08\/PVC-Free-Plastisol-Ink-Fluorescent-Red-1643x2048.jpeg 1643w, https:\/\/shaliteink.com\/wp-content\/uploads\/2025\/08\/PVC-Free-Plastisol-Ink-Fluorescent-Red-10x12.jpeg 10w, https:\/\/shaliteink.com\/wp-content\/uploads\/2025\/08\/PVC-Free-Plastisol-Ink-Fluorescent-Red-1200x1496.jpeg 1200w, https:\/\/shaliteink.com\/wp-content\/uploads\/2025\/08\/PVC-Free-Plastisol-Ink-Fluorescent-Red-150x187.jpeg 150w\" sizes=\"(max-width: 241px) 100vw, 241px\" \/><\/p>\n<h1>Produktbeschreibung<\/h1>\n<p>Dieses fluoreszierende Purpurrot <a href=\"https:\/\/shaliteink.com\/de\/produkt-kategorie\/plastisol-tinte\/\"><strong>Plastisol-Tinte<\/strong><\/a> ist Teil von Shaliteinks \u00d6ko-Vorreiterrolle <strong>PVC-freie Plastisolfarbe<\/strong>\u00a0Diese Serie wurde speziell f\u00fcr Baumwolle und Baumwollmischgewebe entwickelt und sorgt f\u00fcr ein weiches Tragegef\u00fchl bei gleichzeitig extrem hoher Neonleuchtkraft, die selbst auf dunklen Textilien gut zur Geltung kommt. Das System h\u00e4rtet bei niedrigen Temperaturen (127 \u00b0C bis 138 \u00b0C) aus und ist daher mit Haushalts-Hei\u00dfluftpistolen und gelegentlichen W\u00e4schetrocknern kompatibel \u2013 ideal f\u00fcr kleine Studios oder DIY-Projekte.<\/p>\n<p><a href=\"https:\/\/shaliteink.com\/de\/\"><strong>Shaliteink<\/strong><\/a> Die Siebdruckfarbe stammt direkt vom Hersteller und ist OEKO-TEX\u00ae-zertifiziert, was geringe Toxizit\u00e4t und minimalen Geruch garantiert. Sie ist ideal f\u00fcr alle, die sichere und professionelle Displaydruckfarbe suchen.<\/p>\n<p><img decoding=\"async\" class=\"alignnone size-medium wp-image-3570\" src=\"https:\/\/shaliteink.com\/wp-content\/uploads\/2025\/08\/Plastisol-Ink-Fluorescent-Red-1-278x300.jpeg\" alt=\" Plastisolfarbe Fluoreszierendes Rot \" width=\"278\" height=\"300\" srcset=\"https:\/\/shaliteink.com\/wp-content\/uploads\/2025\/08\/Plastisol-Ink-Fluorescent-Red-1-278x300.jpeg 278w, https:\/\/shaliteink.com\/wp-content\/uploads\/2025\/08\/Plastisol-Ink-Fluorescent-Red-1-949x1024.jpeg 949w, https:\/\/shaliteink.com\/wp-content\/uploads\/2025\/08\/Plastisol-Ink-Fluorescent-Red-1-768x829.jpeg 768w, https:\/\/shaliteink.com\/wp-content\/uploads\/2025\/08\/Plastisol-Ink-Fluorescent-Red-1-1424x1536.jpeg 1424w, https:\/\/shaliteink.com\/wp-content\/uploads\/2025\/08\/Plastisol-Ink-Fluorescent-Red-1-11x12.jpeg 11w, https:\/\/shaliteink.com\/wp-content\/uploads\/2025\/08\/Plastisol-Ink-Fluorescent-Red-1-1200x1295.jpeg 1200w, https:\/\/shaliteink.com\/wp-content\/uploads\/2025\/08\/Plastisol-Ink-Fluorescent-Red-1-150x162.jpeg 150w, https:\/\/shaliteink.com\/wp-content\/uploads\/2025\/08\/Plastisol-Ink-Fluorescent-Red-1.jpeg 1620w\" sizes=\"(max-width: 278px) 100vw, 278px\" \/><\/p>\n<h1>Hauptmerkmale:<\/h1>\n<ul>\n<li>PVC-freie Rezeptur \u2013 Sicherer f\u00fcr Anwender, Kleidung und Umwelt<\/li>\n<li>Strahlend leuchtendes, fluoreszierendes Rot \u2013 Hohe Sichtbarkeit und kr\u00e4ftige Leuchtkraft<\/li>\n<li>Geruchsarm und ungiftig \u2013 Geeignet f\u00fcr Klassenzimmer, Heimstudios und geschlossene Arbeitsbereiche<\/li>\n<li>Weiches Tragegef\u00fchl \u2013 Erh\u00e4lt den Tragekomfort des Stoffes nach dem Aush\u00e4rten<\/li>\n<li>Geeignet f\u00fcr Kleinserien und gro\u00dfe Mengen \u2013 Eignet sich gleicherma\u00dfen gut f\u00fcr kleine DIY-Chargen oder die kommerzielle Produktion.<\/li>\n<\/ul>\n<h1>Aush\u00e4rtungshinweise:<\/h1>\n<p>Das <strong>PVC-freie Plastisol-Tinte<\/strong> H\u00e4rtet schnell bei 135\u2013149 \u00b0C (275\u2013300 \u00b0F) aus und reduziert so Energiekosten und Produktionszeit deutlich. Kompatibel mit Schnellh\u00e4rtungsger\u00e4ten, Durchlauftrocknern und sogar haushalts\u00fcblichen W\u00e4rmequellen wie Transferpressen oder Backofen (bei ausreichender Bel\u00fcftung). F\u00fchren Sie stets einen Test auf Ihrem Substrat durch, um optimale Ergebnisse zu erzielen.<\/p>","protected":false},"excerpt":{"rendered":"<p>Leuchtendes fluoreszierendes Rot <strong data-start=\"3464\" data-end=\"3490\">PVC-freie Plastisol-Tinte<\/strong> F\u00fcr ausdrucksstarke, umweltfreundliche Drucke. Sicher, schnell aush\u00e4rtend. <strong data-start=\"3540\" data-end=\"3563\">Siebdruckfarbe<\/strong>. Ideal f\u00fcr Bekleidung, DIY-Projekte und Merchandising.<\/p>","protected":false},"featured_media":3569,"comment_status":"open","ping_status":"closed","template":"","meta":[],"product_brand":[],"product_cat":[45],"product_tag":[],"class_list":{"0":"post-3046","1":"product","2":"type-product","3":"status-publish","4":"has-post-thumbnail","6":"product_cat-pvc-free-plastisol-ink","8":"first","9":"instock","10":"shipping-taxable","11":"purchasable","12":"product-type-variable"},"tiered_pricing_type":"fixed","tiered_pricing_fixed_rules":[],"tiered_pricing_product_settings":{"layout":"default","base_unit_name":{"singular":null,"plural":null},"default_variation":null},"tiered_pricing_minimum_quantity":null,"tiered_pricing_roles_data":[],"tiered_pricing_percentage_rules":[],"tiered_pricing_maximum_quantity":null,"tiered_pricing_quantity_step":null,"_links":{"self":[{"href":"https:\/\/shaliteink.com\/de\/wp-json\/wp\/v2\/product\/3046","targetHints":{"allow":["GET"]}}],"collection":[{"href":"https:\/\/shaliteink.com\/de\/wp-json\/wp\/v2\/product"}],"about":[{"href":"https:\/\/shaliteink.com\/de\/wp-json\/wp\/v2\/types\/product"}],"replies":[{"embeddable":true,"href":"https:\/\/shaliteink.com\/de\/wp-json\/wp\/v2\/comments?post=3046"}],"version-history":[{"count":0,"href":"https:\/\/shaliteink.com\/de\/wp-json\/wp\/v2\/product\/3046\/revisions"}],"wp:featuredmedia":[{"embeddable":true,"href":"https:\/\/shaliteink.com\/de\/wp-json\/wp\/v2\/media\/3569"}],"wp:attachment":[{"href":"https:\/\/shaliteink.com\/de\/wp-json\/wp\/v2\/media?parent=3046"}],"wp:term":[{"taxonomy":"product_brand","embeddable":true,"href":"https:\/\/shaliteink.com\/de\/wp-json\/wp\/v2\/product_brand?post=3046"},{"taxonomy":"product_cat","embeddable":true,"href":"https:\/\/shaliteink.com\/de\/wp-json\/wp\/v2\/product_cat?post=3046"},{"taxonomy":"product_tag","embeddable":true,"href":"https:\/\/shaliteink.com\/de\/wp-json\/wp\/v2\/product_tag?post=3046"}],"curies":[{"name":"wp","href":"https:\/\/api.w.org\/{rel}","templated":true}]}}