{"id":3021,"date":"2025-10-08T09:06:38","date_gmt":"2025-10-08T09:06:38","guid":{"rendered":"https:\/\/shaliteink.com\/?post_type=product&#038;p=3021"},"modified":"2025-12-10T11:30:29","modified_gmt":"2025-12-10T11:30:29","slug":"pvc-freie-plastisolfarbe-purpurrot-ungiftige-druckfarbe-kaufen","status":"publish","type":"product","link":"https:\/\/shaliteink.com\/de\/produkt\/pvc-freie-plastisolfarbe-purpurrot-ungiftige-druckfarbe-kaufen\/","title":{"rendered":"PVC-freie Plastisolfarbe, Purpurrot | Ungiftige Druckfarbe kaufen"},"content":{"rendered":"<p>Verwirklichen Sie Ihre k\u00fchnsten Ideen mit Shaliteink. <strong><a href=\"https:\/\/shaliteink.com\/de\/produkt-kategorie\/pvc-freie-plastisolfarbe\/\">PVC-freie Plastisol-Tinte<\/a><\/strong> in Purpurrot \u2013 ein ungiftiges Display in Expertenqualit\u00e4t. <a href=\"https:\/\/shaliteink.com\/de\/screen-printing-ink\/\"><strong>Siebdruckfarbe<\/strong><\/a> Diese Tinte wurde f\u00fcr farbenfrohe, langlebige Drucke auf Baumwolle, Mischgeweben und anderen Textilien entwickelt. Sie ist speziell f\u00fcr Kreative konzipiert, die Wert auf umweltbewusste Ergebnisse legen, ohne dabei auf Feinheit zu verzichten. Die Tinte liefert einen satten, purpurroten Farbton mit au\u00dfergew\u00f6hnlicher Deckkraft und einfacher Konsistenz.<\/p>\n<p>Egal ob Sie ein Hobbybastler sind, der T-Shirts zu Hause individuell gestaltet, ein Etsy-H\u00e4ndler, der Kleidung in kleinen Serien herstellt, oder ein Student, der eine Druckwerkstatt f\u00fcr Modenschauen betreibt \u2013 dies <strong>PVC-freie Plastisol-Tinte<\/strong>\u00a0Es erm\u00f6glicht einfacheres und sicheres Drucken. Kompatibel mit g\u00e4ngigen Siebdruckmonitoren, Rakeln und Blitztrocknern, integriert es sich nahtlos in Ihre bestehende Ausstattung \u2013 ohne dass wesentliche Ger\u00e4te\u00e4nderungen erforderlich sind.<\/p>\n<p><img decoding=\"async\" class=\"alignnone size-medium wp-image-3023\" src=\"https:\/\/shaliteink.com\/wp-content\/uploads\/2025\/08\/PVC-Free-Plastisol-Ink-Purplish-Red-1-235x300.jpeg\" alt=\"PVC-freie Plastisolfarbe, Purpurrot\" width=\"235\" height=\"300\" srcset=\"https:\/\/shaliteink.com\/wp-content\/uploads\/2025\/08\/PVC-Free-Plastisol-Ink-Purplish-Red-1-235x300.jpeg 235w, https:\/\/shaliteink.com\/wp-content\/uploads\/2025\/08\/PVC-Free-Plastisol-Ink-Purplish-Red-1-803x1024.jpeg 803w, https:\/\/shaliteink.com\/wp-content\/uploads\/2025\/08\/PVC-Free-Plastisol-Ink-Purplish-Red-1-768x980.jpeg 768w, https:\/\/shaliteink.com\/wp-content\/uploads\/2025\/08\/PVC-Free-Plastisol-Ink-Purplish-Red-1-1204x1536.jpeg 1204w, https:\/\/shaliteink.com\/wp-content\/uploads\/2025\/08\/PVC-Free-Plastisol-Ink-Purplish-Red-1-1605x2048.jpeg 1605w, https:\/\/shaliteink.com\/wp-content\/uploads\/2025\/08\/PVC-Free-Plastisol-Ink-Purplish-Red-1-9x12.jpeg 9w, https:\/\/shaliteink.com\/wp-content\/uploads\/2025\/08\/PVC-Free-Plastisol-Ink-Purplish-Red-1-1200x1531.jpeg 1200w, https:\/\/shaliteink.com\/wp-content\/uploads\/2025\/08\/PVC-Free-Plastisol-Ink-Purplish-Red-1-150x191.jpeg 150w, https:\/\/shaliteink.com\/wp-content\/uploads\/2025\/08\/PVC-Free-Plastisol-Ink-Purplish-Red-1.jpeg 1812w\" sizes=\"(max-width: 235px) 100vw, 235px\" \/><\/p>\n<h1>Hauptmerkmale:<\/h1>\n<ul>\n<li>Umweltfreundlich und ungiftig: Frei von Phthalaten und PVC, daher sicherer f\u00fcr Anwender und Umwelt. Ideal f\u00fcr Zuhause, Schulen und Kreativstudios.<\/li>\n<li>Hochdeckende Pigmente: Die purpurrote Formel bietet eine brillante, satte Deckkraft auf hellen und dunklen Kleidungsst\u00fccken.<\/li>\n<li>Glatte und cremige Textur: Leichter zu drucken f\u00fcr Anf\u00e4nger und Profis; minimiert Verstopfungen und Reibung auf den Sieben.<\/li>\n<li>Geruchsarm: Angenehm f\u00fcr den Innenbereich \u2013 auch auf kleinem Raum.<\/li>\n<li>Vielseitige Kompatibilit\u00e4t: Geeignet f\u00fcr Baumwolle, Baumwollmischgewebe und die meisten Siebgewebearten.<\/li>\n<\/ul>\n<h1>Aush\u00e4rtung und Waschbarkeit:<\/h1>\n<p>Das <strong>PVC-freie Plastisol-Tinte<\/strong> Die optimale Aush\u00e4rtung erfolgt bei 149 \u00b0C bis 160 \u00b0C (300 \u00b0F bis 320 \u00b0F) und eignet sich ideal f\u00fcr die Verwendung mit Schnelltrocknern, Durchlauftrocknern oder sogar Hei\u00dfluftpistolen f\u00fcr den Hausgebrauch. Nach vollst\u00e4ndiger Aush\u00e4rtung sind die Drucke langlebig, rissfest und waschbest\u00e4ndig. F\u00fcr Hobbybastler und Kleinunternehmen ist so eine lange Produktlebensdauer gew\u00e4hrleistet, ohne dass in professionelle Ausr\u00fcstung investiert werden muss.<\/p>\n<p><img decoding=\"async\" class=\"alignnone size-medium wp-image-3024\" src=\"https:\/\/shaliteink.com\/wp-content\/uploads\/2025\/08\/PVC-Free-Plastisol-Ink-Purplish-Red-2-300x251.jpeg\" alt=\"PVC-freie Plastisolfarbe, Purpurrot\" width=\"300\" height=\"251\" srcset=\"https:\/\/shaliteink.com\/wp-content\/uploads\/2025\/08\/PVC-Free-Plastisol-Ink-Purplish-Red-2-300x251.jpeg 300w, https:\/\/shaliteink.com\/wp-content\/uploads\/2025\/08\/PVC-Free-Plastisol-Ink-Purplish-Red-2-1024x858.jpeg 1024w, https:\/\/shaliteink.com\/wp-content\/uploads\/2025\/08\/PVC-Free-Plastisol-Ink-Purplish-Red-2-768x643.jpeg 768w, https:\/\/shaliteink.com\/wp-content\/uploads\/2025\/08\/PVC-Free-Plastisol-Ink-Purplish-Red-2-1536x1286.jpeg 1536w, https:\/\/shaliteink.com\/wp-content\/uploads\/2025\/08\/PVC-Free-Plastisol-Ink-Purplish-Red-2-2048x1715.jpeg 2048w, https:\/\/shaliteink.com\/wp-content\/uploads\/2025\/08\/PVC-Free-Plastisol-Ink-Purplish-Red-2-14x12.jpeg 14w, https:\/\/shaliteink.com\/wp-content\/uploads\/2025\/08\/PVC-Free-Plastisol-Ink-Purplish-Red-2-1200x1005.jpeg 1200w, https:\/\/shaliteink.com\/wp-content\/uploads\/2025\/08\/PVC-Free-Plastisol-Ink-Purplish-Red-2-150x126.jpeg 150w\" sizes=\"(max-width: 300px) 100vw, 300px\" \/><\/p>\n<p>&nbsp;<\/p>","protected":false},"excerpt":{"rendered":"<p>Setzen Sie Ihre k\u00fchnsten Ideen mit Shaliteink PVC-freier Plastisolfarbe in Purpurrot in die Realit\u00e4t um \u2013 einer professionellen, ungiftigen Siebdruckfarbe.<\/p>","protected":false},"featured_media":3583,"comment_status":"open","ping_status":"closed","template":"","meta":[],"product_brand":[],"product_cat":[45],"product_tag":[],"class_list":{"0":"post-3021","1":"product","2":"type-product","3":"status-publish","4":"has-post-thumbnail","6":"product_cat-pvc-free-plastisol-ink","8":"first","9":"instock","10":"shipping-taxable","11":"purchasable","12":"product-type-variable"},"tiered_pricing_type":"fixed","tiered_pricing_fixed_rules":[],"tiered_pricing_product_settings":{"layout":"default","base_unit_name":{"singular":null,"plural":null},"default_variation":null},"tiered_pricing_minimum_quantity":null,"tiered_pricing_roles_data":[],"tiered_pricing_percentage_rules":[],"tiered_pricing_maximum_quantity":null,"tiered_pricing_quantity_step":null,"_links":{"self":[{"href":"https:\/\/shaliteink.com\/de\/wp-json\/wp\/v2\/product\/3021","targetHints":{"allow":["GET"]}}],"collection":[{"href":"https:\/\/shaliteink.com\/de\/wp-json\/wp\/v2\/product"}],"about":[{"href":"https:\/\/shaliteink.com\/de\/wp-json\/wp\/v2\/types\/product"}],"replies":[{"embeddable":true,"href":"https:\/\/shaliteink.com\/de\/wp-json\/wp\/v2\/comments?post=3021"}],"version-history":[{"count":0,"href":"https:\/\/shaliteink.com\/de\/wp-json\/wp\/v2\/product\/3021\/revisions"}],"wp:featuredmedia":[{"embeddable":true,"href":"https:\/\/shaliteink.com\/de\/wp-json\/wp\/v2\/media\/3583"}],"wp:attachment":[{"href":"https:\/\/shaliteink.com\/de\/wp-json\/wp\/v2\/media?parent=3021"}],"wp:term":[{"taxonomy":"product_brand","embeddable":true,"href":"https:\/\/shaliteink.com\/de\/wp-json\/wp\/v2\/product_brand?post=3021"},{"taxonomy":"product_cat","embeddable":true,"href":"https:\/\/shaliteink.com\/de\/wp-json\/wp\/v2\/product_cat?post=3021"},{"taxonomy":"product_tag","embeddable":true,"href":"https:\/\/shaliteink.com\/de\/wp-json\/wp\/v2\/product_tag?post=3021"}],"curies":[{"name":"wp","href":"https:\/\/api.w.org\/{rel}","templated":true}]}}