{"id":3015,"date":"2025-10-08T08:54:25","date_gmt":"2025-10-08T08:54:25","guid":{"rendered":"https:\/\/shaliteink.com\/?post_type=product&#038;p=3015"},"modified":"2025-12-10T11:29:53","modified_gmt":"2025-12-10T11:29:53","slug":"pvc-freie-plastisolfarbe-pinkfarbene-ungiftige-druckfarbe","status":"publish","type":"product","link":"https:\/\/shaliteink.com\/de\/produkt\/pvc-freie-plastisolfarbe-pinkfarbene-ungiftige-druckfarbe\/","title":{"rendered":"PVC-freie Plastisolfarbe, rosa \u2013 Jetzt ungiftige Druckfarbe kaufen"},"content":{"rendered":"<p><a href=\"https:\/\/shaliteink.com\/de\/\"><span class=\"wrapper\"><strong>Shaliteink<\/strong> <strong>PVC-freie Plastisol-Tinte <\/strong><\/span><\/a>liefert ein lebendiges <a href=\"https:\/\/shaliteink.com\/de\/screen-printing-ink\/\"><strong>Siebdruckfarbe<\/strong><\/a> Entwickelt f\u00fcr sicheres und kreatives Drucken.<span class=\"wrapper\">t ri<\/span>Nachfrage von DIY-Bastlern, Etsy <span class=\"wrapper\">und<\/span>&amp; &amp; Shopify<span class=\"wrapper\">ellers, mini\u2011<\/span>Studios, Maker Spaces, Indie-Bekleidungsmarken und Einrichtungsbegeisterte<span class=\"wrapper\">ts, unsere <\/span><a href=\"https:\/\/shaliteink.com\/de\/produkt-kategorie\/pvc-freie-plastisolfarbe\/\"><strong>PVC-freie rosa Plastisol-Tinte<\/strong><\/a> kombiniert Premiumqualit\u00e4t<span class=\"wrapper\">ty mit \u00d6ko\u2011<\/span>freundliche Sicherheit. Mit zwei Dez<span class=\"wrapper\">Aden von direkt<\/span>-Erfahrung in der Fabrikfertigung und Partnerschaften mit f\u00fchrenden globalen Marken, <strong>Shaliteink<\/strong> bietet unschlagbares v<span class=\"wrapper\">Wert in klein<\/span>ll-Batch- und Kit-Formate <span class=\"wrapper\">solch <\/span>als 4\u00d7100 ml.<\/p>\n<p>Dieser Siebdruck <span class=\"wrapper\">Die Tinte ist ungiftig, P<\/span>VC fr<span class=\"wrapper\">ee und nicht-ph<\/span>Thalat, wodurch es id wird<span class=\"wrapper\">real f\u00fcr T<\/span>T-Shirts, Stofftaschen, Kissen und mehr. <span class=\"wrapper\">cremig, <\/span>Die d\u00fcnnfl\u00fcssige Formel l\u00e4sst sich leicht durch Siebe verteilen und ergibt deckende, glatte Drucke mit weichem Griff \u2013 genau wie <span class=\"wrapper\">Pr\u00e4mie<\/span> Sollyd\u2122- und Rapid Cure-Sortimente. Aush\u00e4rtung bei niedriger Temperatur. <span class=\"wrapper\">(etwa 260\u2013<\/span>Bei Temperaturen bis zu 270 \u00b0F (ca. 132 \u00b0C) wird ein Versengen der Kleidung vermieden, und es ist mit handels\u00fcblichen Hei\u00dfluftpistolen oder Trocknern kompatibel \u2013 keine gewerbliche Anwendung erforderlich.<span class=\"wrapper\">onveyo<\/span>r wird ben\u00f6tigt.<\/p>\n<p><img decoding=\"async\" class=\"alignnone size-medium wp-image-3585\" src=\"https:\/\/shaliteink.com\/wp-content\/uploads\/2025\/08\/PVC-Free-Plastisol-Ink-Pink-2-274x300.jpeg\" alt=\"PVC-freie Plastisolfarbe Rosa\" width=\"274\" height=\"300\" srcset=\"https:\/\/shaliteink.com\/wp-content\/uploads\/2025\/08\/PVC-Free-Plastisol-Ink-Pink-2-274x300.jpeg 274w, https:\/\/shaliteink.com\/wp-content\/uploads\/2025\/08\/PVC-Free-Plastisol-Ink-Pink-2-934x1024.jpeg 934w, https:\/\/shaliteink.com\/wp-content\/uploads\/2025\/08\/PVC-Free-Plastisol-Ink-Pink-2-768x842.jpeg 768w, https:\/\/shaliteink.com\/wp-content\/uploads\/2025\/08\/PVC-Free-Plastisol-Ink-Pink-2-1402x1536.jpeg 1402w, https:\/\/shaliteink.com\/wp-content\/uploads\/2025\/08\/PVC-Free-Plastisol-Ink-Pink-2-1869x2048.jpeg 1869w, https:\/\/shaliteink.com\/wp-content\/uploads\/2025\/08\/PVC-Free-Plastisol-Ink-Pink-2-11x12.jpeg 11w, https:\/\/shaliteink.com\/wp-content\/uploads\/2025\/08\/PVC-Free-Plastisol-Ink-Pink-2-1200x1315.jpeg 1200w, https:\/\/shaliteink.com\/wp-content\/uploads\/2025\/08\/PVC-Free-Plastisol-Ink-Pink-2-150x164.jpeg 150w\" sizes=\"(max-width: 274px) 100vw, 274px\" \/><\/p>\n<h1>Hauptmerkmale:<\/h1>\n<ul>\n<li><strong>PVC-freie Plastisol-Tinte<\/strong>, ungiftige, phthalatfreie Formel \u2013 benutzerfreundlich f\u00fcr Kreative zu Hause oder in der Schule.<\/li>\n<li>H\u00e4rtet bei niedriger Temperatur (~27 \u00b0F) aus, ist mit handels\u00fcblichen Hei\u00dfluftpistolen oder Trocknern kompatibel, wodurch das Verletzungsrisiko f\u00fcr das Kleidungsst\u00fcck und der Energieverbrauch reduziert werden.<\/li>\n<li>Kr\u00e4ftiges, deckendes rosa Pigment: leuchtend und ein echter Hingucker auf dunklen wie hellen Stoffen.<\/li>\n<li>Cremige, kurzviskose Konsistenz: leicht zu verarbeiten und zu reinigen, ideal f\u00fcr Anf\u00e4nger und Hochgeschwindigkeitsdrucker gleicherma\u00dfen;<\/li>\n<li>F\u00fchlt sich nach dem Aush\u00e4rten weich an und bietet ein professionelles Finish auch bei Kleinserien oder DIY-Projekten.<\/li>\n<li>Kompatibel mit Mischsystemen f\u00fcr individuelle Farbanpassung und reproduzierbare Rezepturen.<\/li>\n<\/ul>\n<h1>Aufr\u00e4umen &amp; Lagern:<\/h1>\n<p>Die Reinigung ist einfach: Nach dem Druckvorgang Druckmaschinenreiniger oder Farbentferner verwenden. Dank der nicht austrocknenden Formel lassen sich Siebe und Werkzeuge leicht reinigen. Bei Raumtemperatur (18\u201332 \u00b0C) und vor direkter Sonneneinstrahlung gesch\u00fctzt lagern. F\u00fcr optimale Ergebnisse innerhalb eines Jahres nach Versand verbrauchen.<\/p>\n<p><img decoding=\"async\" class=\"alignnone size-medium wp-image-3018\" src=\"https:\/\/shaliteink.com\/wp-content\/uploads\/2025\/08\/PVC-Free-Plastisol-Ink-Pink-248x300.jpeg\" alt=\"PVC-freie Plastisolfarbe Rosa\" width=\"248\" height=\"300\" srcset=\"https:\/\/shaliteink.com\/wp-content\/uploads\/2025\/08\/PVC-Free-Plastisol-Ink-Pink-248x300.jpeg 248w, https:\/\/shaliteink.com\/wp-content\/uploads\/2025\/08\/PVC-Free-Plastisol-Ink-Pink-848x1024.jpeg 848w, https:\/\/shaliteink.com\/wp-content\/uploads\/2025\/08\/PVC-Free-Plastisol-Ink-Pink-768x927.jpeg 768w, https:\/\/shaliteink.com\/wp-content\/uploads\/2025\/08\/PVC-Free-Plastisol-Ink-Pink-1272x1536.jpeg 1272w, https:\/\/shaliteink.com\/wp-content\/uploads\/2025\/08\/PVC-Free-Plastisol-Ink-Pink-10x12.jpeg 10w, https:\/\/shaliteink.com\/wp-content\/uploads\/2025\/08\/PVC-Free-Plastisol-Ink-Pink-1200x1449.jpeg 1200w, https:\/\/shaliteink.com\/wp-content\/uploads\/2025\/08\/PVC-Free-Plastisol-Ink-Pink-150x181.jpeg 150w, https:\/\/shaliteink.com\/wp-content\/uploads\/2025\/08\/PVC-Free-Plastisol-Ink-Pink.jpeg 1620w\" sizes=\"(max-width: 248px) 100vw, 248px\" \/><\/p>\n<h1>Warum Shaliteink w\u00e4hlen?<\/h1>\n<p>Als weltweit f\u00fchrender Hersteller von Displaydruckfarben mit 20 Jahren Produktionserfahrung, <strong>Shaliteink<\/strong> Wir bieten Herstellern st\u00fcckkosteng\u00fcnstige Preise, technische Unterst\u00fctzung, optionale Schnittmuster-Sets sowie Schulungsvideos und ein System zur Nachverfolgung wiederverwendbarer Farbrezepte. Wir arbeiten weltweit mit renommierten Herstellern zusammen und legen Wert auf den Schutz kleiner Produktionsmengen, Flexibilit\u00e4t und die Einhaltung von Umweltauflagen.<\/p>\n<p>Perfekt f\u00fcr alle, die professionelle Qualit\u00e4t suchen. <strong data-start=\"1962\" data-end=\"1988\">PVC-freie Plastisolfarbe <\/strong>Es ist sicher, farbintensiv und einfach in der Anwendung bei Siebdruckprojekten \u2013 ob zu Hause, im Studio oder im Klassenzimmer.<\/p>","protected":false},"excerpt":{"rendered":"<p><strong>PVC-freie rosa Plastisol-Tinte<\/strong> \u2013 ungiftig, undurchsichtig <strong data-start=\"2227\" data-end=\"2250\">Siebdruckfarbe<\/strong> Aush\u00e4rtung bei ca. 270 \u00b0F. Ideal f\u00fcr Hobbybastler, Etsy-Verk\u00e4ufer und Maker Spaces.<\/p>","protected":false},"featured_media":3584,"comment_status":"open","ping_status":"closed","template":"","meta":[],"product_brand":[],"product_cat":[45],"product_tag":[],"class_list":{"0":"post-3015","1":"product","2":"type-product","3":"status-publish","4":"has-post-thumbnail","6":"product_cat-pvc-free-plastisol-ink","8":"first","9":"instock","10":"shipping-taxable","11":"purchasable","12":"product-type-variable"},"tiered_pricing_type":"fixed","tiered_pricing_fixed_rules":[],"tiered_pricing_product_settings":{"layout":"default","base_unit_name":{"singular":null,"plural":null},"default_variation":null},"tiered_pricing_minimum_quantity":null,"tiered_pricing_roles_data":[],"tiered_pricing_percentage_rules":[],"tiered_pricing_maximum_quantity":null,"tiered_pricing_quantity_step":null,"_links":{"self":[{"href":"https:\/\/shaliteink.com\/de\/wp-json\/wp\/v2\/product\/3015","targetHints":{"allow":["GET"]}}],"collection":[{"href":"https:\/\/shaliteink.com\/de\/wp-json\/wp\/v2\/product"}],"about":[{"href":"https:\/\/shaliteink.com\/de\/wp-json\/wp\/v2\/types\/product"}],"replies":[{"embeddable":true,"href":"https:\/\/shaliteink.com\/de\/wp-json\/wp\/v2\/comments?post=3015"}],"version-history":[{"count":0,"href":"https:\/\/shaliteink.com\/de\/wp-json\/wp\/v2\/product\/3015\/revisions"}],"wp:featuredmedia":[{"embeddable":true,"href":"https:\/\/shaliteink.com\/de\/wp-json\/wp\/v2\/media\/3584"}],"wp:attachment":[{"href":"https:\/\/shaliteink.com\/de\/wp-json\/wp\/v2\/media?parent=3015"}],"wp:term":[{"taxonomy":"product_brand","embeddable":true,"href":"https:\/\/shaliteink.com\/de\/wp-json\/wp\/v2\/product_brand?post=3015"},{"taxonomy":"product_cat","embeddable":true,"href":"https:\/\/shaliteink.com\/de\/wp-json\/wp\/v2\/product_cat?post=3015"},{"taxonomy":"product_tag","embeddable":true,"href":"https:\/\/shaliteink.com\/de\/wp-json\/wp\/v2\/product_tag?post=3015"}],"curies":[{"name":"wp","href":"https:\/\/api.w.org\/{rel}","templated":true}]}}