{"id":3009,"date":"2025-09-19T08:09:55","date_gmt":"2025-09-19T08:09:55","guid":{"rendered":"https:\/\/shaliteink.com\/?post_type=product&#038;p=3009"},"modified":"2025-12-10T11:27:20","modified_gmt":"2025-12-10T11:27:20","slug":"pvc-freie-plastisolfarbe-magenta","status":"publish","type":"product","link":"https:\/\/shaliteink.com\/de\/produkt\/pvc-freie-plastisolfarbe-magenta\/","title":{"rendered":"Kaufen Sie PVC-freie Plastisol-Tinte Magenta f\u00fcr den Stoffdruck"},"content":{"rendered":"<p><a href=\"https:\/\/shaliteink.com\/de\/\"><strong>Shaliteink PVC-freie Plastisoltinte<\/strong><\/a> in Magenta liefert brillante, leuchtende, deckende Farben, die sich perfekt f\u00fcr Stoffdruckprojekte mit Siebdruckfarbe eignen. Mit \u00fcber zwei Jahrzehnten Fertigungserfahrung und Direktpreisen ab Werk arbeitet Shaliteink weltweit mit Top-Marken zusammen, um Ihnen eine Premium-Tinte anzubieten, die f\u00fcr Heimwerker, unabh\u00e4ngige Bekleidungshersteller und kleine Studios entwickelt wurde.<\/p>\n<p><img decoding=\"async\" class=\"alignnone size-medium wp-image-3589\" src=\"https:\/\/shaliteink.com\/wp-content\/uploads\/2025\/08\/Plastisol-Ink-Magenta-2-300x241.jpeg\" alt=\"Plastisol-Tinte Magenta\" width=\"300\" height=\"241\" srcset=\"https:\/\/shaliteink.com\/wp-content\/uploads\/2025\/08\/Plastisol-Ink-Magenta-2-300x241.jpeg 300w, https:\/\/shaliteink.com\/wp-content\/uploads\/2025\/08\/Plastisol-Ink-Magenta-2-1024x823.jpeg 1024w, https:\/\/shaliteink.com\/wp-content\/uploads\/2025\/08\/Plastisol-Ink-Magenta-2-768x618.jpeg 768w, https:\/\/shaliteink.com\/wp-content\/uploads\/2025\/08\/Plastisol-Ink-Magenta-2-1536x1235.jpeg 1536w, https:\/\/shaliteink.com\/wp-content\/uploads\/2025\/08\/Plastisol-Ink-Magenta-2-2048x1647.jpeg 2048w, https:\/\/shaliteink.com\/wp-content\/uploads\/2025\/08\/Plastisol-Ink-Magenta-2-15x12.jpeg 15w, https:\/\/shaliteink.com\/wp-content\/uploads\/2025\/08\/Plastisol-Ink-Magenta-2-1200x965.jpeg 1200w, https:\/\/shaliteink.com\/wp-content\/uploads\/2025\/08\/Plastisol-Ink-Magenta-2-150x121.jpeg 150w\" sizes=\"(max-width: 300px) 100vw, 300px\" \/><\/p>\n<h1>Produktbeschreibung:<\/h1>\n<p>Unser Magenta <a href=\"https:\/\/shaliteink.com\/de\/produkt-kategorie\/pvc-freie-plastisolfarbe\/\"><strong>PVC-freie Plastisol-Tinte<\/strong><\/a>\u00a0ist phthalatfrei, geruchsarm und druckfertig. Diese Tinte wurde f\u00fcr Heimstudios und kleine Produktionsl\u00e4ufe entwickelt. Sie l\u00e4sst sich leicht mischen und h\u00e4rtet effizient aus, um kr\u00e4ftige, langlebige Drucke auf einer Vielzahl von Stoffen zu erzielen \u2013 insbesondere auf Baumwoll- und Polyestermischungen. Sie l\u00e4sst sich cremig verteilen und sorgt f\u00fcr glatte Siebdrucke. Beim Trocknen entsteht ein weiches, angenehmes Gef\u00fchl.<\/p>\n<h1>Hauptmerkmale:<\/h1>\n<ul>\n<li>Kr\u00e4ftiges, leuchtendes Magenta mit hoher Deckkraft \u2013 hebt sich auf dunklen und hellen Textilien ab<\/li>\n<li>PVC-freie Plastisol-Tinte, phthalatfrei, geruchsarm, sicher f\u00fcr den Einsatz zu Hause und im Klassenzimmer<\/li>\n<li>Cremige, leicht zu druckende Siebdruckfarbe mit kurzem K\u00f6rper f\u00fcr sanftes Rakeln<\/li>\n<li>Niedrige Aush\u00e4rtungstemperatur (ca. 270 \u00b0F \/ 130 \u00b0C) \u2013 kompatibel mit Hei\u00dfluftpistolen, Haushalts-Schnelltrocknern oder Haushalts\u00f6fen<\/li>\n<li>Hervorragende Haftung auf Baumwolle, Polyestermischungen, Segeltuch, Taschen und mehr<\/li>\n<\/ul>\n<h1>Aush\u00e4rtung und Arbeitsablauf:<\/h1>\n<p>H\u00e4rtet vollst\u00e4ndig bei ca. 137 \u00b0C aus, deutlich unter Standard-Plastisol-Tinten, die ca. 160 \u00b0C ben\u00f6tigen. Dies reduziert das Risiko von Stoffverbrennungen und erm\u00f6glicht die Verwendung von Haushalts-Hei\u00dfluftger\u00e4ten. Zwischen den Schichten kurz aufblitzen lassen (3\u20135 Sekunden bei 82\u201393 \u00b0C). Erzielen Sie schneller konsistente Ergebnisse \u2013 ideal, wenn Zeit und Energieeffizienz wichtig sind.<\/p>\n<p><img decoding=\"async\" class=\"alignnone size-medium wp-image-3588\" src=\"https:\/\/shaliteink.com\/wp-content\/uploads\/2025\/08\/Plastisol-Ink-Magenta-1-228x300.jpeg\" alt=\"Plastisol-Tinte Magenta\" width=\"228\" height=\"300\" srcset=\"https:\/\/shaliteink.com\/wp-content\/uploads\/2025\/08\/Plastisol-Ink-Magenta-1-228x300.jpeg 228w, https:\/\/shaliteink.com\/wp-content\/uploads\/2025\/08\/Plastisol-Ink-Magenta-1-780x1024.jpeg 780w, https:\/\/shaliteink.com\/wp-content\/uploads\/2025\/08\/Plastisol-Ink-Magenta-1-768x1008.jpeg 768w, https:\/\/shaliteink.com\/wp-content\/uploads\/2025\/08\/Plastisol-Ink-Magenta-1-1170x1536.jpeg 1170w, https:\/\/shaliteink.com\/wp-content\/uploads\/2025\/08\/Plastisol-Ink-Magenta-1-1560x2048.jpeg 1560w, https:\/\/shaliteink.com\/wp-content\/uploads\/2025\/08\/Plastisol-Ink-Magenta-1-9x12.jpeg 9w, https:\/\/shaliteink.com\/wp-content\/uploads\/2025\/08\/Plastisol-Ink-Magenta-1-1200x1576.jpeg 1200w, https:\/\/shaliteink.com\/wp-content\/uploads\/2025\/08\/Plastisol-Ink-Magenta-1-150x197.jpeg 150w, https:\/\/shaliteink.com\/wp-content\/uploads\/2025\/08\/Plastisol-Ink-Magenta-1-scaled.jpeg 1950w\" sizes=\"(max-width: 228px) 100vw, 228px\" \/><\/p>","protected":false},"excerpt":{"rendered":"<p>Kaufen Sie PVC-freie Plastisol-Tinte Magenta \u2013 leuchtende, geruchsarme Siebdruckfarbe f\u00fcr Textilien. Aush\u00e4rtung bei niedriger Temperatur, DIY-freundlich, phthalatfreie Formel. Perfekt f\u00fcr T-Shirts, Heimwerken und Basteln.<\/p>","protected":false},"featured_media":3587,"comment_status":"open","ping_status":"closed","template":"","meta":[],"product_brand":[],"product_cat":[45],"product_tag":[],"class_list":{"0":"post-3009","1":"product","2":"type-product","3":"status-publish","4":"has-post-thumbnail","6":"product_cat-pvc-free-plastisol-ink","8":"first","9":"instock","10":"shipping-taxable","11":"purchasable","12":"product-type-variable"},"tiered_pricing_type":"fixed","tiered_pricing_fixed_rules":[],"tiered_pricing_product_settings":{"layout":"default","base_unit_name":{"singular":null,"plural":null},"default_variation":null},"tiered_pricing_minimum_quantity":null,"tiered_pricing_roles_data":[],"tiered_pricing_percentage_rules":[],"tiered_pricing_maximum_quantity":null,"tiered_pricing_quantity_step":null,"_links":{"self":[{"href":"https:\/\/shaliteink.com\/de\/wp-json\/wp\/v2\/product\/3009","targetHints":{"allow":["GET"]}}],"collection":[{"href":"https:\/\/shaliteink.com\/de\/wp-json\/wp\/v2\/product"}],"about":[{"href":"https:\/\/shaliteink.com\/de\/wp-json\/wp\/v2\/types\/product"}],"replies":[{"embeddable":true,"href":"https:\/\/shaliteink.com\/de\/wp-json\/wp\/v2\/comments?post=3009"}],"version-history":[{"count":0,"href":"https:\/\/shaliteink.com\/de\/wp-json\/wp\/v2\/product\/3009\/revisions"}],"wp:featuredmedia":[{"embeddable":true,"href":"https:\/\/shaliteink.com\/de\/wp-json\/wp\/v2\/media\/3587"}],"wp:attachment":[{"href":"https:\/\/shaliteink.com\/de\/wp-json\/wp\/v2\/media?parent=3009"}],"wp:term":[{"taxonomy":"product_brand","embeddable":true,"href":"https:\/\/shaliteink.com\/de\/wp-json\/wp\/v2\/product_brand?post=3009"},{"taxonomy":"product_cat","embeddable":true,"href":"https:\/\/shaliteink.com\/de\/wp-json\/wp\/v2\/product_cat?post=3009"},{"taxonomy":"product_tag","embeddable":true,"href":"https:\/\/shaliteink.com\/de\/wp-json\/wp\/v2\/product_tag?post=3009"}],"curies":[{"name":"wp","href":"https:\/\/api.w.org\/{rel}","templated":true}]}}