{"id":3004,"date":"2025-10-08T06:41:54","date_gmt":"2025-10-08T06:41:54","guid":{"rendered":"https:\/\/shaliteink.com\/?post_type=product&#038;p=3004"},"modified":"2025-12-10T11:31:01","modified_gmt":"2025-12-10T11:31:01","slug":"pvc-freie-plastisolfarbe-rosarot-handelsublich-langlebig","status":"publish","type":"product","link":"https:\/\/shaliteink.com\/de\/produkt\/pvc-freie-plastisolfarbe-rosarot-handelsublich-langlebig\/","title":{"rendered":"PVC-freie Plastisolfarbe Rosenrot \u2013 Sicher und langlebig einkaufen"},"content":{"rendered":"<p>Entdecken Sie die lebendige, umweltbewusste Welt. <strong><a href=\"https:\/\/shaliteink.com\/de\/produkt-kategorie\/pvc-freie-plastisolfarbe\/\"><span class=\"wrapper\">PVC-freie Plastisol-Tinte<\/span><\/a><\/strong> Rosenrot<span class=\"wrapper\">rauh <strong>Shalit<\/strong><strong>e<\/strong><strong>i<\/strong><\/span><strong>nk<\/strong>\u2014Ihr zuverl\u00e4ssiger Lieferant f\u00fcr Wunderbares<span class=\"wrapper\">Bildschirm p<\/span>Druckfarbe, die f\u00fcr Sicherheit, Langlebigkeit und eine hervorragende Gesamtleistung im Druckprozess entwickelt wurde.<span class=\"wrapper\">Mann. Als ein<\/span>Internationaler Marktf\u00fchrer mit \u00fcber zwanzig Jahren Produktionserfahrung, <strong><a href=\"https:\/\/shaliteink.com\/de\/\">Shaliteink<\/a><\/strong> bietet Ihnen direkt vom Hersteller bezogene Premium-Tinten, die speziell f\u00fcr die Anforderungen des Vertriebs entwickelt wurden.<span class=\"wrapper\">rbing d<\/span>W\u00fcnsche von Heimwerkern und Profis gleicherma\u00dfen<span class=\"wrapper\">Sitzung<\/span>al pri<span class=\"wrapper\">nters.<\/span><\/p>\n<p>Das <strong>PVC-freie Plastisolfarbe <\/strong>bietet ein au\u00dfergew\u00f6hnliches<span class=\"wrapper\">dinary r<\/span>ein zartes Rosa mit erstklassiger Deckkraft und Farbechtheit, wodurch es sich am besten eignet f\u00fcr<span class=\"wrapper\">r customi<\/span>Zing Bekleidung, Accessoires und Heimtextilien<span class=\"wrapper\">d\u00e9co<\/span>Diese Tinte wurde entwickelt, um ein weiches Tragegef\u00fchl und hervorragende Haftung auf Baumwolle, Polyester und Mischgewebe zu gew\u00e4hrleisten und eignet sich ideal f\u00fcr langlebige, farbenfrohe Drucke ohne Nachbearbeitung.<span class=\"wrapper\">er e<\/span>Umwelt- und Gesundheitsprobleme im Zusammenhang mit herk\u00f6mmlichen PVC-basierten Tinten.<\/p>\n<p><img decoding=\"async\" class=\"alignnone wp-image-3007\" src=\"https:\/\/shaliteink.com\/wp-content\/uploads\/2025\/08\/PVC-Free-Plastisol-Ink-Rose-Red-2-290x300.jpeg\" alt=\"PVC-freie Plastisolfarbe Rosenrot\" width=\"240\" height=\"248\" srcset=\"https:\/\/shaliteink.com\/wp-content\/uploads\/2025\/08\/PVC-Free-Plastisol-Ink-Rose-Red-2-290x300.jpeg 290w, https:\/\/shaliteink.com\/wp-content\/uploads\/2025\/08\/PVC-Free-Plastisol-Ink-Rose-Red-2-988x1024.jpeg 988w, https:\/\/shaliteink.com\/wp-content\/uploads\/2025\/08\/PVC-Free-Plastisol-Ink-Rose-Red-2-768x796.jpeg 768w, https:\/\/shaliteink.com\/wp-content\/uploads\/2025\/08\/PVC-Free-Plastisol-Ink-Rose-Red-2-1483x1536.jpeg 1483w, https:\/\/shaliteink.com\/wp-content\/uploads\/2025\/08\/PVC-Free-Plastisol-Ink-Rose-Red-2-1977x2048.jpeg 1977w, https:\/\/shaliteink.com\/wp-content\/uploads\/2025\/08\/PVC-Free-Plastisol-Ink-Rose-Red-2-12x12.jpeg 12w, https:\/\/shaliteink.com\/wp-content\/uploads\/2025\/08\/PVC-Free-Plastisol-Ink-Rose-Red-2-1200x1243.jpeg 1200w, https:\/\/shaliteink.com\/wp-content\/uploads\/2025\/08\/PVC-Free-Plastisol-Ink-Rose-Red-2-150x155.jpeg 150w\" sizes=\"(max-width: 240px) 100vw, 240px\" \/><\/p>\n<h1>Hauptmerkmale:<\/h1>\n<ul>\n<li>PVC-frei und umweltfreundlich: Diese Plastisolfarbe ist PVC-frei formuliert und reduziert so sch\u00e4dliche Stoffe. <span class=\"wrapper\">Emissionen und Unterst\u00fctzungen<\/span> sicherere Arbeitsumgebungen, die strenge Umweltstandards einhalten.<\/li>\n<li>Strahlendes Rosenrot: Sorgt f\u00fcr intensive, gleichm\u00e4\u00dfige Pigmentierung mit hoher Deckkraft f\u00fcr klare, auff\u00e4llige Designs.<\/li>\n<li>Langlebige und flexible Drucke: Best\u00e4ndig gegen Risse und Abbl\u00e4ttern auch nach mehrmaligem Waschen, wodurch die Druckqualit\u00e4t \u00fcber die Zeit erhalten bleibt.<\/li>\n<li>Benutzerfreundliche Anwendung: Die gleichm\u00e4\u00dfige Viskosit\u00e4t erm\u00f6glicht einfaches Siebdrucken mit hervorragender Siebtrennung, minimiert Verstopfungen und Schablonenverschlei\u00df.<\/li>\n<li>Geruchsarm und ungiftig: Sicher f\u00fcr die Anwendung in kleinen Studios, Schulen und im privaten Bereich, reduziert Beschwerden w\u00e4hrend der Anwendung.<\/li>\n<li>Kompatibel mit verschiedenen Stoffen: Ideal f\u00fcr 100% Baumwolle, Polyester und Mischgewebe, bietet vielseitige Druckm\u00f6glichkeiten.<\/li>\n<li>Standardh\u00e4rtung: Die empfohlene H\u00e4rtungstemperatur betr\u00e4gt 160 \u00b0C (320 \u00b0F) f\u00fcr 1-2 Minuten, um eine optimale Tintenhaftung und Haltbarkeit zu gew\u00e4hrleisten.<\/li>\n<li>Einfache Reinigung: Verwenden Sie spezielle Plastisol-Siebreiniger f\u00fcr eine problemlose Reinigung, verl\u00e4ngern Sie die Lebensdauer des Siebs und reduzieren Sie Ausfallzeiten.<\/li>\n<\/ul>\n<p>Ob Sie als Hobbybastler ein Set f\u00fcr kleine Mengen suchen oder als kleines Bekleidungslabel auf gleichbleibende Farbergebnisse angewiesen sind \u2013 unsere PVC-freie Plastisolfarbe in Rosenrot erf\u00fcllt vielf\u00e4ltige Produktionsanforderungen. Die hohe Farbbest\u00e4ndigkeit und die einfache Anwendung erm\u00f6glichen schnelles Prototyping und skalierbare Produktionsl\u00e4ufe und sorgen daf\u00fcr, dass Ihre Designs stets frisch und professionell aussehen.<\/p>\n<p><img decoding=\"async\" class=\"alignnone wp-image-3005\" src=\"https:\/\/shaliteink.com\/wp-content\/uploads\/2025\/08\/PVC-Free-Plastisol-Ink-Rose-Red-300x287.jpeg\" alt=\"PVC-freie Plastisolfarbe Rosenrot\" width=\"276\" height=\"264\" srcset=\"https:\/\/shaliteink.com\/wp-content\/uploads\/2025\/08\/PVC-Free-Plastisol-Ink-Rose-Red-300x287.jpeg 300w, https:\/\/shaliteink.com\/wp-content\/uploads\/2025\/08\/PVC-Free-Plastisol-Ink-Rose-Red-1024x978.jpeg 1024w, https:\/\/shaliteink.com\/wp-content\/uploads\/2025\/08\/PVC-Free-Plastisol-Ink-Rose-Red-768x734.jpeg 768w, https:\/\/shaliteink.com\/wp-content\/uploads\/2025\/08\/PVC-Free-Plastisol-Ink-Rose-Red-1536x1467.jpeg 1536w, https:\/\/shaliteink.com\/wp-content\/uploads\/2025\/08\/PVC-Free-Plastisol-Ink-Rose-Red-13x12.jpeg 13w, https:\/\/shaliteink.com\/wp-content\/uploads\/2025\/08\/PVC-Free-Plastisol-Ink-Rose-Red-1200x1146.jpeg 1200w, https:\/\/shaliteink.com\/wp-content\/uploads\/2025\/08\/PVC-Free-Plastisol-Ink-Rose-Red-150x143.jpeg 150w, https:\/\/shaliteink.com\/wp-content\/uploads\/2025\/08\/PVC-Free-Plastisol-Ink-Rose-Red.jpeg 1960w\" sizes=\"(max-width: 276px) 100vw, 276px\" \/><\/p>","protected":false},"excerpt":{"rendered":"<p>Gesch\u00e4ft <strong data-start=\"3256\" data-end=\"3291\">PVC-freie Plastisolfarbe Rosenrot<\/strong> F\u00fcr brillante, sichere und langlebige Ausdrucke. Perfekt. <strong data-start=\"3339\" data-end=\"3362\">Siebdruckfarbe<\/strong> mit geringem Geruch und einfacher Reinigung f\u00fcr Heimwerker und Profis.<\/p>","protected":false},"featured_media":3594,"comment_status":"open","ping_status":"closed","template":"","meta":[],"product_brand":[],"product_cat":[45],"product_tag":[],"class_list":{"0":"post-3004","1":"product","2":"type-product","3":"status-publish","4":"has-post-thumbnail","6":"product_cat-pvc-free-plastisol-ink","8":"first","9":"instock","10":"shipping-taxable","11":"purchasable","12":"product-type-variable"},"tiered_pricing_type":"fixed","tiered_pricing_fixed_rules":[],"tiered_pricing_product_settings":{"layout":"default","base_unit_name":{"singular":null,"plural":null},"default_variation":null},"tiered_pricing_minimum_quantity":null,"tiered_pricing_roles_data":[],"tiered_pricing_percentage_rules":[],"tiered_pricing_maximum_quantity":null,"tiered_pricing_quantity_step":null,"_links":{"self":[{"href":"https:\/\/shaliteink.com\/de\/wp-json\/wp\/v2\/product\/3004","targetHints":{"allow":["GET"]}}],"collection":[{"href":"https:\/\/shaliteink.com\/de\/wp-json\/wp\/v2\/product"}],"about":[{"href":"https:\/\/shaliteink.com\/de\/wp-json\/wp\/v2\/types\/product"}],"replies":[{"embeddable":true,"href":"https:\/\/shaliteink.com\/de\/wp-json\/wp\/v2\/comments?post=3004"}],"version-history":[{"count":0,"href":"https:\/\/shaliteink.com\/de\/wp-json\/wp\/v2\/product\/3004\/revisions"}],"wp:featuredmedia":[{"embeddable":true,"href":"https:\/\/shaliteink.com\/de\/wp-json\/wp\/v2\/media\/3594"}],"wp:attachment":[{"href":"https:\/\/shaliteink.com\/de\/wp-json\/wp\/v2\/media?parent=3004"}],"wp:term":[{"taxonomy":"product_brand","embeddable":true,"href":"https:\/\/shaliteink.com\/de\/wp-json\/wp\/v2\/product_brand?post=3004"},{"taxonomy":"product_cat","embeddable":true,"href":"https:\/\/shaliteink.com\/de\/wp-json\/wp\/v2\/product_cat?post=3004"},{"taxonomy":"product_tag","embeddable":true,"href":"https:\/\/shaliteink.com\/de\/wp-json\/wp\/v2\/product_tag?post=3004"}],"curies":[{"name":"wp","href":"https:\/\/api.w.org\/{rel}","templated":true}]}}