{"id":2998,"date":"2025-10-08T06:37:33","date_gmt":"2025-10-08T06:37:33","guid":{"rendered":"https:\/\/shaliteink.com\/?post_type=product&#038;p=2998"},"modified":"2025-12-10T11:31:18","modified_gmt":"2025-12-10T11:31:18","slug":"pvc-freie-rote-plastisolfarbe-umweltfreundlicher-siebdruck","status":"publish","type":"product","link":"https:\/\/shaliteink.com\/de\/produkt\/pvc-freie-rote-plastisolfarbe-umweltfreundlicher-siebdruck\/","title":{"rendered":"PVC-freie Plastisolfarbe Rot \u2013 Umweltfreundlicher Siebdruck"},"content":{"rendered":"<p>Erwecken Sie Ihre Designs zum Leben mit unserem <strong><a href=\"https:\/\/shaliteink.com\/de\/produkt-kategorie\/pvc-freie-plastisolfarbe\/\">PVC-freie Plastisol-Tinte<\/a><\/strong>, Diese umweltfreundliche Siebdruckfarbe bietet die M\u00f6glichkeit f\u00fcr anspruchsvolle und langlebige Drucke. Sie eignet sich ideal f\u00fcr Hobbybastler, kleine Bekleidungshersteller, Schulen und Anbieter von Event-Merchandise und verspricht au\u00dfergew\u00f6hnliche Deckkraft und einfaches Drucken auf Baumwolle, Polyester, Mischgeweben und verschiedenen anderen Stoffen.<\/p>\n<h1>Warum sollten Sie sich f\u00fcr unsere PVC-freie rote Plastisolfarbe entscheiden?<\/h1>\n<p>Diese ungiftige Siebdruckfarbe, die ohne gef\u00e4hrliches PVC und Phthalate hergestellt wird, garantiert eine sichere Anwendung in Studios, Klassenzimmern und Heimwerkst\u00e4tten. Ihre hohe Pigmentkonzentration erzeugt intensive, leuchtende Rott\u00f6ne mit gleichm\u00e4\u00dfiger Deckkraft, selbst auf dunklen Textilien. Die cremige Textur sorgt f\u00fcr hervorragende Stabilit\u00e4t des Siebs, reduziert Verstopfungen und optimiert den Arbeitsablauf.<\/p>\n<p><img decoding=\"async\" class=\"alignnone size-medium wp-image-3592\" src=\"https:\/\/shaliteink.com\/wp-content\/uploads\/2025\/08\/PVC-Free-Plastisol-Ink-Red-4-300x295.jpeg\" alt=\"PVC-freie Plastisolfarbe Rot\" width=\"300\" height=\"295\" srcset=\"https:\/\/shaliteink.com\/wp-content\/uploads\/2025\/08\/PVC-Free-Plastisol-Ink-Red-4-300x295.jpeg 300w, https:\/\/shaliteink.com\/wp-content\/uploads\/2025\/08\/PVC-Free-Plastisol-Ink-Red-4-1024x1006.jpeg 1024w, https:\/\/shaliteink.com\/wp-content\/uploads\/2025\/08\/PVC-Free-Plastisol-Ink-Red-4-768x755.jpeg 768w, https:\/\/shaliteink.com\/wp-content\/uploads\/2025\/08\/PVC-Free-Plastisol-Ink-Red-4-1536x1510.jpeg 1536w, https:\/\/shaliteink.com\/wp-content\/uploads\/2025\/08\/PVC-Free-Plastisol-Ink-Red-4-2048x2013.jpeg 2048w, https:\/\/shaliteink.com\/wp-content\/uploads\/2025\/08\/PVC-Free-Plastisol-Ink-Red-4-12x12.jpeg 12w, https:\/\/shaliteink.com\/wp-content\/uploads\/2025\/08\/PVC-Free-Plastisol-Ink-Red-4-1200x1179.jpeg 1200w, https:\/\/shaliteink.com\/wp-content\/uploads\/2025\/08\/PVC-Free-Plastisol-Ink-Red-4-150x147.jpeg 150w\" sizes=\"(max-width: 300px) 100vw, 300px\" \/><\/p>\n<h1>Hauptmerkmale:<\/h1>\n<ul>\n<li>PVC-freie Plastisolfarbe \u2013 sicher f\u00fcr Profis und Anf\u00e4nger.<\/li>\n<li>Leuchtender Purpurrotton \u2013 Methode mit hoher Deckkraft f\u00fcr anspruchsvolle Drucke auf hellen oder dunklen Stoffen.<\/li>\n<li>Gleichm\u00e4\u00dfiges Druckergebnis \u2013 perfekt f\u00fcr feine Details und gleichm\u00e4\u00dfige F\u00fcllungen.<\/li>\n<li>Weiches Griffgef\u00fchl \u2013 die Drucke bleiben auch nach dem Aush\u00e4rten flexibel und angenehm.<\/li>\n<li>Umweltbewusste Komponenten \u2013 konform mit den OEKO-TEX\u00ae- und REACH-Anforderungen.<\/li>\n<li>Vielseitig einsetzbar \u2013 ideal f\u00fcr T-Shirts, Tragetaschen, Kapuzenpullover, Heimtextilien und Werbeartikel.<\/li>\n<\/ul>\n<h1>Aush\u00e4rtungshinweise:<\/h1>\n<ul>\n<li>Unsere PVC-freie Plastisolfarbe ist f\u00fcr die Aush\u00e4rtung bei niedrigen Temperaturen konzipiert und tr\u00e4gt dazu bei, Farbstoffmigration und das Versengen des Gewebes zu verhindern.<\/li>\n<li>Standardh\u00e4rtung: 138 \u00b0C bis 160 \u00b0C (280 \u00b0F bis 320 \u00b0F) f\u00fcr 45 bis 60 Sekunden.<\/li>\n<li>Kompatibel mit Bandtrocknern, Blitztrocknern oder sogar mit Heim-W\u00e4rmepistolen oder -Trocknern f\u00fcr den Heimwerkergebrauch.<\/li>\n<li>\u00dcberpr\u00fcfen Sie stets die Behandlungstemperatur und -zeit in Ihrer genauen Konfiguration.<\/li>\n<\/ul>\n<p><strong><a href=\"https:\/\/shaliteink.com\/de\/\">Shaliteink<\/a> PVC-freie Plastisol-Tinte<\/strong>\u00a0Vereint professionelle Leistung mit umweltbewusster Sicherheit und liefert Ihnen brillante, langlebige und sorgenfreie Drucke. Bestellen Sie noch heute und legen Sie unbesorgt los.<\/p>\n<p><img decoding=\"async\" class=\"alignnone wp-image-2999\" src=\"https:\/\/shaliteink.com\/wp-content\/uploads\/2025\/08\/PVC-Free-Plastisol-Ink-Red-273x300.jpeg\" alt=\"PVC-freie Plastisolfarbe Rot\" width=\"247\" height=\"271\" srcset=\"https:\/\/shaliteink.com\/wp-content\/uploads\/2025\/08\/PVC-Free-Plastisol-Ink-Red-273x300.jpeg 273w, https:\/\/shaliteink.com\/wp-content\/uploads\/2025\/08\/PVC-Free-Plastisol-Ink-Red-930x1024.jpeg 930w, https:\/\/shaliteink.com\/wp-content\/uploads\/2025\/08\/PVC-Free-Plastisol-Ink-Red-768x845.jpeg 768w, https:\/\/shaliteink.com\/wp-content\/uploads\/2025\/08\/PVC-Free-Plastisol-Ink-Red-1395x1536.jpeg 1395w, https:\/\/shaliteink.com\/wp-content\/uploads\/2025\/08\/PVC-Free-Plastisol-Ink-Red-11x12.jpeg 11w, https:\/\/shaliteink.com\/wp-content\/uploads\/2025\/08\/PVC-Free-Plastisol-Ink-Red-1200x1321.jpeg 1200w, https:\/\/shaliteink.com\/wp-content\/uploads\/2025\/08\/PVC-Free-Plastisol-Ink-Red-150x165.jpeg 150w, https:\/\/shaliteink.com\/wp-content\/uploads\/2025\/08\/PVC-Free-Plastisol-Ink-Red.jpeg 1588w\" sizes=\"(max-width: 247px) 100vw, 247px\" \/><\/p>","protected":false},"excerpt":{"rendered":"<p>Entdecken Sie unsere PVC-freie, rote Plastisolfarbe \u2013 leuchtende, ungiftige Siebdruckfarbe f\u00fcr ausdrucksstarke Drucke. Sicher, umweltfreundlich und schnellh\u00e4rtend. Ideal f\u00fcr Heimwerker- und Profiprojekte.<\/p>","protected":false},"featured_media":3591,"comment_status":"open","ping_status":"closed","template":"","meta":[],"product_brand":[],"product_cat":[45],"product_tag":[],"class_list":{"0":"post-2998","1":"product","2":"type-product","3":"status-publish","4":"has-post-thumbnail","6":"product_cat-pvc-free-plastisol-ink","8":"first","9":"instock","10":"shipping-taxable","11":"purchasable","12":"product-type-variable"},"tiered_pricing_type":"fixed","tiered_pricing_fixed_rules":[],"tiered_pricing_product_settings":{"layout":"default","base_unit_name":{"singular":null,"plural":null},"default_variation":null},"tiered_pricing_minimum_quantity":null,"tiered_pricing_roles_data":[],"tiered_pricing_percentage_rules":[],"tiered_pricing_maximum_quantity":null,"tiered_pricing_quantity_step":null,"_links":{"self":[{"href":"https:\/\/shaliteink.com\/de\/wp-json\/wp\/v2\/product\/2998","targetHints":{"allow":["GET"]}}],"collection":[{"href":"https:\/\/shaliteink.com\/de\/wp-json\/wp\/v2\/product"}],"about":[{"href":"https:\/\/shaliteink.com\/de\/wp-json\/wp\/v2\/types\/product"}],"replies":[{"embeddable":true,"href":"https:\/\/shaliteink.com\/de\/wp-json\/wp\/v2\/comments?post=2998"}],"version-history":[{"count":0,"href":"https:\/\/shaliteink.com\/de\/wp-json\/wp\/v2\/product\/2998\/revisions"}],"wp:featuredmedia":[{"embeddable":true,"href":"https:\/\/shaliteink.com\/de\/wp-json\/wp\/v2\/media\/3591"}],"wp:attachment":[{"href":"https:\/\/shaliteink.com\/de\/wp-json\/wp\/v2\/media?parent=2998"}],"wp:term":[{"taxonomy":"product_brand","embeddable":true,"href":"https:\/\/shaliteink.com\/de\/wp-json\/wp\/v2\/product_brand?post=2998"},{"taxonomy":"product_cat","embeddable":true,"href":"https:\/\/shaliteink.com\/de\/wp-json\/wp\/v2\/product_cat?post=2998"},{"taxonomy":"product_tag","embeddable":true,"href":"https:\/\/shaliteink.com\/de\/wp-json\/wp\/v2\/product_tag?post=2998"}],"curies":[{"name":"wp","href":"https:\/\/api.w.org\/{rel}","templated":true}]}}