{"id":2986,"date":"2025-10-08T06:57:37","date_gmt":"2025-10-08T06:57:37","guid":{"rendered":"https:\/\/shaliteink.com\/?post_type=product&#038;p=2986"},"modified":"2025-12-10T11:26:58","modified_gmt":"2025-12-10T11:26:58","slug":"pvc-freie-plastisolfarbe-orange-gelb-online-bestellen","status":"publish","type":"product","link":"https:\/\/shaliteink.com\/de\/produkt\/pvc-freie-plastisolfarbe-orange-gelb-online-bestellen\/","title":{"rendered":"PVC-freie Plastisol-Tinte Orange Gelb | Online bestellen"},"content":{"rendered":"<p>Erwecken Sie Ihre Designs zum Leben mit unserem <strong><a href=\"https:\/\/shaliteink.com\/de\/produkt-kategorie\/pvc-freie-plastisolfarbe\/\"><span class=\"wrapper\">PVC-freie Plastisol-Tinte<\/span><\/a><\/strong> in leuchtenden <span class=\"wrapper\">Orange Gelb,<\/span> am besten geeignet f\u00fcr kr\u00e4ftige, ansprechende Drucke auf <span class=\"wrapper\">T-Shirts,<\/span> Tragetaschen, Hoodies und mehr. Diese umweltbewusste Formel bietet Ihnen Expertenqualit\u00e4t. <span class=\"wrapper\">Konsequenzen<\/span> Ohne PVC, wodurch es sicherer f\u00fcr Sie, Ihre Kunden und die Umwelt ist. Egal, ob Sie Hobbybastler, Etsy-Verk\u00e4ufer, Dozent oder Dozent sind. <span class=\"wrapper\">ein Gewand<\/span> Das Logo erh\u00e4lt durch diese Tinte eine farbenfrohe <span class=\"wrapper\">Schatten,<\/span> einfach <span class=\"wrapper\">Dienstprogramm,<\/span> und zuverl\u00e4ssige Leistung.<\/p>\n<p><img decoding=\"async\" class=\"alignnone size-medium wp-image-3595\" src=\"https:\/\/shaliteink.com\/wp-content\/uploads\/2025\/08\/PVC-Free-Plastisol-Ink-Orange-Yellow-3-245x300.jpeg\" alt=\"PVC-freie Plastisolfarbe Orange Gelb\" width=\"245\" height=\"300\" srcset=\"https:\/\/shaliteink.com\/wp-content\/uploads\/2025\/08\/PVC-Free-Plastisol-Ink-Orange-Yellow-3-245x300.jpeg 245w, https:\/\/shaliteink.com\/wp-content\/uploads\/2025\/08\/PVC-Free-Plastisol-Ink-Orange-Yellow-3-837x1024.jpeg 837w, https:\/\/shaliteink.com\/wp-content\/uploads\/2025\/08\/PVC-Free-Plastisol-Ink-Orange-Yellow-3-768x940.jpeg 768w, https:\/\/shaliteink.com\/wp-content\/uploads\/2025\/08\/PVC-Free-Plastisol-Ink-Orange-Yellow-3-1256x1536.jpeg 1256w, https:\/\/shaliteink.com\/wp-content\/uploads\/2025\/08\/PVC-Free-Plastisol-Ink-Orange-Yellow-3-1674x2048.jpeg 1674w, https:\/\/shaliteink.com\/wp-content\/uploads\/2025\/08\/PVC-Free-Plastisol-Ink-Orange-Yellow-3-10x12.jpeg 10w, https:\/\/shaliteink.com\/wp-content\/uploads\/2025\/08\/PVC-Free-Plastisol-Ink-Orange-Yellow-3-1200x1468.jpeg 1200w, https:\/\/shaliteink.com\/wp-content\/uploads\/2025\/08\/PVC-Free-Plastisol-Ink-Orange-Yellow-3-150x184.jpeg 150w\" sizes=\"(max-width: 245px) 100vw, 245px\" \/><\/p>\n<h1>Hauptmerkmale:<\/h1>\n<ul>\n<li>Heller, undurchsichtiger Orange-Gelb-Ton<\/li>\n<li>Umweltfreundliche, PVC-freie Plastisol-Tintenformulierung<\/li>\n<li>Kompatibel mit Baumwolle, Polyester und Mischgeweben<\/li>\n<li>Gleichm\u00e4\u00dfiger Tintenfluss f\u00fcr feine Details und kr\u00e4ftige Deckkraft<\/li>\n<li>Ungiftig, geruchsarm \u2013 ideal f\u00fcr Zuhause und Schule<\/li>\n<li>Gleichbleibende Farbe von Charge zu Charge f\u00fcr professionelle Ergebnisse<\/li>\n<li>Funktioniert mit Standard-Sieben und Emulsionstypen<\/li>\n<li>Strapazierf\u00e4hige, waschbest\u00e4ndige Oberfl\u00e4che nach ordnungsgem\u00e4\u00dfer Aush\u00e4rtung<\/li>\n<\/ul>\n<h1>Aush\u00e4rtungshinweise:<\/h1>\n<p>Diese Siebdruckfarbe h\u00e4rtet bei einer Standardtemperatur von 149 \u00b0C (300 \u00b0F) aus. Sie ist f\u00fcr die Aush\u00e4rtung bei niedrigen Temperaturen optimiert, wenn sie mit einem Hei\u00dflufttrockner oder einer Haushalts-Hei\u00dfluftpistole verwendet wird, und bietet somit Flexibilit\u00e4t f\u00fcr Heimdrucker und den Einsatz in Schulen. Achten Sie auf eine gleichm\u00e4\u00dfige W\u00e4rmeverteilung, um volle Haltbarkeit und Waschbest\u00e4ndigkeit zu gew\u00e4hrleisten.<\/p>\n<p><a href=\"https:\/\/shaliteink.com\/de\/produkt-kategorie\/pvc-freie-nb-siebdruckfarbe\/\"><strong>Bestellen Sie noch heute online.<\/strong><\/a> und erleben Sie <strong>Unterschied<\/strong> von Premiumqualit\u00e4t <strong><a href=\"https:\/\/shaliteink.com\/de\/\">Online-Shop f\u00fcr PVC-freie Plastisolfarbe<\/a><\/strong> von einem vertrauensw\u00fcrdigen <strong>Siebdruckfarbe<\/strong> Anbieter.<\/p>\n<p><img decoding=\"async\" class=\"alignnone size-medium wp-image-2989\" src=\"https:\/\/shaliteink.com\/wp-content\/uploads\/2025\/08\/PVC-Free-Plastisol-Ink-Orange-Yellow-2-300x269.jpeg\" alt=\"PVC-freie Plastisolfarbe Orange Gelb\" width=\"300\" height=\"269\" srcset=\"https:\/\/shaliteink.com\/wp-content\/uploads\/2025\/08\/PVC-Free-Plastisol-Ink-Orange-Yellow-2-300x269.jpeg 300w, https:\/\/shaliteink.com\/wp-content\/uploads\/2025\/08\/PVC-Free-Plastisol-Ink-Orange-Yellow-2-1024x918.jpeg 1024w, https:\/\/shaliteink.com\/wp-content\/uploads\/2025\/08\/PVC-Free-Plastisol-Ink-Orange-Yellow-2-768x688.jpeg 768w, https:\/\/shaliteink.com\/wp-content\/uploads\/2025\/08\/PVC-Free-Plastisol-Ink-Orange-Yellow-2-1536x1376.jpeg 1536w, https:\/\/shaliteink.com\/wp-content\/uploads\/2025\/08\/PVC-Free-Plastisol-Ink-Orange-Yellow-2-2048x1835.jpeg 2048w, https:\/\/shaliteink.com\/wp-content\/uploads\/2025\/08\/PVC-Free-Plastisol-Ink-Orange-Yellow-2-13x12.jpeg 13w, https:\/\/shaliteink.com\/wp-content\/uploads\/2025\/08\/PVC-Free-Plastisol-Ink-Orange-Yellow-2-1200x1075.jpeg 1200w, https:\/\/shaliteink.com\/wp-content\/uploads\/2025\/08\/PVC-Free-Plastisol-Ink-Orange-Yellow-2-150x134.jpeg 150w\" sizes=\"(max-width: 300px) 100vw, 300px\" \/><\/p>","protected":false},"excerpt":{"rendered":"<p><strong>Kaufen Sie PVC-freie Plastisol-Tinte Orange Gelb<\/strong> \u2013 umweltfreundlich <strong>Siebdruckfarbe<\/strong> mit leuchtenden Farben, einfacher Aush\u00e4rtung und perfekt f\u00fcr Heimwerker, Schulen und kleine Bekleidungsmarken.<\/p>","protected":false},"featured_media":2987,"comment_status":"open","ping_status":"closed","template":"","meta":[],"product_brand":[],"product_cat":[45],"product_tag":[],"class_list":{"0":"post-2986","1":"product","2":"type-product","3":"status-publish","4":"has-post-thumbnail","6":"product_cat-pvc-free-plastisol-ink","8":"first","9":"instock","10":"shipping-taxable","11":"purchasable","12":"product-type-variable"},"tiered_pricing_type":"fixed","tiered_pricing_fixed_rules":[],"tiered_pricing_product_settings":{"layout":"default","base_unit_name":{"singular":null,"plural":null},"default_variation":null},"tiered_pricing_minimum_quantity":null,"tiered_pricing_roles_data":[],"tiered_pricing_percentage_rules":[],"tiered_pricing_maximum_quantity":null,"tiered_pricing_quantity_step":null,"_links":{"self":[{"href":"https:\/\/shaliteink.com\/de\/wp-json\/wp\/v2\/product\/2986","targetHints":{"allow":["GET"]}}],"collection":[{"href":"https:\/\/shaliteink.com\/de\/wp-json\/wp\/v2\/product"}],"about":[{"href":"https:\/\/shaliteink.com\/de\/wp-json\/wp\/v2\/types\/product"}],"replies":[{"embeddable":true,"href":"https:\/\/shaliteink.com\/de\/wp-json\/wp\/v2\/comments?post=2986"}],"version-history":[{"count":0,"href":"https:\/\/shaliteink.com\/de\/wp-json\/wp\/v2\/product\/2986\/revisions"}],"wp:featuredmedia":[{"embeddable":true,"href":"https:\/\/shaliteink.com\/de\/wp-json\/wp\/v2\/media\/2987"}],"wp:attachment":[{"href":"https:\/\/shaliteink.com\/de\/wp-json\/wp\/v2\/media?parent=2986"}],"wp:term":[{"taxonomy":"product_brand","embeddable":true,"href":"https:\/\/shaliteink.com\/de\/wp-json\/wp\/v2\/product_brand?post=2986"},{"taxonomy":"product_cat","embeddable":true,"href":"https:\/\/shaliteink.com\/de\/wp-json\/wp\/v2\/product_cat?post=2986"},{"taxonomy":"product_tag","embeddable":true,"href":"https:\/\/shaliteink.com\/de\/wp-json\/wp\/v2\/product_tag?post=2986"}],"curies":[{"name":"wp","href":"https:\/\/api.w.org\/{rel}","templated":true}]}}