{"id":2979,"date":"2025-10-08T06:50:31","date_gmt":"2025-10-08T06:50:31","guid":{"rendered":"https:\/\/shaliteink.com\/?post_type=product&#038;p=2979"},"modified":"2025-12-10T11:30:49","modified_gmt":"2025-12-10T11:30:49","slug":"kaufen-sie-pvc-freie-plastisolfarbe-orangefarbene-sichere-textildruckfarbe","status":"publish","type":"product","link":"https:\/\/shaliteink.com\/de\/produkt\/kaufen-sie-pvc-freie-plastisolfarbe-orangefarbene-sichere-textildruckfarbe\/","title":{"rendered":"PVC-freie Plastisol-Tinte Orange kaufen \u2013 Sicherer Textildruck"},"content":{"rendered":"<p>Entdecken Sie die perfekte Kombination aus Gesamtleistung und Schutz mit unserem <strong><a href=\"https:\/\/shaliteink.com\/de\/produkt-kategorie\/pvc-freie-plastisolfarbe\/\">PVC-freie Plastisolfarbe<\/a> <\/strong>Orange, ein Premium-Display <a href=\"https:\/\/shaliteink.com\/de\/screen-printing-ink\/\"><strong>Siebdruckfarbe<\/strong><\/a> Diese phthalatfreie, bei niedrigen Temperaturen h\u00e4rtende Tinte wurde speziell f\u00fcr innovative Kreative und kleine Ateliers entwickelt. Sie erm\u00f6glicht farbenfrohe, orangefarbene Drucke mit hoher Deckkraft, angenehmer Haptik und hervorragender Waschechtheit.<\/p>\n<p>Warum unser <strong>PVC-freie Plastisolfarbe<\/strong> Orange ist genau das Richtige f\u00fcr dich<br \/>\nUnsere orangefarbene Tinte ist frei von PVC und Phthalaten und eignet sich daher ideal f\u00fcr Heimwerker, Schulen, Maker Spaces und Indie-Modelabels. Sie trocknet bei niedriger Temperatur (ca. 132 \u00b0C) und ist somit mit handels\u00fcblichen Hei\u00dfluftpistolen oder kleinen tragbaren Trocknern kompatibel. Das spart Energie. Sicherer, sauberer und effizienter f\u00fcr den individuellen Kleinseriendruck.<\/p>\n<p><img decoding=\"async\" class=\"alignnone size-medium wp-image-3598\" src=\"https:\/\/shaliteink.com\/wp-content\/uploads\/2025\/08\/PVC-Free-Plastisol-Ink-Orange-4-287x300.jpeg\" alt=\"PVC-freie Plastisolfarbe Orange\" width=\"287\" height=\"300\" srcset=\"https:\/\/shaliteink.com\/wp-content\/uploads\/2025\/08\/PVC-Free-Plastisol-Ink-Orange-4-287x300.jpeg 287w, https:\/\/shaliteink.com\/wp-content\/uploads\/2025\/08\/PVC-Free-Plastisol-Ink-Orange-4-979x1024.jpeg 979w, https:\/\/shaliteink.com\/wp-content\/uploads\/2025\/08\/PVC-Free-Plastisol-Ink-Orange-4-768x804.jpeg 768w, https:\/\/shaliteink.com\/wp-content\/uploads\/2025\/08\/PVC-Free-Plastisol-Ink-Orange-4-1468x1536.jpeg 1468w, https:\/\/shaliteink.com\/wp-content\/uploads\/2025\/08\/PVC-Free-Plastisol-Ink-Orange-4-11x12.jpeg 11w, https:\/\/shaliteink.com\/wp-content\/uploads\/2025\/08\/PVC-Free-Plastisol-Ink-Orange-4-1200x1256.jpeg 1200w, https:\/\/shaliteink.com\/wp-content\/uploads\/2025\/08\/PVC-Free-Plastisol-Ink-Orange-4-150x157.jpeg 150w, https:\/\/shaliteink.com\/wp-content\/uploads\/2025\/08\/PVC-Free-Plastisol-Ink-Orange-4.jpeg 1636w\" sizes=\"(max-width: 287px) 100vw, 287px\" \/><\/p>\n<h1>Merkmale und Vorteile:<\/h1>\n<p><strong>Sicherheit &amp; Leistung:<\/strong><\/p>\n<ul>\n<li><a href=\"https:\/\/shaliteink.com\/de\/\"><strong>Shaliteink PVC-freie Plastisoltinte<\/strong><\/a> Zertifiziert phthalatfrei f\u00fcr umweltfreundliche Anwendung \u2013 perfekt f\u00fcr Kreative mit Kindern, Haustieren oder einem \u00f6kologischen Designethos.<\/li>\n<li>Hochdeckendes orangefarbenes Pigment sorgt f\u00fcr kr\u00e4ftige, lebendige Farben, selbst auf dunklen oder farbigen Stoffen. Basierend auf den Eigenschaften von Rapid Cure: phthalatfrei, hohe Deckkraft.<\/li>\n<li>Weiche Handabdr\u00fccke, die hochwertige Plastisol-Produkte wie Sollyd\u2122 und Rapid Cure imitieren<\/li>\n<\/ul>\n<p><strong>Druckkomfort &amp; Arbeitsablauf:<\/strong><\/p>\n<ul>\n<li>Die cremige, kurzviskose Tintenformel flie\u00dft leicht unter dem Rakel \u2013 ideal f\u00fcr manuelle und kleine Druckmaschinen.<\/li>\n<li>Akzeptiert Nass-in-Nass-Techniken f\u00fcr mehrfarbige Effekte mit minimalen Belichtungszeiten.<\/li>\n<\/ul>\n<p><strong>Niedrigtemperaturh\u00e4rtung:<\/strong><\/p>\n<ul>\n<li>H\u00e4rtet bei ca. 132 \u00b0C (270 \u00b0F) aus \u2013 deutlich niedriger als die \u00fcblichen 160 \u00b0C (320 \u00b0F). Kompatibel mit handels\u00fcblichen Hei\u00dfluftpistolen, Trocknern oder Niedrigtemperatur\u00f6fen.<\/li>\n<li>Bei etwa 180\u2013200 \u00b0F f\u00fcr 3\u20135 Sekunden kurz aufblitzen lassen, dann bei 270 \u00b0F durch die Tintenschicht hindurch vollst\u00e4ndig aush\u00e4rten.<\/li>\n<\/ul>\n<p><strong>Reinigung &amp; Aufr\u00e4umen:<\/strong><\/p>\n<ul>\n<li>Da es sich um Plastisol handelt, trocknet die Farbe nicht im Sieb ein \u2013 einfach abwischen oder mit Plastisolreiniger waschen. Es sind keine speziellen L\u00f6sungsmittel oder langes Einweichen erforderlich.<\/li>\n<li>Geruchsarm und minimale R\u00fcckst\u00e4nde reduzieren Reinigungszeit und -kosten \u2013 ideal f\u00fcr kompakte DIY-Studios oder Schulumgebungen.<\/li>\n<\/ul>\n<p><img decoding=\"async\" class=\"alignnone size-medium wp-image-2983\" src=\"https:\/\/shaliteink.com\/wp-content\/uploads\/2025\/08\/PVC-Free-Plastisol-Ink-Orange-2-263x300.jpeg\" alt=\"PVC-freie Plastisolfarbe Orange\" width=\"263\" height=\"300\" srcset=\"https:\/\/shaliteink.com\/wp-content\/uploads\/2025\/08\/PVC-Free-Plastisol-Ink-Orange-2-263x300.jpeg 263w, https:\/\/shaliteink.com\/wp-content\/uploads\/2025\/08\/PVC-Free-Plastisol-Ink-Orange-2-898x1024.jpeg 898w, https:\/\/shaliteink.com\/wp-content\/uploads\/2025\/08\/PVC-Free-Plastisol-Ink-Orange-2-768x875.jpeg 768w, https:\/\/shaliteink.com\/wp-content\/uploads\/2025\/08\/PVC-Free-Plastisol-Ink-Orange-2-1348x1536.jpeg 1348w, https:\/\/shaliteink.com\/wp-content\/uploads\/2025\/08\/PVC-Free-Plastisol-Ink-Orange-2-11x12.jpeg 11w, https:\/\/shaliteink.com\/wp-content\/uploads\/2025\/08\/PVC-Free-Plastisol-Ink-Orange-2-1200x1368.jpeg 1200w, https:\/\/shaliteink.com\/wp-content\/uploads\/2025\/08\/PVC-Free-Plastisol-Ink-Orange-2-150x171.jpeg 150w, https:\/\/shaliteink.com\/wp-content\/uploads\/2025\/08\/PVC-Free-Plastisol-Ink-Orange-2.jpeg 1632w\" sizes=\"(max-width: 263px) 100vw, 263px\" \/><\/p>\n<p>&nbsp;<\/p>","protected":false},"excerpt":{"rendered":"<p>Sicher <strong data-start=\"5\" data-end=\"31\">PVC-freie Plastisol-Tinte<\/strong> Orange mit Niedertemperaturh\u00e4rtung, phthalatfrei, leuchtend und weich. Ideal <strong data-start=\"105\" data-end=\"128\">Siebdruckfarbe<\/strong> f\u00fcr Heimwerker und Heimstudio-Benutzer. Jetzt einkaufen!<\/p>","protected":false},"featured_media":3597,"comment_status":"open","ping_status":"closed","template":"","meta":[],"product_brand":[],"product_cat":[45],"product_tag":[],"class_list":{"0":"post-2979","1":"product","2":"type-product","3":"status-publish","4":"has-post-thumbnail","6":"product_cat-pvc-free-plastisol-ink","8":"first","9":"instock","10":"shipping-taxable","11":"purchasable","12":"product-type-variable"},"tiered_pricing_type":"fixed","tiered_pricing_fixed_rules":[],"tiered_pricing_product_settings":{"layout":"default","base_unit_name":{"singular":null,"plural":null},"default_variation":null},"tiered_pricing_minimum_quantity":null,"tiered_pricing_roles_data":[],"tiered_pricing_percentage_rules":[],"tiered_pricing_maximum_quantity":null,"tiered_pricing_quantity_step":null,"_links":{"self":[{"href":"https:\/\/shaliteink.com\/de\/wp-json\/wp\/v2\/product\/2979","targetHints":{"allow":["GET"]}}],"collection":[{"href":"https:\/\/shaliteink.com\/de\/wp-json\/wp\/v2\/product"}],"about":[{"href":"https:\/\/shaliteink.com\/de\/wp-json\/wp\/v2\/types\/product"}],"replies":[{"embeddable":true,"href":"https:\/\/shaliteink.com\/de\/wp-json\/wp\/v2\/comments?post=2979"}],"version-history":[{"count":0,"href":"https:\/\/shaliteink.com\/de\/wp-json\/wp\/v2\/product\/2979\/revisions"}],"wp:featuredmedia":[{"embeddable":true,"href":"https:\/\/shaliteink.com\/de\/wp-json\/wp\/v2\/media\/3597"}],"wp:attachment":[{"href":"https:\/\/shaliteink.com\/de\/wp-json\/wp\/v2\/media?parent=2979"}],"wp:term":[{"taxonomy":"product_brand","embeddable":true,"href":"https:\/\/shaliteink.com\/de\/wp-json\/wp\/v2\/product_brand?post=2979"},{"taxonomy":"product_cat","embeddable":true,"href":"https:\/\/shaliteink.com\/de\/wp-json\/wp\/v2\/product_cat?post=2979"},{"taxonomy":"product_tag","embeddable":true,"href":"https:\/\/shaliteink.com\/de\/wp-json\/wp\/v2\/product_tag?post=2979"}],"curies":[{"name":"wp","href":"https:\/\/api.w.org\/{rel}","templated":true}]}}