{"id":2969,"date":"2025-09-19T08:08:22","date_gmt":"2025-09-19T08:08:22","guid":{"rendered":"https:\/\/shaliteink.com\/?post_type=product&#038;p=2969"},"modified":"2025-12-10T11:25:06","modified_gmt":"2025-12-10T11:25:06","slug":"pvc-freie-plastisolfarbe-goldgelb","status":"publish","type":"product","link":"https:\/\/shaliteink.com\/de\/produkt\/pvc-freie-plastisolfarbe-goldgelb\/","title":{"rendered":"PVC-freie Plastisol-Tinte \u2013 Goldgelb | Siebdruckerei"},"content":{"rendered":"<p>Entdecken <strong><a href=\"https:\/\/shaliteink.com\/de\/produkt-kategorie\/pvc-freie-plastisolfarbe\/\">PVC-freie Plastisolfarbe<\/a><\/strong> Mit Goldgelb, einer leuchtenden Displaydruckfarbe, die speziell f\u00fcr umweltbewusste Kreative entwickelt wurde. Shaliteink bietet Ihnen zwei Jahrzehnte Produktionserfahrung auf einmal \u2013 direkt vom Hersteller, von internationalen Marken gesch\u00e4tzt und ma\u00dfgeschneidert f\u00fcr DIY-Bastler, Kunsthandwerksh\u00e4ndler, Maker Spaces, Indie-Modelabels, Eventplaner und Wohndeko-Fans.<\/p>\n<p>Ich versuche, einen zu finden <a href=\"https:\/\/shaliteink.com\/de\/\"><strong>Bestseller <\/strong><strong>PVC-freie Plastisolfarbe<\/strong><\/a>Diese goldgelbe Tinte bietet die Vorteile von Standard-Plastisol, jedoch ohne PVC oder Phthalate. Sie h\u00e4rtet bei ca. 132 \u00b0C aus, l\u00e4sst sich hervorragend mit Hei\u00dfluftpistolen oder g\u00fcnstigen Trocknern verarbeiten und ist ideal f\u00fcr kleine Studios. Inspiriert von Standards wie Rapid Treatment White Ink, liefert sie lebendige, hochdeckende und weiche Drucke mit geringem Durchbluten auf Polyestergemischen.<\/p>\n<p><img decoding=\"async\" class=\"alignnone size-medium wp-image-3600\" src=\"https:\/\/shaliteink.com\/wp-content\/uploads\/2025\/08\/PVC-Free-Plastisol-Ink-Orange-Yellow-4-245x300.jpeg\" alt=\"PVC-freie Plastisolfarbe \u2013 Goldgelb\" width=\"245\" height=\"300\" srcset=\"https:\/\/shaliteink.com\/wp-content\/uploads\/2025\/08\/PVC-Free-Plastisol-Ink-Orange-Yellow-4-245x300.jpeg 245w, https:\/\/shaliteink.com\/wp-content\/uploads\/2025\/08\/PVC-Free-Plastisol-Ink-Orange-Yellow-4-837x1024.jpeg 837w, https:\/\/shaliteink.com\/wp-content\/uploads\/2025\/08\/PVC-Free-Plastisol-Ink-Orange-Yellow-4-768x940.jpeg 768w, https:\/\/shaliteink.com\/wp-content\/uploads\/2025\/08\/PVC-Free-Plastisol-Ink-Orange-Yellow-4-1256x1536.jpeg 1256w, https:\/\/shaliteink.com\/wp-content\/uploads\/2025\/08\/PVC-Free-Plastisol-Ink-Orange-Yellow-4-1674x2048.jpeg 1674w, https:\/\/shaliteink.com\/wp-content\/uploads\/2025\/08\/PVC-Free-Plastisol-Ink-Orange-Yellow-4-10x12.jpeg 10w, https:\/\/shaliteink.com\/wp-content\/uploads\/2025\/08\/PVC-Free-Plastisol-Ink-Orange-Yellow-4-1200x1468.jpeg 1200w, https:\/\/shaliteink.com\/wp-content\/uploads\/2025\/08\/PVC-Free-Plastisol-Ink-Orange-Yellow-4-150x184.jpeg 150w\" sizes=\"(max-width: 245px) 100vw, 245px\" \/><\/p>\n<h1>Warum Goldgelb w\u00e4hlen?<\/h1>\n<ul>\n<li>Kr\u00e4ftige, leuchtende Deckkraft in Goldgelb, selbst auf dunklen Kleidungsst\u00fccken.<\/li>\n<li>Cremige, schnelltrocknende Konsistenz f\u00fcr reibungsloses Drucken und einfache Reinigung, die der einfachen Handhabung f\u00fchrender Tinten entspricht.<\/li>\n<li>Weiche Oberfl\u00e4che, die sich au\u00dfergew\u00f6hnlich anf\u00fchlt und steife Plastisoltexturen vermeidet.<\/li>\n<li>Phthalatfreies, PVC-freies System, das umweltvertr\u00e4gliche und gesundheitlich unbedenkliche Anforderungen erf\u00fcllt.<\/li>\n<li>Eine moderate Therapietemperatur, \u00e4hnlich wie bei niedrigschmelzenden Tinten (\u2248 270 \u00b0F), verringert die Gefahr des Verbrennens und erm\u00f6glicht die Kompatibilit\u00e4t mit Haushaltsger\u00e4ten.<\/li>\n<li>Perfekt f\u00fcr DIY-Bastler, die personalisierte T-Shirts herstellen, Etsy-\/Shopify-H\u00e4ndler, die regelm\u00e4\u00dfig kleine Mengen ben\u00f6tigen, Maker-Spaces, die sichere und einfache Tinte brauchen, und Indie-Bekleidungsmarken mit schnellen Anforderungen.<\/li>\n<li>Mitarbeiter im Bereich Umsatzsteigerung und Eventplaner, die unter Zeitdruck arbeiten \u2013 sie alle profitieren von dieser zuverl\u00e4ssigen goldgelben Tinte.<\/li>\n<\/ul>\n<p><img decoding=\"async\" class=\"alignnone size-medium wp-image-2975\" src=\"https:\/\/shaliteink.com\/wp-content\/uploads\/2025\/08\/PVC-Free-Plastisol-Ink-\u2013-Golden-Yellow-1-275x300.jpeg\" alt=\"PVC-freie Plastisolfarbe \u2013 Goldgelb\" width=\"275\" height=\"300\" srcset=\"https:\/\/shaliteink.com\/wp-content\/uploads\/2025\/08\/PVC-Free-Plastisol-Ink-\u2013-Golden-Yellow-1-275x300.jpeg 275w, https:\/\/shaliteink.com\/wp-content\/uploads\/2025\/08\/PVC-Free-Plastisol-Ink-\u2013-Golden-Yellow-1-937x1024.jpeg 937w, https:\/\/shaliteink.com\/wp-content\/uploads\/2025\/08\/PVC-Free-Plastisol-Ink-\u2013-Golden-Yellow-1-768x839.jpeg 768w, https:\/\/shaliteink.com\/wp-content\/uploads\/2025\/08\/PVC-Free-Plastisol-Ink-\u2013-Golden-Yellow-1-1406x1536.jpeg 1406w, https:\/\/shaliteink.com\/wp-content\/uploads\/2025\/08\/PVC-Free-Plastisol-Ink-\u2013-Golden-Yellow-1-11x12.jpeg 11w, https:\/\/shaliteink.com\/wp-content\/uploads\/2025\/08\/PVC-Free-Plastisol-Ink-\u2013-Golden-Yellow-1-1200x1311.jpeg 1200w, https:\/\/shaliteink.com\/wp-content\/uploads\/2025\/08\/PVC-Free-Plastisol-Ink-\u2013-Golden-Yellow-1-150x164.jpeg 150w, https:\/\/shaliteink.com\/wp-content\/uploads\/2025\/08\/PVC-Free-Plastisol-Ink-\u2013-Golden-Yellow-1.jpeg 1604w\" sizes=\"(max-width: 275px) 100vw, 275px\" \/><\/p>\n<h2 data-start=\"594\" data-end=\"609\">Hauptmerkmale<\/h2>\n<ul data-start=\"611\" data-end=\"946\">\n<li data-start=\"611\" data-end=\"652\">\n<p data-start=\"613\" data-end=\"652\"><span class=\"relative -mx-px my-[-0.2rem] rounded px-px py-[0.2rem] transition-colors duration-100 ease-in-out\"><strong data-start=\"0\" data-end=\"26\" data-is-only-node=\"\">PVC-freie Plastisol-Tinte<\/strong>: sicher und ungiftig<\/span><\/p>\n<\/li>\n<li data-start=\"653\" data-end=\"694\">\n<p data-start=\"655\" data-end=\"694\"><span class=\"relative -mx-px my-[-0.2rem] rounded px-px py-[0.2rem] transition-colors duration-100 ease-in-out\"><strong data-start=\"0\" data-end=\"37\" data-is-last-node=\"\" data-is-only-node=\"\">Hochdeckende goldgelbe Farbe<\/strong><\/span><\/p>\n<\/li>\n<li data-start=\"695\" data-end=\"736\">\n<p data-start=\"697\" data-end=\"736\"><span class=\"relative -mx-px my-[-0.2rem] rounded px-px py-[0.2rem] transition-colors duration-100 ease-in-out\"><strong data-start=\"0\" data-end=\"37\" data-is-last-node=\"\" data-is-only-node=\"\">Cremige, gut druckbare Konsistenz<\/strong><\/span><\/p>\n<\/li>\n<li data-start=\"737\" data-end=\"778\">\n<p data-start=\"739\" data-end=\"778\"><span class=\"relative -mx-px my-[-0.2rem] rounded px-px py-[0.2rem] transition-colors duration-100 ease-in-out\"><strong data-start=\"0\" data-end=\"34\" data-is-only-node=\"\">Niedrige Aush\u00e4rtungstemperatur (~270 \u00b0F)<\/strong> geeignet f\u00fcr die Aush\u00e4rtung zu Hause oder im Studio<\/span><\/p>\n<\/li>\n<li data-start=\"779\" data-end=\"820\">\n<p data-start=\"781\" data-end=\"820\"><span class=\"relative -mx-px my-[-0.2rem] rounded px-px py-[0.2rem] transition-colors duration-100 ease-in-out\"><strong data-start=\"0\" data-end=\"35\" data-is-last-node=\"\" data-is-only-node=\"\">Weiche, flexible Haptik<\/strong><\/span><\/p>\n<\/li>\n<li data-start=\"821\" data-end=\"862\">\n<p data-start=\"823\" data-end=\"862\"><span class=\"relative -mx-px my-[-0.2rem] rounded px-px py-[0.2rem] transition-colors duration-100 ease-in-out\"><strong data-start=\"0\" data-end=\"37\" data-is-last-node=\"\" data-is-only-node=\"\">Geringer Farbausbluten bei Polyester und Mischgewebe<\/strong><\/span><\/p>\n<\/li>\n<li data-start=\"863\" data-end=\"904\">\n<p data-start=\"865\" data-end=\"904\"><span class=\"relative -mx-px my-[-0.2rem] rounded px-px py-[0.2rem] transition-colors duration-100 ease-in-out\"><strong data-start=\"0\" data-end=\"37\" data-is-last-node=\"\" data-is-only-node=\"\">Kurze Blitzzeit, schnelle Produktion<\/strong><\/span><\/p>\n<\/li>\n<li data-start=\"905\" data-end=\"946\">\n<p data-start=\"907\" data-end=\"946\"><span class=\"relative -mx-px my-[-0.2rem] rounded px-px py-[0.2rem] transition-colors duration-100 ease-in-out\"><strong data-start=\"0\" data-end=\"35\" data-is-last-node=\"\" data-is-only-node=\"\">Phthalatfrei und umweltbewusst<\/strong><\/span><\/p>\n<\/li>\n<\/ul>","protected":false},"excerpt":{"rendered":"<p>Die PVC-freie Plastisolfarbe Goldgelb bietet kr\u00e4ftige, hochdeckende Siebdruckfarbe, die bei ca. 132 \u00b0C aush\u00e4rtet und sich dadurch weich anf\u00fchlt und kaum ausblutet. Jetzt kaufen.<\/p>","protected":false},"featured_media":2976,"comment_status":"open","ping_status":"closed","template":"","meta":[],"product_brand":[],"product_cat":[45],"product_tag":[],"class_list":{"0":"post-2969","1":"product","2":"type-product","3":"status-publish","4":"has-post-thumbnail","6":"product_cat-pvc-free-plastisol-ink","8":"first","9":"instock","10":"shipping-taxable","11":"purchasable","12":"product-type-variable"},"tiered_pricing_type":"fixed","tiered_pricing_fixed_rules":[],"tiered_pricing_product_settings":{"layout":"default","base_unit_name":{"singular":null,"plural":null},"default_variation":null},"tiered_pricing_minimum_quantity":null,"tiered_pricing_roles_data":[],"tiered_pricing_percentage_rules":[],"tiered_pricing_maximum_quantity":null,"tiered_pricing_quantity_step":null,"_links":{"self":[{"href":"https:\/\/shaliteink.com\/de\/wp-json\/wp\/v2\/product\/2969","targetHints":{"allow":["GET"]}}],"collection":[{"href":"https:\/\/shaliteink.com\/de\/wp-json\/wp\/v2\/product"}],"about":[{"href":"https:\/\/shaliteink.com\/de\/wp-json\/wp\/v2\/types\/product"}],"replies":[{"embeddable":true,"href":"https:\/\/shaliteink.com\/de\/wp-json\/wp\/v2\/comments?post=2969"}],"version-history":[{"count":0,"href":"https:\/\/shaliteink.com\/de\/wp-json\/wp\/v2\/product\/2969\/revisions"}],"wp:featuredmedia":[{"embeddable":true,"href":"https:\/\/shaliteink.com\/de\/wp-json\/wp\/v2\/media\/2976"}],"wp:attachment":[{"href":"https:\/\/shaliteink.com\/de\/wp-json\/wp\/v2\/media?parent=2969"}],"wp:term":[{"taxonomy":"product_brand","embeddable":true,"href":"https:\/\/shaliteink.com\/de\/wp-json\/wp\/v2\/product_brand?post=2969"},{"taxonomy":"product_cat","embeddable":true,"href":"https:\/\/shaliteink.com\/de\/wp-json\/wp\/v2\/product_cat?post=2969"},{"taxonomy":"product_tag","embeddable":true,"href":"https:\/\/shaliteink.com\/de\/wp-json\/wp\/v2\/product_tag?post=2969"}],"curies":[{"name":"wp","href":"https:\/\/api.w.org\/{rel}","templated":true}]}}