{"id":2801,"date":"2025-10-08T06:35:53","date_gmt":"2025-10-08T06:35:53","guid":{"rendered":"https:\/\/shaliteink.com\/?post_type=product&#038;p=2801"},"modified":"2025-12-10T11:32:08","modified_gmt":"2025-12-10T11:32:08","slug":"kaufen-sie-pvc-freie-plastisolfarbe-zitronengelb-weiche-handabdruckfarbe","status":"publish","type":"product","link":"https:\/\/shaliteink.com\/de\/produkt\/kaufen-sie-pvc-freie-plastisolfarbe-zitronengelb-weiche-handabdruckfarbe\/","title":{"rendered":"Kaufen Sie PVC-freie Plastisol-Tinte Zitronengelb \u2013 Weiche Handabdruck-Tinte"},"content":{"rendered":"<p><a href=\"https:\/\/shaliteink.com\/de\/\"><strong>Shaliteink<\/strong><\/a>\u00a0<strong><a href=\"https:\/\/shaliteink.com\/de\/produkt-kategorie\/pvc-freie-plastisolfarbe\/\">PVC-freie Plastisolfarbe<\/a><\/strong> In Zitronengelb bietet Ihnen diese Siebdruckfarbe die gleiche professionelle Qualit\u00e4t, auf die internationale Siebdruckereien vertrauen \u2013 jetzt in einer sanften, anf\u00e4ngerfreundlichen Variante. Die phthalatfreie und geruchsarme Formel wurde speziell f\u00fcr DIY-Bastler, unabh\u00e4ngige T-Shirt-Hersteller und Kreativstudios entwickelt und bietet brillante Farben, hohe Deckkraft und ein angenehmes Druckgef\u00fchl \u2013 perfekt zum Personalisieren von T-Shirts, Tragetaschen und Wohnaccessoires.<\/p>\n<p>Mit zwanzig Jahren Produktionserfahrung und Preisen direkt vom Hersteller bietet Shaliteink unschlagbare Preise. <strong>PVC-freie Plastisolfarbe<\/strong> Es wurde so entwickelt, dass es sich cremig und sauber verarbeiten l\u00e4sst \u2013 \u00e4hnlich wie beliebte Produkte wie Sollyd Barrier Black und Rapid Cure White, die bei niedrigen Temperaturen um 132 \u00b0C aush\u00e4rten \u2013 jedoch ohne PVC und Phthalate. Das Ergebnis sind sicherere, umweltfreundlichere Drucke und eine komfortable Handhabung, ideal f\u00fcr Heimwerker und Werkst\u00e4tten.<\/p>\n<p><img decoding=\"async\" class=\"alignnone size-medium wp-image-3602\" src=\"https:\/\/shaliteink.com\/wp-content\/uploads\/2025\/08\/PVC-Free-Plastisol-Ink-Lemon-Yellow-\u2013-300x232.jpeg\" alt=\" PVC-freie Plastisolfarbe Zitronengelb \u2013\" width=\"300\" height=\"232\" srcset=\"https:\/\/shaliteink.com\/wp-content\/uploads\/2025\/08\/PVC-Free-Plastisol-Ink-Lemon-Yellow-\u2013-300x232.jpeg 300w, https:\/\/shaliteink.com\/wp-content\/uploads\/2025\/08\/PVC-Free-Plastisol-Ink-Lemon-Yellow-\u2013-1024x791.jpeg 1024w, https:\/\/shaliteink.com\/wp-content\/uploads\/2025\/08\/PVC-Free-Plastisol-Ink-Lemon-Yellow-\u2013-768x593.jpeg 768w, https:\/\/shaliteink.com\/wp-content\/uploads\/2025\/08\/PVC-Free-Plastisol-Ink-Lemon-Yellow-\u2013-1536x1186.jpeg 1536w, https:\/\/shaliteink.com\/wp-content\/uploads\/2025\/08\/PVC-Free-Plastisol-Ink-Lemon-Yellow-\u2013-2048x1581.jpeg 2048w, https:\/\/shaliteink.com\/wp-content\/uploads\/2025\/08\/PVC-Free-Plastisol-Ink-Lemon-Yellow-\u2013-16x12.jpeg 16w, https:\/\/shaliteink.com\/wp-content\/uploads\/2025\/08\/PVC-Free-Plastisol-Ink-Lemon-Yellow-\u2013-1200x927.jpeg 1200w, https:\/\/shaliteink.com\/wp-content\/uploads\/2025\/08\/PVC-Free-Plastisol-Ink-Lemon-Yellow-\u2013-150x116.jpeg 150w\" sizes=\"(max-width: 300px) 100vw, 300px\" \/><\/p>\n<h1><span class=\"wrapper\">Hauptmerkmale:<\/span><\/h1>\n<ul>\n<li><span class=\"wrapper\">Fett, c<\/span>Farbiges Zitronengelb mit hoher Deckkraft und gleichm\u00e4\u00dfiger Deckkraft<span class=\"wrapper\">ge\u2014sogar auf dar<\/span>k fabrics.<\/li>\n<li>Weiche Siebdruckfarbe f\u00fcr Displays <span class=\"wrapper\">tut<\/span> sich nicht mehr so f\u00fchlen<span class=\"wrapper\">ff oder schwer<\/span> w\u00e4hrend der Ausheilung.<\/li>\n<li>Niedrige Behandlung, kurze f<span class=\"wrapper\">Wimpern<\/span>Zeit: <span class=\"wrapper\">Blitz bei ~18<\/span>0\u2013200 \u00b0F f\u00fcr einige Sekunden; vollst\u00e4ndige Behandlung bei ~270 \u00b0F g<span class=\"wrapper\">Garantien schnell<\/span>Durchsatz und Stromkosteneinsparungen<\/li>\n<li>Benutzerfreundliche Konsistenz: Die cremige, kurzlebige Textur erleichtert das Einf\u00fchren.<span class=\"wrapper\">ru screens eve<\/span>n in kleinem Haus <span class=\"wrapper\">Setups.<\/span><\/li>\n<li>Nicht-<span class=\"wrapper\">phth<\/span>alate, PVC-freie Rezeptur: sicherer f\u00fcr Bastler, P\u00e4dagogen und den h\u00e4uslichen Bereich.<\/li>\n<\/ul>\n<p><img decoding=\"async\" class=\"alignnone size-medium wp-image-2805\" src=\"https:\/\/shaliteink.com\/wp-content\/uploads\/2025\/07\/PVC-Free-Plastisol-Ink-Lemon-Yellow-1-270x300.jpeg\" alt=\"PVC-freie Plastisolfarbe Zitronengelb\" width=\"270\" height=\"300\" srcset=\"https:\/\/shaliteink.com\/wp-content\/uploads\/2025\/07\/PVC-Free-Plastisol-Ink-Lemon-Yellow-1-270x300.jpeg 270w, https:\/\/shaliteink.com\/wp-content\/uploads\/2025\/07\/PVC-Free-Plastisol-Ink-Lemon-Yellow-1-923x1024.jpeg 923w, https:\/\/shaliteink.com\/wp-content\/uploads\/2025\/07\/PVC-Free-Plastisol-Ink-Lemon-Yellow-1-768x852.jpeg 768w, https:\/\/shaliteink.com\/wp-content\/uploads\/2025\/07\/PVC-Free-Plastisol-Ink-Lemon-Yellow-1-1385x1536.jpeg 1385w, https:\/\/shaliteink.com\/wp-content\/uploads\/2025\/07\/PVC-Free-Plastisol-Ink-Lemon-Yellow-1-1846x2048.jpeg 1846w, https:\/\/shaliteink.com\/wp-content\/uploads\/2025\/07\/PVC-Free-Plastisol-Ink-Lemon-Yellow-1-11x12.jpeg 11w, https:\/\/shaliteink.com\/wp-content\/uploads\/2025\/07\/PVC-Free-Plastisol-Ink-Lemon-Yellow-1-1200x1331.jpeg 1200w, https:\/\/shaliteink.com\/wp-content\/uploads\/2025\/07\/PVC-Free-Plastisol-Ink-Lemon-Yellow-1-150x166.jpeg 150w\" sizes=\"(max-width: 270px) 100vw, 270px\" \/><\/p>\n<h1>Aush\u00e4rtungshinweise:<\/h1>\n<p>Bei etwa 82\u2013103 \u00b0C f\u00fcr drei bis f\u00fcnf Sekunden kurz antrocknen lassen und anschlie\u00dfend vollst\u00e4ndig aush\u00e4rten, sobald die Tintentemperatur f\u00fcr die gesamte Schicht 132 \u00b0C erreicht hat. Dadurch wird ein Ausbluten der Farbe verhindert, insbesondere bei Polyester oder Mischgeweben \u2013 eine Eigenschaft, die auch das ausblutungsarme Verfahren von Rapid Cure White bietet. Um die Waschbest\u00e4ndigkeit zu gew\u00e4hrleisten, einen Dehnungstest oder eine Kurzw\u00e4sche durchf\u00fchren: Der Druck sollte sich innerhalb von f\u00fcnf bis zehn W\u00e4schen biegen lassen, ohne zu rei\u00dfen oder auszubleichen.<\/p>","protected":false},"excerpt":{"rendered":"<p>Holen Sie sich ein leuchtendes Zitronengelb <strong data-start=\"2069\" data-end=\"2095\">PVC-freie Plastisol-Tinte<\/strong> mit weichem Griffgef\u00fchl. Dieses <strong data-start=\"2122\" data-end=\"2145\">Siebdruckfarbe<\/strong> h\u00e4rtet bei niedrigen Temperaturen (~132 \u00b0C) aus, ist einfach anzuwenden und ungiftig. Jetzt einkaufen!<\/p>","protected":false},"featured_media":2810,"comment_status":"open","ping_status":"closed","template":"","meta":[],"product_brand":[],"product_cat":[45],"product_tag":[],"class_list":{"0":"post-2801","1":"product","2":"type-product","3":"status-publish","4":"has-post-thumbnail","6":"product_cat-pvc-free-plastisol-ink","8":"first","9":"instock","10":"shipping-taxable","11":"purchasable","12":"product-type-variable"},"tiered_pricing_type":"fixed","tiered_pricing_fixed_rules":[],"tiered_pricing_product_settings":{"layout":"default","base_unit_name":{"singular":null,"plural":null},"default_variation":null},"tiered_pricing_minimum_quantity":null,"tiered_pricing_roles_data":[],"tiered_pricing_percentage_rules":[],"tiered_pricing_maximum_quantity":null,"tiered_pricing_quantity_step":null,"_links":{"self":[{"href":"https:\/\/shaliteink.com\/de\/wp-json\/wp\/v2\/product\/2801","targetHints":{"allow":["GET"]}}],"collection":[{"href":"https:\/\/shaliteink.com\/de\/wp-json\/wp\/v2\/product"}],"about":[{"href":"https:\/\/shaliteink.com\/de\/wp-json\/wp\/v2\/types\/product"}],"replies":[{"embeddable":true,"href":"https:\/\/shaliteink.com\/de\/wp-json\/wp\/v2\/comments?post=2801"}],"version-history":[{"count":0,"href":"https:\/\/shaliteink.com\/de\/wp-json\/wp\/v2\/product\/2801\/revisions"}],"wp:featuredmedia":[{"embeddable":true,"href":"https:\/\/shaliteink.com\/de\/wp-json\/wp\/v2\/media\/2810"}],"wp:attachment":[{"href":"https:\/\/shaliteink.com\/de\/wp-json\/wp\/v2\/media?parent=2801"}],"wp:term":[{"taxonomy":"product_brand","embeddable":true,"href":"https:\/\/shaliteink.com\/de\/wp-json\/wp\/v2\/product_brand?post=2801"},{"taxonomy":"product_cat","embeddable":true,"href":"https:\/\/shaliteink.com\/de\/wp-json\/wp\/v2\/product_cat?post=2801"},{"taxonomy":"product_tag","embeddable":true,"href":"https:\/\/shaliteink.com\/de\/wp-json\/wp\/v2\/product_tag?post=2801"}],"curies":[{"name":"wp","href":"https:\/\/api.w.org\/{rel}","templated":true}]}}