{"id":2795,"date":"2025-09-22T03:18:29","date_gmt":"2025-09-22T03:18:29","guid":{"rendered":"https:\/\/shaliteink.com\/?post_type=product&#038;p=2795"},"modified":"2025-12-10T11:31:34","modified_gmt":"2025-12-10T11:31:34","slug":"pvc-freie-hellblaue-plastisolfarbe-fur-bekleidungsgeschafte","status":"publish","type":"product","link":"https:\/\/shaliteink.com\/de\/produkt\/pvc-freie-hellblaue-plastisolfarbe-fur-bekleidungsgeschafte\/","title":{"rendered":"PVC-freie Plastisolfarbe, leuchtend blau f\u00fcr Bekleidung \u2013 Jetzt kaufen"},"content":{"rendered":"<p><a href=\"https:\/\/shaliteink.com\/de\/\"><strong>Shaliteink<\/strong> <strong>PVC-freie Plastisol-Tinte<\/strong><\/a> Bright Blue f\u00fcr Bekleidung ist ein Hochleistungsprodukt <a href=\"https:\/\/shaliteink.com\/de\/produkt-kategorie\/pvc-freie-plastisolfarbe\/\"><strong>PVC-freie Plastisolfarbe<\/strong><\/a>\u00a0Entwickelt f\u00fcr kreative Bastler, unabh\u00e4ngige Bekleidungsmarken und Kleinserienhersteller, die nach farbenfrohen, sicheren und hygienischen Produkten suchen. <a href=\"https:\/\/shaliteink.com\/de\/screen-printing-ink\/\"><strong>Siebdruckfarbe<\/strong><\/a>. Dank \u00fcber 20 Jahren Erfahrung in der Pigmentherstellung bietet dieses Premium-Pigment eine starke, deckende Farbabgabe und ist dabei absolut frei von PVC und Phthalaten. Es erf\u00fcllt h\u00f6chste Umweltschutzstandards wie beispielsweise \u2026 <strong>Oeko-Tex<\/strong> und GOTS<\/p>\n<p><img decoding=\"async\" class=\"alignnone size-medium wp-image-3610\" src=\"https:\/\/shaliteink.com\/wp-content\/uploads\/2025\/08\/PVC-Free-Plastisol-Ink-Bright-Blue-300x264.jpeg\" alt=\"PVC-freie Plastisolfarbe Hellblau\" width=\"300\" height=\"264\" srcset=\"https:\/\/shaliteink.com\/wp-content\/uploads\/2025\/08\/PVC-Free-Plastisol-Ink-Bright-Blue-300x264.jpeg 300w, https:\/\/shaliteink.com\/wp-content\/uploads\/2025\/08\/PVC-Free-Plastisol-Ink-Bright-Blue-1024x902.jpeg 1024w, https:\/\/shaliteink.com\/wp-content\/uploads\/2025\/08\/PVC-Free-Plastisol-Ink-Bright-Blue-768x676.jpeg 768w, https:\/\/shaliteink.com\/wp-content\/uploads\/2025\/08\/PVC-Free-Plastisol-Ink-Bright-Blue-1536x1353.jpeg 1536w, https:\/\/shaliteink.com\/wp-content\/uploads\/2025\/08\/PVC-Free-Plastisol-Ink-Bright-Blue-2048x1804.jpeg 2048w, https:\/\/shaliteink.com\/wp-content\/uploads\/2025\/08\/PVC-Free-Plastisol-Ink-Bright-Blue-14x12.jpeg 14w, https:\/\/shaliteink.com\/wp-content\/uploads\/2025\/08\/PVC-Free-Plastisol-Ink-Bright-Blue-1200x1057.jpeg 1200w, https:\/\/shaliteink.com\/wp-content\/uploads\/2025\/08\/PVC-Free-Plastisol-Ink-Bright-Blue-150x132.jpeg 150w\" sizes=\"(max-width: 300px) 100vw, 300px\" \/><\/p>\n<h1>Produktmerkmale und Vorteile:<\/h1>\n<ul>\n<li><strong>Leuchtend helles Blau<\/strong>Hochdeckend und reich pigmentiert f\u00fcr ausdrucksstarke Drucke auf dunklen oder hellen Textilien. Ausgezeichnete Deckkraft mit gleichbleibender Farbintensit\u00e4t.<\/li>\n<li><strong>Weiches Tragegef\u00fchl &amp; kein Kleben<\/strong>Bietet eine glatte Textur, minimale Klebrigkeit und angenehmen Tragekomfort nach dem Aush\u00e4rten.<\/li>\n<li><strong>Niedrigtemperaturh\u00e4rtung<\/strong>H\u00e4rtet zuverl\u00e4ssig bei etwa 132\u2013149 \u00b0C (270 \u00b0F) aus, kompatibel mit Hei\u00dfluftpistolen f\u00fcr den Hausgebrauch, kleinen Blitzger\u00e4ten oder Haushaltsw\u00e4schetrocknern \u2013 verhindert das Versengen und Einlaufen der Kleidung<\/li>\n<li><strong>Stabilit\u00e4t und Benutzerfreundlichkeit<\/strong>Cremige, kurzlebige Formulierung, die auf dem Sieb nicht austrocknet, Nass-in-Nass-Techniken unterst\u00fctzt und den Reinigungsaufwand minimiert.<\/li>\n<li><strong>Umweltfreundlich und ungiftig<\/strong>V\u00f6llig frei von PVC und Phthalaten; entwickelt f\u00fcr die Sicherheit in Heimstudios, Bildungseinrichtungen und Bastelr\u00e4umen.<\/li>\n<li><strong>Maschinenqualit\u00e4tsdruckbarkeit<\/strong>Geeignet f\u00fcr Nass-in-Nass-Druck, ausgezeichnete Siebstabilit\u00e4t und hohe Produktivit\u00e4t bei Kleinauflagen oder mehrfarbigen Designs<\/li>\n<\/ul>\n<p><img decoding=\"async\" class=\"alignnone size-medium wp-image-2799\" src=\"https:\/\/shaliteink.com\/wp-content\/uploads\/2025\/07\/PVC-Free-Plastisol-Ink-Bright-Blue-241x300.jpg\" alt=\"PVC-freie Plastisolfarbe Hellblau\" width=\"241\" height=\"300\" srcset=\"https:\/\/shaliteink.com\/wp-content\/uploads\/2025\/07\/PVC-Free-Plastisol-Ink-Bright-Blue-241x300.jpg 241w, https:\/\/shaliteink.com\/wp-content\/uploads\/2025\/07\/PVC-Free-Plastisol-Ink-Bright-Blue-821x1024.jpg 821w, https:\/\/shaliteink.com\/wp-content\/uploads\/2025\/07\/PVC-Free-Plastisol-Ink-Bright-Blue-768x957.jpg 768w, https:\/\/shaliteink.com\/wp-content\/uploads\/2025\/07\/PVC-Free-Plastisol-Ink-Bright-Blue-10x12.jpg 10w, https:\/\/shaliteink.com\/wp-content\/uploads\/2025\/07\/PVC-Free-Plastisol-Ink-Bright-Blue-1200x1496.jpg 1200w, https:\/\/shaliteink.com\/wp-content\/uploads\/2025\/07\/PVC-Free-Plastisol-Ink-Bright-Blue-150x187.jpg 150w, https:\/\/shaliteink.com\/wp-content\/uploads\/2025\/07\/PVC-Free-Plastisol-Ink-Bright-Blue.jpg 1216w\" sizes=\"(max-width: 241px) 100vw, 241px\" \/><\/p>\n<h1>Aush\u00e4rtungshinweise:<\/h1>\n<p>F\u00fcr optimale Ergebnisse: Das bedruckte Kleidungsst\u00fcck 3\u20135 Sekunden lang bei ca. 132 \u00b0C (270 \u00b0F) behandeln. Getestet mit den meisten Baumwoll-Polyester-Mischgeweben und Synthetikfasern ohne Farbabf\u00e4rbung. Eine Untergrundierung ist bei hellen Stoffen in der Regel nicht erforderlich. Beim Bedrucken dunkler Textilien verbessert eine hellere Untergrundierung jedoch die Farbbrillanz und Deckkraft.<\/p>\n<p>&nbsp;<\/p>","protected":false},"excerpt":{"rendered":"<p><strong data-start=\"1725\" data-end=\"1763\">PVC-freie Plastisolfarbe Hellblau<\/strong> Sorgt f\u00fcr satte, brillante Drucke mit weichem Griff, Aush\u00e4rtung bei niedriger Temperatur und ungiftiger Formel. Jetzt kaufen <strong data-start=\"1864\" data-end=\"1887\">Siebdruckfarbe<\/strong> Jetzt.<\/p>","protected":false},"featured_media":2797,"comment_status":"open","ping_status":"closed","template":"","meta":[],"product_brand":[],"product_cat":[45],"product_tag":[],"class_list":{"0":"post-2795","1":"product","2":"type-product","3":"status-publish","4":"has-post-thumbnail","6":"product_cat-pvc-free-plastisol-ink","8":"first","9":"instock","10":"shipping-taxable","11":"purchasable","12":"product-type-variable"},"tiered_pricing_type":"fixed","tiered_pricing_fixed_rules":[],"tiered_pricing_product_settings":{"layout":"default","base_unit_name":{"singular":null,"plural":null},"default_variation":null},"tiered_pricing_minimum_quantity":null,"tiered_pricing_roles_data":[],"tiered_pricing_percentage_rules":[],"tiered_pricing_maximum_quantity":null,"tiered_pricing_quantity_step":null,"_links":{"self":[{"href":"https:\/\/shaliteink.com\/de\/wp-json\/wp\/v2\/product\/2795","targetHints":{"allow":["GET"]}}],"collection":[{"href":"https:\/\/shaliteink.com\/de\/wp-json\/wp\/v2\/product"}],"about":[{"href":"https:\/\/shaliteink.com\/de\/wp-json\/wp\/v2\/types\/product"}],"replies":[{"embeddable":true,"href":"https:\/\/shaliteink.com\/de\/wp-json\/wp\/v2\/comments?post=2795"}],"version-history":[{"count":0,"href":"https:\/\/shaliteink.com\/de\/wp-json\/wp\/v2\/product\/2795\/revisions"}],"wp:featuredmedia":[{"embeddable":true,"href":"https:\/\/shaliteink.com\/de\/wp-json\/wp\/v2\/media\/2797"}],"wp:attachment":[{"href":"https:\/\/shaliteink.com\/de\/wp-json\/wp\/v2\/media?parent=2795"}],"wp:term":[{"taxonomy":"product_brand","embeddable":true,"href":"https:\/\/shaliteink.com\/de\/wp-json\/wp\/v2\/product_brand?post=2795"},{"taxonomy":"product_cat","embeddable":true,"href":"https:\/\/shaliteink.com\/de\/wp-json\/wp\/v2\/product_cat?post=2795"},{"taxonomy":"product_tag","embeddable":true,"href":"https:\/\/shaliteink.com\/de\/wp-json\/wp\/v2\/product_tag?post=2795"}],"curies":[{"name":"wp","href":"https:\/\/api.w.org\/{rel}","templated":true}]}}