{"id":2789,"date":"2025-10-13T08:48:10","date_gmt":"2025-10-13T08:48:10","guid":{"rendered":"https:\/\/shaliteink.com\/?post_type=product&#038;p=2789"},"modified":"2025-12-10T11:27:28","modified_gmt":"2025-12-10T11:27:28","slug":"pvc-freie-plastisolfarbe-in-konigsblau-ungiftige-druckfarbe","status":"publish","type":"product","link":"https:\/\/shaliteink.com\/de\/produkt\/pvc-freie-plastisolfarbe-in-konigsblau-ungiftige-druckfarbe\/","title":{"rendered":"PVC-freie Plastisolfarbe K\u00f6nigsblau \u2013 Jetzt ungiftige Druckfarbe kaufen"},"content":{"rendered":"<p>Wir stellen vor <strong><a href=\"https:\/\/shaliteink.com\/de\/produkt-kategorie\/pvc-freie-plastisolfarbe\/\">PVC-freie Plastisol-Tinte<\/a><\/strong> Royal Blue von Shaliteink \u2013 ein erstklassiges Produkt <strong><a href=\"https:\/\/shaliteink.com\/de\/\">Online-Shop f\u00fcr PVC-freie Plastisolfarbe<\/a><\/strong>, Diese k\u00f6nigsblaue Farbe, die stolz unter unserer Hauptkollektion f\u00fcr Siebdruckfarben pr\u00e4sentiert wird, ist ideal f\u00fcr DIY-Bastler, kleine Modelabels, Schulen und Hobbyk\u00fcnstler. Sie bietet deckende Farbkraft, ein angenehmes Tragegef\u00fchl und ist ungiftig sowie geruchsarm.<\/p>\n<p>Diese PVC-freie Plastisolfarbe wurde f\u00fcr Sicherheit und Kreativit\u00e4t gleicherma\u00dfen entwickelt und eignet sich ideal f\u00fcr den privaten Gebrauch oder kleine Werkst\u00e4tten. Sie ist phthalatfrei und geruchsneutral (kein Kaffeegeruch) und somit unbedenklich f\u00fcr Familien, Schulen und Maker-Bereiche. Dank ihrer sauberen, cremigen Konsistenz und kurzen Trocknungszeit l\u00e4sst sich Royal Blue auch von Anf\u00e4ngern m\u00fchelos verarbeiten. Sie erzielt eine lebendige, kr\u00e4ftige Farbabdeckung auf hellen und dunklen Stoffen, insbesondere in Kombination mit einer Grundierung auf dunklen Textilien. .<\/p>\n<p>Die Siebdruckfarbe von Shaliteink stammt direkt vom Hersteller und profitiert von 20 Jahren Produktionserfahrung. So erhalten Sie au\u00dfergew\u00f6hnliche Qualit\u00e4t zu einem unschlagbaren Preis. Vertrauen Sie auf die Farbe, die von internationalen Herstellern verwendet wird. Jetzt erh\u00e4ltlich in Kleinmengen-Sets wie 100-ml-DIY-Sets \u2013 ideal f\u00fcr Bastler und Etsy-H\u00e4ndler.<\/p>\n<p><img decoding=\"async\" class=\"alignnone size-medium wp-image-2792\" src=\"https:\/\/shaliteink.com\/wp-content\/uploads\/2025\/07\/PVC-Free-Plastisol-Ink-Royal-Blue-2-300x221.jpeg\" alt=\"PVC-freie Plastisolfarbe K\u00f6nigsblau\" width=\"300\" height=\"221\" srcset=\"https:\/\/shaliteink.com\/wp-content\/uploads\/2025\/07\/PVC-Free-Plastisol-Ink-Royal-Blue-2-300x221.jpeg 300w, https:\/\/shaliteink.com\/wp-content\/uploads\/2025\/07\/PVC-Free-Plastisol-Ink-Royal-Blue-2-1024x754.jpeg 1024w, https:\/\/shaliteink.com\/wp-content\/uploads\/2025\/07\/PVC-Free-Plastisol-Ink-Royal-Blue-2-768x566.jpeg 768w, https:\/\/shaliteink.com\/wp-content\/uploads\/2025\/07\/PVC-Free-Plastisol-Ink-Royal-Blue-2-1536x1132.jpeg 1536w, https:\/\/shaliteink.com\/wp-content\/uploads\/2025\/07\/PVC-Free-Plastisol-Ink-Royal-Blue-2-2048x1509.jpeg 2048w, https:\/\/shaliteink.com\/wp-content\/uploads\/2025\/07\/PVC-Free-Plastisol-Ink-Royal-Blue-2-16x12.jpeg 16w, https:\/\/shaliteink.com\/wp-content\/uploads\/2025\/07\/PVC-Free-Plastisol-Ink-Royal-Blue-2-1200x884.jpeg 1200w, https:\/\/shaliteink.com\/wp-content\/uploads\/2025\/07\/PVC-Free-Plastisol-Ink-Royal-Blue-2-150x110.jpeg 150w\" sizes=\"(max-width: 300px) 100vw, 300px\" \/><\/p>\n<h1>Hauptmerkmale:<\/h1>\n<ul>\n<li>Hochgradig undurchsichtiges K\u00f6nigsblau p<span class=\"wrapper\">Romises ehrgeizig, b<\/span>rechter Druck<span class=\"wrapper\">s on<\/span> sowohl mild als auch d<span class=\"wrapper\">arkish fa<\/span>Bausteine<\/li>\n<li>Cre<span class=\"wrapper\">Amy, Schnellaufnahme<\/span>Gleichm\u00e4\u00dfige Konsistenz f\u00fcr sauberes Beladen, leichten Abfluss des Abstreifers und minimales Verstopfen der Siebe<\/li>\n<li>Niedrigtemperatur-H\u00e4rtung<span class=\"wrapper\">g, f<\/span>la<span class=\"wrapper\">sh a<\/span>t ~a hun<span class=\"wrapper\">trocken und achtzig\u2013200 \u00b0F<\/span>(82\u2013104 \u00b0C) und vollst\u00e4ndige Abhilfe <span class=\"wrapper\">bei etwa 27<\/span>0 \u00b0F (132 \u00b0C), niedrig<span class=\"wrapper\">ering thr<\/span>essen von brutzelndem<span class=\"wrapper\">und e<\/span>Nutzung aktivieren<span class=\"wrapper\">mit w<\/span>Waffen oder Haushalts\u00f6fen<\/li>\n<li>Weiches Tragegef\u00fchl, keine steife Plastisoltextur f\u00fcr ein angenehmes Tragegef\u00fchl<\/li>\n<li>Die phthalatfreie, PVC-freie Formel garantiert eine sicherere Anwendung f\u00fcr Familien, Makerspaces und umweltbewusste Kreative.<\/li>\n<li>Kompatibel mit FN-Ink-Mischsystemen f\u00fcr individuelle Farbanpassung und -mischung, erm\u00f6glicht nahtloses Farbmanagement<\/li>\n<\/ul>\n<p><img decoding=\"async\" class=\"alignnone size-medium wp-image-2790\" src=\"https:\/\/shaliteink.com\/wp-content\/uploads\/2025\/07\/PVC-Free-Plastisol-Ink-Royal-Blue-300x230.jpeg\" alt=\"PVC-freie Plastisolfarbe K\u00f6nigsblau\" width=\"300\" height=\"230\" srcset=\"https:\/\/shaliteink.com\/wp-content\/uploads\/2025\/07\/PVC-Free-Plastisol-Ink-Royal-Blue-300x230.jpeg 300w, https:\/\/shaliteink.com\/wp-content\/uploads\/2025\/07\/PVC-Free-Plastisol-Ink-Royal-Blue-1024x784.jpeg 1024w, https:\/\/shaliteink.com\/wp-content\/uploads\/2025\/07\/PVC-Free-Plastisol-Ink-Royal-Blue-768x588.jpeg 768w, https:\/\/shaliteink.com\/wp-content\/uploads\/2025\/07\/PVC-Free-Plastisol-Ink-Royal-Blue-16x12.jpeg 16w, https:\/\/shaliteink.com\/wp-content\/uploads\/2025\/07\/PVC-Free-Plastisol-Ink-Royal-Blue-1200x918.jpeg 1200w, https:\/\/shaliteink.com\/wp-content\/uploads\/2025\/07\/PVC-Free-Plastisol-Ink-Royal-Blue-150x115.jpeg 150w, https:\/\/shaliteink.com\/wp-content\/uploads\/2025\/07\/PVC-Free-Plastisol-Ink-Royal-Blue.jpeg 1338w\" sizes=\"(max-width: 300px) 100vw, 300px\" \/><\/p>\n<h1>Aush\u00e4rtungs- und Blitzanleitung:<\/h1>\n<ul>\n<li>Zwischen den einzelnen Schichten 3\u20135 Sekunden lang bei 82\u2013104 \u00b0C (180\u2013200 \u00b0F) blitzen lassen, um die Drucke vor dem \u00dcberdrucken zu fixieren.<\/li>\n<li>Vollst\u00e4ndige Aush\u00e4rtung bei ca. 132 \u00b0C (270 \u00b0F); f\u00fcr Waschbest\u00e4ndigkeit sicherstellen, dass die gesamte Farbschicht diese Temperatur erreicht. Die Aush\u00e4rtung \u00fcber 5\u201310 Waschg\u00e4nge testen, um dies zu best\u00e4tigen, da nicht vollst\u00e4ndig ausgeh\u00e4rtete Drucke bereits nach 1\u20133 Waschg\u00e4ngen versagen k\u00f6nnen.<\/li>\n<li>Verwenden Sie beim Bedrucken dunkler Textilien mit Royalblau eine wei\u00dfe Grundierung, um Deckkraft und Leuchtkraft zu erh\u00f6hen.<\/li>\n<\/ul>","protected":false},"excerpt":{"rendered":"<p>PVC-freie Plastisolfarbe K\u00f6nigsblau: phthalatfrei, hochdeckend <strong data-start=\"2428\" data-end=\"2451\">Siebdruckfarbe<\/strong> Aush\u00e4rtung bei ca. 132 \u00b0C f\u00fcr kr\u00e4ftige, bruchsichere Drucke. Ideal f\u00fcr DIY-Projekte, Etsy-Verk\u00e4ufer und Makerspaces.<\/p>","protected":false},"featured_media":2791,"comment_status":"open","ping_status":"closed","template":"","meta":[],"product_brand":[],"product_cat":[39],"product_tag":[],"class_list":{"0":"post-2789","1":"product","2":"type-product","3":"status-publish","4":"has-post-thumbnail","6":"product_cat-plastisol-ink","8":"first","9":"instock","10":"shipping-taxable","11":"purchasable","12":"product-type-variable"},"tiered_pricing_type":"fixed","tiered_pricing_fixed_rules":[],"tiered_pricing_product_settings":{"layout":"default","base_unit_name":{"singular":null,"plural":null},"default_variation":null},"tiered_pricing_minimum_quantity":null,"tiered_pricing_roles_data":[],"tiered_pricing_percentage_rules":[],"tiered_pricing_maximum_quantity":null,"tiered_pricing_quantity_step":null,"_links":{"self":[{"href":"https:\/\/shaliteink.com\/de\/wp-json\/wp\/v2\/product\/2789","targetHints":{"allow":["GET"]}}],"collection":[{"href":"https:\/\/shaliteink.com\/de\/wp-json\/wp\/v2\/product"}],"about":[{"href":"https:\/\/shaliteink.com\/de\/wp-json\/wp\/v2\/types\/product"}],"replies":[{"embeddable":true,"href":"https:\/\/shaliteink.com\/de\/wp-json\/wp\/v2\/comments?post=2789"}],"version-history":[{"count":0,"href":"https:\/\/shaliteink.com\/de\/wp-json\/wp\/v2\/product\/2789\/revisions"}],"wp:featuredmedia":[{"embeddable":true,"href":"https:\/\/shaliteink.com\/de\/wp-json\/wp\/v2\/media\/2791"}],"wp:attachment":[{"href":"https:\/\/shaliteink.com\/de\/wp-json\/wp\/v2\/media?parent=2789"}],"wp:term":[{"taxonomy":"product_brand","embeddable":true,"href":"https:\/\/shaliteink.com\/de\/wp-json\/wp\/v2\/product_brand?post=2789"},{"taxonomy":"product_cat","embeddable":true,"href":"https:\/\/shaliteink.com\/de\/wp-json\/wp\/v2\/product_cat?post=2789"},{"taxonomy":"product_tag","embeddable":true,"href":"https:\/\/shaliteink.com\/de\/wp-json\/wp\/v2\/product_tag?post=2789"}],"curies":[{"name":"wp","href":"https:\/\/api.w.org\/{rel}","templated":true}]}}