{"id":2771,"date":"2025-09-22T03:09:40","date_gmt":"2025-09-22T03:09:40","guid":{"rendered":"https:\/\/shaliteink.com\/?post_type=product&#038;p=2771"},"modified":"2025-12-10T11:31:07","modified_gmt":"2025-12-10T11:31:07","slug":"kaufen-sie-pvc-freie-blaue-plastisolfarbe-fur-weiche-hande","status":"publish","type":"product","link":"https:\/\/shaliteink.com\/de\/produkt\/kaufen-sie-pvc-freie-blaue-plastisolfarbe-fur-weiche-hande\/","title":{"rendered":"Kaufen Sie PVC-freie Plastisol-Tinte Blau \u2013 Weiches Handgef\u00fchl"},"content":{"rendered":"<p>Erleben Sie brillante Drucke und ein angenehmes Tragegef\u00fchl mit unseren umweltfreundlichen Produkten. <strong>PVC-freie Plastisol-Tinte<\/strong> <strong>Blau<\/strong>. Diese farbenfrohe Tinte wurde speziell f\u00fcr moderne Displaydrucker entwickelt. <strong>Blau <a href=\"https:\/\/shaliteink.com\/de\/produkt-kategorie\/pvc-freie-plastisolfarbe\/\">PVC-freie Plastisolfarbe<\/a><\/strong> bietet eine erstklassige Gesamtleistung ohne Kompromisse bei Sicherheit, Nachhaltigkeit oder Farbwirkung.<\/p>\n<p>Diese Tinte wurde speziell f\u00fcr Heimwerker, Etsy-Verk\u00e4ufer und Kreativstudios entwickelt und geh\u00f6rt zu unserer meistverkauften Siebdruckfarben-Kollektion. Sie zeichnet sich durch ihre benutzerfreundliche Handhabung und professionelle Ergebnisse aus.<\/p>\n<p><img decoding=\"async\" class=\"alignnone size-medium wp-image-3612\" src=\"https:\/\/shaliteink.com\/wp-content\/uploads\/2025\/08\/PVC-Free-Plastisol-Ink-Blue-278x300.jpeg\" alt=\"PVC-freie Plastisolfarbe Blau\" width=\"278\" height=\"300\" srcset=\"https:\/\/shaliteink.com\/wp-content\/uploads\/2025\/08\/PVC-Free-Plastisol-Ink-Blue-278x300.jpeg 278w, https:\/\/shaliteink.com\/wp-content\/uploads\/2025\/08\/PVC-Free-Plastisol-Ink-Blue-950x1024.jpeg 950w, https:\/\/shaliteink.com\/wp-content\/uploads\/2025\/08\/PVC-Free-Plastisol-Ink-Blue-768x828.jpeg 768w, https:\/\/shaliteink.com\/wp-content\/uploads\/2025\/08\/PVC-Free-Plastisol-Ink-Blue-1425x1536.jpeg 1425w, https:\/\/shaliteink.com\/wp-content\/uploads\/2025\/08\/PVC-Free-Plastisol-Ink-Blue-11x12.jpeg 11w, https:\/\/shaliteink.com\/wp-content\/uploads\/2025\/08\/PVC-Free-Plastisol-Ink-Blue-1200x1294.jpeg 1200w, https:\/\/shaliteink.com\/wp-content\/uploads\/2025\/08\/PVC-Free-Plastisol-Ink-Blue-150x162.jpeg 150w, https:\/\/shaliteink.com\/wp-content\/uploads\/2025\/08\/PVC-Free-Plastisol-Ink-Blue.jpeg 1636w\" sizes=\"(max-width: 278px) 100vw, 278px\" \/><\/p>\n<h1>Produktmerkmale:<\/h1>\n<ul>\n<li>Umweltfreundliche Formel: Diese Tinte wird ohne PVC und Phthalate hergestellt und ist daher sicher f\u00fcr den Einsatz zu Hause und im Studio. Sie erf\u00fcllt wichtige Umweltzertifizierungen, darunter OEKO-TEX, und ist somit eine hervorragende Wahl f\u00fcr sicheres Drucken im Familienkreis oder in Bildungseinrichtungen.<\/li>\n<li>Strahlendes Blau: Sorgt f\u00fcr hervorragende Deckkraft und Farbs\u00e4ttigung auf hellen und dunklen Textilien. Ideal f\u00fcr individuell gestaltete T-Shirts, Tragetaschen und Werbeartikel.<\/li>\n<li>Weiches Tragegef\u00fchl: Entwickelt f\u00fcr ein glattes, geschmeidiges Druckergebnis \u2013 ideal f\u00fcr Bekleidungsmarken, die eine hochwertige Textur ohne dicke, plastikartige Schichten w\u00fcnschen.<\/li>\n<li>Einfache Handhabung: Dieses PVC-Material l\u00e4sst sich leicht l\u00f6sen. <a href=\"https:\/\/shaliteink.com\/de\/produkt-kategorie\/plastisol-tinte\/\"><strong>Plastisol-Tinte<\/strong><\/a> Es zeichnet sich durch eine gleichm\u00e4\u00dfige Konsistenz und eine hervorragende Sieb\u00f6ffnungszeit aus, wodurch Verstopfungen und Ausfallzeiten reduziert werden. Kompatibel mit Sieben von 110 bis 160 Maschen f\u00fcr vielseitige Einsatzm\u00f6glichkeiten.<\/li>\n<\/ul>\n<p><img decoding=\"async\" class=\"alignnone size-medium wp-image-2774\" src=\"https:\/\/shaliteink.com\/wp-content\/uploads\/2025\/07\/PVC-Free-Plastisol-Ink-Blue-2-300x267.jpeg\" alt=\"PVC-freie Plastisolfarbe Blau\" width=\"300\" height=\"267\" srcset=\"https:\/\/shaliteink.com\/wp-content\/uploads\/2025\/07\/PVC-Free-Plastisol-Ink-Blue-2-300x267.jpeg 300w, https:\/\/shaliteink.com\/wp-content\/uploads\/2025\/07\/PVC-Free-Plastisol-Ink-Blue-2-1024x910.jpeg 1024w, https:\/\/shaliteink.com\/wp-content\/uploads\/2025\/07\/PVC-Free-Plastisol-Ink-Blue-2-768x683.jpeg 768w, https:\/\/shaliteink.com\/wp-content\/uploads\/2025\/07\/PVC-Free-Plastisol-Ink-Blue-2-1536x1366.jpeg 1536w, https:\/\/shaliteink.com\/wp-content\/uploads\/2025\/07\/PVC-Free-Plastisol-Ink-Blue-2-2048x1821.jpeg 2048w, https:\/\/shaliteink.com\/wp-content\/uploads\/2025\/07\/PVC-Free-Plastisol-Ink-Blue-2-13x12.jpeg 13w, https:\/\/shaliteink.com\/wp-content\/uploads\/2025\/07\/PVC-Free-Plastisol-Ink-Blue-2-1200x1067.jpeg 1200w, https:\/\/shaliteink.com\/wp-content\/uploads\/2025\/07\/PVC-Free-Plastisol-Ink-Blue-2-150x133.jpeg 150w\" sizes=\"(max-width: 300px) 100vw, 300px\" \/><\/p>\n<h1>Aush\u00e4rtungshinweise:<\/h1>\n<ul>\n<li>Aush\u00e4rtungstemperatur: 270\u00b0F \u2013 300\u00b0F (132\u00b0C \u2013 149\u00b0C)<\/li>\n<li>Aush\u00e4rtungszeit: Ca. 60 Sekunden mit Hei\u00dfluftf\u00f6n oder W\u00e4rmepistole<\/li>\n<li>Kompatibel mit: W\u00e4rmepistolen f\u00fcr den Haushalt, Haartrocknern oder W\u00e4schetrocknern (bei \u00fcberm\u00e4\u00dfiger W\u00e4rmeentwicklung)<\/li>\n<\/ul>\n<p>Die niedrige Therapietemperatur macht es ideal f\u00fcr kleine Studios und Heimwerker, die mit einfachen Ger\u00e4ten arbeiten, ohne Kompromisse bei der Waschbest\u00e4ndigkeit einzugehen.<\/p>","protected":false},"excerpt":{"rendered":"<p>Umweltfreundlich <strong>PVC-freie Plastisol-Tinte<\/strong> in leuchtendem Blau. Weiches Finish, Aush\u00e4rtung bei niedrigen Temperaturen und perfekt f\u00fcr Heimwerker <strong>Siebdruck<\/strong>. Jetzt einkaufen f\u00fcr schnellen Versand.<\/p>","protected":false},"featured_media":2773,"comment_status":"open","ping_status":"closed","template":"","meta":[],"product_brand":[],"product_cat":[45],"product_tag":[],"class_list":{"0":"post-2771","1":"product","2":"type-product","3":"status-publish","4":"has-post-thumbnail","6":"product_cat-pvc-free-plastisol-ink","8":"first","9":"instock","10":"shipping-taxable","11":"purchasable","12":"product-type-variable"},"tiered_pricing_type":"fixed","tiered_pricing_fixed_rules":[],"tiered_pricing_product_settings":{"layout":"default","base_unit_name":{"singular":null,"plural":null},"default_variation":null},"tiered_pricing_minimum_quantity":null,"tiered_pricing_roles_data":[],"tiered_pricing_percentage_rules":[],"tiered_pricing_maximum_quantity":null,"tiered_pricing_quantity_step":null,"_links":{"self":[{"href":"https:\/\/shaliteink.com\/de\/wp-json\/wp\/v2\/product\/2771","targetHints":{"allow":["GET"]}}],"collection":[{"href":"https:\/\/shaliteink.com\/de\/wp-json\/wp\/v2\/product"}],"about":[{"href":"https:\/\/shaliteink.com\/de\/wp-json\/wp\/v2\/types\/product"}],"replies":[{"embeddable":true,"href":"https:\/\/shaliteink.com\/de\/wp-json\/wp\/v2\/comments?post=2771"}],"version-history":[{"count":0,"href":"https:\/\/shaliteink.com\/de\/wp-json\/wp\/v2\/product\/2771\/revisions"}],"wp:featuredmedia":[{"embeddable":true,"href":"https:\/\/shaliteink.com\/de\/wp-json\/wp\/v2\/media\/2773"}],"wp:attachment":[{"href":"https:\/\/shaliteink.com\/de\/wp-json\/wp\/v2\/media?parent=2771"}],"wp:term":[{"taxonomy":"product_brand","embeddable":true,"href":"https:\/\/shaliteink.com\/de\/wp-json\/wp\/v2\/product_brand?post=2771"},{"taxonomy":"product_cat","embeddable":true,"href":"https:\/\/shaliteink.com\/de\/wp-json\/wp\/v2\/product_cat?post=2771"},{"taxonomy":"product_tag","embeddable":true,"href":"https:\/\/shaliteink.com\/de\/wp-json\/wp\/v2\/product_tag?post=2771"}],"curies":[{"name":"wp","href":"https:\/\/api.w.org\/{rel}","templated":true}]}}