{"id":2765,"date":"2025-09-20T08:57:09","date_gmt":"2025-09-20T08:57:09","guid":{"rendered":"https:\/\/shaliteink.com\/?post_type=product&#038;p=2765"},"modified":"2025-12-10T11:28:23","modified_gmt":"2025-12-10T11:28:23","slug":"pvc-freie-violette-plastisolfarbe-umweltfreundlich-schneller-versand","status":"publish","type":"product","link":"https:\/\/shaliteink.com\/de\/produkt\/pvc-freie-violette-plastisolfarbe-umweltfreundlich-schneller-versand\/","title":{"rendered":"PVC-freie violette Plastisol-Tinte \u2013 Umweltfreundlich | Schneller Versand"},"content":{"rendered":"<p>Wir stellen Ihnen vor: <a href=\"https:\/\/shaliteink.com\/de\/produkt-kategorie\/pvc-freie-plastisolfarbe\/\"><strong>PVC-frei<\/strong> <strong>Plastisol-Tinte<\/strong><\/a> Violett ist die ideale L\u00f6sung f\u00fcr umweltbewussten Siebdruck, ohne Kompromisse bei Farbbrillanz oder Druckqualit\u00e4t einzugehen. Diese ungiftige, phthalatfreie Tinte wurde speziell f\u00fcr Hersteller, Kreative und kleine Bekleidungsunternehmen entwickelt und bietet ein unkompliziertes Druckerlebnis mit gleichm\u00e4\u00dfigen Ergebnissen auf Baumwolle, Baumwollmischgewebe und anderen Textilien.<\/p>\n<p>Diese gr\u00fcne Siebdruckfarbe eignet sich perfekt f\u00fcr Heimstudios, Klassenzimmer oder Etsy-Shops und ist ideal f\u00fcr Kunden, die Wert auf reibungsloses Arbeiten, kurze Einrichtungszeiten und einfache Reinigung legen. Egal, ob Sie kr\u00e4ftige violette Drucke f\u00fcr T-Shirts, Tragetaschen oder Textildekorationen gestalten m\u00f6chten \u2013 unsere Farbe bietet Ihnen langanhaltende Farbbrillanz und ein angenehmes Tragegef\u00fchl \u2013 ganz ohne PVC.<\/p>\n<p><strong>Shaliteink<\/strong>\u00a0<strong><a href=\"https:\/\/shaliteink.com\/de\/\">Online-Shop f\u00fcr PVC-freie Plastisolfarbe<\/a><\/strong> Ist <strong>Fertigungseinheit-direkt<\/strong>, Hergestellt mit 20 Jahren Fertigungs-Know-how und optimiert f\u00fcr geruchsarme, saubere Aush\u00e4rtung und eine Gesamtleistung, die den OEKO-TEX\u00ae- und REACH-Sicherheitsstandards entspricht.<\/p>\n<h1>Produktmerkmale:<\/h1>\n<ul>\n<li>PVC lose <strong>Plastisol-Tinte<\/strong> \u2013 mehr Sicherheit an Ihrem Arbeitsplatz und in der Umwelt<\/li>\n<li>Strahlende violette Farbe mit hochwertiger Versiegelung f\u00fcr helle und dunkle Textilien<\/li>\n<li>Geruchsarm, ungiftig und am besten f\u00fcr den Heimgebrauch geeignet.<\/li>\n<li>Sanftes Finish f\u00fcr ein professionelles, hochwertiges Endergebnis<\/li>\n<li>Kompatibel mit Maschenzahlen von 110 bis 160<\/li>\n<li>Passt zu bekannten Emulsionen und Reinigungsprodukten<\/li>\n<\/ul>\n<p><img decoding=\"async\" class=\"alignnone size-medium wp-image-3614\" src=\"https:\/\/shaliteink.com\/wp-content\/uploads\/2025\/08\/PVC-Free-Violet-Plastisol-Ink-300x270.jpeg\" alt=\"PVC-freie violette Plastisol-Tinte\" width=\"300\" height=\"270\" srcset=\"https:\/\/shaliteink.com\/wp-content\/uploads\/2025\/08\/PVC-Free-Violet-Plastisol-Ink-300x270.jpeg 300w, https:\/\/shaliteink.com\/wp-content\/uploads\/2025\/08\/PVC-Free-Violet-Plastisol-Ink-1024x920.jpeg 1024w, https:\/\/shaliteink.com\/wp-content\/uploads\/2025\/08\/PVC-Free-Violet-Plastisol-Ink-768x690.jpeg 768w, https:\/\/shaliteink.com\/wp-content\/uploads\/2025\/08\/PVC-Free-Violet-Plastisol-Ink-1536x1380.jpeg 1536w, https:\/\/shaliteink.com\/wp-content\/uploads\/2025\/08\/PVC-Free-Violet-Plastisol-Ink-2048x1841.jpeg 2048w, https:\/\/shaliteink.com\/wp-content\/uploads\/2025\/08\/PVC-Free-Violet-Plastisol-Ink-13x12.jpeg 13w, https:\/\/shaliteink.com\/wp-content\/uploads\/2025\/08\/PVC-Free-Violet-Plastisol-Ink-1200x1078.jpeg 1200w, https:\/\/shaliteink.com\/wp-content\/uploads\/2025\/08\/PVC-Free-Violet-Plastisol-Ink-150x135.jpeg 150w\" sizes=\"(max-width: 300px) 100vw, 300px\" \/><\/p>\n<h1>Aush\u00e4rtungshinweise:<\/h1>\n<p>Diese Tinte h\u00e4rtet bei einer niedrigen Temperatur von 127 \u00b0C bis 138 \u00b0C aus, wodurch der Stromverbrauch reduziert und ein Verbrennen empfindlicher Textilien verhindert wird. Sie eignet sich hervorragend f\u00fcr den Einsatz mit Hei\u00dfluftpistolen, Schnelltrocknern und Bandtrocknern.<\/p>\n<p><img decoding=\"async\" class=\"alignnone wp-image-2767\" src=\"https:\/\/shaliteink.com\/wp-content\/uploads\/2025\/07\/PVC-Free-Violet-Plastisol-Ink-4-300x276.jpeg\" alt=\"PVC-freie violette Plastisol-Tinte\" width=\"268\" height=\"247\" srcset=\"https:\/\/shaliteink.com\/wp-content\/uploads\/2025\/07\/PVC-Free-Violet-Plastisol-Ink-4-300x276.jpeg 300w, https:\/\/shaliteink.com\/wp-content\/uploads\/2025\/07\/PVC-Free-Violet-Plastisol-Ink-4-1024x941.jpeg 1024w, https:\/\/shaliteink.com\/wp-content\/uploads\/2025\/07\/PVC-Free-Violet-Plastisol-Ink-4-768x706.jpeg 768w, https:\/\/shaliteink.com\/wp-content\/uploads\/2025\/07\/PVC-Free-Violet-Plastisol-Ink-4-1536x1411.jpeg 1536w, https:\/\/shaliteink.com\/wp-content\/uploads\/2025\/07\/PVC-Free-Violet-Plastisol-Ink-4-2048x1882.jpeg 2048w, https:\/\/shaliteink.com\/wp-content\/uploads\/2025\/07\/PVC-Free-Violet-Plastisol-Ink-4-13x12.jpeg 13w, https:\/\/shaliteink.com\/wp-content\/uploads\/2025\/07\/PVC-Free-Violet-Plastisol-Ink-4-1200x1103.jpeg 1200w, https:\/\/shaliteink.com\/wp-content\/uploads\/2025\/07\/PVC-Free-Violet-Plastisol-Ink-4-150x138.jpeg 150w\" sizes=\"(max-width: 268px) 100vw, 268px\" \/><\/p>","protected":false},"excerpt":{"rendered":"<p>Das <strong data-start=\"3196\" data-end=\"3219\">PVC-freie violette Plastisol-Tinte<\/strong> ist ein lebendiges, umweltfreundliches <strong data-start=\"3247\" data-end=\"3270\">Siebdruckfarbe<\/strong> mit weichem Griff und schneller Aush\u00e4rtung. Perfekt f\u00fcr Heimwerker, Bekleidungshersteller und Kleinseriendrucker.<\/p>","protected":false},"featured_media":2766,"comment_status":"open","ping_status":"closed","template":"","meta":[],"product_brand":[],"product_cat":[45],"product_tag":[],"class_list":{"0":"post-2765","1":"product","2":"type-product","3":"status-publish","4":"has-post-thumbnail","6":"product_cat-pvc-free-plastisol-ink","8":"first","9":"instock","10":"shipping-taxable","11":"purchasable","12":"product-type-variable"},"tiered_pricing_type":"fixed","tiered_pricing_fixed_rules":[],"tiered_pricing_product_settings":{"layout":"default","base_unit_name":{"singular":null,"plural":null},"default_variation":null},"tiered_pricing_minimum_quantity":null,"tiered_pricing_roles_data":[],"tiered_pricing_percentage_rules":[],"tiered_pricing_maximum_quantity":null,"tiered_pricing_quantity_step":null,"_links":{"self":[{"href":"https:\/\/shaliteink.com\/de\/wp-json\/wp\/v2\/product\/2765","targetHints":{"allow":["GET"]}}],"collection":[{"href":"https:\/\/shaliteink.com\/de\/wp-json\/wp\/v2\/product"}],"about":[{"href":"https:\/\/shaliteink.com\/de\/wp-json\/wp\/v2\/types\/product"}],"replies":[{"embeddable":true,"href":"https:\/\/shaliteink.com\/de\/wp-json\/wp\/v2\/comments?post=2765"}],"version-history":[{"count":0,"href":"https:\/\/shaliteink.com\/de\/wp-json\/wp\/v2\/product\/2765\/revisions"}],"wp:featuredmedia":[{"embeddable":true,"href":"https:\/\/shaliteink.com\/de\/wp-json\/wp\/v2\/media\/2766"}],"wp:attachment":[{"href":"https:\/\/shaliteink.com\/de\/wp-json\/wp\/v2\/media?parent=2765"}],"wp:term":[{"taxonomy":"product_brand","embeddable":true,"href":"https:\/\/shaliteink.com\/de\/wp-json\/wp\/v2\/product_brand?post=2765"},{"taxonomy":"product_cat","embeddable":true,"href":"https:\/\/shaliteink.com\/de\/wp-json\/wp\/v2\/product_cat?post=2765"},{"taxonomy":"product_tag","embeddable":true,"href":"https:\/\/shaliteink.com\/de\/wp-json\/wp\/v2\/product_tag?post=2765"}],"curies":[{"name":"wp","href":"https:\/\/api.w.org\/{rel}","templated":true}]}}