{"id":2603,"date":"2025-09-20T07:26:35","date_gmt":"2025-09-20T07:26:35","guid":{"rendered":"https:\/\/shaliteink.com\/?post_type=product&#038;p=2603"},"modified":"2025-12-10T11:29:24","modified_gmt":"2025-12-10T11:29:24","slug":"pvc-freie-dunkelviolette-plastisolfarbe","status":"publish","type":"product","link":"https:\/\/shaliteink.com\/de\/produkt\/pvc-freie-dunkelviolette-plastisolfarbe\/","title":{"rendered":"Kaufen Sie PVC-freie dunkelviolette Plastisol-Tinte \u2013 ungiftig und kr\u00e4ftige Farbe"},"content":{"rendered":"<p>Suchen Sie nach einer innovativen und umweltbewussten L\u00f6sung f\u00fcr Ihre Textilsiebdruckaufgaben? Unser <strong>PVC-freie dunkelviolette Plastisolfarbe<\/strong> ist eine brillante, leistungsstarke Tinte, die f\u00fcr Kreative entwickelt wurde, die Wert auf Nachhaltigkeit und ein angenehmes Nutzungserlebnis legen. Als Teil unserer umweltoptimierten <strong><a href=\"https:\/\/shaliteink.com\/de\/produkt-kategorie\/pvc-freie-plastisolfarbe\/\">PVC-freie Plastisol-Tinte<\/a><\/strong> Diese violette Tinte bietet in dieser Serie hervorragende Lesbarkeit des Drucks, ein angenehmes Schreibgef\u00fchl und eine ausgezeichnete Waschbest\u00e4ndigkeit \u2013 ohne Kompromisse bei der Sicherheit oder der Umwelt einzugehen.<\/p>\n<p>Ob Sie nun ein begeisterter Bastler, ein Shopify-H\u00e4ndler oder ein innovativer Kursleiter sind, der Workshops und Spazierg\u00e4nge anbietet \u2013 diese Siebdruckfarbe ist genau auf Ihre Bed\u00fcrfnisse zugeschnitten. Sie garantiert scharfe und gleichm\u00e4\u00dfige Ergebnisse auf Baumwolle, Mischgeweben und den meisten Naturfasern. Zudem ist sie f\u00fcr die Verwendung mit Standard-Siebgeweben und haushalts\u00fcblichen Trocknungssystemen wie Hei\u00dfluftpistolen oder Schnelltrocknern optimiert.<\/p>\n<p><img decoding=\"async\" class=\"alignnone size-medium wp-image-3617\" src=\"https:\/\/shaliteink.com\/wp-content\/uploads\/2025\/08\/PVC-Free-Violet-Plastisol-Ink-2-300x252.jpeg\" alt=\"PVC-freie violette Plastisolfarbe\" width=\"300\" height=\"252\" srcset=\"https:\/\/shaliteink.com\/wp-content\/uploads\/2025\/08\/PVC-Free-Violet-Plastisol-Ink-2-300x252.jpeg 300w, https:\/\/shaliteink.com\/wp-content\/uploads\/2025\/08\/PVC-Free-Violet-Plastisol-Ink-2-1024x860.jpeg 1024w, https:\/\/shaliteink.com\/wp-content\/uploads\/2025\/08\/PVC-Free-Violet-Plastisol-Ink-2-768x645.jpeg 768w, https:\/\/shaliteink.com\/wp-content\/uploads\/2025\/08\/PVC-Free-Violet-Plastisol-Ink-2-1536x1290.jpeg 1536w, https:\/\/shaliteink.com\/wp-content\/uploads\/2025\/08\/PVC-Free-Violet-Plastisol-Ink-2-2048x1720.jpeg 2048w, https:\/\/shaliteink.com\/wp-content\/uploads\/2025\/08\/PVC-Free-Violet-Plastisol-Ink-2-14x12.jpeg 14w, https:\/\/shaliteink.com\/wp-content\/uploads\/2025\/08\/PVC-Free-Violet-Plastisol-Ink-2-1200x1008.jpeg 1200w, https:\/\/shaliteink.com\/wp-content\/uploads\/2025\/08\/PVC-Free-Violet-Plastisol-Ink-2-150x126.jpeg 150w\" sizes=\"(max-width: 300px) 100vw, 300px\" \/><\/p>\n<h1>Produktmerkmale:<\/h1>\n<ul>\n<li>Umweltfreundliche Formel: <span class=\"wrapper\">einhundert% PVC-lose<\/span> Plastisol <span class=\"wrapper\">Tinte,<\/span> konform mit <span class=\"wrapper\">OEKO-TEX\u00ae<\/span> und CPSIA <span class=\"wrapper\">Anforderungen \u2013 sicher<\/span> f\u00fcr Kinder, Haustiere und Bildungseinrichtungen.<\/li>\n<li>Sattes, dunkelviolettes Pigment: Hochdeckende, lichtbest\u00e4ndige rote Tinte, die <span class=\"wrapper\">Pops<\/span> O<span class=\"wrapper\">n li<\/span>sowohl Akzeptierte Entlassung als auch <span class=\"wrapper\">dunkle Kleidungsst\u00fccke gleicherma\u00dfen.<\/span><\/li>\n<li>Weiches, flexibles Druckgef\u00fchl: H\u00e4rtet zu einem <span class=\"wrapper\">zart<\/span> Handveredelung <span class=\"wrapper\">unterh\u00e4lt<\/span> das Kleidungsst\u00fcck <span class=\"wrapper\">Kr\u00e4uter-<\/span> drapieren und <span class=\"wrapper\">Luxus.<\/span><\/li>\n<li>Geruchsarm und ungiftig: Ideal f\u00fcr Heimstudios und Schulen \u2013 der niedrige VOC-Gehalt macht es sicher f\u00fcr die Anwendung in Innenr\u00e4umen.<\/li>\n<li>Einfache Handhabung: Dank der geschmeidigen Viskosit\u00e4t eignet es sich perfekt f\u00fcr Anf\u00e4nger und Profis gleicherma\u00dfen, da es im Sieb nur minimal verstopft oder austrocknet.<\/li>\n<\/ul>\n<p><img decoding=\"async\" class=\"alignnone size-medium wp-image-3618\" src=\"https:\/\/shaliteink.com\/wp-content\/uploads\/2025\/08\/PVC-Free-Violet-Plastisol-Ink-3-300x270.jpeg\" alt=\"PVC-freie violette Plastisolfarbe\" width=\"300\" height=\"270\" srcset=\"https:\/\/shaliteink.com\/wp-content\/uploads\/2025\/08\/PVC-Free-Violet-Plastisol-Ink-3-300x270.jpeg 300w, https:\/\/shaliteink.com\/wp-content\/uploads\/2025\/08\/PVC-Free-Violet-Plastisol-Ink-3-1024x921.jpeg 1024w, https:\/\/shaliteink.com\/wp-content\/uploads\/2025\/08\/PVC-Free-Violet-Plastisol-Ink-3-768x691.jpeg 768w, https:\/\/shaliteink.com\/wp-content\/uploads\/2025\/08\/PVC-Free-Violet-Plastisol-Ink-3-1536x1382.jpeg 1536w, https:\/\/shaliteink.com\/wp-content\/uploads\/2025\/08\/PVC-Free-Violet-Plastisol-Ink-3-2048x1843.jpeg 2048w, https:\/\/shaliteink.com\/wp-content\/uploads\/2025\/08\/PVC-Free-Violet-Plastisol-Ink-3-13x12.jpeg 13w, https:\/\/shaliteink.com\/wp-content\/uploads\/2025\/08\/PVC-Free-Violet-Plastisol-Ink-3-1200x1080.jpeg 1200w, https:\/\/shaliteink.com\/wp-content\/uploads\/2025\/08\/PVC-Free-Violet-Plastisol-Ink-3-150x135.jpeg 150w\" sizes=\"(max-width: 300px) 100vw, 300px\" \/><\/p>\n<h1>Aush\u00e4rtungshinweise:<\/h1>\n<p>F\u00fcr optimale Ergebnisse die Tinte bei 160 \u00b0C (320 \u00b0F) f\u00fcr 1\u20131,5 Minuten mit einem Schnelltrockner, Bandtrockner oder einer Warmluftpresse aush\u00e4rten. <strong>PVC-freie Plastisolfarbe \u2013 Mengenrabatt verf\u00fcgbar \u2013<\/strong>\u00a0ist f\u00fcr die Aush\u00e4rtung bei niedrigen Temperaturen ausgelegt und eignet sich daher gut f\u00fcr kleine Anlagen und Arbeitsabl\u00e4ufe, bei denen die Festigkeit im Vordergrund steht.<\/p>","protected":false},"excerpt":{"rendered":"<p><strong>Nicht PVC-violette dunkle Plastisol-Tinte<\/strong>: helle Deckkraft, weiche Haptik, geringer Geruch. OEKO-TEX-kompatibel. H\u00e4rtet bei 320 \u00b0F aus. <strong data-start=\"472\" data-end=\"483\">Jetzt kaufen<\/strong>\u2014<strong data-start=\"484\" data-end=\"501\">schneller Versand<\/strong>, einfach zu bedienen.<\/p>","protected":false},"featured_media":3616,"comment_status":"open","ping_status":"closed","template":"","meta":[],"product_brand":[],"product_cat":[45],"product_tag":[],"class_list":{"0":"post-2603","1":"product","2":"type-product","3":"status-publish","4":"has-post-thumbnail","6":"product_cat-pvc-free-plastisol-ink","8":"first","9":"instock","10":"shipping-taxable","11":"purchasable","12":"product-type-variable"},"tiered_pricing_type":"fixed","tiered_pricing_fixed_rules":[],"tiered_pricing_product_settings":{"layout":"default","base_unit_name":{"singular":null,"plural":null},"default_variation":null},"tiered_pricing_minimum_quantity":null,"tiered_pricing_roles_data":[],"tiered_pricing_percentage_rules":[],"tiered_pricing_maximum_quantity":null,"tiered_pricing_quantity_step":null,"_links":{"self":[{"href":"https:\/\/shaliteink.com\/de\/wp-json\/wp\/v2\/product\/2603","targetHints":{"allow":["GET"]}}],"collection":[{"href":"https:\/\/shaliteink.com\/de\/wp-json\/wp\/v2\/product"}],"about":[{"href":"https:\/\/shaliteink.com\/de\/wp-json\/wp\/v2\/types\/product"}],"replies":[{"embeddable":true,"href":"https:\/\/shaliteink.com\/de\/wp-json\/wp\/v2\/comments?post=2603"}],"version-history":[{"count":0,"href":"https:\/\/shaliteink.com\/de\/wp-json\/wp\/v2\/product\/2603\/revisions"}],"wp:featuredmedia":[{"embeddable":true,"href":"https:\/\/shaliteink.com\/de\/wp-json\/wp\/v2\/media\/3616"}],"wp:attachment":[{"href":"https:\/\/shaliteink.com\/de\/wp-json\/wp\/v2\/media?parent=2603"}],"wp:term":[{"taxonomy":"product_brand","embeddable":true,"href":"https:\/\/shaliteink.com\/de\/wp-json\/wp\/v2\/product_brand?post=2603"},{"taxonomy":"product_cat","embeddable":true,"href":"https:\/\/shaliteink.com\/de\/wp-json\/wp\/v2\/product_cat?post=2603"},{"taxonomy":"product_tag","embeddable":true,"href":"https:\/\/shaliteink.com\/de\/wp-json\/wp\/v2\/product_tag?post=2603"}],"curies":[{"name":"wp","href":"https:\/\/api.w.org\/{rel}","templated":true}]}}