{"id":2596,"date":"2025-07-28T06:07:23","date_gmt":"2025-07-28T06:07:23","guid":{"rendered":"https:\/\/shaliteink.com\/?post_type=product&#038;p=2596"},"modified":"2025-12-10T11:28:14","modified_gmt":"2025-12-10T11:28:14","slug":"pvc-freie-extra-grune-plastisolfarbe","status":"publish","type":"product","link":"https:\/\/shaliteink.com\/de\/produkt\/pvc-freie-extra-grune-plastisolfarbe\/","title":{"rendered":"PVC-freie extra gr\u00fcne Plastisol-Tinte \u2013 Jetzt kaufen"},"content":{"rendered":"<p>Erwecken Sie Ihre Kreativit\u00e4t, Fantasie und Weitsicht mit unserem zum Leben. <strong><a href=\"https:\/\/shaliteink.com\/de\/produkt-kategorie\/pvc-freie-plastisolfarbe\/\">PVC-freie Plastisol-Tinte<\/a><\/strong> Extra Green wurde f\u00fcr Kreative entwickelt, die Wert auf farbenfrohe und umweltfreundliche Ergebnisse legen. Ob DIY-Bastler, Hersteller kleiner Bekleidungsmarken oder Maker-Spaces an Schulen \u2013 diese Plastisolfarbe bietet Ihnen \u00fcberragende Ergebnisse ohne Kompromisse bei Sicherheit und Nachhaltigkeit.<\/p>\n<p>Diese Tinte, hergestellt aus PVC-freien Komponenten, bietet alle Vorteile herk\u00f6mmlicher Plastisolfarben \u2013 hohe Deckkraft, weicher Griff und au\u00dfergew\u00f6hnliche Waschbest\u00e4ndigkeit \u2013 ohne die Umweltbelastung. Sie ist die ideale L\u00f6sung f\u00fcr ausdrucksstarke, umweltfreundliche Drucke auf Baumwoll- und Baumwollmischgewebe, Tragetaschen, Heimtextilien und vielem mehr.<\/p>\n<p>Unsere Tinte eignet sich perfekt f\u00fcr den Heimdruck mit Hei\u00dfluftpistolen oder Haushaltstrocknern und ist mit benutzerfreundlichen Eigenschaften ausgestattet, die die Einrichtung vereinfachen und den Reinigungsaufwand reduzieren \u2013 ideal f\u00fcr Einsteiger und erfahrene Anwender gleicherma\u00dfen.<\/p>\n<p><img decoding=\"async\" class=\"alignnone size-medium wp-image-3645\" src=\"https:\/\/shaliteink.com\/wp-content\/uploads\/2025\/07\/PVC-Free-Extra-Green-Plastisol-Ink-3-279x300.jpeg\" alt=\"PVC-freie extra gr\u00fcne Plastisol-Tinte\" width=\"279\" height=\"300\" srcset=\"https:\/\/shaliteink.com\/wp-content\/uploads\/2025\/07\/PVC-Free-Extra-Green-Plastisol-Ink-3-279x300.jpeg 279w, https:\/\/shaliteink.com\/wp-content\/uploads\/2025\/07\/PVC-Free-Extra-Green-Plastisol-Ink-3-951x1024.jpeg 951w, https:\/\/shaliteink.com\/wp-content\/uploads\/2025\/07\/PVC-Free-Extra-Green-Plastisol-Ink-3-768x827.jpeg 768w, https:\/\/shaliteink.com\/wp-content\/uploads\/2025\/07\/PVC-Free-Extra-Green-Plastisol-Ink-3-1426x1536.jpeg 1426w, https:\/\/shaliteink.com\/wp-content\/uploads\/2025\/07\/PVC-Free-Extra-Green-Plastisol-Ink-3-11x12.jpeg 11w, https:\/\/shaliteink.com\/wp-content\/uploads\/2025\/07\/PVC-Free-Extra-Green-Plastisol-Ink-3-1200x1293.jpeg 1200w, https:\/\/shaliteink.com\/wp-content\/uploads\/2025\/07\/PVC-Free-Extra-Green-Plastisol-Ink-3-150x162.jpeg 150w, https:\/\/shaliteink.com\/wp-content\/uploads\/2025\/07\/PVC-Free-Extra-Green-Plastisol-Ink-3.jpeg 1608w\" sizes=\"(max-width: 279px) 100vw, 279px\" \/><\/p>\n<h1>Hauptmerkmale:<\/h1>\n<ul>\n<li>PVC-freie Plastisolfarbe \u2013 Sicherer f\u00fcr Anwender, besser f\u00fcr die Umwelt<\/li>\n<li>Extra gr\u00fcnes Pigment \u2013 Sorgt f\u00fcr hohe Deckkraft und brillante Farbwirkung auch auf dunklen Kleidungsst\u00fccken.<\/li>\n<li>Geruchsarm, ungiftige Formel \u2013 Ideal f\u00fcr den Hausgebrauch oder f\u00fcr H\u00f6rs\u00e4le<\/li>\n<li>Einfache Anwendung \u2013 Geschmeidige Konsistenz f\u00fcr gleichm\u00e4\u00dfige Schablonen und bequemes Abziehen<\/li>\n<li>Schnelle Reinigung \u2013 Kompatibel mit wasserbasierten oder auf Zitrusfr\u00fcchten basierenden Tintenreinigern<\/li>\n<li>Niedrigtemperaturh\u00e4rtung (270\u2013300 \u00b0F) \u2013 Kompatibel mit maximalen Heizger\u00e4ten f\u00fcr den Hausgebrauch oder professionelle Anwender.<\/li>\n<\/ul>\n<p><img decoding=\"async\" class=\"alignnone size-medium wp-image-3644\" src=\"https:\/\/shaliteink.com\/wp-content\/uploads\/2025\/07\/PVC-Free-Extra-Green-Plastisol-Ink-2-285x300.jpeg\" alt=\"PVC-freie extra gr\u00fcne Plastisol-Tinte\" width=\"285\" height=\"300\" srcset=\"https:\/\/shaliteink.com\/wp-content\/uploads\/2025\/07\/PVC-Free-Extra-Green-Plastisol-Ink-2-285x300.jpeg 285w, https:\/\/shaliteink.com\/wp-content\/uploads\/2025\/07\/PVC-Free-Extra-Green-Plastisol-Ink-2-973x1024.jpeg 973w, https:\/\/shaliteink.com\/wp-content\/uploads\/2025\/07\/PVC-Free-Extra-Green-Plastisol-Ink-2-768x808.jpeg 768w, https:\/\/shaliteink.com\/wp-content\/uploads\/2025\/07\/PVC-Free-Extra-Green-Plastisol-Ink-2-1460x1536.jpeg 1460w, https:\/\/shaliteink.com\/wp-content\/uploads\/2025\/07\/PVC-Free-Extra-Green-Plastisol-Ink-2-11x12.jpeg 11w, https:\/\/shaliteink.com\/wp-content\/uploads\/2025\/07\/PVC-Free-Extra-Green-Plastisol-Ink-2-1200x1263.jpeg 1200w, https:\/\/shaliteink.com\/wp-content\/uploads\/2025\/07\/PVC-Free-Extra-Green-Plastisol-Ink-2-150x158.jpeg 150w, https:\/\/shaliteink.com\/wp-content\/uploads\/2025\/07\/PVC-Free-Extra-Green-Plastisol-Ink-2.jpeg 1612w\" sizes=\"(max-width: 285px) 100vw, 285px\" \/><\/p>\n<h1>Aush\u00e4rtungshinweise:<\/h1>\n<p>Das <a href=\"https:\/\/shaliteink.com\/de\/\"><strong>PVC-freie Plastisol-Tinte<\/strong><\/a> Die Aush\u00e4rtung erfolgt bei Temperaturen zwischen 132 \u00b0C und 149 \u00b0C (270 \u00b0F bis 300 \u00b0F), wodurch die Lichtkosten drastisch gesenkt werden und das Verfahren sich ideal f\u00fcr Hei\u00dfluftpistolen, Blitztrockner oder Haushaltstrockner eignet. Eine korrekte Aush\u00e4rtung gew\u00e4hrleistet langlebige Drucke mit bemerkenswerter Elastizit\u00e4t und Waschbest\u00e4ndigkeit.<\/p>\n<p>&nbsp;<\/p>","protected":false},"excerpt":{"rendered":"<p data-start=\"3372\" data-end=\"3535\"><strong data-start=\"3372\" data-end=\"3535\">Jetzt PVC-freie Extra-Gr\u00fcne Plastisol-Tinte kaufen \u2013 umweltfreundliche, bei niedrigen Temperaturen aush\u00e4rtende, farbbrillante und ungiftige Siebdruckfarbe f\u00fcr T-Shirts, Tragetaschen und DIY-Bastelprojekte.<\/strong><\/p>","protected":false},"featured_media":2601,"comment_status":"open","ping_status":"closed","template":"","meta":[],"product_brand":[],"product_cat":[45],"product_tag":[],"class_list":{"0":"post-2596","1":"product","2":"type-product","3":"status-publish","4":"has-post-thumbnail","6":"product_cat-pvc-free-plastisol-ink","8":"first","9":"instock","10":"shipping-taxable","11":"purchasable","12":"product-type-variable"},"tiered_pricing_type":"fixed","tiered_pricing_fixed_rules":[],"tiered_pricing_product_settings":{"layout":"default","base_unit_name":{"singular":null,"plural":null},"default_variation":null},"tiered_pricing_minimum_quantity":null,"tiered_pricing_roles_data":[],"tiered_pricing_percentage_rules":[],"tiered_pricing_maximum_quantity":null,"tiered_pricing_quantity_step":null,"_links":{"self":[{"href":"https:\/\/shaliteink.com\/de\/wp-json\/wp\/v2\/product\/2596","targetHints":{"allow":["GET"]}}],"collection":[{"href":"https:\/\/shaliteink.com\/de\/wp-json\/wp\/v2\/product"}],"about":[{"href":"https:\/\/shaliteink.com\/de\/wp-json\/wp\/v2\/types\/product"}],"replies":[{"embeddable":true,"href":"https:\/\/shaliteink.com\/de\/wp-json\/wp\/v2\/comments?post=2596"}],"version-history":[{"count":0,"href":"https:\/\/shaliteink.com\/de\/wp-json\/wp\/v2\/product\/2596\/revisions"}],"wp:featuredmedia":[{"embeddable":true,"href":"https:\/\/shaliteink.com\/de\/wp-json\/wp\/v2\/media\/2601"}],"wp:attachment":[{"href":"https:\/\/shaliteink.com\/de\/wp-json\/wp\/v2\/media?parent=2596"}],"wp:term":[{"taxonomy":"product_brand","embeddable":true,"href":"https:\/\/shaliteink.com\/de\/wp-json\/wp\/v2\/product_brand?post=2596"},{"taxonomy":"product_cat","embeddable":true,"href":"https:\/\/shaliteink.com\/de\/wp-json\/wp\/v2\/product_cat?post=2596"},{"taxonomy":"product_tag","embeddable":true,"href":"https:\/\/shaliteink.com\/de\/wp-json\/wp\/v2\/product_tag?post=2596"}],"curies":[{"name":"wp","href":"https:\/\/api.w.org\/{rel}","templated":true}]}}