{"id":2584,"date":"2025-08-05T08:12:07","date_gmt":"2025-08-05T08:12:07","guid":{"rendered":"https:\/\/shaliteink.com\/?post_type=product&#038;p=2584"},"modified":"2025-12-10T11:31:53","modified_gmt":"2025-12-10T11:31:53","slug":"pvc-freie-plastisolfarbe-extra-schwarz-kaufen","status":"publish","type":"product","link":"https:\/\/shaliteink.com\/de\/produkt\/pvc-freie-plastisolfarbe-extra-schwarz-kaufen\/","title":{"rendered":"PVC-freie Plastisol-Tinte Tinte Extra Schwarz | Kaufen"},"content":{"rendered":"<p>Entdecken Sie die richtige schwarze Tinte f\u00fcr ausdrucksstarke, sichere und umweltbewusste Druckergebnisse. Shaliteink bietet Ihnen die passende Tinte. <strong><a href=\"https:\/\/shaliteink.com\/de\/produkt-kategorie\/pvc-freie-plastisolfarbe\/\">PVC-freie Plastisol-Tinte<\/a><\/strong> Extra Black bietet die satte Deckkraft und den weichen Griff herk\u00f6mmlicher Plastisolfarben \u2013 ganz ohne sch\u00e4dliche PVCs oder Phthalate. Diese Farbe wurde f\u00fcr DIY-Bastler, Etsy-Verk\u00e4ufer, Schulen und kleine Bekleidungshersteller entwickelt und ist die ideale L\u00f6sung f\u00fcr farbintensive schwarze Drucke mit professionellen Ergebnissen.<\/p>\n<p>Ob Sie T-Shirts, Tragetaschen oder Heimtextilien individuell gestalten m\u00f6chten \u2013 diese Tinte garantiert tiefschwarze Farben, gleichm\u00e4\u00dfige Druckergebnisse und extreme Waschbest\u00e4ndigkeit. Unsere PVC-freie Plastisolfarbe ist sowohl f\u00fcr Einsteiger als auch f\u00fcr Profis geeignet und beseitigt die Gesundheitsrisiken und Umweltnachteile herk\u00f6mmlicher Tinten \u2013 ohne Kompromisse bei der Leistung einzugehen.<\/p>\n<p><img decoding=\"async\" class=\"alignnone size-medium wp-image-3628\" src=\"https:\/\/shaliteink.com\/wp-content\/uploads\/2025\/08\/PVC-Free-Plastisol-Ink-Ink-Extra-Black-2-282x300.jpeg\" alt=\"PVC-freie Plastisol-Tinte, extra schwarz\" width=\"282\" height=\"300\" srcset=\"https:\/\/shaliteink.com\/wp-content\/uploads\/2025\/08\/PVC-Free-Plastisol-Ink-Ink-Extra-Black-2-282x300.jpeg 282w, https:\/\/shaliteink.com\/wp-content\/uploads\/2025\/08\/PVC-Free-Plastisol-Ink-Ink-Extra-Black-2-964x1024.jpeg 964w, https:\/\/shaliteink.com\/wp-content\/uploads\/2025\/08\/PVC-Free-Plastisol-Ink-Ink-Extra-Black-2-768x816.jpeg 768w, https:\/\/shaliteink.com\/wp-content\/uploads\/2025\/08\/PVC-Free-Plastisol-Ink-Ink-Extra-Black-2-1445x1536.jpeg 1445w, https:\/\/shaliteink.com\/wp-content\/uploads\/2025\/08\/PVC-Free-Plastisol-Ink-Ink-Extra-Black-2-1927x2048.jpeg 1927w, https:\/\/shaliteink.com\/wp-content\/uploads\/2025\/08\/PVC-Free-Plastisol-Ink-Ink-Extra-Black-2-11x12.jpeg 11w, https:\/\/shaliteink.com\/wp-content\/uploads\/2025\/08\/PVC-Free-Plastisol-Ink-Ink-Extra-Black-2-1200x1275.jpeg 1200w, https:\/\/shaliteink.com\/wp-content\/uploads\/2025\/08\/PVC-Free-Plastisol-Ink-Ink-Extra-Black-2-150x159.jpeg 150w\" sizes=\"(max-width: 282px) 100vw, 282px\" \/><\/p>\n<h1>Hauptmerkmale:<\/h1>\n<ul>\n<li>PVC-freie Plastisolfarbe \u2013 Ohne PVC, ohne Phthalate, sicherer f\u00fcr den Gebrauch zu Hause und in Bildungseinrichtungen.<\/li>\n<li>Ultradeckendes Schwarz \u2013 Sattes, dichtes Schwarz, das auf hellen und dunklen Stoffen gleicherma\u00dfen gut zur Geltung kommt.<\/li>\n<li>Methode mit geringem Geruch \u2013 Ideal f\u00fcr geschlossene R\u00e4ume wie kleine Studios oder Klassenzimmer.<\/li>\n<li>Weiches Griffgef\u00fchl \u2013 Hinterl\u00e4sst nach dem Aush\u00e4rten einen flexiblen, angenehmen Abdruck.<\/li>\n<li>Reibungslose Software \u2013 Gleichm\u00e4\u00dfiger Durchfluss und keine Verstopfung, optimal f\u00fcr erstklassige Daten und gro\u00dfe F\u00fcllmengen.<\/li>\n<li>F\u00fcr den Siebdruck geeignet \u2013 Kompatibel mit g\u00e4ngigen Maschenweiten (110\u2013160).<\/li>\n<\/ul>\n<p><img decoding=\"async\" class=\"alignnone size-medium wp-image-3627\" src=\"https:\/\/shaliteink.com\/wp-content\/uploads\/2025\/08\/PVC-Free-Plastisol-Ink-Ink-Extra-Black-1-267x300.jpeg\" alt=\"PVC-freie Plastisol-Tinte, extra schwarz\" width=\"267\" height=\"300\" srcset=\"https:\/\/shaliteink.com\/wp-content\/uploads\/2025\/08\/PVC-Free-Plastisol-Ink-Ink-Extra-Black-1-267x300.jpeg 267w, https:\/\/shaliteink.com\/wp-content\/uploads\/2025\/08\/PVC-Free-Plastisol-Ink-Ink-Extra-Black-1-910x1024.jpeg 910w, https:\/\/shaliteink.com\/wp-content\/uploads\/2025\/08\/PVC-Free-Plastisol-Ink-Ink-Extra-Black-1-768x864.jpeg 768w, https:\/\/shaliteink.com\/wp-content\/uploads\/2025\/08\/PVC-Free-Plastisol-Ink-Ink-Extra-Black-1-1365x1536.jpeg 1365w, https:\/\/shaliteink.com\/wp-content\/uploads\/2025\/08\/PVC-Free-Plastisol-Ink-Ink-Extra-Black-1-1820x2048.jpeg 1820w, https:\/\/shaliteink.com\/wp-content\/uploads\/2025\/08\/PVC-Free-Plastisol-Ink-Ink-Extra-Black-1-11x12.jpeg 11w, https:\/\/shaliteink.com\/wp-content\/uploads\/2025\/08\/PVC-Free-Plastisol-Ink-Ink-Extra-Black-1-1200x1350.jpeg 1200w, https:\/\/shaliteink.com\/wp-content\/uploads\/2025\/08\/PVC-Free-Plastisol-Ink-Ink-Extra-Black-1-150x169.jpeg 150w\" sizes=\"(max-width: 267px) 100vw, 267px\" \/><\/p>\n<p>&nbsp;<\/p>\n<h1>Informationen zur Aush\u00e4rtung:<\/h1>\n<p>Das <a href=\"https:\/\/shaliteink.com\/de\/\"><strong>Online-Shop f\u00fcr PVC-freie Plastisolfarbe<\/strong><\/a>\u00a0Die Behandlungsmethoden eignen sich f\u00fcr Temperaturen von 132\u2013149 \u00b0C (270\u2013300 \u00b0F) und erm\u00f6glichen so schnellere Produktionszyklen sowie die Kompatibilit\u00e4t mit den meisten handels\u00fcblichen Hei\u00dfluftpistolen, Trocknern oder kleinen Tunneltrocknern. Sie sind optimal f\u00fcr Niedertemperaturanwendungen geeignet, da sie den Energieverbrauch senken und gleichzeitig die Textilqualit\u00e4t erhalten.<\/p>","protected":false},"excerpt":{"rendered":"<p>Entdecken Sie die richtige schwarze Tinte f\u00fcr ausdrucksstarke, sichere und umweltfreundliche Druckergebnisse. Die PVC-freie Plastisoltinte Extra Black von shaliteink bietet hohe Deckkraft und zarte Farbabgabe.<\/p>","protected":false},"featured_media":3626,"comment_status":"open","ping_status":"closed","template":"","meta":[],"product_brand":[],"product_cat":[45,50],"product_tag":[],"class_list":{"0":"post-2584","1":"product","2":"type-product","3":"status-publish","4":"has-post-thumbnail","6":"product_cat-pvc-free-plastisol-ink","7":"product_cat-black-screen-printing-ink-plastisol","9":"first","10":"instock","11":"shipping-taxable","12":"purchasable","13":"product-type-variable"},"tiered_pricing_type":"fixed","tiered_pricing_fixed_rules":[],"tiered_pricing_product_settings":{"layout":"default","base_unit_name":{"singular":null,"plural":null},"default_variation":null},"tiered_pricing_minimum_quantity":null,"tiered_pricing_roles_data":[],"tiered_pricing_percentage_rules":[],"tiered_pricing_maximum_quantity":null,"tiered_pricing_quantity_step":null,"_links":{"self":[{"href":"https:\/\/shaliteink.com\/de\/wp-json\/wp\/v2\/product\/2584","targetHints":{"allow":["GET"]}}],"collection":[{"href":"https:\/\/shaliteink.com\/de\/wp-json\/wp\/v2\/product"}],"about":[{"href":"https:\/\/shaliteink.com\/de\/wp-json\/wp\/v2\/types\/product"}],"replies":[{"embeddable":true,"href":"https:\/\/shaliteink.com\/de\/wp-json\/wp\/v2\/comments?post=2584"}],"version-history":[{"count":0,"href":"https:\/\/shaliteink.com\/de\/wp-json\/wp\/v2\/product\/2584\/revisions"}],"wp:featuredmedia":[{"embeddable":true,"href":"https:\/\/shaliteink.com\/de\/wp-json\/wp\/v2\/media\/3626"}],"wp:attachment":[{"href":"https:\/\/shaliteink.com\/de\/wp-json\/wp\/v2\/media?parent=2584"}],"wp:term":[{"taxonomy":"product_brand","embeddable":true,"href":"https:\/\/shaliteink.com\/de\/wp-json\/wp\/v2\/product_brand?post=2584"},{"taxonomy":"product_cat","embeddable":true,"href":"https:\/\/shaliteink.com\/de\/wp-json\/wp\/v2\/product_cat?post=2584"},{"taxonomy":"product_tag","embeddable":true,"href":"https:\/\/shaliteink.com\/de\/wp-json\/wp\/v2\/product_tag?post=2584"}],"curies":[{"name":"wp","href":"https:\/\/api.w.org\/{rel}","templated":true}]}}