{"id":2524,"date":"2025-08-16T02:27:32","date_gmt":"2025-08-16T02:27:32","guid":{"rendered":"https:\/\/shaliteink.com\/?post_type=product&#038;p=2524"},"modified":"2025-12-10T11:29:42","modified_gmt":"2025-12-10T11:29:42","slug":"pvc-freie-schwarze-plastisolfarbe","status":"publish","type":"product","link":"https:\/\/shaliteink.com\/de\/produkt\/pvc-freie-schwarze-plastisolfarbe\/","title":{"rendered":"PVC-freie schwarze Plastisolfarbe f\u00fcr den Siebdruck | Jetzt kaufen"},"content":{"rendered":"<p>Suchen Sie nach einer sichereren und umweltfreundlicheren Methode, um auff\u00e4llige Designs auf Stoff zu drucken? Unser <strong><a href=\"https:\/\/shaliteink.com\/de\/produkt-kategorie\/pvc-freie-plastisolfarbe\/\">PVC-freie Plastisolfarbe<\/a><\/strong> Tiefschwarz ist die ideale L\u00f6sung f\u00fcr Siebdruckfarben-Kunden, die Wert auf hohe Qualit\u00e4t und Umweltvertr\u00e4glichkeit legen. Speziell entwickelt f\u00fcr farbenfrohe und langlebige Ergebnisse, eignet sich diese Farbe hervorragend f\u00fcr DIY-Bastler, unabh\u00e4ngige Hersteller, Etsy-Verk\u00e4ufer und Bildungs-Workshops.<\/p>\n<p>Das <strong>PVC-freie schwarze Plastisolfarbe<\/strong>\u00a0Bietet brillante Schwarzt\u00f6ne mit gleichm\u00e4\u00dfiger, einfacher Deckkraft \u2013 ideal f\u00fcr helle und dunkle Textilien. Ob Sie zu Hause T-Shirts im Siebdruckverfahren bedrucken oder Kleinserien f\u00fcr Ihr Logo produzieren m\u00f6chten: Dieses umweltfreundliche Verfahren liefert professionelle Ergebnisse ohne die sch\u00e4dlichen Chemikalien herk\u00f6mmlicher Druckfarben.<\/p>\n<p>Im Gegensatz zu herk\u00f6mmlichen Plastisolfarben ist unser schwarzes PVC-freies Modell phthalatfrei und ohne Polyvinylchlorid formuliert. Dadurch ist es sicherer f\u00fcr den Einsatz in Schulen, Haushalten und Studios. Es ist die ideale Wahl f\u00fcr Anwender, die eine geruchsarme, ungiftige und leicht zu verarbeitende Siebdruckfarbe suchen.<\/p>\n<p><img decoding=\"async\" class=\"alignnone size-medium wp-image-3632\" src=\"https:\/\/shaliteink.com\/wp-content\/uploads\/2025\/08\/PVC-Free-Black-Plastisol-Ink-292x300.jpeg\" alt=\"PVC-freie schwarze Plastisolfarbe\" width=\"292\" height=\"300\" srcset=\"https:\/\/shaliteink.com\/wp-content\/uploads\/2025\/08\/PVC-Free-Black-Plastisol-Ink-292x300.jpeg 292w, https:\/\/shaliteink.com\/wp-content\/uploads\/2025\/08\/PVC-Free-Black-Plastisol-Ink-996x1024.jpeg 996w, https:\/\/shaliteink.com\/wp-content\/uploads\/2025\/08\/PVC-Free-Black-Plastisol-Ink-768x789.jpeg 768w, https:\/\/shaliteink.com\/wp-content\/uploads\/2025\/08\/PVC-Free-Black-Plastisol-Ink-1494x1536.jpeg 1494w, https:\/\/shaliteink.com\/wp-content\/uploads\/2025\/08\/PVC-Free-Black-Plastisol-Ink-1992x2048.jpeg 1992w, https:\/\/shaliteink.com\/wp-content\/uploads\/2025\/08\/PVC-Free-Black-Plastisol-Ink-12x12.jpeg 12w, https:\/\/shaliteink.com\/wp-content\/uploads\/2025\/08\/PVC-Free-Black-Plastisol-Ink-1200x1234.jpeg 1200w, https:\/\/shaliteink.com\/wp-content\/uploads\/2025\/08\/PVC-Free-Black-Plastisol-Ink-150x154.jpeg 150w\" sizes=\"(max-width: 292px) 100vw, 292px\" \/><\/p>\n<h1>Hauptmerkmale:<\/h1>\n<ul>\n<li>PVC-freies Verfahren: sicherer f\u00fcr Kunden und die Umwelt<\/li>\n<li>Tiefschwarzer Farbton: Unglaubliche Deckkraft auf hellen und dunklen Textilien.<\/li>\n<li>Geruchsarm: geeignet f\u00fcr den Einsatz in beengten R\u00e4umen. Cremig.<\/li>\n<li>Einfache Textur: leicht zu drucken, geeignet f\u00fcr Anf\u00e4nger und Profis<\/li>\n<li>Verlangsamt das Trocknen in der Auslage: reduziert Verstopfungen und Abfall.<\/li>\n<li>OEKO-TEX\u00ae-zertifiziert: Erf\u00fcllt weltweite Textilsicherheitsstandards.<\/li>\n<\/ul>\n<p><img decoding=\"async\" class=\"alignnone size-medium wp-image-3633\" src=\"https:\/\/shaliteink.com\/wp-content\/uploads\/2025\/08\/PVC-Free-Black-Plastisol-Ink-1-295x300.jpeg\" alt=\"PVC-freie schwarze Plastisolfarbe\" width=\"295\" height=\"300\" srcset=\"https:\/\/shaliteink.com\/wp-content\/uploads\/2025\/08\/PVC-Free-Black-Plastisol-Ink-1-295x300.jpeg 295w, https:\/\/shaliteink.com\/wp-content\/uploads\/2025\/08\/PVC-Free-Black-Plastisol-Ink-1-1008x1024.jpeg 1008w, https:\/\/shaliteink.com\/wp-content\/uploads\/2025\/08\/PVC-Free-Black-Plastisol-Ink-1-768x781.jpeg 768w, https:\/\/shaliteink.com\/wp-content\/uploads\/2025\/08\/PVC-Free-Black-Plastisol-Ink-1-1511x1536.jpeg 1511w, https:\/\/shaliteink.com\/wp-content\/uploads\/2025\/08\/PVC-Free-Black-Plastisol-Ink-1-2015x2048.jpeg 2015w, https:\/\/shaliteink.com\/wp-content\/uploads\/2025\/08\/PVC-Free-Black-Plastisol-Ink-1-12x12.jpeg 12w, https:\/\/shaliteink.com\/wp-content\/uploads\/2025\/08\/PVC-Free-Black-Plastisol-Ink-1-1200x1220.jpeg 1200w, https:\/\/shaliteink.com\/wp-content\/uploads\/2025\/08\/PVC-Free-Black-Plastisol-Ink-1-150x152.jpeg 150w\" sizes=\"(max-width: 295px) 100vw, 295px\" \/><\/p>\n<h1>Richtlinien zur Heilung:<\/h1>\n<p>Unsere PVC-freie Plastisolfarbe h\u00e4rtet bei etwa 132 \u00b0C bis 149 \u00b0C (270 \u00b0F bis 300 \u00b0F) aus. Das ist niedriger als bei herk\u00f6mmlichen Plastisolfarben und eignet sich daher f\u00fcr Hei\u00dfluftpistolen, Schnelltrockner oder Bandtrockner. Niedrigere Aush\u00e4rtungstemperaturen reduzieren die Kosten f\u00fcr die Festigkeit und minimieren das Einlaufen empfindlicher Textilien.<\/p>\n<p>Bestellen Sie noch heute! <span class=\"wrapper\">und nimm deine<\/span> Bringen Sie Ihre Siebdruckprojekte mit unserem auf die n\u00e4chste Stufe <strong><a href=\"https:\/\/shaliteink.com\/de\/\">Online-Shop f\u00fcr PVC-freie Plastisolfarbe<\/a><\/strong>\u2014 gemacht f\u00fcr Sch\u00f6pfer<span class=\"wrapper\">s, hergestellt f\u00fcr r<\/span>Ergebnisse.<\/p>","protected":false},"excerpt":{"rendered":"<p>Schwarze, PVC-freie Plastisolfarbe f\u00fcr den Siebdruck. Geruchsarm, umweltfreundlich und schnellh\u00e4rtend. Ideal f\u00fcr DIY-Projekte, Etsy-Verk\u00e4ufer, Schulen und Bekleidungs-Startups. Jetzt kaufen!<\/p>","protected":false},"featured_media":2530,"comment_status":"open","ping_status":"closed","template":"","meta":[],"product_brand":[],"product_cat":[45,50],"product_tag":[],"class_list":{"0":"post-2524","1":"product","2":"type-product","3":"status-publish","4":"has-post-thumbnail","6":"product_cat-pvc-free-plastisol-ink","7":"product_cat-black-screen-printing-ink-plastisol","9":"first","10":"instock","11":"shipping-taxable","12":"purchasable","13":"product-type-variable"},"tiered_pricing_type":"fixed","tiered_pricing_fixed_rules":[],"tiered_pricing_product_settings":{"layout":"default","base_unit_name":{"singular":null,"plural":null},"default_variation":null},"tiered_pricing_minimum_quantity":null,"tiered_pricing_roles_data":[],"tiered_pricing_percentage_rules":[],"tiered_pricing_maximum_quantity":null,"tiered_pricing_quantity_step":null,"_links":{"self":[{"href":"https:\/\/shaliteink.com\/de\/wp-json\/wp\/v2\/product\/2524","targetHints":{"allow":["GET"]}}],"collection":[{"href":"https:\/\/shaliteink.com\/de\/wp-json\/wp\/v2\/product"}],"about":[{"href":"https:\/\/shaliteink.com\/de\/wp-json\/wp\/v2\/types\/product"}],"replies":[{"embeddable":true,"href":"https:\/\/shaliteink.com\/de\/wp-json\/wp\/v2\/comments?post=2524"}],"version-history":[{"count":0,"href":"https:\/\/shaliteink.com\/de\/wp-json\/wp\/v2\/product\/2524\/revisions"}],"wp:featuredmedia":[{"embeddable":true,"href":"https:\/\/shaliteink.com\/de\/wp-json\/wp\/v2\/media\/2530"}],"wp:attachment":[{"href":"https:\/\/shaliteink.com\/de\/wp-json\/wp\/v2\/media?parent=2524"}],"wp:term":[{"taxonomy":"product_brand","embeddable":true,"href":"https:\/\/shaliteink.com\/de\/wp-json\/wp\/v2\/product_brand?post=2524"},{"taxonomy":"product_cat","embeddable":true,"href":"https:\/\/shaliteink.com\/de\/wp-json\/wp\/v2\/product_cat?post=2524"},{"taxonomy":"product_tag","embeddable":true,"href":"https:\/\/shaliteink.com\/de\/wp-json\/wp\/v2\/product_tag?post=2524"}],"curies":[{"name":"wp","href":"https:\/\/api.w.org\/{rel}","templated":true}]}}