{"id":1637,"date":"2025-04-23T06:56:00","date_gmt":"2025-04-23T06:56:00","guid":{"rendered":"https:\/\/shaliteink.com\/?post_type=product&#038;p=1637"},"modified":"2025-12-10T11:31:38","modified_gmt":"2025-12-10T11:31:38","slug":"blaue-pvc-freie-nb-siebdruckfarbe","status":"publish","type":"product","link":"https:\/\/shaliteink.com\/de\/produkt\/blaue-pvc-freie-nb-siebdruckfarbe\/","title":{"rendered":"Blaue PVC-freie NB-Siebdruckfarbe"},"content":{"rendered":"<p><strong class=\"ng-star-inserted\"><span class=\"ng-star-inserted\">Warum Shaliteink w\u00e4hlen?<\/span><\/strong><\/p>\n<p>H\u00f6ren Sie auf, zu viel f\u00fcr Brokerage-Tickets zu bezahlen. Wenn Sie mit <strong><a href=\"https:\/\/shaliteink.com\/de\/\">Shalitink<\/a><\/strong>, Sie kaufen direkt vom Hersteller. Unsere patentierte Formel bietet ein perfektes Gleichgewicht zwischen Cremigkeit und Deckkraft und ist somit eine ideale Siebdruckfarbe f\u00fcr manuelle und maschinelle Druckmaschinen.<\/p>\n<p><img decoding=\"async\" class=\"aligncenter wp-image-4268 size-full\" src=\"https:\/\/shaliteink.com\/wp-content\/uploads\/2025\/04\/Blue-PVC-Free-NB-Screen-Printing-Ink.png\" alt=\"Blaue PVC-freie NB-Siebdruckfarbe\" width=\"926\" height=\"951\" srcset=\"https:\/\/shaliteink.com\/wp-content\/uploads\/2025\/04\/Blue-PVC-Free-NB-Screen-Printing-Ink.png 926w, https:\/\/shaliteink.com\/wp-content\/uploads\/2025\/04\/Blue-PVC-Free-NB-Screen-Printing-Ink-292x300.png 292w, https:\/\/shaliteink.com\/wp-content\/uploads\/2025\/04\/Blue-PVC-Free-NB-Screen-Printing-Ink-768x789.png 768w, https:\/\/shaliteink.com\/wp-content\/uploads\/2025\/04\/Blue-PVC-Free-NB-Screen-Printing-Ink-12x12.png 12w, https:\/\/shaliteink.com\/wp-content\/uploads\/2025\/04\/Blue-PVC-Free-NB-Screen-Printing-Ink-150x154.png 150w\" sizes=\"(max-width: 926px) 100vw, 926px\" \/><\/p>\n<p><strong class=\"ng-star-inserted\"><span class=\"ng-star-inserted\">Hochleistungsf\u00e4hige \u201cNicht-Block\u201d-Technologie<\/span><\/strong><\/p>\n<p>Eine bemerkenswerte Eigenschaft dieser Tinte ist ihre \u201cNB\u201d-Eigenschaft (nicht blockierend). Im Gegensatz zu herk\u00f6mmlichen Tinten, die nach dem Aush\u00e4rten klebrig bleiben k\u00f6nnen, haftet Plastisol Blue NB auf nicht klebenden Oberfl\u00e4chen. Das bedeutet, Sie k\u00f6nnen Ihre Kleidungsst\u00fccke direkt nach der Produktion stapeln, ohne dass sie zusammenkleben. Die Tinte ist zudem kurzfl\u00fcssig und l\u00e4sst sich daher direkt aus dem Eimer leicht verarbeiten.<\/p>\n<p><strong class=\"ng-star-inserted\"><span class=\"ng-star-inserted\">Lebendig und umweltbewusst<br \/>\n<\/span><\/strong><\/p>\n<p>Hinweis: Plastisolblaue Tinte ist hochdeckend und sorgt selbst auf dunklen Oberfl\u00e4chen f\u00fcr kr\u00e4ftige, satte Farben. F\u00fcr umweltbewusste Betriebe ist diese Tinte PVC-frei und bietet somit eine sicherere Alternative, ohne dass Sie auf die von hochwertiger Plastisoltinte gewohnte Weichheit und Haltbarkeit verzichten m\u00fcssen.<\/p>\n<h3 class=\"ng-star-inserted\"><span class=\"ng-star-inserted\">Hauptmerkmale<\/span><\/h3>\n<ul class=\"ng-star-inserted\">\n<li class=\"ng-star-inserted\">\n<p class=\"ng-star-inserted\"><span class=\"ng-star-inserted\">Direkt vom Hersteller:<\/span><span class=\"ng-star-inserted\">\u00a0Erzielen Sie den besten ROI f\u00fcr Ihre Vorr\u00e4te mit\u00a0<\/span><span class=\"ng-star-inserted\">Shaliteink<\/span><span class=\"ng-star-inserted\">.<\/span><\/p>\n<\/li>\n<li class=\"ng-star-inserted\">\n<p class=\"ng-star-inserted\"><span class=\"ng-star-inserted\">Nicht-Block-Formel (NB):<\/span><span class=\"ng-star-inserted\">\u00a0Verhindert das Zusammenkleben der Ausdrucke beim Stapeln.<\/span><\/p>\n<\/li>\n<li class=\"ng-star-inserted\">\n<p class=\"ng-star-inserted\"><span class=\"ng-star-inserted\">Hohe Deckkraft:<\/span><span class=\"ng-star-inserted\">\u00a0Ein leuchtendes Blau, das auf dem Stoff besonders gut zur Geltung kommt.<\/span><\/p>\n<\/li>\n<li class=\"ng-star-inserted\">\n<p class=\"ng-star-inserted\"><span class=\"ng-star-inserted\">Cremige Textur:<\/span><span class=\"ng-star-inserted\">\u00a0Einfach zu drucken, sofort einsatzbereit und reduziert die Erm\u00fcdung bei langen L\u00e4ufen.<\/span><\/p>\n<\/li>\n<li class=\"ng-star-inserted\">\n<p class=\"ng-star-inserted\"><span class=\"ng-star-inserted\">PVC-frei:<\/span><span class=\"ng-star-inserted\">\u00a0Eine moderne, umweltfreundliche L\u00f6sung f\u00fcr\u00a0<\/span><span class=\"ng-star-inserted\">Siebdruckfarbe<\/span><span class=\"ng-star-inserted\">.<\/span><\/p>\n<\/li>\n<li><span class=\"ng-star-inserted\">Weiches Handgef\u00fchl:<\/span><span class=\"ng-star-inserted\">\u00a0Die Aufdrucke f\u00fchlen sich weich an, nicht wie ein schwerer Plastikflicken.<\/span><\/li>\n<\/ul>\n<h3 class=\"ng-star-inserted\"><span class=\"ng-star-inserted\">Aush\u00e4rtungs- und Abl\u00fcftanleitung<\/span><\/h3>\n<p>F\u00fcr die Haltbarkeit ist die richtige Handhabung entscheidend\u2026 Im Gegensatz zu Tinten mit niedriger Aush\u00e4rtungszeit, die die Stabilit\u00e4t beeintr\u00e4chtigen k\u00f6nnen, sind Shalitink-Formeln so konzipiert, dass sie bei \u00fcblichen professionellen Temperaturen gute Ergebnisse liefern.<\/p>\n<p>Fixiertemperatur: Die Tinte sollte zwischen 120 \u00b0C und 140 \u00b0C (248 \u00b0F \u2013 284 \u00b0F) fixiert werden. Sie muss sich trocken anf\u00fchlen, bevor die n\u00e4chste Farbe oder die letzte Behandlung aufgetragen wird.<\/p>\n<p class=\"ng-star-inserted\"><strong class=\"ng-star-inserted\"><span class=\"ng-star-inserted\">Aush\u00e4rtungstemperatur:<\/span><\/strong><span class=\"ng-star-inserted\">\u00a0Die Tinte muss eine vollst\u00e4ndige Aush\u00e4rtungstemperatur erreichen.\u00a0<\/span><strong class=\"ng-star-inserted\"><span class=\"ng-star-inserted\">160 \u00b0C<\/span><\/strong><span class=\"ng-star-inserted\">\u00a0(320\u00b0F).<\/span><\/p>\n<ul class=\"ng-star-inserted\">\n<li class=\"ng-star-inserted\">Profi-Tipp: Die Aush\u00e4rtung ist abgeschlossen, wenn die Temperatur der gesamten Tintenschicht von oben bis unten 160 \u00b0C erreicht hat. Wir empfehlen, die tats\u00e4chliche Tintentemperatur im Trockner mit einem Ringf\u00fchler zu messen, da Laser und Laserpistolen nur die Oberfl\u00e4chentemperatur erfassen und daher irref\u00fchrende Ergebnisse liefern k\u00f6nnen.<\/li>\n<\/ul>\n<h3 class=\"ng-star-inserted\"><span class=\"ng-star-inserted\">Druckrichtlinien &amp; Tests<\/span><\/h3>\n<blockquote>\n<ol>\n<li>F\u00fcr ein professionelles Ergebnis empfehlen wir Folgendes:<\/li>\n<li>Grundierung: Um auf dunklen Kleidungsst\u00fccken ein besonders leuchtendes Blau zu erzielen, drucken Sie zuerst die wei\u00dfe Grundierung.<\/li>\n<li>Dehnungstest: F\u00fchren Sie vor einer gro\u00dfen Produktionsserie einen Dehnungstest durch. Dehnen Sie den Druck etwa zwei Drittel der Shirth\u00f6he aus. Wenn der Druck rei\u00dft und sich nicht zur\u00fcckzieht, ist die Farbe nicht richtig fixiert.<\/li>\n<li>Waschtest: Normalerweise sind 5-10 Waschg\u00e4nge erforderlich, um die Haltbarkeit vollst\u00e4ndig zu testen\u2026 Wenn die Tinte nicht stark aush\u00e4rtet, zeigt der Druck bereits nach 1-3 Waschg\u00e4ngen Abnutzungserscheinungen.<\/li>\n<\/ol>\n<\/blockquote>\n<h3 class=\"ng-star-inserted\"><span class=\"ng-star-inserted\">Aufr\u00e4umen &amp; Einlagern<\/span><\/h3>\n<ul class=\"ng-star-inserted\">\n<li class=\"ng-star-inserted\">\n<p class=\"ng-star-inserted\"><strong class=\"ng-star-inserted\"><span class=\"ng-star-inserted\">Aufr\u00e4umen:<\/span><\/strong><span class=\"ng-star-inserted\">\u00a0Verwenden Sie eine handels\u00fcbliche Druckmaschinenreinigung oder einen Farbentferner, der f\u00fcr\u00a0<\/span><strong class=\"ng-star-inserted\"><span class=\"ng-star-inserted\">Plastisol-Tinte<\/span><\/strong><span class=\"ng-star-inserted\">.<\/span><\/p>\n<\/li>\n<li class=\"ng-star-inserted\">\n<p class=\"ng-star-inserted\"><strong class=\"ng-star-inserted\"><span class=\"ng-star-inserted\">Lagerung:<\/span><\/strong><span class=\"ng-star-inserted\">\u00a0Speichern Sie Ihre\u00a0<\/span><strong><a href=\"https:\/\/shaliteink.com\/de\/produkt-kategorie\/pvc-freie-nb-siebdruckfarbe\/\"><span class=\"ng-star-inserted\">NB Plastisolfarbe<\/span><\/a><\/strong><span class=\"ng-star-inserted\">\u00a0Bei Raumtemperatur (18\u201332 \u00b0C) lagern. Direkte Sonneneinstrahlung und extreme Hitze vermeiden, damit die Tinte im Beh\u00e4lter nicht geliert.<\/span><\/p>\n<\/li>\n<\/ul>\n<p>Erweitern Sie noch heute Ihr Sortiment. Kaufen Sie unsere Schiefer f\u00fcr professionelle Ergebnisse, die Ihnen Geld sparen.<\/p>\n<p><img decoding=\"async\" class=\"aligncenter wp-image-4269 size-large\" src=\"https:\/\/shaliteink.com\/wp-content\/uploads\/2025\/04\/Blue-PVC-Free-NB-Screen-Printing-Ink-1-872x1024.png\" alt=\"Blaue PVC-freie NB-Siebdruckfarbe\" width=\"872\" height=\"1024\" srcset=\"https:\/\/shaliteink.com\/wp-content\/uploads\/2025\/04\/Blue-PVC-Free-NB-Screen-Printing-Ink-1-872x1024.png 872w, https:\/\/shaliteink.com\/wp-content\/uploads\/2025\/04\/Blue-PVC-Free-NB-Screen-Printing-Ink-1-255x300.png 255w, https:\/\/shaliteink.com\/wp-content\/uploads\/2025\/04\/Blue-PVC-Free-NB-Screen-Printing-Ink-1-768x902.png 768w, https:\/\/shaliteink.com\/wp-content\/uploads\/2025\/04\/Blue-PVC-Free-NB-Screen-Printing-Ink-1-10x12.png 10w, https:\/\/shaliteink.com\/wp-content\/uploads\/2025\/04\/Blue-PVC-Free-NB-Screen-Printing-Ink-1-150x176.png 150w, https:\/\/shaliteink.com\/wp-content\/uploads\/2025\/04\/Blue-PVC-Free-NB-Screen-Printing-Ink-1.png 1048w\" sizes=\"(max-width: 872px) 100vw, 872px\" \/><\/p>","protected":false},"excerpt":{"rendered":"<p>Steigern Sie die Produktivit\u00e4t Ihrer Druckmaschine mit Shalitein, dem weltweit f\u00fchrenden Tintenhersteller. Mit \u00fcber 20 Jahren Erfahrung und langj\u00e4hriger enger Zusammenarbeit mit weltbekannten Marken bieten wir Ihnen Premiumqualit\u00e4t zu g\u00fcnstigen Preisen direkt ab Werk. Die PVC-freie Tinte Plastisol NB Blue wurde speziell f\u00fcr Siebdrucker entwickelt, die Wert auf Leuchtkraft, Langlebigkeit und eine glatte Oberfl\u00e4che ohne hohe Kosten legen.<\/p>","protected":false},"featured_media":1638,"comment_status":"open","ping_status":"closed","template":"","meta":[],"product_brand":[],"product_cat":[43],"product_tag":[],"class_list":{"0":"post-1637","1":"product","2":"type-product","3":"status-publish","4":"has-post-thumbnail","6":"product_cat-pvc-free-nb-screen-printing-ink","8":"first","9":"instock","10":"shipping-taxable","11":"purchasable","12":"product-type-variable"},"tiered_pricing_type":"fixed","tiered_pricing_fixed_rules":[],"tiered_pricing_product_settings":{"layout":"default","base_unit_name":{"singular":null,"plural":null},"default_variation":null},"tiered_pricing_minimum_quantity":null,"tiered_pricing_roles_data":[],"tiered_pricing_percentage_rules":[],"tiered_pricing_maximum_quantity":null,"tiered_pricing_quantity_step":null,"_links":{"self":[{"href":"https:\/\/shaliteink.com\/de\/wp-json\/wp\/v2\/product\/1637","targetHints":{"allow":["GET"]}}],"collection":[{"href":"https:\/\/shaliteink.com\/de\/wp-json\/wp\/v2\/product"}],"about":[{"href":"https:\/\/shaliteink.com\/de\/wp-json\/wp\/v2\/types\/product"}],"replies":[{"embeddable":true,"href":"https:\/\/shaliteink.com\/de\/wp-json\/wp\/v2\/comments?post=1637"}],"version-history":[{"count":0,"href":"https:\/\/shaliteink.com\/de\/wp-json\/wp\/v2\/product\/1637\/revisions"}],"wp:featuredmedia":[{"embeddable":true,"href":"https:\/\/shaliteink.com\/de\/wp-json\/wp\/v2\/media\/1638"}],"wp:attachment":[{"href":"https:\/\/shaliteink.com\/de\/wp-json\/wp\/v2\/media?parent=1637"}],"wp:term":[{"taxonomy":"product_brand","embeddable":true,"href":"https:\/\/shaliteink.com\/de\/wp-json\/wp\/v2\/product_brand?post=1637"},{"taxonomy":"product_cat","embeddable":true,"href":"https:\/\/shaliteink.com\/de\/wp-json\/wp\/v2\/product_cat?post=1637"},{"taxonomy":"product_tag","embeddable":true,"href":"https:\/\/shaliteink.com\/de\/wp-json\/wp\/v2\/product_tag?post=1637"}],"curies":[{"name":"wp","href":"https:\/\/api.w.org\/{rel}","templated":true}]}}