{"id":1633,"date":"2025-04-23T06:45:16","date_gmt":"2025-04-23T06:45:16","guid":{"rendered":"https:\/\/shaliteink.com\/?post_type=product&#038;p=1633"},"modified":"2025-12-10T11:28:22","modified_gmt":"2025-12-10T11:28:22","slug":"rosa-pvc-freie-nb-siebdruckfarbe","status":"publish","type":"product","link":"https:\/\/shaliteink.com\/de\/produkt\/rosa-pvc-freie-nb-siebdruckfarbe\/","title":{"rendered":"Rosa PVC-freie NB-Siebdruckfarbe"},"content":{"rendered":"<p><strong class=\"ng-star-inserted\"><span class=\"ng-star-inserted\">Der <a href=\"https:\/\/shaliteink.com\/de\/\">Shaliteink<\/a> Unterschied: Nicht-Blocktechnologie<\/span><\/strong><\/p>\n<p>Eine der gr\u00f6\u00dften Herausforderungen beim Siebdruck ist die Vermeidung k\u00f6rniger Drucke. Unsere spezielle \u201cNon-Blocked\u201d (NB)-Formel l\u00f6st dieses Problem. Diese NB-Plastisolfarbe erzeugt eine glatte, nicht klebende Oberfl\u00e4che, die es erm\u00f6glicht, Textilien nach dem Trocknen problemlos \u00fcbereinander zu stapeln. Ihre cremige, kurzviskose Textur l\u00e4sst sich leicht verarbeiten und macht sie zur idealen Siebdruckfarbe f\u00fcr manuelle und maschinelle Druckmaschinen.<\/p>\n<p><strong class=\"ng-star-inserted\"><span class=\"ng-star-inserted\">Leuchtende Farben und umweltbewusste Leistung<\/span><\/strong><\/p>\n<p>Diese Plastisol-Pink-NB-Tinte bietet selbst auf dunklen Materialien eine hochdeckende, kr\u00e4ftige und lebendige Farbs\u00e4ttigung. Wir wissen, dass der Markt zunehmend auf umweltfreundlichere Chemikalien setzt, daher ist diese Tinte PVC-frei. Sie vereint die weiche Haptik und Haltbarkeit traditioneller Plastisol-Tinte mit dem Verzicht auf PVC und ist somit die ideale Wahl f\u00fcr moderne, umweltbewusste Marken.<\/p>\n<p>Mit Shaliteink umgehen Sie den Zwischenh\u00e4ndler und investieren in ein Produkt, das \u00fcber zwei Jahrzehnte Erfahrung verfeinert wurde.<\/p>\n<h3><img decoding=\"async\" class=\"aligncenter wp-image-4273 size-large\" src=\"https:\/\/shaliteink.com\/wp-content\/uploads\/2025\/04\/Pink-PVC-Free-NB-Screen-Printing-Ink-1-824x1024.png\" alt=\"Rosa PVC-freie NB-Siebdruckfarbe\" width=\"824\" height=\"1024\" srcset=\"https:\/\/shaliteink.com\/wp-content\/uploads\/2025\/04\/Pink-PVC-Free-NB-Screen-Printing-Ink-1-824x1024.png 824w, https:\/\/shaliteink.com\/wp-content\/uploads\/2025\/04\/Pink-PVC-Free-NB-Screen-Printing-Ink-1-242x300.png 242w, https:\/\/shaliteink.com\/wp-content\/uploads\/2025\/04\/Pink-PVC-Free-NB-Screen-Printing-Ink-1-768x954.png 768w, https:\/\/shaliteink.com\/wp-content\/uploads\/2025\/04\/Pink-PVC-Free-NB-Screen-Printing-Ink-1-10x12.png 10w, https:\/\/shaliteink.com\/wp-content\/uploads\/2025\/04\/Pink-PVC-Free-NB-Screen-Printing-Ink-1-150x186.png 150w, https:\/\/shaliteink.com\/wp-content\/uploads\/2025\/04\/Pink-PVC-Free-NB-Screen-Printing-Ink-1.png 942w\" sizes=\"(max-width: 824px) 100vw, 824px\" \/><\/h3>\n<h3 class=\"ng-star-inserted\"><span class=\"ng-star-inserted\">Hauptmerkmale und Vorteile<\/span><\/h3>\n<ul class=\"ng-star-inserted\">\n<li class=\"ng-star-inserted\">\n<p class=\"ng-star-inserted\"><strong class=\"ng-star-inserted\"><span class=\"ng-star-inserted\">Qualit\u00e4t direkt vom Hersteller:<\/span><\/strong><span class=\"ng-star-inserted\">\u00a0Sparen Sie Geld, ohne auf Qualit\u00e4t zu verzichten, indem Sie direkt bei uns kaufen.\u00a0<\/span><span class=\"ng-star-inserted\">Shaliteink<\/span><span class=\"ng-star-inserted\">.<\/span><\/p>\n<\/li>\n<li class=\"ng-star-inserted\">\n<p class=\"ng-star-inserted\"><strong class=\"ng-star-inserted\"><span class=\"ng-star-inserted\">NB (Nicht-Block-)Formel:<\/span><\/strong><span class=\"ng-star-inserted\">\u00a0Verhindert Klebrigkeit nach dem Aush\u00e4rten und sorgt so daf\u00fcr, dass die Drucke beim Stapeln nicht zusammenkleben.<\/span><\/p>\n<\/li>\n<li class=\"ng-star-inserted\">\n<p class=\"ng-star-inserted\"><strong class=\"ng-star-inserted\"><span class=\"ng-star-inserted\">Hohe Deckkraft:<\/span><\/strong><span class=\"ng-star-inserted\">\u00a0Unser Rosa\u00a0<\/span><strong><a href=\"https:\/\/shaliteink.com\/de\/produkt-kategorie\/pvc-freie-nb-siebdruckfarbe\/\"><span class=\"ng-star-inserted\">NB Plastisolfarbe<\/span><\/a><\/strong><span class=\"ng-star-inserted\">\u00a0bietet hervorragende Deckkraft und Farbs\u00e4ttigung, selbst auf dunklen Untergr\u00fcnden.<\/span><\/p>\n<\/li>\n<li class=\"ng-star-inserted\">\n<p class=\"ng-star-inserted\"><strong class=\"ng-star-inserted\"><span class=\"ng-star-inserted\">PVC-frei:<\/span><\/strong><span class=\"ng-star-inserted\">\u00a0Ein sichereres, umweltfreundlicheres\u00a0<\/span><span class=\"ng-star-inserted\">Siebdruckfarbe<\/span><span class=\"ng-star-inserted\">\u00a0Option.<\/span><\/p>\n<\/li>\n<li class=\"ng-star-inserted\">\n<p class=\"ng-star-inserted\"><strong class=\"ng-star-inserted\"><span class=\"ng-star-inserted\">Cremige Konsistenz:<\/span><\/strong><span class=\"ng-star-inserted\">\u00a0Sofort einsatzbereit direkt aus dem Eimer; Viskosit\u00e4tsmodifikatoren sind nicht erforderlich.<\/span><\/p>\n<\/li>\n<li class=\"ng-star-inserted\">\n<p class=\"ng-star-inserted\"><strong class=\"ng-star-inserted\"><span class=\"ng-star-inserted\">Weiches Handgef\u00fchl:<\/span><\/strong><span class=\"ng-star-inserted\">\u00a0Die Drucke h\u00e4rten zu einer strapazierf\u00e4higen Oberfl\u00e4che aus, die sich weich auf der Haut anf\u00fchlt.<\/span><\/p>\n<\/li>\n<\/ul>\n<h3 class=\"ng-star-inserted\"><span class=\"ng-star-inserted\">Aush\u00e4rtungs- und Blitzrichtlinien<\/span><\/h3>\n<p>Eine sachgem\u00e4\u00dfe W\u00e4rmebehandlung ist entscheidend f\u00fcr die Langlebigkeit des Drucks und die Waschbest\u00e4ndigkeit. Bitte beachten Sie die folgenden Spezifikationen f\u00fcr unsere Chalets:<\/p>\n<p><strong class=\"ng-star-inserted\"><span class=\"ng-star-inserted\">Blitztemperatur:<br \/>\n<\/span><\/strong><span class=\"ng-star-inserted\">Die Tinte sollte kurzzeitig auf 120\u2013140 \u00b0C (ca. 248\u2013284 \u00b0F) erhitzt werden. Sie muss sich trocken anf\u00fchlen, bevor die n\u00e4chste Farbe aufgetragen oder die endg\u00fcltige Aush\u00e4rtung erfolgt. Dies verhindert ein Verschmieren und sorgt f\u00fcr scharfe Kanten.<\/span><\/p>\n<p><strong class=\"ng-star-inserted\"><span class=\"ng-star-inserted\">Aush\u00e4rtungstemperatur:<br \/>\n<\/span><\/strong><\/p>\n<p class=\"ng-star-inserted\"><span class=\"ng-star-inserted\">F\u00fcr eine vollst\u00e4ndige Aush\u00e4rtung muss die Tinte die gew\u00fcnschte Tiefe erreichen.\u00a0<\/span><strong class=\"ng-star-inserted\"><span class=\"ng-star-inserted\">160 \u00b0C<\/span><\/strong><span class=\"ng-star-inserted\">\u00a0(ca. 320\u00b0F).<\/span><\/p>\n<ul class=\"ng-star-inserted\">\n<li class=\"ng-star-inserted\"><strong class=\"ng-star-inserted\"><span class=\"ng-star-inserted\">Wichtig<\/span><\/strong>Die Aush\u00e4rtungstemperatur muss in der gesamten Lackschicht erreicht werden, nicht nur an der Oberfl\u00e4che. Wir empfehlen, die tats\u00e4chliche Temperatur der Tinte w\u00e4hrend des Trocknungsprozesses mit einem Ringf\u00fchler zu messen. Laser-Thermometer erfassen lediglich die reflektierte Oberfl\u00e4chenw\u00e4rme und k\u00f6nnen daher irref\u00fchrende Werte liefern, da sie oft eine niedrigere Temperatur als die tats\u00e4chliche Lufttemperatur anzeigen.<\/li>\n<\/ul>\n<h3 class=\"ng-star-inserted\"><span class=\"ng-star-inserted\">Anwendung &amp; Test<\/span><\/h3>\n<ul>\n<li>Untergrund: F\u00fcr optimale Ergebnisse mit Rosa auf schwarzen oder dunkelbraunen Baumwollkleidungsst\u00fccken empfehlen wir, zuerst auf den wei\u00dfen Untergrund zu drucken.<\/li>\n<li>Dehnungstest: F\u00fchren Sie vor Produktionsbeginn immer einen Dehnungstest durch. Dehnen Sie den Druck beispielsweise auf etwa zwei Drittel der Shirtbreite. Wenn die Siebdruckfarbe rei\u00dft und sich nicht zur\u00fcckzieht, ist das Ergebnis wahrscheinlich nicht zufriedenstellend.<\/li>\n<li>Waschtest: Haltbarkeit ist entscheidend. Wissen Sie was? Wir empfehlen einen Testwaschgang (5-10 Waschg\u00e4nge), um sicherzustellen, dass die Tinte mechanisch an den Textilfasern haftet.<\/li>\n<\/ul>\n<h3 class=\"ng-star-inserted\"><span class=\"ng-star-inserted\">Aufr\u00e4umen &amp; Einlagern<\/span><\/h3>\n<ul>\n<li>Reinigung: \u00dcbersch\u00fcssige Farbe kann von Sieben UND Stempelkissen mit handels\u00fcblichen Plastisol-Farbendispersionsmitteln oder Hochdruckreinigern entfernt werden.<\/li>\n<li><strong class=\"ng-star-inserted\"><span class=\"ng-star-inserted\">Lagerung<\/span><\/strong>NB-Plastisolfarbe bei Raumtemperatur (18\u201332 \u00b0C) lagern. Direkte Sonneneinstrahlung und extreme Hitze (\u00fcber 32 \u00b0C) vermeiden, um ein Auskristallisieren der Farbe im Tank zu verhindern.<\/li>\n<\/ul>\n<p class=\"ng-star-inserted\"><strong class=\"ng-star-inserted\"><span class=\"ng-star-inserted\">Shaliteink<\/span><\/strong><span class=\"ng-star-inserted\">\u00a0ist Ihrem Erfolg verpflichtet. Entdecken Sie unsere Pink-Kollektion.\u00a0<\/span><span class=\"ng-star-inserted\">NB Plastisolfarbe<\/span><span class=\"ng-star-inserted\">\u00a0Erleben Sie noch heute den Unterschied exzellenter Leistungen direkt vom Hersteller.<\/span><\/p>\n<p><img decoding=\"async\" class=\"aligncenter wp-image-4274 size-large\" src=\"https:\/\/shaliteink.com\/wp-content\/uploads\/2025\/04\/Pink-PVC-Free-NB-Screen-Printing-Ink-2-771x1024.png\" alt=\"Rosa PVC-freie NB-Siebdruckfarbe\" width=\"771\" height=\"1024\" srcset=\"https:\/\/shaliteink.com\/wp-content\/uploads\/2025\/04\/Pink-PVC-Free-NB-Screen-Printing-Ink-2-771x1024.png 771w, https:\/\/shaliteink.com\/wp-content\/uploads\/2025\/04\/Pink-PVC-Free-NB-Screen-Printing-Ink-2-226x300.png 226w, https:\/\/shaliteink.com\/wp-content\/uploads\/2025\/04\/Pink-PVC-Free-NB-Screen-Printing-Ink-2-768x1020.png 768w, https:\/\/shaliteink.com\/wp-content\/uploads\/2025\/04\/Pink-PVC-Free-NB-Screen-Printing-Ink-2-9x12.png 9w, https:\/\/shaliteink.com\/wp-content\/uploads\/2025\/04\/Pink-PVC-Free-NB-Screen-Printing-Ink-2-150x199.png 150w, https:\/\/shaliteink.com\/wp-content\/uploads\/2025\/04\/Pink-PVC-Free-NB-Screen-Printing-Ink-2.png 837w\" sizes=\"(max-width: 771px) 100vw, 771px\" \/><\/p>","protected":false},"excerpt":{"rendered":"<p class=\"ng-star-inserted\">Verleihen Sie Ihren Bekleidungsdesigns mit Shalitein, dem weltweit f\u00fchrenden Tintenhersteller, einen neuen Look. Mit \u00fcber 20 Jahren Erfahrung in der Produktion und enger Zusammenarbeit mit weltbekannten Marken bieten wir professionelle Qualit\u00e4t zu Preisen direkt ab Werk. Unsere pinkfarbene, PVC-freie Plastisol-NB-Tinte wurde speziell f\u00fcr Siebdrucker entwickelt, die Wert auf Leuchtkraft, Umweltfreundlichkeit und hervorragende Verarbeitbarkeit legen.<\/p>","protected":false},"featured_media":1634,"comment_status":"open","ping_status":"closed","template":"","meta":[],"product_brand":[],"product_cat":[43],"product_tag":[],"class_list":{"0":"post-1633","1":"product","2":"type-product","3":"status-publish","4":"has-post-thumbnail","6":"product_cat-pvc-free-nb-screen-printing-ink","8":"first","9":"instock","10":"shipping-taxable","11":"purchasable","12":"product-type-variable"},"tiered_pricing_type":"fixed","tiered_pricing_fixed_rules":[],"tiered_pricing_product_settings":{"layout":"default","base_unit_name":{"singular":null,"plural":null},"default_variation":null},"tiered_pricing_minimum_quantity":null,"tiered_pricing_roles_data":[],"tiered_pricing_percentage_rules":[],"tiered_pricing_maximum_quantity":null,"tiered_pricing_quantity_step":null,"_links":{"self":[{"href":"https:\/\/shaliteink.com\/de\/wp-json\/wp\/v2\/product\/1633","targetHints":{"allow":["GET"]}}],"collection":[{"href":"https:\/\/shaliteink.com\/de\/wp-json\/wp\/v2\/product"}],"about":[{"href":"https:\/\/shaliteink.com\/de\/wp-json\/wp\/v2\/types\/product"}],"replies":[{"embeddable":true,"href":"https:\/\/shaliteink.com\/de\/wp-json\/wp\/v2\/comments?post=1633"}],"version-history":[{"count":0,"href":"https:\/\/shaliteink.com\/de\/wp-json\/wp\/v2\/product\/1633\/revisions"}],"wp:featuredmedia":[{"embeddable":true,"href":"https:\/\/shaliteink.com\/de\/wp-json\/wp\/v2\/media\/1634"}],"wp:attachment":[{"href":"https:\/\/shaliteink.com\/de\/wp-json\/wp\/v2\/media?parent=1633"}],"wp:term":[{"taxonomy":"product_brand","embeddable":true,"href":"https:\/\/shaliteink.com\/de\/wp-json\/wp\/v2\/product_brand?post=1633"},{"taxonomy":"product_cat","embeddable":true,"href":"https:\/\/shaliteink.com\/de\/wp-json\/wp\/v2\/product_cat?post=1633"},{"taxonomy":"product_tag","embeddable":true,"href":"https:\/\/shaliteink.com\/de\/wp-json\/wp\/v2\/product_tag?post=1633"}],"curies":[{"name":"wp","href":"https:\/\/api.w.org\/{rel}","templated":true}]}}