{"id":1629,"date":"2025-04-23T06:43:05","date_gmt":"2025-04-23T06:43:05","guid":{"rendered":"https:\/\/shaliteink.com\/?post_type=product&#038;p=1629"},"modified":"2025-12-10T11:31:24","modified_gmt":"2025-12-10T11:31:24","slug":"violette-pvc-freie-nb-siebdruckfarbe","status":"publish","type":"product","link":"https:\/\/shaliteink.com\/de\/produkt\/violette-pvc-freie-nb-siebdruckfarbe\/","title":{"rendered":"Violette PVC-freie NB-Siebdruckfarbe"},"content":{"rendered":"<h3 class=\"ng-star-inserted\"><span class=\"ng-star-inserted\">Hauptmerkmale und Vorteile<\/span><\/h3>\n<ul class=\"ng-star-inserted\">\n<li class=\"ng-star-inserted\"><span class=\"ng-star-inserted\">Hohe Deckkraft und Leuchtkraft:<\/span><span class=\"ng-star-inserted\"> Es bietet eine kr\u00e4ftige, lebendige, leuchtende violette Farbe mit hervorragender Deckkraft, selbst auf dunklem Haar\u2026<\/span><\/li>\n<li><span class=\"ng-star-inserted\">Cremige Konsistenz:<\/span><span class=\"ng-star-inserted\"> Die kurze Geh\u00e4useform erleichtert die Arbeit mit Tinte und reduziert die Erm\u00fcdung bei l\u00e4ngeren Druckvorg\u00e4ngen\u2026<\/span><\/li>\n<li><span class=\"ng-star-inserted\">Nicht-Blockierende Technologie: Unsere NB-Plastisol-Tintenformel verhindert unerw\u00fcnschte Klebrigkeit und sorgt f\u00fcr ein glattes Finish.<\/span><\/li>\n<li><span class=\"ng-star-inserted\">PVC-frei: Eine umweltbewusstere Wahl f\u00fcr moderne Druckereien.<\/span><\/li>\n<li><span class=\"ng-star-inserted\">Weiches Tragegef\u00fchl: Die Drucke sind mit einer strapazierf\u00e4higen, glatten Oberfl\u00e4che versehen, wodurch sie sich f\u00fcr eine Vielzahl von Stoffen eignen\u2026<\/span><\/li>\n<li><span class=\"ng-star-inserted\">Direkt vom Hersteller: Profitieren Sie von der besten Rendite f\u00fcr Ihre Betriebsmittel, indem Sie direkt beim Hersteller kaufen.\u00a0<strong><a href=\"https:\/\/shaliteink.com\/de\/\">Shaliteink<\/a><\/strong><\/span><span class=\"ng-star-inserted\">.<\/span><\/li>\n<\/ul>\n<h3><img decoding=\"async\" class=\"aligncenter wp-image-4264 size-large\" src=\"https:\/\/shaliteink.com\/wp-content\/uploads\/2025\/04\/Violet-PVC-Free-NB-Screen-Printing-Ink-683x1024.png\" alt=\"Violette PVC-freie NB-Siebdruckfarbe\" width=\"683\" height=\"1024\" \/><\/h3>\n<h3 class=\"ng-star-inserted\"><span class=\"ng-star-inserted\">Anwendungs- und Aush\u00e4rtungsrichtlinien<\/span><\/h3>\n<p>Um mit Siebdruckfarbe optimale Ergebnisse zu erzielen, ist eine ordnungsgem\u00e4\u00dfe Aush\u00e4rtung unerl\u00e4sslich. W\u00e4hrend einige Farben bei niedrigeren Temperaturen aush\u00e4rten, ist unsere Formel so konzipiert, dass sie maximale Haltbarkeit und Stabilit\u00e4t bei \u00fcblichen professionellen Temperaturen gew\u00e4hrleistet.<\/p>\n<p><span class=\"ng-star-inserted\">Blinkt:<br \/>\nDie Tinte blitzt bei Temperaturen zwischen 120 \u00b0C und 140 \u00b0C auf. Und raten Sie mal? Dadurch wird sichergestellt, dass die Tinte vor dem Auftragen der n\u00e4chsten Farbe oder der endg\u00fcltigen Aush\u00e4rtung grifffest ist, wodurch Verschmieren und scharfe Kanten vermieden werden.<\/span><\/p>\n<p><span class=\"ng-star-inserted\">Aush\u00e4rtung:<br \/>\nDie Tinte muss eine vollst\u00e4ndige Aush\u00e4rtungstemperatur von 160 \u00b0C (ca. 320 \u00b0F) erreichen.<br \/>\nHinweis: Es ist wichtig, dass die Temperatur der gesamten Tintenschicht (von oben nach unten) 160 \u00b0C erreicht. Wir empfehlen, die tats\u00e4chliche Temperatur des Trockners mit einem Donut-Thermometer zu messen, da Laserpistolen nur die Oberfl\u00e4chentemperatur erfassen.<\/span><\/p>\n<p><span class=\"ng-star-inserted\">Testen:<br \/>\nF\u00fchren Sie vor Beginn des gesamten Herstellungsprozesses unbedingt einen Dehnungs- und Waschtest durch. Dehnen Sie den Druck dabei etwa zwei Drittel der Shirth\u00f6he aus. Wenn der Druck rei\u00dft und sich nicht zusammenzieht, ist er m\u00f6glicherweise nicht ausreichend getrocknet. Erh\u00f6hen Sie in diesem Fall die Verweilzeit oder die Temperatur leicht.<\/span><\/p>\n<p><span class=\"ng-star-inserted\">Profi-Tipp f\u00fcr dunkle Kleidungsst\u00fccke:<br \/>\nF\u00fcr lebendigere Ergebnisse auf schwarzem oder dunklem Baumwollstoff empfehlen wir dringend, vor dem Drucken Wei\u00df unter die Grundierung aufzutragen, und zwar mit Plastisol Violet NB-Tinte.<\/span><\/p>\n<h3 class=\"ng-star-inserted\"><span class=\"ng-star-inserted\">Aufr\u00e4umen &amp; Einlagern<\/span><\/h3>\n<ul class=\"ng-star-inserted\">\n<li class=\"ng-star-inserted\"><span class=\"ng-star-inserted\">Reinigung: Siebe und Rakel lassen sich einfach mit einem handels\u00fcblichen Druckreiniger oder einem f\u00fcr Druckmaschinen geeigneten Farbl\u00f6ser reinigen.\u00a0<strong><a href=\"https:\/\/shaliteink.com\/de\/produkt-kategorie\/pvc-freie-nb-siebdruckfarbe\/\">NB Plastisolfarbe<\/a><\/strong>.<\/span><\/li>\n<li><span class=\"ng-star-inserted\">Lagerung:<\/span><span class=\"ng-star-inserted\"> Bei Raumtemperatur lagern. Vor direkter Sonneneinstrahlung und extremer Hitze (\u00fcber 32 \u00b0C) sch\u00fctzen, um ein Gelieren der Tinte im Beh\u00e4lter zu verhindern.<br \/>\n<\/span><\/li>\n<\/ul>\n<p>Erweitern Sie noch heute Ihr Sortiment mit Shaliteink \u2013 wo zwei Jahrzehnte Erfahrung mit erstklassiger Plastisol NB-Tintentechnologie kombiniert werden.<\/p>\n<p><img decoding=\"async\" class=\"aligncenter wp-image-4265 size-large\" src=\"https:\/\/shaliteink.com\/wp-content\/uploads\/2025\/04\/Violet-PVC-Free-NB-Screen-Printing-Ink-1-797x1024.png\" alt=\"Violette PVC-freie NB-Siebdruckfarbe\" width=\"797\" height=\"1024\" srcset=\"https:\/\/shaliteink.com\/wp-content\/uploads\/2025\/04\/Violet-PVC-Free-NB-Screen-Printing-Ink-1-797x1024.png 797w, https:\/\/shaliteink.com\/wp-content\/uploads\/2025\/04\/Violet-PVC-Free-NB-Screen-Printing-Ink-1-234x300.png 234w, https:\/\/shaliteink.com\/wp-content\/uploads\/2025\/04\/Violet-PVC-Free-NB-Screen-Printing-Ink-1-768x987.png 768w, https:\/\/shaliteink.com\/wp-content\/uploads\/2025\/04\/Violet-PVC-Free-NB-Screen-Printing-Ink-1-9x12.png 9w, https:\/\/shaliteink.com\/wp-content\/uploads\/2025\/04\/Violet-PVC-Free-NB-Screen-Printing-Ink-1-150x193.png 150w, https:\/\/shaliteink.com\/wp-content\/uploads\/2025\/04\/Violet-PVC-Free-NB-Screen-Printing-Ink-1.png 1033w\" sizes=\"(max-width: 797px) 100vw, 797px\" \/><\/p>","protected":false},"excerpt":{"rendered":"<p>Erzielen Sie professionelle Ergebnisse mit Shalitein, dem weltweit f\u00fchrenden Tintenhersteller. Dank \u00fcber 20 Jahren Produktionserfahrung und enger Zusammenarbeit mit weltbekannten Marken bieten wir Ihnen Fabrikqualit\u00e4t, die Ihr Druckgesch\u00e4ft auf ein neues Niveau hebt. Die PVC-freie violette Tinte Plastisol NB wurde speziell f\u00fcr Siebdrucker entwickelt, die Wert auf Leuchtkraft, Haltbarkeit und einfache Anwendung legen \u2013 ohne die Druckqualit\u00e4t zu beeintr\u00e4chtigen.<br \/>\nDiese Premium-Siebdruckfarbe nutzt unsere \u201cNon-Block\u201d-Technologie (NB). Im Gegensatz zu herk\u00f6mmlichen Farben, die klebrig bleiben oder sich schwer verarbeiten lassen k\u00f6nnen, bietet Plastisol NB-Farbe eine cremige, kurzviskose Textur, die gleichm\u00e4\u00dfig \u00fcber die Bahn flie\u00dft. Sie ist hochdeckend und sorgt daf\u00fcr, dass die kr\u00e4ftige violette Farbe auf Textilien \u2013 egal ob hell oder dunkel \u2013 optimal zur Geltung kommt.<br \/>\nWir wissen, dass Produktionsgeschwindigkeit, Schnelligkeit und Zuverl\u00e4ssigkeit entscheidend sind. Deshalb hat Shalitink diese Farbe so entwickelt, dass sie direkt aus dem Beh\u00e4lter gebrauchsfertig ist. Sie bietet die von Kunden gesch\u00e4tzte weiche Textur sowie die f\u00fcr hochwertige Textilien erforderliche hohe Waschbest\u00e4ndigkeit. Entscheiden Sie sich f\u00fcr unsere Plastisol-NB-Tinte direkt vom Hersteller und erhalten Sie Spitzenleistung zum unschlagbaren Preis.<\/p>","protected":false},"featured_media":1630,"comment_status":"open","ping_status":"closed","template":"","meta":[],"product_brand":[],"product_cat":[43],"product_tag":[],"class_list":{"0":"post-1629","1":"product","2":"type-product","3":"status-publish","4":"has-post-thumbnail","6":"product_cat-pvc-free-nb-screen-printing-ink","8":"first","9":"instock","10":"shipping-taxable","11":"purchasable","12":"product-type-variable"},"tiered_pricing_type":"fixed","tiered_pricing_fixed_rules":[],"tiered_pricing_product_settings":{"layout":"default","base_unit_name":{"singular":null,"plural":null},"default_variation":null},"tiered_pricing_minimum_quantity":null,"tiered_pricing_roles_data":[],"tiered_pricing_percentage_rules":[],"tiered_pricing_maximum_quantity":null,"tiered_pricing_quantity_step":null,"_links":{"self":[{"href":"https:\/\/shaliteink.com\/de\/wp-json\/wp\/v2\/product\/1629","targetHints":{"allow":["GET"]}}],"collection":[{"href":"https:\/\/shaliteink.com\/de\/wp-json\/wp\/v2\/product"}],"about":[{"href":"https:\/\/shaliteink.com\/de\/wp-json\/wp\/v2\/types\/product"}],"replies":[{"embeddable":true,"href":"https:\/\/shaliteink.com\/de\/wp-json\/wp\/v2\/comments?post=1629"}],"version-history":[{"count":0,"href":"https:\/\/shaliteink.com\/de\/wp-json\/wp\/v2\/product\/1629\/revisions"}],"wp:featuredmedia":[{"embeddable":true,"href":"https:\/\/shaliteink.com\/de\/wp-json\/wp\/v2\/media\/1630"}],"wp:attachment":[{"href":"https:\/\/shaliteink.com\/de\/wp-json\/wp\/v2\/media?parent=1629"}],"wp:term":[{"taxonomy":"product_brand","embeddable":true,"href":"https:\/\/shaliteink.com\/de\/wp-json\/wp\/v2\/product_brand?post=1629"},{"taxonomy":"product_cat","embeddable":true,"href":"https:\/\/shaliteink.com\/de\/wp-json\/wp\/v2\/product_cat?post=1629"},{"taxonomy":"product_tag","embeddable":true,"href":"https:\/\/shaliteink.com\/de\/wp-json\/wp\/v2\/product_tag?post=1629"}],"curies":[{"name":"wp","href":"https:\/\/api.w.org\/{rel}","templated":true}]}}