{"id":1624,"date":"2025-04-23T06:39:28","date_gmt":"2025-04-23T06:39:28","guid":{"rendered":"https:\/\/shaliteink.com\/?post_type=product&#038;p=1624"},"modified":"2025-12-10T11:29:06","modified_gmt":"2025-12-10T11:29:06","slug":"orange-gelbe-pvc-freie-nb-siebdruckfarbe","status":"publish","type":"product","link":"https:\/\/shaliteink.com\/de\/produkt\/orange-gelbe-pvc-freie-nb-siebdruckfarbe\/","title":{"rendered":"Orangegelbe PVC-freie NB-Siebdruckfarbe"},"content":{"rendered":"<p class=\"ng-star-inserted\"><strong class=\"ng-star-inserted\"><span class=\"ng-star-inserted\">Warum Shaliteink Orange Yellow w\u00e4hlen?<\/span><\/strong><\/p>\n<p>Gelbdruck kann sehr schwierig sein und erfordert oft mehrere Farbauftr\u00e4ge, um Deckkraft zu erzielen. Und wissen Sie was? <strong><a href=\"https:\/\/shaliteink.com\/de\/\">Shalitein<\/a><\/strong>k l\u00f6st dieses Problem mit einer hohen Pigmentierung, die f\u00fcr hervorragende Deckkraft auf dunkler Kleidung sorgt. Und das eigentliche Highlight ist jedoch unsere \u201cNB\u201d-Technologie. Als Premium-Plastisol-NB-Tinte ist diese Formel \u201cnicht blockierend\u201d. Das bedeutet, dass die Tinte ein nicht-klebriges Finish erzeugt und verhindert, dass die W\u00e4sche beim Stapeln direkt vom W\u00e4schest\u00e4nder zusammenklebt \u2013 ein h\u00e4ufiges Problem in der Massenproduktion.<br \/>\nWir sind der Meinung, dass hervorragende Qualit\u00e4t kein Verm\u00f6gen kosten muss\u2026 Und \u00fcbrigens: Mit Shalitink Siebdruckfarbe sparen Sie sich den Zwischenh\u00e4ndler und erhalten ein Produkt, das mit den teuersten Marken auf dem Markt mithalten kann. Diese Farbe hat eine cremige, kurzviskose Konsistenz und gleitet m\u00fchelos \u00fcber alle Siebgewebe \u2013 von feinen Maschen f\u00fcr deckende Farbauftr\u00e4ge bis hin zu feinen Details.<\/p>\n<p><img decoding=\"async\" class=\"aligncenter wp-image-4260 size-large\" src=\"https:\/\/shaliteink.com\/wp-content\/uploads\/2025\/04\/Orange-Yellow-PVC-Free-NB-Screen-Printing-Ink-899x1024.png\" alt=\"Orangegelbe PVC-freie NB-Siebdruckfarbe\" width=\"899\" height=\"1024\" srcset=\"https:\/\/shaliteink.com\/wp-content\/uploads\/2025\/04\/Orange-Yellow-PVC-Free-NB-Screen-Printing-Ink-899x1024.png 899w, https:\/\/shaliteink.com\/wp-content\/uploads\/2025\/04\/Orange-Yellow-PVC-Free-NB-Screen-Printing-Ink-263x300.png 263w, https:\/\/shaliteink.com\/wp-content\/uploads\/2025\/04\/Orange-Yellow-PVC-Free-NB-Screen-Printing-Ink-768x875.png 768w, https:\/\/shaliteink.com\/wp-content\/uploads\/2025\/04\/Orange-Yellow-PVC-Free-NB-Screen-Printing-Ink-11x12.png 11w, https:\/\/shaliteink.com\/wp-content\/uploads\/2025\/04\/Orange-Yellow-PVC-Free-NB-Screen-Printing-Ink-150x171.png 150w, https:\/\/shaliteink.com\/wp-content\/uploads\/2025\/04\/Orange-Yellow-PVC-Free-NB-Screen-Printing-Ink.png 1080w\" sizes=\"(max-width: 899px) 100vw, 899px\" \/><\/p>\n<p class=\"ng-star-inserted\"><strong class=\"ng-star-inserted\"><span class=\"ng-star-inserted\">Hauptmerkmale und Vorteile:<\/span><\/strong><\/p>\n<ul class=\"ng-star-inserted\">\n<li class=\"ng-star-inserted\"><span class=\"ng-star-inserted\">Leuchtendes Orange-Gelb:<\/span><span class=\"ng-star-inserted\"> Eine kr\u00e4ftige, sonnige Farbe, die sich von jedem farbigen Material abhebt.<\/span><\/li>\n<li><span class=\"ng-star-inserted\">Nichtblockierende (NB) Technologie:<\/span><span class=\"ng-star-inserted\"> Unser besonderes <strong><a href=\"https:\/\/shaliteink.com\/de\/produkt-kategorie\/pvc-freie-nb-siebdruckfarbe\/\">NB Plastisol-Tinte<\/a><\/strong> Die Zusammensetzung verhindert Verunreinigungen und erm\u00f6glicht so das sofortige Stapeln ohne zerst\u00f6rende Haftung\u2026<\/span><\/li>\n<li><span class=\"ng-star-inserted\">PVC-frei und umweltfreundlich: Hergestellt ohne PVC und Phthalate, erf\u00fcllt es die strengen Umwelt- und Sicherheitsstandards globaler Marken.<\/span><\/li>\n<li><span class=\"ng-star-inserted\">Hohe Deckkraft: Hervorragende Deckkraft reduziert den Bedarf an \u00fcberm\u00e4\u00dfigen Druckstrichen.<\/span><\/li>\n<li><span class=\"ng-star-inserted\">Direkt vom Hersteller sparen: Erzielen Sie die beste Rendite f\u00fcr Ihr Unternehmen, indem Sie direkt beim Hersteller kaufen.<\/span><\/li>\n<li><span class=\"ng-star-inserted\">Glatte Druckbarkeit:<\/span><span class=\"ng-star-inserted\"> Es hat schon direkt aus dem Eimer eine cremige, cremige Konsistenz, reduziert die Erm\u00fcdung beim Drucken von Hand und flie\u00dft reibungslos auf automatischen Druckmaschinen.<\/span><\/li>\n<\/ul>\n<p class=\"ng-star-inserted\"><strong class=\"ng-star-inserted\"><span class=\"ng-star-inserted\">Technische Spezifikationen &amp; Anwendung<br \/>\n<\/span><\/strong><span class=\"ng-star-inserted\">Um eine dauerhafte mechanische Verbindung und Waschbest\u00e4ndigkeit zu gew\u00e4hrleisten, befolgen Sie bitte unsere Verarbeitungsanweisungen f\u00fcr Shaliteink.<\/span><strong class=\"ng-star-inserted\"><span class=\"ng-star-inserted\"><br \/>\n<\/span><\/strong><\/p>\n<p><strong class=\"ng-star-inserted\"><span class=\"ng-star-inserted\">Anleitung zum Blinken:<br \/>\nDie Tinte trocknet bei Temperaturen zwischen 120 \u00b0C und 140 \u00b0C. Sie muss sich trocken anf\u00fchlen, bevor die n\u00e4chste Siebdruckschicht aufgetragen wird. Wichtig: Nicht zu lange trocknen lassen, da dies zu Haftungsproblemen zwischen den Schichten f\u00fchren kann.<\/span><\/strong><\/p>\n<p><strong class=\"ng-star-inserted\"><span class=\"ng-star-inserted\">Aush\u00e4rtungshinweise:<br \/>\n<\/span><\/strong><\/p>\n<p class=\"ng-star-inserted\"><span class=\"ng-star-inserted\">Diese Tinte ben\u00f6tigt eine Standard-Aush\u00e4rtungstemperatur, um Waschechtheit zu gew\u00e4hrleisten.<\/span><\/p>\n<ul class=\"ng-star-inserted\">\n<li class=\"ng-star-inserted\">\n<p class=\"ng-star-inserted\"><span class=\"ng-star-inserted\">Aush\u00e4rtungstemperatur:<\/span><span class=\"ng-star-inserted\">\u00a0<\/span><span class=\"ng-star-inserted\">160 \u00b0C<\/span><span class=\"ng-star-inserted\">\u00a0(320\u00b0F).<\/span><\/p>\n<\/li>\n<li class=\"ng-star-inserted\">Wichtiger Hinweis: Die Temperatur der gesamten Farbschicht muss von oben bis unten 160 \u00b0C erreichen. Ein Laser-Thermometer misst lediglich die Oberfl\u00e4chentemperatur, was irref\u00fchrend sein kann. Wir empfehlen daher die Verwendung eines Ringf\u00fchlers, um sicherzustellen, dass die Farbe auf dem Stoff die optimale Aush\u00e4rtungstemperatur erreicht.<\/li>\n<\/ul>\n<p><strong class=\"ng-star-inserted\"><span class=\"ng-star-inserted\">Testverfahren und bew\u00e4hrte Methoden:<\/span><\/strong><\/p>\n<p><span class=\"ng-star-inserted\">Wir empfehlen Ihnen, vor Beginn der Produktion einen Dehnungstest durchzuf\u00fchren. Dehnen Sie den bedruckten Stoff auf etwa zwei Drittel der Shirtbreite. Wenn der Druck rei\u00dft und nicht in seine urspr\u00fcngliche Form zur\u00fcckkehrt, wurde er nicht korrekt verarbeitet. Passen Sie die Trocknergeschwindigkeit oder -temperatur so lange an, bis die Tinte den Dehnungs- und Waschtest besteht.<\/span><\/p>\n<p><strong class=\"ng-star-inserted\"><span class=\"ng-star-inserted\">Aufr\u00e4umen &amp; Lagern:<\/span><\/strong><\/p>\n<p>Die Reinigung mit handels\u00fcblichen Hochdruckreinigern f\u00fcr Plastisolfarbe oder Tintenentferner ist einfach. Um die optimale Viskosit\u00e4t zu erhalten, lagern Sie die Tintenbeh\u00e4lter k\u00fchl (18\u201332 \u00b0C) und vor direkter Sonneneinstrahlung gesch\u00fctzt.<\/p>\n<p>Kaufen Sie noch heute Shaliteink Profi-Tinten, die Ihnen Geld sparen und Ihre Druckqualit\u00e4t verbessern.<\/p>\n<p><img decoding=\"async\" class=\"aligncenter wp-image-4261 size-large\" src=\"https:\/\/shaliteink.com\/wp-content\/uploads\/2025\/04\/Orange-Yellow-PVC-Free-NB-Screen-Printing-Ink-1-896x1024.png\" alt=\"Orangegelbe PVC-freie NB-Siebdruckfarbe\" width=\"896\" height=\"1024\" srcset=\"https:\/\/shaliteink.com\/wp-content\/uploads\/2025\/04\/Orange-Yellow-PVC-Free-NB-Screen-Printing-Ink-1-896x1024.png 896w, https:\/\/shaliteink.com\/wp-content\/uploads\/2025\/04\/Orange-Yellow-PVC-Free-NB-Screen-Printing-Ink-1-263x300.png 263w, https:\/\/shaliteink.com\/wp-content\/uploads\/2025\/04\/Orange-Yellow-PVC-Free-NB-Screen-Printing-Ink-1-768x877.png 768w, https:\/\/shaliteink.com\/wp-content\/uploads\/2025\/04\/Orange-Yellow-PVC-Free-NB-Screen-Printing-Ink-1-11x12.png 11w, https:\/\/shaliteink.com\/wp-content\/uploads\/2025\/04\/Orange-Yellow-PVC-Free-NB-Screen-Printing-Ink-1-150x171.png 150w, https:\/\/shaliteink.com\/wp-content\/uploads\/2025\/04\/Orange-Yellow-PVC-Free-NB-Screen-Printing-Ink-1.png 919w\" sizes=\"(max-width: 896px) 100vw, 896px\" \/><\/p>","protected":false},"excerpt":{"rendered":"<p>Verleihen Sie Ihren Textildesigns mit Shalitink, einem weltweit etablierten Namen im Textildruck, unvergleichliche Leuchtkraft und Langlebigkeit. Dank unserer \u00fcber 50-j\u00e4hrigen Erfahrung in der Textilherstellung und der engen Zusammenarbeit mit weltbekannten Marken bieten wir Ihnen Premium-Siebdruckfarbe direkt ab Werk. Und wissen Sie was? Die orange-gelbe, PVC-freie NB-Siebdruckfarbe wurde speziell f\u00fcr Drucker entwickelt, die hohe Deckkraft, gleichm\u00e4\u00dfigen Druck, umweltfreundliche Produkte ben\u00f6tigen.<\/p>","protected":false},"featured_media":1625,"comment_status":"open","ping_status":"closed","template":"","meta":[],"product_brand":[],"product_cat":[43],"product_tag":[],"class_list":{"0":"post-1624","1":"product","2":"type-product","3":"status-publish","4":"has-post-thumbnail","6":"product_cat-pvc-free-nb-screen-printing-ink","8":"first","9":"instock","10":"shipping-taxable","11":"purchasable","12":"product-type-variable"},"tiered_pricing_type":"fixed","tiered_pricing_fixed_rules":[],"tiered_pricing_product_settings":{"layout":"default","base_unit_name":{"singular":null,"plural":null},"default_variation":null},"tiered_pricing_minimum_quantity":null,"tiered_pricing_roles_data":[],"tiered_pricing_percentage_rules":[],"tiered_pricing_maximum_quantity":null,"tiered_pricing_quantity_step":null,"_links":{"self":[{"href":"https:\/\/shaliteink.com\/de\/wp-json\/wp\/v2\/product\/1624","targetHints":{"allow":["GET"]}}],"collection":[{"href":"https:\/\/shaliteink.com\/de\/wp-json\/wp\/v2\/product"}],"about":[{"href":"https:\/\/shaliteink.com\/de\/wp-json\/wp\/v2\/types\/product"}],"replies":[{"embeddable":true,"href":"https:\/\/shaliteink.com\/de\/wp-json\/wp\/v2\/comments?post=1624"}],"version-history":[{"count":0,"href":"https:\/\/shaliteink.com\/de\/wp-json\/wp\/v2\/product\/1624\/revisions"}],"wp:featuredmedia":[{"embeddable":true,"href":"https:\/\/shaliteink.com\/de\/wp-json\/wp\/v2\/media\/1625"}],"wp:attachment":[{"href":"https:\/\/shaliteink.com\/de\/wp-json\/wp\/v2\/media?parent=1624"}],"wp:term":[{"taxonomy":"product_brand","embeddable":true,"href":"https:\/\/shaliteink.com\/de\/wp-json\/wp\/v2\/product_brand?post=1624"},{"taxonomy":"product_cat","embeddable":true,"href":"https:\/\/shaliteink.com\/de\/wp-json\/wp\/v2\/product_cat?post=1624"},{"taxonomy":"product_tag","embeddable":true,"href":"https:\/\/shaliteink.com\/de\/wp-json\/wp\/v2\/product_tag?post=1624"}],"curies":[{"name":"wp","href":"https:\/\/api.w.org\/{rel}","templated":true}]}}