{"id":1620,"date":"2025-04-23T06:35:56","date_gmt":"2025-04-23T06:35:56","guid":{"rendered":"https:\/\/shaliteink.com\/?post_type=product&#038;p=1620"},"modified":"2025-12-10T11:27:18","modified_gmt":"2025-12-10T11:27:18","slug":"rote-pvc-freie-nb-siebdruckfarbe","status":"publish","type":"product","link":"https:\/\/shaliteink.com\/de\/produkt\/rote-pvc-freie-nb-siebdruckfarbe\/","title":{"rendered":"Rote PVC-freie NB-Siebdruckfarbe"},"content":{"rendered":"<p class=\"ng-star-inserted\"><strong class=\"ng-star-inserted\"><span class=\"ng-star-inserted\">Warum w\u00e4hlen <a href=\"https:\/\/shaliteink.com\/de\/\">Shaliteink<\/a> Rotes NB?<\/span><\/strong><\/p>\n<p>Es handelt sich nicht um Standardtinte; dies ist eine Hochleistungstinte. <strong><a href=\"https:\/\/shaliteink.com\/de\/produkt-kategorie\/pvc-freie-nb-siebdruckfarbe\/\">NB Plastisol-Tinte<\/a><\/strong>. \u201cNB\u201d steht f\u00fcr \u201enicht blockierend\u201c und ist ein wichtiges Merkmal f\u00fcr die Massenproduktion. Im Gegensatz zu herk\u00f6mmlichen Farben, die klebrig bleiben und beim Hei\u00dfstapeln von Shirts verkleben k\u00f6nnen, sorgt unsere Plastisol-NB-Farbtechnologie f\u00fcr eine glatte, nicht klebende Oberfl\u00e4che. Dadurch wird die Besch\u00e4digung der Kleidung w\u00e4hrend der Abk\u00fchlphase deutlich reduziert.<\/p>\n<p>Als PVC-freie Formel erf\u00fcllt dieses Produkt moderne Umwelt- und Sicherheitsstandards und ist somit eine ausgezeichnete Wahl f\u00fcr Marken, die umweltfreundliche L\u00f6sungen suchen\u2026 Obwohl es PVC-frei ist, beh\u00e4lt es die cremige Textur und die einfache Handhabung klassischer Plastisolfarbe bei und gew\u00e4hrleistet so eine problemlose Siebreinigung auch bei manuellem und maschinellem Druck.<\/p>\n<p><img decoding=\"async\" class=\"aligncenter wp-image-4252 size-large\" src=\"https:\/\/shaliteink.com\/wp-content\/uploads\/2025\/04\/Red-PVC-Free-NB-Screen-Printing-Ink-857x1024.png\" alt=\"Rote PVC-freie NB-Siebdruckfarbe\" width=\"857\" height=\"1024\" srcset=\"https:\/\/shaliteink.com\/wp-content\/uploads\/2025\/04\/Red-PVC-Free-NB-Screen-Printing-Ink-857x1024.png 857w, https:\/\/shaliteink.com\/wp-content\/uploads\/2025\/04\/Red-PVC-Free-NB-Screen-Printing-Ink-251x300.png 251w, https:\/\/shaliteink.com\/wp-content\/uploads\/2025\/04\/Red-PVC-Free-NB-Screen-Printing-Ink-768x917.png 768w, https:\/\/shaliteink.com\/wp-content\/uploads\/2025\/04\/Red-PVC-Free-NB-Screen-Printing-Ink-10x12.png 10w, https:\/\/shaliteink.com\/wp-content\/uploads\/2025\/04\/Red-PVC-Free-NB-Screen-Printing-Ink-150x179.png 150w, https:\/\/shaliteink.com\/wp-content\/uploads\/2025\/04\/Red-PVC-Free-NB-Screen-Printing-Ink.png 992w\" sizes=\"(max-width: 857px) 100vw, 857px\" \/><\/p>\n<p class=\"ng-star-inserted\"><strong class=\"ng-star-inserted\"><span class=\"ng-star-inserted\">Hauptmerkmale und Vorteile:<\/span><\/strong><\/p>\n<ul class=\"ng-star-inserted\">\n<li class=\"ng-star-inserted\"><span class=\"ng-star-inserted\">Leuchtend &amp; Deckend: Es bietet eine kr\u00e4ftige, tiefrote Farbe, die selbst auf dunklen Stoffen eine hervorragende Deckkraft bietet (empfohlen f\u00fcr dunkle Kleidung unter der Foundation)\u2026<\/span><\/li>\n<li><span class=\"ng-star-inserted\">Nicht blockierende (NB) Formel: Sie wurde speziell entwickelt, um zu verhindern, dass die Drucke im Stapel aneinander kleben.<\/span><\/li>\n<li><span class=\"ng-star-inserted\">Umweltfreundlich:<\/span><span class=\"ng-star-inserted\"> 100% PVC-frei, sicher f\u00fcr Anwender und entspricht den globalen Exportstandards.<\/span><\/li>\n<li><span class=\"ng-star-inserted\">Direkt vom Hersteller:<\/span><span class=\"ng-star-inserted\"> Kaufen Sie Siebdruckfarbe direkt beim Hersteller und umgehen Sie den Zwischenh\u00e4ndler.<\/span><\/li>\n<li><span class=\"ng-star-inserted\">Benutzerfreundliche Konsistenz: Es ist direkt aus dem Beh\u00e4lter cremig und erfordert nur minimale Vorbereitung.<\/span><\/li>\n<li><span class=\"ng-star-inserted\">Strapazierf\u00e4hige Oberfl\u00e4che: Bei richtiger Pflege h\u00e4lt es mehreren W\u00e4schen stand, ohne zu rei\u00dfen oder zu verblassen.<\/span><\/li>\n<\/ul>\n<p class=\"ng-star-inserted\"><strong class=\"ng-star-inserted\"><span class=\"ng-star-inserted\">Technische Spezifikationen und Aush\u00e4rtungsrichtlinien<\/span><\/strong><\/p>\n<p>Um optimale Ergebnisse zu erzielen und die Langlebigkeit des Drucks zu gew\u00e4hrleisten, halten Sie sich bitte strikt an unsere Shaliteink-Verarbeitungsstandards.<\/p>\n<p><strong class=\"ng-star-inserted\"><span class=\"ng-star-inserted\">Anleitung zum Blinken:<\/span><\/strong><\/p>\n<p>Die Tinte kann bei Temperaturen zwischen 120 \u00b0C und 140 \u00b0C (248 \u00b0F \u2013 284 \u00b0F) verdunsten. Sie sollte sich trocken anf\u00fchlen, bevor die n\u00e4chste Farbe oder Station aufgetragen wird, aber nicht vollst\u00e4ndig durchgetrocknet sein.<\/p>\n<p><strong class=\"ng-star-inserted\"><span class=\"ng-star-inserted\">Aush\u00e4rtungshinweise:<\/span><\/strong><\/p>\n<p>Eine ausreichende Aush\u00e4rtung ist f\u00fcr die mechanische Verbindung unerl\u00e4sslich. Diese Tinte h\u00e4rtet bei 160 \u00b0C (320 \u00b0F) aus.<\/p>\n<p><span class=\"ng-star-inserted\">Standardh\u00e4rtung: Sicherstellen, dass die gesamte Tintenschicht 160\u00b0C erreicht.<\/span><\/p>\n<p><span class=\"ng-star-inserted\">Temperatur\u00fcberwachung: Wir empfehlen die Verwendung eines ringf\u00f6rmigen Thermometers anstelle eines Lasers. Laser messen lediglich die Oberfl\u00e4chentemperatur, was irref\u00fchrend sein kann. Beispielsweise muss die Tinte bei einem Schnellwaschgang 160 \u00b0C erreichen, um die Vorderseite des Stoffes zu erreichen.<\/span><\/p>\n<p><strong class=\"ng-star-inserted\"><span class=\"ng-star-inserted\">Testverfahren und bew\u00e4hrte Methoden:<br \/>\n<\/span><\/strong>F\u00fchren Sie vor jedem Produktionsauftrag einen Dehnungstest durch. Dehnen Sie den Druck dabei um etwa zwei Drittel der vollen Shirtbreite. Wenn der Druck rei\u00dft und sich nicht zur\u00fcckzieht, ist die Farbe nicht richtig fixiert. Wir empfehlen au\u00dferdem, die Haltbarkeit durch Testw\u00e4schen (5\u201310 Waschg\u00e4nge) zu pr\u00fcfen.<\/p>\n<p><strong class=\"ng-star-inserted\"><span class=\"ng-star-inserted\">Aufr\u00e4umen &amp; Lagern:<br \/>\n<\/span><\/strong><span class=\"ng-star-inserted\">Die Reinigung ist mit Hochdruckreinigern oder f\u00fcr Plastisolfarben geeigneten Tintenanalysatoren ganz einfach. Und wissen Sie was? Lagern Sie die Tinte an einem k\u00fchlen, trockenen Ort ohne direkte Sonneneinstrahlung, um ihre Haltbarkeit zu verl\u00e4ngern.<\/span><\/p>\n<p>Bereit f\u00fcr neue Druckergebnisse? Kaufen Sie noch heute unser Shalite und erleben Sie die Erfahrung von f\u00fcnfzig Jahren Fertigungsexzellenz.<\/p>\n<p><img decoding=\"async\" class=\"aligncenter wp-image-4254 size-full\" src=\"https:\/\/shaliteink.com\/wp-content\/uploads\/2025\/04\/Red-PVC-Free-NB-Screen-Printing-Ink-2.png\" alt=\"Rote PVC-freie NB-Siebdruckfarbe\" width=\"839\" height=\"1011\" srcset=\"https:\/\/shaliteink.com\/wp-content\/uploads\/2025\/04\/Red-PVC-Free-NB-Screen-Printing-Ink-2.png 839w, https:\/\/shaliteink.com\/wp-content\/uploads\/2025\/04\/Red-PVC-Free-NB-Screen-Printing-Ink-2-249x300.png 249w, https:\/\/shaliteink.com\/wp-content\/uploads\/2025\/04\/Red-PVC-Free-NB-Screen-Printing-Ink-2-768x925.png 768w, https:\/\/shaliteink.com\/wp-content\/uploads\/2025\/04\/Red-PVC-Free-NB-Screen-Printing-Ink-2-10x12.png 10w, https:\/\/shaliteink.com\/wp-content\/uploads\/2025\/04\/Red-PVC-Free-NB-Screen-Printing-Ink-2-150x181.png 150w\" sizes=\"(max-width: 839px) 100vw, 839px\" \/><\/p>","protected":false},"excerpt":{"rendered":"<p>Steigern Sie Ihre Druckproduktion mit Shalitein, dem Weltmarktf\u00fchrer in der Textildruckindustrie. Mit \u00fcber 20 Jahren Erfahrung in der Fertigung und nachweislichen Erfolgen in der Zusammenarbeit mit weltbekannten Marken bieten wir Ihnen Premiumqualit\u00e4t zu Direktpreisen ab Werk. Hinweis: Unsere rote, PVC-freie Siebdruckfarbe wurde speziell f\u00fcr professionelle Siebdrucker entwickelt, die brillante Farben, Umweltvertr\u00e4glichkeit und hervorragende Verarbeitbarkeit ohne hohe Kosten ben\u00f6tigen.<\/p>","protected":false},"featured_media":1621,"comment_status":"open","ping_status":"closed","template":"","meta":[],"product_brand":[],"product_cat":[43],"product_tag":[],"class_list":{"0":"post-1620","1":"product","2":"type-product","3":"status-publish","4":"has-post-thumbnail","6":"product_cat-pvc-free-nb-screen-printing-ink","8":"first","9":"instock","10":"shipping-taxable","11":"purchasable","12":"product-type-variable"},"tiered_pricing_type":"fixed","tiered_pricing_fixed_rules":[],"tiered_pricing_product_settings":{"layout":"default","base_unit_name":{"singular":null,"plural":null},"default_variation":null},"tiered_pricing_minimum_quantity":null,"tiered_pricing_roles_data":[],"tiered_pricing_percentage_rules":[],"tiered_pricing_maximum_quantity":null,"tiered_pricing_quantity_step":null,"_links":{"self":[{"href":"https:\/\/shaliteink.com\/de\/wp-json\/wp\/v2\/product\/1620","targetHints":{"allow":["GET"]}}],"collection":[{"href":"https:\/\/shaliteink.com\/de\/wp-json\/wp\/v2\/product"}],"about":[{"href":"https:\/\/shaliteink.com\/de\/wp-json\/wp\/v2\/types\/product"}],"replies":[{"embeddable":true,"href":"https:\/\/shaliteink.com\/de\/wp-json\/wp\/v2\/comments?post=1620"}],"version-history":[{"count":0,"href":"https:\/\/shaliteink.com\/de\/wp-json\/wp\/v2\/product\/1620\/revisions"}],"wp:featuredmedia":[{"embeddable":true,"href":"https:\/\/shaliteink.com\/de\/wp-json\/wp\/v2\/media\/1621"}],"wp:attachment":[{"href":"https:\/\/shaliteink.com\/de\/wp-json\/wp\/v2\/media?parent=1620"}],"wp:term":[{"taxonomy":"product_brand","embeddable":true,"href":"https:\/\/shaliteink.com\/de\/wp-json\/wp\/v2\/product_brand?post=1620"},{"taxonomy":"product_cat","embeddable":true,"href":"https:\/\/shaliteink.com\/de\/wp-json\/wp\/v2\/product_cat?post=1620"},{"taxonomy":"product_tag","embeddable":true,"href":"https:\/\/shaliteink.com\/de\/wp-json\/wp\/v2\/product_tag?post=1620"}],"curies":[{"name":"wp","href":"https:\/\/api.w.org\/{rel}","templated":true}]}}