{"id":1616,"date":"2025-04-23T06:32:25","date_gmt":"2025-04-23T06:32:25","guid":{"rendered":"https:\/\/shaliteink.com\/?post_type=product&#038;p=1616"},"modified":"2025-12-10T11:30:54","modified_gmt":"2025-12-10T11:30:54","slug":"gelbe-pvc-freie-nb-siebdruckfarbe","status":"publish","type":"product","link":"https:\/\/shaliteink.com\/de\/produkt\/gelbe-pvc-freie-nb-siebdruckfarbe\/","title":{"rendered":"Gelbe PVC-freie NB-Siebdruckfarbe"},"content":{"rendered":"<p class=\"ng-star-inserted\"><strong class=\"ng-star-inserted\"><span class=\"ng-star-inserted\">Warum Shaliteink Yellow NB Plastisolfarbe w\u00e4hlen?<\/span><\/strong><\/p>\n<p>Dies ist nicht einfach nur eine weitere gelbe Druckfarbe; es handelt sich um eine Premium-Siebdruckfarbe, die speziell f\u00fcr die L\u00f6sung g\u00e4ngiger Produktionsprobleme entwickelt wurde. Und ganz nebenbei: Sie ist als spezielle Plastisol-NB-Farbe (nicht klumpend) hergestellt, sodass die fertigen Textilien selbst in hei\u00dfesten Produktionsumgebungen problemlos gestapelt werden k\u00f6nnen, ohne dass die Drucke verkleben.<br \/>\nUnsere PVC-freie Formel erf\u00fcllt die strengen Umweltstandards moderner Modemarken und bewahrt gleichzeitig die cremigen, kurzviskosen Designs, die Sie lieben. Ob Baumwolle oder Mischgewebe \u2013 diese Tinte liefert kr\u00e4ftige, gl\u00e4nzende und pr\u00e4zise Deckkraft. Kaufen Sie direkt beim Hersteller und erhalten Sie hervorragende Qualit\u00e4t zum unschlagbaren Preis.<\/p>\n<p><img decoding=\"async\" class=\"aligncenter wp-image-4277 size-full\" src=\"https:\/\/shaliteink.com\/wp-content\/uploads\/2025\/04\/Yellow-PVC-Free-NB-Screen-Printing-Ink.png\" alt=\"Gelbe PVC-freie NB-Siebdruckfarbe\" width=\"988\" height=\"981\" srcset=\"https:\/\/shaliteink.com\/wp-content\/uploads\/2025\/04\/Yellow-PVC-Free-NB-Screen-Printing-Ink.png 988w, https:\/\/shaliteink.com\/wp-content\/uploads\/2025\/04\/Yellow-PVC-Free-NB-Screen-Printing-Ink-300x298.png 300w, https:\/\/shaliteink.com\/wp-content\/uploads\/2025\/04\/Yellow-PVC-Free-NB-Screen-Printing-Ink-150x149.png 150w, https:\/\/shaliteink.com\/wp-content\/uploads\/2025\/04\/Yellow-PVC-Free-NB-Screen-Printing-Ink-768x763.png 768w, https:\/\/shaliteink.com\/wp-content\/uploads\/2025\/04\/Yellow-PVC-Free-NB-Screen-Printing-Ink-12x12.png 12w\" sizes=\"(max-width: 988px) 100vw, 988px\" \/><\/p>\n<p class=\"ng-star-inserted\"><strong class=\"ng-star-inserted\"><span class=\"ng-star-inserted\">Hauptmerkmale und Vorteile:<\/span><\/strong><\/p>\n<ul class=\"ng-star-inserted\">\n<li class=\"ng-star-inserted\">\n<p class=\"ng-star-inserted\"><strong class=\"ng-star-inserted\"><span class=\"ng-star-inserted\">Umweltfreundliche Formel:<\/span><\/strong><span class=\"ng-star-inserted\">\u00a0100% PVC-frei, daher sicher f\u00fcr die Anwender und entspricht den Standards f\u00fchrender Marken.<\/span><\/p>\n<\/li>\n<li class=\"ng-star-inserted\">\n<p class=\"ng-star-inserted\"><strong class=\"ng-star-inserted\"><span class=\"ng-star-inserted\">Nichtblockierende Technologie:<\/span><\/strong><span class=\"ng-star-inserted\">\u00a0Die fortgeschrittenen\u00a0<\/span><span class=\"ng-star-inserted\">NB Plastisolfarbe<\/span><span class=\"ng-star-inserted\">\u00a0Die spezielle Formel verhindert klebrige Abdr\u00fccke und erm\u00f6glicht so ein einfacheres Stapeln und Verpacken.<\/span><\/p>\n<\/li>\n<li class=\"ng-star-inserted\">\n<p class=\"ng-star-inserted\"><strong class=\"ng-star-inserted\"><span class=\"ng-star-inserted\">Hohe Deckkraft:<\/span><\/strong><span class=\"ng-star-inserted\">\u00a0Die spezielle Pigmentierung gew\u00e4hrleistet eine leuchtend gelbe Deckkraft, auch auf dunkleren Untergr\u00fcnden (f\u00fcr schwarze Kleidungsst\u00fccke wird eine Grundierung empfohlen).<\/span><\/p>\n<\/li>\n<li class=\"ng-star-inserted\">\n<p class=\"ng-star-inserted\"><strong class=\"ng-star-inserted\"><span class=\"ng-star-inserted\">Cremige Konsistenz:<\/span><\/strong><span class=\"ng-star-inserted\">\u00a0Sofort einsatzbereit direkt aus dem Beh\u00e4lter.<\/span><\/p>\n<\/li>\n<li class=\"ng-star-inserted\">\n<p class=\"ng-star-inserted\"><strong class=\"ng-star-inserted\"><span class=\"ng-star-inserted\">Weiches Handgef\u00fchl:<\/span><\/strong><span class=\"ng-star-inserted\">\u00a0Die Drucke liegen glatt auf dem Stoff und sorgen so f\u00fcr ein professionelles Erscheinungsbild im Einzelhandel.<\/span><\/p>\n<\/li>\n<li class=\"ng-star-inserted\">\n<p class=\"ng-star-inserted\"><strong class=\"ng-star-inserted\"><span class=\"ng-star-inserted\">Direkt vom Hersteller:<\/span><\/strong><span class=\"ng-star-inserted\">\u00a0Erzielen Sie den besten ROI f\u00fcr Ihr Gesch\u00e4ft, indem Sie den Zwischenh\u00e4ndler ausschalten.<\/span><\/p>\n<\/li>\n<\/ul>\n<p class=\"ng-star-inserted\"><strong class=\"ng-star-inserted\"><span class=\"ng-star-inserted\">Heilungsrichtlinien<\/span><\/strong><\/p>\n<p class=\"ng-star-inserted\"><span class=\"ng-star-inserted\">Eine ordnungsgem\u00e4\u00dfe Aush\u00e4rtung ist f\u00fcr Haltbarkeit und Waschechtheit unerl\u00e4sslich. Im Gegensatz zu instabilen, niedrig aush\u00e4rtenden Tinten, unsere\u00a0<\/span><a href=\"https:\/\/shaliteink.com\/de\/produkt-kategorie\/pvc-freie-nb-siebdruckfarbe\/\"><strong><span class=\"ng-star-inserted\">NB Plastisolfarbe<\/span><\/strong><\/a><span class=\"ng-star-inserted\">\u00a0ist f\u00fcr eine standardm\u00e4\u00dfige, robuste Aush\u00e4rtung konzipiert, die eine mechanische Verbindung mit den Textilfasern herstellt.<\/span><\/p>\n<ul class=\"ng-star-inserted\">\n<li class=\"ng-star-inserted\">Flammpunkt: 120\u00b0C bis 140\u00b0C (ca. 248\u00b0F bis 284\u00b0F).<\/li>\n<li class=\"ng-star-inserted\">Aush\u00e4rtungstemperatur: 160 \u00b0C (ca. 320 \u00b0F).<\/li>\n<li class=\"ng-star-inserted\">Hinweis: Die Temperatur der gesamten Tintenschicht muss 160\u00b0C erreichen, um eine vollst\u00e4ndige Aush\u00e4rtung zu gew\u00e4hrleisten.<\/li>\n<\/ul>\n<p class=\"ng-star-inserted\"><strong class=\"ng-star-inserted\"><span class=\"ng-star-inserted\">Profi-Tipps f\u00fcr den Erfolg:<\/span><\/strong><\/p>\n<ol>\n<li>Dehnungstest: Dehnen Sie den Druck nach der Verarbeitung um etwa zwei Drittel des Shirts. Wenn die Farbe rei\u00dft und sich nicht zusammenzieht, haftet sie nicht. Erh\u00f6hen Sie die Einwirkzeit oder die Temperatur.<\/li>\n<li>Im Ernst, Waschtest: Wir empfehlen Ihnen, vor der vollst\u00e4ndigen Produktion einen Waschtest (5-10 Zyklen) durchzuf\u00fchren, um sicherzustellen, dass die Siebdruckfarbe vollst\u00e4ndig getrocknet ist.<\/li>\n<li>Blitzzeit: Halten Sie die Blitzzeit kurz, um eine \u00dcberhitzung der Zylinder zu vermeiden.<\/li>\n<\/ol>\n<p class=\"ng-star-inserted\"><strong class=\"ng-star-inserted\"><span class=\"ng-star-inserted\">Aufr\u00e4umen &amp; Einlagern<\/span><\/strong><\/p>\n<ul>\n<li>Reinigung: Verwenden Sie handels\u00fcblichen Tintenentferner oder einen Hochdruckreiniger. Beispielsweise l\u00e4sst sich Plastisol NB-Tinte leicht von Sieben und Wischt\u00fcchern entfernen.<\/li>\n<li>Lagerung: K\u00fchl und trocken lagern, bei einer Temperatur zwischen 18 \u00b0C und 32 \u00b0C. Um die Haltbarkeit zu verl\u00e4ngern, vor direkter Sonneneinstrahlung sch\u00fctzen.<\/li>\n<\/ul>\n<p class=\"ng-star-inserted\"><strong class=\"ng-star-inserted\"><span class=\"ng-star-inserted\">Kaufen<\/span><\/strong><span class=\"ng-star-inserted\">\u00a0der beste\u00a0<\/span><strong class=\"ng-star-inserted\"><span class=\"ng-star-inserted\">Siebdruckfarbe<\/span><\/strong><span class=\"ng-star-inserted\">\u00a0heute und erleben Sie die\u00a0<\/span><strong><a href=\"https:\/\/shaliteink.com\/de\/\"><span class=\"ng-star-inserted\">Shaliteink<\/span><\/a><\/strong><span class=\"ng-star-inserted\">\u00a0Unterschied!<\/span><\/p>\n<p><img decoding=\"async\" class=\"aligncenter wp-image-4278 size-large\" src=\"https:\/\/shaliteink.com\/wp-content\/uploads\/2025\/04\/Yellow-PVC-Free-NB-Screen-Printing-Ink-1-810x1024.png\" alt=\"Gelbe PVC-freie NB-Siebdruckfarbe\" width=\"810\" height=\"1024\" srcset=\"https:\/\/shaliteink.com\/wp-content\/uploads\/2025\/04\/Yellow-PVC-Free-NB-Screen-Printing-Ink-1-810x1024.png 810w, https:\/\/shaliteink.com\/wp-content\/uploads\/2025\/04\/Yellow-PVC-Free-NB-Screen-Printing-Ink-1-237x300.png 237w, https:\/\/shaliteink.com\/wp-content\/uploads\/2025\/04\/Yellow-PVC-Free-NB-Screen-Printing-Ink-1-768x971.png 768w, https:\/\/shaliteink.com\/wp-content\/uploads\/2025\/04\/Yellow-PVC-Free-NB-Screen-Printing-Ink-1-9x12.png 9w, https:\/\/shaliteink.com\/wp-content\/uploads\/2025\/04\/Yellow-PVC-Free-NB-Screen-Printing-Ink-1-150x190.png 150w, https:\/\/shaliteink.com\/wp-content\/uploads\/2025\/04\/Yellow-PVC-Free-NB-Screen-Printing-Ink-1.png 1024w\" sizes=\"(max-width: 810px) 100vw, 810px\" \/><\/p>\n<hr class=\"ng-star-inserted\" \/>","protected":false},"excerpt":{"rendered":"<p>Erleben Sie herausragende Leistungsf\u00e4higkeit und Umweltfreundlichkeit mit unseren Shalites\u2026 Als globaler Marktf\u00fchrer mit \u00fcber 20 Jahren Produktionserfahrung bieten wir Ihnen werksnahe L\u00f6sungen, denen weltbekannte Marken vertrauen. Die PVC-freie Plastisol-NB-Gelbfarbe wurde speziell f\u00fcr Siebdrucker entwickelt, die hohe Deckkraft, Umweltvertr\u00e4glichkeit und einfache Anwendung zu einem g\u00fcnstigen Preis ben\u00f6tigen.<\/p>","protected":false},"featured_media":1617,"comment_status":"open","ping_status":"closed","template":"","meta":[],"product_brand":[],"product_cat":[43],"product_tag":[],"class_list":{"0":"post-1616","1":"product","2":"type-product","3":"status-publish","4":"has-post-thumbnail","6":"product_cat-pvc-free-nb-screen-printing-ink","8":"first","9":"instock","10":"shipping-taxable","11":"purchasable","12":"product-type-variable"},"tiered_pricing_type":"fixed","tiered_pricing_fixed_rules":[],"tiered_pricing_product_settings":{"layout":"default","base_unit_name":{"singular":null,"plural":null},"default_variation":null},"tiered_pricing_minimum_quantity":null,"tiered_pricing_roles_data":[],"tiered_pricing_percentage_rules":[],"tiered_pricing_maximum_quantity":null,"tiered_pricing_quantity_step":null,"_links":{"self":[{"href":"https:\/\/shaliteink.com\/de\/wp-json\/wp\/v2\/product\/1616","targetHints":{"allow":["GET"]}}],"collection":[{"href":"https:\/\/shaliteink.com\/de\/wp-json\/wp\/v2\/product"}],"about":[{"href":"https:\/\/shaliteink.com\/de\/wp-json\/wp\/v2\/types\/product"}],"replies":[{"embeddable":true,"href":"https:\/\/shaliteink.com\/de\/wp-json\/wp\/v2\/comments?post=1616"}],"version-history":[{"count":0,"href":"https:\/\/shaliteink.com\/de\/wp-json\/wp\/v2\/product\/1616\/revisions"}],"wp:featuredmedia":[{"embeddable":true,"href":"https:\/\/shaliteink.com\/de\/wp-json\/wp\/v2\/media\/1617"}],"wp:attachment":[{"href":"https:\/\/shaliteink.com\/de\/wp-json\/wp\/v2\/media?parent=1616"}],"wp:term":[{"taxonomy":"product_brand","embeddable":true,"href":"https:\/\/shaliteink.com\/de\/wp-json\/wp\/v2\/product_brand?post=1616"},{"taxonomy":"product_cat","embeddable":true,"href":"https:\/\/shaliteink.com\/de\/wp-json\/wp\/v2\/product_cat?post=1616"},{"taxonomy":"product_tag","embeddable":true,"href":"https:\/\/shaliteink.com\/de\/wp-json\/wp\/v2\/product_tag?post=1616"}],"curies":[{"name":"wp","href":"https:\/\/api.w.org\/{rel}","templated":true}]}}