{"id":1612,"date":"2025-04-23T06:29:51","date_gmt":"2025-04-23T06:29:51","guid":{"rendered":"https:\/\/shaliteink.com\/?post_type=product&#038;p=1612"},"modified":"2025-12-10T11:31:31","modified_gmt":"2025-12-10T11:31:31","slug":"zitronengelbe-pvc-freie-nb-siebdruckfarbe","status":"publish","type":"product","link":"https:\/\/shaliteink.com\/de\/produkt\/zitronengelbe-pvc-freie-nb-siebdruckfarbe\/","title":{"rendered":"Zitronengelbe, PVC-freie NB-Siebdruckfarbe"},"content":{"rendered":"<p>Warum Zitronengelb w\u00e4hlen? <strong><a href=\"https:\/\/shaliteink.com\/de\/\">Shalitnik<\/a><\/strong>?<br \/>\nDies ist nicht einfach nur eine weitere gelbe Druckfarbe; es handelt sich um eine hochwertige Plastisol-NB-Farbe, die entwickelt wurde, um g\u00e4ngige Druckprobleme zu l\u00f6sen. \u201cNB\u201d steht f\u00fcr \u201enicht blockierend\u201c und bedeutet, dass diese Farbe verhindert, dass die Drucke beim Stapeln aneinanderkleben \u2013 ein h\u00e4ufiges Problem bei der Massenproduktion. Ob Gro\u00dfhersteller oder kleiner Betrieb: Diese Siebdruckfarbe bietet eine cremige Textur, ist leicht zu verarbeiten und l\u00e4sst sich gleichm\u00e4\u00dfig \u00fcber viele Siebe auftragen.<br \/>\nDank seiner PVC-freien Formel erf\u00fcllt dieses Produkt moderne Umweltstandards und ist somit unbedenklich f\u00fcr Anwender und Umwelt. Gleichzeitig bietet es die von professioneller Plastisolfarbe erwartete Haltbarkeit und Waschbest\u00e4ndigkeit. Das zitronengelbe Pigment ist hochdeckend und sorgt selbst auf dunklen Textilien mit der richtigen Grundierung f\u00fcr eine hervorragende Deckkraft.<\/p>\n<p><img decoding=\"async\" class=\"aligncenter wp-image-4249 size-full\" src=\"https:\/\/shaliteink.com\/wp-content\/uploads\/2025\/04\/Lemon-Yellow-PVC-Free-NB-Screen-Printing-Ink-1.png\" alt=\"Zitronengelbe, PVC-freie NB-Siebdruckfarbe\" width=\"874\" height=\"971\" srcset=\"https:\/\/shaliteink.com\/wp-content\/uploads\/2025\/04\/Lemon-Yellow-PVC-Free-NB-Screen-Printing-Ink-1.png 874w, https:\/\/shaliteink.com\/wp-content\/uploads\/2025\/04\/Lemon-Yellow-PVC-Free-NB-Screen-Printing-Ink-1-270x300.png 270w, https:\/\/shaliteink.com\/wp-content\/uploads\/2025\/04\/Lemon-Yellow-PVC-Free-NB-Screen-Printing-Ink-1-768x853.png 768w, https:\/\/shaliteink.com\/wp-content\/uploads\/2025\/04\/Lemon-Yellow-PVC-Free-NB-Screen-Printing-Ink-1-11x12.png 11w, https:\/\/shaliteink.com\/wp-content\/uploads\/2025\/04\/Lemon-Yellow-PVC-Free-NB-Screen-Printing-Ink-1-150x167.png 150w\" sizes=\"(max-width: 874px) 100vw, 874px\" \/><\/p>\n<p class=\"ng-star-inserted\"><strong class=\"ng-star-inserted\"><span class=\"ng-star-inserted\">Hauptmerkmale und Vorteile:<\/span><\/strong><\/p>\n<ul class=\"ng-star-inserted\">\n<li class=\"ng-star-inserted\"><span class=\"ng-star-inserted\">Strahlend &amp; Deckend: Es verleiht dem Stoff eine kr\u00e4ftige, leuchtend zitronengelbe FARBE.<\/span><\/li>\n<li><span class=\"ng-star-inserted\">Blockfreie Technologie: Unsere spezialisierte\u00a0<strong><a href=\"https:\/\/shaliteink.com\/de\/produkt-kategorie\/pvc-freie-nb-siebdruckfarbe\/\">NB Plastisolfarbe<\/a><\/strong>\u00a0Die Formel verhindert Klebrigkeit und Verkleben im Stapel.<\/span><\/li>\n<li><span class=\"ng-star-inserted\">Umweltfreundlich: 100% PVC-frei, entspricht globalen Sicherheitsstandards.<\/span><\/li>\n<li><span class=\"ng-star-inserted\">Direkt vom Hersteller: Kaufen Sie Siebdruckfarbe direkt vom Hersteller und sparen Sie Geld.<\/span><\/li>\n<li><span class=\"ng-star-inserted\">Benutzerfreundliche Viskosit\u00e4t: Cremige Textur direkt aus dem Beh\u00e4lter, ideal zum manuellen oder automatischen Pressen.<\/span><\/li>\n<li><span class=\"ng-star-inserted\">Angenehm weiches Handgef\u00fchl: Es bietet einen haltbaren, glatten Druck, der sich nicht wie ein schwerer Kunststofffleck anf\u00fchlt.<\/span><\/li>\n<\/ul>\n<p class=\"ng-star-inserted\"><strong class=\"ng-star-inserted\"><span class=\"ng-star-inserted\">Technische Spezifikationen &amp; Anwendung<\/span><\/strong><\/p>\n<p>Um beste Ergebnisse und eine lange Lebensdauer Ihrer Ausdrucke zu gew\u00e4hrleisten, befolgen Sie bitte die von Shaliteink empfohlenen Verarbeitungsparameter.<\/p>\n<p><span class=\"ng-star-inserted\">Anleitung zum Blinken:<br \/>\nDie Tinte verdunstet bei Temperaturen zwischen 120 \u00b0C und 140 \u00b0C. Sie sollte sich vor dem n\u00e4chsten Stopp trocken anf\u00fchlen, aber nicht vollst\u00e4ndig durchgetrocknet sein.<br \/>\nAush\u00e4rtungshinweise:<br \/>\nSachgem\u00e4\u00dfe Handhabung ist f\u00fcr die Haltbarkeit unerl\u00e4sslich. Diese Tinte h\u00e4rtet bei 160 \u00b0C (320 \u00b0F) aus.<br \/>\n<\/span><\/p>\n<ul>\n<li><span class=\"ng-star-inserted\">Wichtig: Die Temperatur der gesamten Tintenschicht (von oben nach unten) muss 160\u00b0C erreichen, um eine vollst\u00e4ndige mechanische Verbindung mit dem Stoff zu gew\u00e4hrleisten.<br class=\"ng-star-inserted\" \/><\/span><\/li>\n<li><span class=\"ng-star-inserted\">Profi-Tipp:<\/span><span class=\"ng-star-inserted\"> Verwenden Sie eine Donutsonde, um die Temperatur im Gewebe zu messen, da Laserpistolen nur die Oberfl\u00e4chentemperatur messen.<\/span><\/li>\n<\/ul>\n<p><strong class=\"ng-star-inserted\"><span class=\"ng-star-inserted\">Aufr\u00e4umarbeiten:<\/span><\/strong><\/p>\n<p>Die Reinigung ist unkompliziert\u2026 Sie k\u00f6nnen jeden handels\u00fcblichen Hochdruckreiniger oder Tintenentferner verwenden, der f\u00fcr Plastisolfarbe geeignet ist. Um die Lebensdauer Ihres Netzwerks zu verl\u00e4ngern, reinigen Sie Ihre Bildschirme gr\u00fcndlich.<\/p>\n<p><strong class=\"ng-star-inserted\"><span class=\"ng-star-inserted\">Haftungsausschluss:<br \/>\n<\/span><\/strong><span class=\"ng-star-inserted\">Obwohl Shaliteink die Qualit\u00e4t unserer Plastisol-NB-Farben garantiert, empfehlen wir Ihnen stets, vor Produktionsbeginn einen Dehnungs- und einen Waschtest durchzuf\u00fchren. Achten Sie darauf, den Druck etwa zwei Drittel der Shirth\u00f6he aufzutragen. Sollte der Druck Risse aufweisen, ist der Vorgang nicht zu Ende. Passen Sie gegebenenfalls die Einwirkzeit oder die Temperatur entsprechend an.<\/span><\/p>\n<p>Bestellen Sie noch heute und erleben Sie den Shalite-Unterschied \u2013 Premiumqualit\u00e4t direkt vom Hersteller, g\u00fcnstige Preise und erstklassiger Kundenservice.<\/p>\n<p><img decoding=\"async\" class=\"aligncenter wp-image-4248 size-full\" src=\"https:\/\/shaliteink.com\/wp-content\/uploads\/2025\/04\/Lemon-Yellow-PVC-Free-NB-Screen-Printing-Ink.png\" alt=\"Zitronengelbe, PVC-freie NB-Siebdruckfarbe\" width=\"759\" height=\"995\" srcset=\"https:\/\/shaliteink.com\/wp-content\/uploads\/2025\/04\/Lemon-Yellow-PVC-Free-NB-Screen-Printing-Ink.png 759w, https:\/\/shaliteink.com\/wp-content\/uploads\/2025\/04\/Lemon-Yellow-PVC-Free-NB-Screen-Printing-Ink-229x300.png 229w, https:\/\/shaliteink.com\/wp-content\/uploads\/2025\/04\/Lemon-Yellow-PVC-Free-NB-Screen-Printing-Ink-9x12.png 9w, https:\/\/shaliteink.com\/wp-content\/uploads\/2025\/04\/Lemon-Yellow-PVC-Free-NB-Screen-Printing-Ink-150x197.png 150w\" sizes=\"(max-width: 759px) 100vw, 759px\" \/><\/p>","protected":false},"excerpt":{"rendered":"<p>Entfesseln Sie das Potenzial Ihrer Druckmaschine mit Shalite, dem Weltmarktf\u00fchrer f\u00fcr Textildruckl\u00f6sungen. Dank \u00fcber 20 Jahren Produktionserfahrung und enger Zusammenarbeit mit weltbekannten Marken bieten wir Ihnen Direktvertrieb ab Werk in Top-Qualit\u00e4t zu unschlagbaren Preisen. Die PVC-freie Siebdruckfarbe LEMON Yellow NB wurde speziell f\u00fcr Siebdrucker entwickelt, die hohe Deckkraft, brillante Farben und eine umweltfreundliche Rezeptur zu einem erschwinglichen Preis ben\u00f6tigen.<\/p>","protected":false},"featured_media":1613,"comment_status":"open","ping_status":"closed","template":"","meta":[],"product_brand":[],"product_cat":[43],"product_tag":[],"class_list":{"0":"post-1612","1":"product","2":"type-product","3":"status-publish","4":"has-post-thumbnail","6":"product_cat-pvc-free-nb-screen-printing-ink","8":"first","9":"instock","10":"shipping-taxable","11":"purchasable","12":"product-type-variable"},"tiered_pricing_type":"fixed","tiered_pricing_fixed_rules":[],"tiered_pricing_product_settings":{"layout":"default","base_unit_name":{"singular":null,"plural":null},"default_variation":null},"tiered_pricing_minimum_quantity":null,"tiered_pricing_roles_data":[],"tiered_pricing_percentage_rules":[],"tiered_pricing_maximum_quantity":null,"tiered_pricing_quantity_step":null,"_links":{"self":[{"href":"https:\/\/shaliteink.com\/de\/wp-json\/wp\/v2\/product\/1612","targetHints":{"allow":["GET"]}}],"collection":[{"href":"https:\/\/shaliteink.com\/de\/wp-json\/wp\/v2\/product"}],"about":[{"href":"https:\/\/shaliteink.com\/de\/wp-json\/wp\/v2\/types\/product"}],"replies":[{"embeddable":true,"href":"https:\/\/shaliteink.com\/de\/wp-json\/wp\/v2\/comments?post=1612"}],"version-history":[{"count":0,"href":"https:\/\/shaliteink.com\/de\/wp-json\/wp\/v2\/product\/1612\/revisions"}],"wp:featuredmedia":[{"embeddable":true,"href":"https:\/\/shaliteink.com\/de\/wp-json\/wp\/v2\/media\/1613"}],"wp:attachment":[{"href":"https:\/\/shaliteink.com\/de\/wp-json\/wp\/v2\/media?parent=1612"}],"wp:term":[{"taxonomy":"product_brand","embeddable":true,"href":"https:\/\/shaliteink.com\/de\/wp-json\/wp\/v2\/product_brand?post=1612"},{"taxonomy":"product_cat","embeddable":true,"href":"https:\/\/shaliteink.com\/de\/wp-json\/wp\/v2\/product_cat?post=1612"},{"taxonomy":"product_tag","embeddable":true,"href":"https:\/\/shaliteink.com\/de\/wp-json\/wp\/v2\/product_tag?post=1612"}],"curies":[{"name":"wp","href":"https:\/\/api.w.org\/{rel}","templated":true}]}}