{"id":1608,"date":"2025-04-23T06:13:14","date_gmt":"2025-04-23T06:13:14","guid":{"rendered":"https:\/\/shaliteink.com\/?post_type=product&#038;p=1608"},"modified":"2025-12-10T11:26:53","modified_gmt":"2025-12-10T11:26:53","slug":"weise-pvc-freie-nb-siebdruckfarbe","status":"publish","type":"product","link":"https:\/\/shaliteink.com\/de\/produkt\/weise-pvc-freie-nb-siebdruckfarbe\/","title":{"rendered":"Wei\u00dfe, PVC-freie NB-Siebdruckfarbe"},"content":{"rendered":"<p class=\"ng-star-inserted\"><strong class=\"ng-star-inserted\"><span class=\"ng-star-inserted\">Warum w\u00e4hlen<\/span><\/strong><strong><span class=\"ng-star-inserted\"><a href=\"https:\/\/shaliteink.com\/de\/\"> Shaliteink<\/a><\/span><\/strong><strong class=\"ng-star-inserted\"><span class=\"ng-star-inserted\">?<\/span><\/strong><\/p>\n<p>Die Suche nach einer wei\u00dfen Tinte, die Deckkraft und Bedruckbarkeit optimal vereint, ist f\u00fcr Drucker die ultimative Herausforderung. Wir haben die L\u00f6sung gefunden. Durch den Verzicht auf Zwischenh\u00e4ndler und dank direkter Fabrikpreise bieten wir die beste abriebfeste Siebdruckfarbe. Ob manuelle Drucker oder Hochgeschwindigkeits-Automaten \u2013 diese Tinte steigert Produktionsgeschwindigkeit und Druckqualit\u00e4t.<\/p>\n<p><img decoding=\"async\" class=\"aligncenter wp-image-4243 size-full\" src=\"https:\/\/shaliteink.com\/wp-content\/uploads\/2025\/04\/White-PVC-Free-NB-Screen-Printing-Ink.png\" alt=\"Wei\u00dfe, PVC-freie NB-Siebdruckfarbe\" width=\"857\" height=\"821\" srcset=\"https:\/\/shaliteink.com\/wp-content\/uploads\/2025\/04\/White-PVC-Free-NB-Screen-Printing-Ink.png 857w, https:\/\/shaliteink.com\/wp-content\/uploads\/2025\/04\/White-PVC-Free-NB-Screen-Printing-Ink-300x287.png 300w, https:\/\/shaliteink.com\/wp-content\/uploads\/2025\/04\/White-PVC-Free-NB-Screen-Printing-Ink-768x736.png 768w, https:\/\/shaliteink.com\/wp-content\/uploads\/2025\/04\/White-PVC-Free-NB-Screen-Printing-Ink-13x12.png 13w, https:\/\/shaliteink.com\/wp-content\/uploads\/2025\/04\/White-PVC-Free-NB-Screen-Printing-Ink-150x144.png 150w\" sizes=\"(max-width: 857px) 100vw, 857px\" \/><\/p>\n<p class=\"ng-star-inserted\"><strong class=\"ng-star-inserted\"><span class=\"ng-star-inserted\">Hauptmerkmale und Vorteile:<\/span><\/strong><\/p>\n<ul class=\"ng-star-inserted\">\n<li class=\"ng-star-inserted\"><span class=\"ng-star-inserted\">PVC-frei und umweltbewusst: Hergestellt unter Ber\u00fccksichtigung von Sicherheits- und Umweltvorschriften, bietet es Sicherheit ohne Leistungseinbu\u00dfen.<\/span><\/li>\n<li><span class=\"ng-star-inserted\">Hohe Deckkraft: Sorgt f\u00fcr hervorragende Deckkraft auf dunkler Kleidung. Es homogenisiert die Fasern effektiv und erzeugt so eine gleichm\u00e4\u00dfige, strahlend wei\u00dfe Grundierung oder eine reinwei\u00dfe Farbe.<\/span><\/li>\n<li><span class=\"ng-star-inserted\">Cremige Konsistenz: Dank der kurzen Viskosit\u00e4t unserer Plastisol NB-Tinte l\u00e4sst sie sich leicht entnehmen und direkt aus dem Eimer drucken\u2026 Sie schneidet schnell und erfordert beim Andr\u00fccken von Hand weniger Kraftaufwand.<\/span><\/li>\n<li><span class=\"ng-star-inserted\">Nicht-Blockierende Technologie (NB): Entwickelt, um ein Verkleben (Blockieren) der Ausdrucke beim Hei\u00dfstapeln zu verhindern und so einen reibungslosen Arbeitsablauf zu gew\u00e4hrleisten.<\/span><\/li>\n<li><span class=\"ng-star-inserted\">Weiches Handgef\u00fchl:<\/span><span class=\"ng-star-inserted\"> Trotz ihrer hohen Deckkraft verbindet sich die Tinte mit einer glatten Oberfl\u00e4che, die nicht wie eine schwere Plastikpanzerung auf einem Hemd aussieht.<\/span><\/li>\n<\/ul>\n<p class=\"ng-star-inserted\"><strong class=\"ng-star-inserted\"><span class=\"ng-star-inserted\">Anwendungs- und Aush\u00e4rtungshinweise:<\/span><\/strong><\/p>\n<p>Die richtige Handhabung ist entscheidend f\u00fcr die Haltbarkeit. Im Gegensatz zu langsam h\u00e4rtenden Tinten, die die Waschbarkeit beeintr\u00e4chtigen k\u00f6nnen, ist unsere Formel robust und langlebig.<\/p>\n<ul>\n<li><span class=\"ng-star-inserted\">Blitztemperatur: Blitztinte 120 \u00b0C \u2013 140 \u00b0C (248 \u00b0F \u2013 284 \u00b0F). Und wissen Sie was? Die Tinte sollte sich trocken anf\u00fchlen, aber noch nicht vollst\u00e4ndig ausgeh\u00e4rtet sein, bevor Sie die n\u00e4chste Farbe auftragen.<br \/>\n<\/span><\/li>\n<li><span class=\"ng-star-inserted\">Aush\u00e4rtungstemperatur: Die Tinte muss eine vollst\u00e4ndige Aush\u00e4rtungstemperatur von 160 \u00b0C (320 \u00b0F) erreichen.<br \/>\n<\/span><\/li>\n<\/ul>\n<ul>\n<li style=\"list-style-type: none;\">\n<ul class=\"ng-star-inserted\">\n<li class=\"ng-star-inserted\">\n<p class=\"ng-star-inserted\"><span class=\"ng-star-inserted\">Wichtig:<\/span><span class=\"ng-star-inserted\">\u00a0Diese Temperatur muss w\u00e4hrend des gesamten Prozesses erreicht werden.\u00a0<\/span><span class=\"ng-star-inserted\">gesamte Tintenschicht<\/span><span class=\"ng-star-inserted\">, Nicht nur die Oberfl\u00e4che. Wir empfehlen, die Trocknereinstellungen mit einem Ringthermometer oder Temperaturstreifen zu \u00fcberpr\u00fcfen.<\/span><\/p>\n<\/li>\n<\/ul>\n<\/li>\n<\/ul>\n<p class=\"ng-star-inserted\"><strong class=\"ng-star-inserted\"><span class=\"ng-star-inserted\">Allgemeine Tests &amp; Profi-Tipps:<\/span><\/strong><\/p>\n<p>Vor Beginn einer gr\u00f6\u00dferen Produktion empfehlen wir dringend einen Dehnungstest und einen Waschtest. Sollte der Druck beim Dehnen rei\u00dfen oder sich nach dem Waschen verschlechtern, hat die Tinte wahrscheinlich nicht die gew\u00fcnschte Temperatur von 160 \u00b0C erreicht.<\/p>\n<ul>\n<li><span class=\"ng-star-inserted\">Maschenanzahl: Die besten Ergebnisse werden mit erzielt, wobei die Maschenanzahl je nach Konstruktionsdetails zwischen 110 und 230 liegt.<\/span><\/li>\n<li><span class=\"ng-star-inserted\">Reinigung: Verwenden Sie einen handels\u00fcblichen Hochdruckreiniger oder Verd\u00fcnner. Die Farbe l\u00e4sst sich leicht von Sieben und Gummimatten entfernen.<\/span><\/li>\n<\/ul>\n<p class=\"ng-star-inserted\"><strong><span class=\"ng-star-inserted\">Speicherinformationen:<\/span><\/strong><\/p>\n<p>Plastisol NB-Tinte bei Raumtemperatur lagern (extreme Hitze \u00fcber 32 \u00b0C vermeiden). Den Deckel fest verschlossen halten, um die cremige Konsistenz zu erhalten.<\/p>\n<p>Sind Sie bereit, die Qualit\u00e4t Ihres Unternehmens auf ein neues Niveau zu heben? Kaufen Sie Shaliteink, wei\u00df und PVC-frei. <a href=\"https:\/\/shaliteink.com\/de\/produkt-kategorie\/pvc-freie-nb-siebdruckfarbe\/\"><strong>NB Plastisolfarbe<\/strong><\/a> Erleben Sie noch heute den Unterschied aus zwei Jahrzehnten Fertigungserfahrung.<\/p>\n<p><img decoding=\"async\" class=\"aligncenter wp-image-4257 size-full\" src=\"https:\/\/shaliteink.com\/wp-content\/uploads\/2025\/04\/White-PVC-Free-NB-Screen-Printing-Ink-1.png\" alt=\"Wei\u00dfe, PVC-freie NB-Siebdruckfarbe\" width=\"839\" height=\"1011\" srcset=\"https:\/\/shaliteink.com\/wp-content\/uploads\/2025\/04\/White-PVC-Free-NB-Screen-Printing-Ink-1.png 839w, https:\/\/shaliteink.com\/wp-content\/uploads\/2025\/04\/White-PVC-Free-NB-Screen-Printing-Ink-1-249x300.png 249w, https:\/\/shaliteink.com\/wp-content\/uploads\/2025\/04\/White-PVC-Free-NB-Screen-Printing-Ink-1-768x925.png 768w, https:\/\/shaliteink.com\/wp-content\/uploads\/2025\/04\/White-PVC-Free-NB-Screen-Printing-Ink-1-10x12.png 10w, https:\/\/shaliteink.com\/wp-content\/uploads\/2025\/04\/White-PVC-Free-NB-Screen-Printing-Ink-1-150x181.png 150w\" sizes=\"(max-width: 839px) 100vw, 839px\" \/><\/p>","protected":false},"excerpt":{"rendered":"<p>Erzielen Sie professionelle Ergebnisse mit Shalitein, dem Weltmarktf\u00fchrer in der Textildruckindustrie\u2026 Und wissen Sie was? Dank unserer \u00fcber 20-j\u00e4hrigen Erfahrung in der Herstellung und der engen Zusammenarbeit mit weltbekannten Marken liefern wir Ihnen Premiumqualit\u00e4t direkt ab Werk. Die PVC-freie Tinte Plastisol NB White wurde speziell f\u00fcr Siebdrucker entwickelt, die hohe Deckkraft, reibungsloses Drucken und ein unschlagbares Preis-Leistungs-Verh\u00e4ltnis ben\u00f6tigen.<\/p>","protected":false},"featured_media":1609,"comment_status":"open","ping_status":"closed","template":"","meta":[],"product_brand":[],"product_cat":[43,49],"product_tag":[],"class_list":{"0":"post-1608","1":"product","2":"type-product","3":"status-publish","4":"has-post-thumbnail","6":"product_cat-pvc-free-nb-screen-printing-ink","7":"product_cat-white-screen-printing-ink-plastisol","9":"first","10":"instock","11":"shipping-taxable","12":"purchasable","13":"product-type-variable"},"tiered_pricing_type":"fixed","tiered_pricing_fixed_rules":[],"tiered_pricing_product_settings":{"layout":"default","base_unit_name":{"singular":null,"plural":null},"default_variation":null},"tiered_pricing_minimum_quantity":null,"tiered_pricing_roles_data":[],"tiered_pricing_percentage_rules":[],"tiered_pricing_maximum_quantity":null,"tiered_pricing_quantity_step":null,"_links":{"self":[{"href":"https:\/\/shaliteink.com\/de\/wp-json\/wp\/v2\/product\/1608","targetHints":{"allow":["GET"]}}],"collection":[{"href":"https:\/\/shaliteink.com\/de\/wp-json\/wp\/v2\/product"}],"about":[{"href":"https:\/\/shaliteink.com\/de\/wp-json\/wp\/v2\/types\/product"}],"replies":[{"embeddable":true,"href":"https:\/\/shaliteink.com\/de\/wp-json\/wp\/v2\/comments?post=1608"}],"version-history":[{"count":0,"href":"https:\/\/shaliteink.com\/de\/wp-json\/wp\/v2\/product\/1608\/revisions"}],"wp:featuredmedia":[{"embeddable":true,"href":"https:\/\/shaliteink.com\/de\/wp-json\/wp\/v2\/media\/1609"}],"wp:attachment":[{"href":"https:\/\/shaliteink.com\/de\/wp-json\/wp\/v2\/media?parent=1608"}],"wp:term":[{"taxonomy":"product_brand","embeddable":true,"href":"https:\/\/shaliteink.com\/de\/wp-json\/wp\/v2\/product_brand?post=1608"},{"taxonomy":"product_cat","embeddable":true,"href":"https:\/\/shaliteink.com\/de\/wp-json\/wp\/v2\/product_cat?post=1608"},{"taxonomy":"product_tag","embeddable":true,"href":"https:\/\/shaliteink.com\/de\/wp-json\/wp\/v2\/product_tag?post=1608"}],"curies":[{"name":"wp","href":"https:\/\/api.w.org\/{rel}","templated":true}]}}