{"id":1573,"date":"2025-04-22T08:08:20","date_gmt":"2025-04-22T08:08:20","guid":{"rendered":"https:\/\/shaliteink.com\/?post_type=product&#038;p=1573"},"modified":"2025-12-10T11:31:37","modified_gmt":"2025-12-10T11:31:37","slug":"shop-shaliteink-goldgelb-nb-plastisolfarbe-fur-vibran","status":"publish","type":"product","link":"https:\/\/shaliteink.com\/de\/produkt\/shop-shaliteink-goldgelb-nb-plastisolfarbe-fur-vibran\/","title":{"rendered":"Goldgelbe PVC-freie NB-Siebdruckfarbe"},"content":{"rendered":"<p class=\"ng-star-inserted\"><strong class=\"ng-star-inserted\"><span class=\"ng-star-inserted\">Hauptmerkmale und Vorteile:<\/span><\/strong><\/p>\n<ul class=\"ng-star-inserted\">\n<li class=\"ng-star-inserted\">Direkt vom Hersteller \u2013 Qualit\u00e4t: Es wurde entwickelt von <strong><a href=\"https:\/\/shaliteink.com\/de\/\">Shaliteink<\/a><\/strong> Experten, die \u00fcber zwei Jahrzehnte Erfahrung auf diesem Gebiet verf\u00fcgen.<\/li>\n<li><span class=\"ng-star-inserted\">Umweltfreundliche Formel: Die Siebdruckfarbe ist 100% PVC-frei und sorgt so f\u00fcr einen sichereren Arbeitsbereich und besseren Umweltschutz.<\/span><\/li>\n<li><span class=\"ng-star-inserted\">Nicht blockierend (NB): Unsere spezielle NB-Plastisol-Tintentechnologie verhindert das Anhaften, sodass Ihre Ausdrucke glatt und professionell aussehen.<\/span><\/li>\n<li><span class=\"ng-star-inserted\">Hohe Deckkraft:<\/span><span class=\"ng-star-inserted\"> Sorgt f\u00fcr eine brillante, gelbgoldene Deckkraft bei geringerem Reibungswiderstand.<\/span><\/li>\n<li><span class=\"ng-star-inserted\">Cremige Konsistenz: Sofort gebrauchsfertig; Einfacher Wechsel am Bildschirm.<\/span><\/li>\n<li><span class=\"ng-star-inserted\">Dauerhafte Aush\u00e4rtung: Entwickelt, um intensivem Waschen standzuhalten, WENN die Behandlung bei der richtigen Temperatur erfolgt.<\/span><\/li>\n<\/ul>\n<p><img decoding=\"async\" class=\"wp-image-4239 size-full aligncenter\" src=\"https:\/\/shaliteink.com\/wp-content\/uploads\/2025\/04\/Golden-Yellow-PVC-Free-NB-Screen-Printing-Ink.png\" alt=\"Goldgelbe PVC-freie NB-Siebdruckfarbe\" width=\"973\" height=\"864\" srcset=\"https:\/\/shaliteink.com\/wp-content\/uploads\/2025\/04\/Golden-Yellow-PVC-Free-NB-Screen-Printing-Ink.png 973w, https:\/\/shaliteink.com\/wp-content\/uploads\/2025\/04\/Golden-Yellow-PVC-Free-NB-Screen-Printing-Ink-300x266.png 300w, https:\/\/shaliteink.com\/wp-content\/uploads\/2025\/04\/Golden-Yellow-PVC-Free-NB-Screen-Printing-Ink-768x682.png 768w, https:\/\/shaliteink.com\/wp-content\/uploads\/2025\/04\/Golden-Yellow-PVC-Free-NB-Screen-Printing-Ink-14x12.png 14w, https:\/\/shaliteink.com\/wp-content\/uploads\/2025\/04\/Golden-Yellow-PVC-Free-NB-Screen-Printing-Ink-150x133.png 150w\" sizes=\"(max-width: 973px) 100vw, 973px\" \/><\/p>\n<p class=\"ng-star-inserted\"><strong class=\"ng-star-inserted\"><span class=\"ng-star-inserted\">Aush\u00e4rtungs- und Blitzrichtlinien:<\/span><\/strong><\/p>\n<p>Um die Langlebigkeit des Drucks und eine optimale Verbindung mit dem Stoff zu gew\u00e4hrleisten, ist es unerl\u00e4sslich, die spezifischen Temperaturrichtlinien daf\u00fcr einzuhalten. <strong><a href=\"https:\/\/shaliteink.com\/de\/produkt-kategorie\/pvc-freie-nb-siebdruckfarbe\/\">NB Plastisolfarbe<\/a><\/strong>. Im Gegensatz zu Tinten mit niedriger Aush\u00e4rtungstemperatur ben\u00f6tigt diese Formel eine normale Aush\u00e4rtungstemperatur f\u00fcr maximale Haltbarkeit und Waschbarkeit.<\/p>\n<ul class=\"ng-star-inserted\">\n<li class=\"ng-star-inserted\">\n<p class=\"ng-star-inserted\"><span class=\"ng-star-inserted\">Blitztemperatur:<\/span><span class=\"ng-star-inserted\"> 120\u2013140 \u00b0C (248\u2013284 \u00b0F). Blitzen, 3\u20135 Sekunden lang oder bis sich die Oberfl\u00e4che trocken anf\u00fchlt.<\/span><\/p>\n<\/li>\n<li class=\"ng-star-inserted\">\n<p class=\"ng-star-inserted\"><span class=\"ng-star-inserted\">Aush\u00e4rtungstemperatur:<\/span>160\u00b0C (320\u00b0F).<\/p>\n<\/li>\n<li class=\"ng-star-inserted\">Wichtig: Die Temperatur der Tintenschicht muss \u00fcber die gesamte Dicke 160 \u00b0C erreichen, nicht nur an der Oberfl\u00e4che. F\u00fcr genaue Messungen empfehlen wir eine Ringsonde, insbesondere bei dickeren Tintenschichten.<\/li>\n<\/ul>\n<p class=\"ng-star-inserted\"><strong class=\"ng-star-inserted\"><span class=\"ng-star-inserted\">Drucktipps:<\/span><\/strong><\/p>\n<ul>\n<li style=\"list-style-type: none;\">\n<ul class=\"ng-star-inserted\">\n<li class=\"ng-star-inserted\"><span class=\"ng-star-inserted\">Maschenzahl: F\u00fcr NB-Plastisolfarbe mit hohem Feststoffgehalt empfehlen wir Maschenzahlen zwischen 110 und 160 f\u00fcr die beste Balance zwischen Deckkraft und Detailgenauigkeit.<\/span><\/li>\n<li><span class=\"ng-star-inserted\">Untergrund: Um die leuchtendste Goldfarbe auf schwarzer oder dunkler Kleidung zu erzielen, drucken Sie zuerst eine wei\u00dfe Grundierung und anschlie\u00dfend die GOLDENE Farbe dar\u00fcber.<\/span><\/li>\n<li><span class=\"ng-star-inserted\">Pr\u00fcfung: F\u00fchren Sie vor der Serienproduktion unbedingt einen Dehnungs- und einen Waschtest durch. Und noch ein Hinweis: Wenn der Druck beim Dehnen deutlich rei\u00dft oder nach ein bis drei W\u00e4schen verblasst, wird die Tinte wahrscheinlich kein gutes Ergebnis liefern. Erh\u00f6hen Sie die Verweilzeit oder die Temperatur im Trockner, um die Zieltemperatur von 160 \u00b0C zu erreichen.<\/span><\/li>\n<\/ul>\n<\/li>\n<\/ul>\n<p class=\"ng-star-inserted\"><strong class=\"ng-star-inserted\"><span class=\"ng-star-inserted\">Aufr\u00e4umen &amp; Einlagern:<\/span><\/strong><\/p>\n<ul>\n<li style=\"list-style-type: none;\">\n<ul>\n<li style=\"list-style-type: none;\">\n<ul class=\"ng-star-inserted\">\n<li class=\"ng-star-inserted\"><span class=\"ng-star-inserted\">Aufr\u00e4umen:<\/span><span class=\"ng-star-inserted\"> Verwenden Sie ein handels\u00fcbliches L\u00f6sungsmittel f\u00fcr Siebdruckfarben oder einen Hochdruckreiniger, um die Siebe und Stempelkissen zu reinigen.<\/span><\/li>\n<li><span class=\"ng-star-inserted\">Lagerung: Shalitink-Produkte k\u00fchl und trocken bei Temperaturen zwischen 18 \u00b0C und 32 \u00b0C lagern\u2026 Vor direkter Sonneneinstrahlung sch\u00fctzen, um vorzeitige Kristallisation zu vermeiden.<\/span><\/li>\n<\/ul>\n<\/li>\n<\/ul>\n<\/li>\n<\/ul>\n<p><img decoding=\"async\" class=\"aligncenter wp-image-4240 size-full\" src=\"https:\/\/shaliteink.com\/wp-content\/uploads\/2025\/04\/Golden-Yellow-PVC-Free-NB-Screen-Printing-Ink-1.png\" alt=\"Goldgelbe PVC-freie NB-Siebdruckfarbe\" width=\"822\" height=\"966\" srcset=\"https:\/\/shaliteink.com\/wp-content\/uploads\/2025\/04\/Golden-Yellow-PVC-Free-NB-Screen-Printing-Ink-1.png 822w, https:\/\/shaliteink.com\/wp-content\/uploads\/2025\/04\/Golden-Yellow-PVC-Free-NB-Screen-Printing-Ink-1-255x300.png 255w, https:\/\/shaliteink.com\/wp-content\/uploads\/2025\/04\/Golden-Yellow-PVC-Free-NB-Screen-Printing-Ink-1-768x903.png 768w, https:\/\/shaliteink.com\/wp-content\/uploads\/2025\/04\/Golden-Yellow-PVC-Free-NB-Screen-Printing-Ink-1-10x12.png 10w, https:\/\/shaliteink.com\/wp-content\/uploads\/2025\/04\/Golden-Yellow-PVC-Free-NB-Screen-Printing-Ink-1-150x176.png 150w\" sizes=\"(max-width: 822px) 100vw, 822px\" \/><\/p>","protected":false},"excerpt":{"rendered":"<p>Erzielen Sie brillante, professionelle Ergebnisse mit Shaliteink Golden, einem Goldgelb \u2013 die ideale Wahl f\u00fcr Siebdrucker, die Wert auf Qualit\u00e4t und Konsistenz legen. Als weltweit f\u00fchrender Hersteller mit \u00fcber 20 Jahren Erfahrung bietet Shaliteink Preise direkt ab Werk ohne Kompromisse bei der Leistung. Wir arbeiten eng mit weltbekannten Marken zusammen, um einzigartige Siebdruckfarben zu entwickeln, und dieses Goldgelb ist da keine Ausnahme.<br \/>\nDiese vielseitige und benutzerfreundliche Tinte ist eine leistungsstarke Plastisol-NB-Tinte (nicht blockierend). Im Gegensatz zu herk\u00f6mmlichen Tinten, die klebrig bleiben oder schwer zu verarbeiten sein k\u00f6nnen, sorgt die Plastisol-NB-Tintenformel f\u00fcr eine glatte Oberfl\u00e4che, die sich nach dem Trocknen leicht stapeln und f\u00fcllen l\u00e4sst. Und ganz nebenbei: Diese Tinte ist PVC-frei und somit die ideale Wahl f\u00fcr umweltbewusste Gesch\u00e4fte, die ihren \u00f6kologischen Fu\u00dfabdruck reduzieren und gleichzeitig die von einer hochwertigen Plastisol-Tinte erwartete Haltbarkeit und Waschbarkeit beibehalten m\u00f6chten.<br \/>\nOb Sie einen manuellen oder automatischen Drucker verwenden, die cremige, kurzviskose Textur der Plastisol NB-Tinte erm\u00f6glicht ein reibungsloses Scannen durch das Raster. Sie bietet hohe Deckkraft und erzeugt kr\u00e4ftige, lebendige Goldt\u00f6ne selbst auf dunklen Stoffen.<\/p>","protected":false},"featured_media":1574,"comment_status":"open","ping_status":"closed","template":"","meta":[],"product_brand":[],"product_cat":[43],"product_tag":[],"class_list":{"0":"post-1573","1":"product","2":"type-product","3":"status-publish","4":"has-post-thumbnail","6":"product_cat-pvc-free-nb-screen-printing-ink","8":"first","9":"instock","10":"shipping-taxable","11":"purchasable","12":"product-type-variable"},"tiered_pricing_type":"fixed","tiered_pricing_fixed_rules":[],"tiered_pricing_product_settings":{"layout":"default","base_unit_name":{"singular":null,"plural":null},"default_variation":null},"tiered_pricing_minimum_quantity":null,"tiered_pricing_roles_data":[],"tiered_pricing_percentage_rules":[],"tiered_pricing_maximum_quantity":null,"tiered_pricing_quantity_step":null,"_links":{"self":[{"href":"https:\/\/shaliteink.com\/de\/wp-json\/wp\/v2\/product\/1573","targetHints":{"allow":["GET"]}}],"collection":[{"href":"https:\/\/shaliteink.com\/de\/wp-json\/wp\/v2\/product"}],"about":[{"href":"https:\/\/shaliteink.com\/de\/wp-json\/wp\/v2\/types\/product"}],"replies":[{"embeddable":true,"href":"https:\/\/shaliteink.com\/de\/wp-json\/wp\/v2\/comments?post=1573"}],"version-history":[{"count":0,"href":"https:\/\/shaliteink.com\/de\/wp-json\/wp\/v2\/product\/1573\/revisions"}],"wp:featuredmedia":[{"embeddable":true,"href":"https:\/\/shaliteink.com\/de\/wp-json\/wp\/v2\/media\/1574"}],"wp:attachment":[{"href":"https:\/\/shaliteink.com\/de\/wp-json\/wp\/v2\/media?parent=1573"}],"wp:term":[{"taxonomy":"product_brand","embeddable":true,"href":"https:\/\/shaliteink.com\/de\/wp-json\/wp\/v2\/product_brand?post=1573"},{"taxonomy":"product_cat","embeddable":true,"href":"https:\/\/shaliteink.com\/de\/wp-json\/wp\/v2\/product_cat?post=1573"},{"taxonomy":"product_tag","embeddable":true,"href":"https:\/\/shaliteink.com\/de\/wp-json\/wp\/v2\/product_tag?post=1573"}],"curies":[{"name":"wp","href":"https:\/\/api.w.org\/{rel}","templated":true}]}}