{"id":1569,"date":"2025-04-22T08:07:07","date_gmt":"2025-04-22T08:07:07","guid":{"rendered":"https:\/\/shaliteink.com\/?post_type=product&#038;p=1569"},"modified":"2025-12-10T11:31:04","modified_gmt":"2025-12-10T11:31:04","slug":"bei-shaliteink-finden-sie-hochwertige-extra-umweltfreundliche-pvc-freie-nb-plastisol-tinte","status":"publish","type":"product","link":"https:\/\/shaliteink.com\/de\/produkt\/bei-shaliteink-finden-sie-hochwertige-extra-umweltfreundliche-pvc-freie-nb-plastisol-tinte\/","title":{"rendered":"Extra gr\u00fcne, PVC-freie NB-Siebdruckfarbe"},"content":{"rendered":"<p class=\"ng-star-inserted\"><strong class=\"ng-star-inserted\"><span class=\"ng-star-inserted\">HAUPTMERKMALE &amp; VORTEILE:<\/span><\/strong><\/p>\n<ul class=\"ng-star-inserted\">\n<li class=\"ng-star-inserted\"><span class=\"ng-star-inserted\">Qualit\u00e4t direkt vom Hersteller: Die beste Rendite mit Premium-Tinte direkt vom Hersteller. <strong><a href=\"https:\/\/shaliteink.com\/de\/\">Shaliteink<\/a><\/strong> Produktionsst\u00e4tte.<\/span><\/li>\n<li><span class=\"ng-star-inserted\">Nicht blockierende (NB) Formel: Unsere einzigartige Plastisol-NB-Tinte verhindert, dass die Drucke beim Stapeln im hei\u00dfen Zustand aneinanderkleben (Blockieren) und reduziert so die Bruchgefahr.<\/span><\/li>\n<li><span class=\"ng-star-inserted\">Umweltfreundlich und PVC-frei: Es ist als besonders umweltfreundliches Produkt konzipiert und bietet eine sicherere Alternative f\u00fcr Ihr Unternehmen und die Umwelt\u2026<\/span><\/li>\n<li><span class=\"ng-star-inserted\">Hohe Deckkraft: Erzeugt helle, deckende Drucke, die auf dunklen Stoffen gut sichtbar sind\u2026<\/span><\/li>\n<li><span class=\"ng-star-inserted\">Weiches Handgef\u00fchl: Trotz hoher Deckkraft erzeugt die Tinte eine glatte, strapazierf\u00e4hige Oberfl\u00e4che.<\/span><\/li>\n<li><span class=\"ng-star-inserted\">Benutzerfreundlich: Die cremige Textur flie\u00dft m\u00fchelos durch die Siebe an der Oberseite.<\/span><\/li>\n<\/ul>\n<p><img decoding=\"async\" class=\"aligncenter wp-image-4235 size-large\" src=\"https:\/\/shaliteink.com\/wp-content\/uploads\/2025\/04\/Extra-Green-PVC-Free-NB-Screen-Printing-Ink-756x1024.png\" alt=\"Extra gr\u00fcne, PVC-freie NB-Siebdruckfarbe\" width=\"756\" height=\"1024\" srcset=\"https:\/\/shaliteink.com\/wp-content\/uploads\/2025\/04\/Extra-Green-PVC-Free-NB-Screen-Printing-Ink-756x1024.png 756w, https:\/\/shaliteink.com\/wp-content\/uploads\/2025\/04\/Extra-Green-PVC-Free-NB-Screen-Printing-Ink-222x300.png 222w, https:\/\/shaliteink.com\/wp-content\/uploads\/2025\/04\/Extra-Green-PVC-Free-NB-Screen-Printing-Ink-768x1040.png 768w, https:\/\/shaliteink.com\/wp-content\/uploads\/2025\/04\/Extra-Green-PVC-Free-NB-Screen-Printing-Ink-9x12.png 9w, https:\/\/shaliteink.com\/wp-content\/uploads\/2025\/04\/Extra-Green-PVC-Free-NB-Screen-Printing-Ink-150x203.png 150w, https:\/\/shaliteink.com\/wp-content\/uploads\/2025\/04\/Extra-Green-PVC-Free-NB-Screen-Printing-Ink.png 936w\" sizes=\"(max-width: 756px) 100vw, 756px\" \/><\/p>\n<p class=\"ng-star-inserted\"><strong class=\"ng-star-inserted\"><span class=\"ng-star-inserted\">TECHNISCHE DATEN &amp; AUSH\u00c4RTUNGSHINWEISE:<\/span><\/strong><\/p>\n<p>Die richtige Handhabung ist f\u00fcr die Haltbarkeit entscheidend. Und wissen Sie was? Im Gegensatz zu langsam aush\u00e4rtenden Tinten, die die Stabilit\u00e4t beeintr\u00e4chtigen k\u00f6nnen, ist Shaliteink f\u00fcr eine starke und dauerhafte Verklebung bei branchen\u00fcblichen Temperaturen konzipiert.<\/p>\n<ul>\n<li><span class=\"ng-star-inserted\">Fixiertemperatur: Die Tinte bei 120 \u00b0C bis 140 \u00b0C (248 \u00b0F bis 284 \u00b0F) fixieren. Sicherstellen, dass die Oberfl\u00e4che vor dem Auftragen der n\u00e4chsten Farbe nicht mehr klebrig ist.<br \/>\n<\/span><\/li>\n<li><span class=\"ng-star-inserted\">Aush\u00e4rtungstemperatur: F\u00fcr eine vollst\u00e4ndige Aush\u00e4rtung muss die Tintentemperatur in der gesamten Tintenschicht 160 \u00b0C (320 \u00b0F) erreichen.<br \/>\n<\/span><\/li>\n<li><span class=\"ng-star-inserted\">Pr\u00fcfung: Wir empfehlen dringend, vor der Serienproduktion einen Waschtest (5-10 Zyklen) und einen Dehnungstest durchzuf\u00fchren\u2026 Wenn der Druck beim Dehnen beispielsweise deutlich rei\u00dft, bedeutet dies, dass die Tinte die erforderliche Temperatur von 160 \u00b0C nicht erreicht hat.<\/span><\/li>\n<\/ul>\n<p class=\"ng-star-inserted\"><strong class=\"ng-star-inserted\"><span class=\"ng-star-inserted\">DRUCKTIPPS:<\/span><\/strong><\/p>\n<p>F\u00fcr beste Ergebnisse mit , mit <strong><a href=\"https:\/\/shaliteink.com\/de\/produkt-kategorie\/pvc-freie-nb-siebdruckfarbe\/\">NB Druckfarbe<\/a><\/strong>, Wir empfehlen, auf Baumwollgewebe wie fifty% oder einem hochwertigen Mischgewebe zu drucken. Bei dunklen Textilien verst\u00e4rkt ein wei\u00dfer Unterton die Leuchtkraft der Untert\u00f6ne.<\/p>\n<p class=\"ng-star-inserted\"><strong class=\"ng-star-inserted\"><span class=\"ng-star-inserted\">AUFR\u00c4UMEN &amp; AUFBEWAHRUNG:<\/span><\/strong><\/p>\n<ul class=\"ng-star-inserted\">\n<li class=\"ng-star-inserted\">Reinigung: Verwenden Sie einen handels\u00fcblichen Hochdruckreiniger oder einen Tintenentferner, um Siebe und Gummipads zu reinigen.<\/li>\n<li>Aufbewahrung: Shalitink-Produkte k\u00fchl, trocken und vor direkter Sonneneinstrahlung gesch\u00fctzt lagern. Und noch ein Hinweis: Beh\u00e4lter nach Gebrauch stets geschlossen halten, um die cremige Konsistenz der Tinte zu erhalten.<br \/>\n<img decoding=\"async\" class=\"aligncenter wp-image-4236 size-full\" src=\"https:\/\/shaliteink.com\/wp-content\/uploads\/2025\/04\/Extra-Green-PVC-Free-NB-Screen-Printing-Ink-1.png\" alt=\"Extra gr\u00fcne, PVC-freie NB-Siebdruckfarbe\" width=\"720\" height=\"932\" srcset=\"https:\/\/shaliteink.com\/wp-content\/uploads\/2025\/04\/Extra-Green-PVC-Free-NB-Screen-Printing-Ink-1.png 720w, https:\/\/shaliteink.com\/wp-content\/uploads\/2025\/04\/Extra-Green-PVC-Free-NB-Screen-Printing-Ink-1-232x300.png 232w, https:\/\/shaliteink.com\/wp-content\/uploads\/2025\/04\/Extra-Green-PVC-Free-NB-Screen-Printing-Ink-1-9x12.png 9w, https:\/\/shaliteink.com\/wp-content\/uploads\/2025\/04\/Extra-Green-PVC-Free-NB-Screen-Printing-Ink-1-150x194.png 150w\" sizes=\"(max-width: 720px) 100vw, 720px\" \/><\/li>\n<\/ul>","protected":false},"excerpt":{"rendered":"<p>Willkommen bei Shaliteink, dem weltweit f\u00fchrenden Tintenhersteller mit \u00fcber 20 Jahren Erfahrung. Wir haben einen Zwischenh\u00e4ndler ausgew\u00e4hlt, um Ihnen Premium-Siebdruckfarben direkt ab Werk zu g\u00fcnstigen Preisen anbieten zu k\u00f6nnen. Unsere neuesten Produkte, die von weltbekannten Marken in Auftrag gegeben wurden, sind f\u00fcr professionelle Druckereien konzipiert, die umweltfreundliche L\u00f6sungen ohne Qualit\u00e4tseinbu\u00dfen fordern.<br \/>\nExtra umweltfreundliche, PVC-freie NB-Siebdruckfarbe ist ein echter Durchbruch f\u00fcr Gro\u00dfdruckereien und unabh\u00e4ngige Kreative gleicherma\u00dfen. Wenn Sie eine zuverl\u00e4ssige Farbe suchen, die g\u00e4ngige Haftungsprobleme l\u00f6st, ist diese Plastisol-NB-Farbe (nicht blockierend) die beste Wahl. Im Gegensatz zu herk\u00f6mmlichen Farben, die klebrig bleiben, sorgt unsere \u2018No-Clog\u2019-Technologie f\u00fcr eine glatte, trockene Oberfl\u00e4che, wodurch sich Textilien nach dem Abk\u00fchlen leichter \u00fcbereinanderlegen lassen.<br \/>\nWir wissen, dass Deckkraft entscheidend ist. Diese Siebdruckfarbe bietet kr\u00e4ftige, leuchtende Farben mit hervorragender Deckkraft, selbst auf dunklen Baumwoll- oder Polyestermischgeweben. Ob Sie eine manuelle oder automatische Druckmaschine verwenden \u2013 die Maschinendruckfarbe Shaliteink hat eine cremige Textur, die sich leicht verarbeiten l\u00e4sst und so die Erm\u00fcdung bei langen Produktionsl\u00e4ufen reduziert.<\/p>","protected":false},"featured_media":1894,"comment_status":"open","ping_status":"closed","template":"","meta":[],"product_brand":[],"product_cat":[43],"product_tag":[],"class_list":{"0":"post-1569","1":"product","2":"type-product","3":"status-publish","4":"has-post-thumbnail","6":"product_cat-pvc-free-nb-screen-printing-ink","8":"first","9":"instock","10":"shipping-taxable","11":"purchasable","12":"product-type-variable"},"tiered_pricing_type":"fixed","tiered_pricing_fixed_rules":[],"tiered_pricing_product_settings":{"layout":"default","base_unit_name":{"singular":null,"plural":null},"default_variation":null},"tiered_pricing_minimum_quantity":null,"tiered_pricing_roles_data":[],"tiered_pricing_percentage_rules":[],"tiered_pricing_maximum_quantity":null,"tiered_pricing_quantity_step":null,"_links":{"self":[{"href":"https:\/\/shaliteink.com\/de\/wp-json\/wp\/v2\/product\/1569","targetHints":{"allow":["GET"]}}],"collection":[{"href":"https:\/\/shaliteink.com\/de\/wp-json\/wp\/v2\/product"}],"about":[{"href":"https:\/\/shaliteink.com\/de\/wp-json\/wp\/v2\/types\/product"}],"replies":[{"embeddable":true,"href":"https:\/\/shaliteink.com\/de\/wp-json\/wp\/v2\/comments?post=1569"}],"version-history":[{"count":0,"href":"https:\/\/shaliteink.com\/de\/wp-json\/wp\/v2\/product\/1569\/revisions"}],"wp:featuredmedia":[{"embeddable":true,"href":"https:\/\/shaliteink.com\/de\/wp-json\/wp\/v2\/media\/1894"}],"wp:attachment":[{"href":"https:\/\/shaliteink.com\/de\/wp-json\/wp\/v2\/media?parent=1569"}],"wp:term":[{"taxonomy":"product_brand","embeddable":true,"href":"https:\/\/shaliteink.com\/de\/wp-json\/wp\/v2\/product_brand?post=1569"},{"taxonomy":"product_cat","embeddable":true,"href":"https:\/\/shaliteink.com\/de\/wp-json\/wp\/v2\/product_cat?post=1569"},{"taxonomy":"product_tag","embeddable":true,"href":"https:\/\/shaliteink.com\/de\/wp-json\/wp\/v2\/product_tag?post=1569"}],"curies":[{"name":"wp","href":"https:\/\/api.w.org\/{rel}","templated":true}]}}