{"id":1565,"date":"2025-04-22T08:05:42","date_gmt":"2025-04-22T08:05:42","guid":{"rendered":"https:\/\/shaliteink.com\/?post_type=product&#038;p=1565"},"modified":"2025-12-10T11:30:41","modified_gmt":"2025-12-10T11:30:41","slug":"bei-shaliteink-finden-sie-leuchtend-blaue-pvc-freie-nb-siebdruckfarbe","status":"publish","type":"product","link":"https:\/\/shaliteink.com\/de\/produkt\/bei-shaliteink-finden-sie-leuchtend-blaue-pvc-freie-nb-siebdruckfarbe\/","title":{"rendered":"Hellblaue, PVC-freie NB-Siebdruckfarbe"},"content":{"rendered":"<p class=\"ng-star-inserted\"><strong class=\"ng-star-inserted\"><span class=\"ng-star-inserted\">Warum Shaliteink w\u00e4hlen?<\/span><\/strong><\/p>\n<p>Wir verstehen, dass zuverl\u00e4ssige Siebdruckfarbe das R\u00fcckgrat Ihres Unternehmens ist. Ganz ehrlich, wenn Sie direkt bei uns kaufen <strong><a href=\"https:\/\/shaliteink.com\/de\/\">Shaliteink<\/a><\/strong>, Sie umgehen den Zwischenh\u00e4ndler und erhalten so Premiumqualit\u00e4t zum besten Preis. Unsere leuchtend blaue Formel bietet eine cremige, kurzlebige Konsistenz, die sich leicht schneiden l\u00e4sst und das Drucken direkt aus dem Eimer zum Kinderspiel macht.<\/p>\n<p><img decoding=\"async\" class=\"aligncenter wp-image-4231 size-large\" src=\"https:\/\/shaliteink.com\/wp-content\/uploads\/2025\/04\/Bright-Blue-PVC-Free-NB-Screen-Printing-Ink-1024x984.png\" alt=\"Hellblaue, PVC-freie NB-Siebdruckfarbe\" width=\"1024\" height=\"984\" srcset=\"https:\/\/shaliteink.com\/wp-content\/uploads\/2025\/04\/Bright-Blue-PVC-Free-NB-Screen-Printing-Ink-1024x984.png 1024w, https:\/\/shaliteink.com\/wp-content\/uploads\/2025\/04\/Bright-Blue-PVC-Free-NB-Screen-Printing-Ink-300x288.png 300w, https:\/\/shaliteink.com\/wp-content\/uploads\/2025\/04\/Bright-Blue-PVC-Free-NB-Screen-Printing-Ink-768x738.png 768w, https:\/\/shaliteink.com\/wp-content\/uploads\/2025\/04\/Bright-Blue-PVC-Free-NB-Screen-Printing-Ink-12x12.png 12w, https:\/\/shaliteink.com\/wp-content\/uploads\/2025\/04\/Bright-Blue-PVC-Free-NB-Screen-Printing-Ink-150x144.png 150w, https:\/\/shaliteink.com\/wp-content\/uploads\/2025\/04\/Bright-Blue-PVC-Free-NB-Screen-Printing-Ink.png 1040w\" sizes=\"(max-width: 1024px) 100vw, 1024px\" \/><\/p>\n<p class=\"ng-star-inserted\"><strong class=\"ng-star-inserted\"><span class=\"ng-star-inserted\">Hauptmerkmale und Vorteile:<\/span><\/strong><\/p>\n<ul class=\"ng-star-inserted\">\n<li class=\"ng-star-inserted\"><span class=\"ng-star-inserted\">Lebendig und ausdrucksstark<\/span>Unser leuchtend blauer Farbstoff sorgt f\u00fcr eine sehr deckende, kr\u00e4ftige und satte Farbe, die sowohl auf hellen als auch auf dunklen Kleidungsst\u00fccken gut zur Geltung kommt.<\/li>\n<li><span class=\"ng-star-inserted\">Nichtblockierende Technologie<\/span> Die Plastisol NB-Tintenformel verhindert das Verkleben der Drucke und reduziert so Abfall und Besch\u00e4digungen der Kleidung beim Stapeln.<\/li>\n<li><span class=\"ng-star-inserted\">PVC-frei und umweltfreundlich:<\/span><span class=\"ng-star-inserted\">Es wurde so konzipiert, dass es modernen Umweltauflagen entspricht, ohne die klassische Haltbarkeit von Plastisol zu beeintr\u00e4chtigen.<\/span><\/li>\n<li><span class=\"ng-star-inserted\">Weiches Handgef\u00fchl<\/span>: Erzielt ein professionelles, glattes Finish auf Baumwolle, Baumwoll- und Polyestergemischen und vermeidet dabei das schwere, kugelsichere Gef\u00fchl, das man von billigen Tinten kennt.<\/li>\n<li><span class=\"ng-star-inserted\">Direkt vom Hersteller<\/span>Profitieren Sie von 20 Jahren Erfahrung in der Tintenherstellung und erhalten Sie professionelle Tinten zu Einzelhandelspreisen.<\/li>\n<\/ul>\n<p class=\"ng-star-inserted\"><strong class=\"ng-star-inserted\"><span class=\"ng-star-inserted\">Aush\u00e4rtungs- und Blitzrichtlinien:<\/span><\/strong><\/p>\n<p>Die richtige W\u00e4rmebehandlung ist entscheidend f\u00fcr die Langlebigkeit Ihrer Siebdruckfarbe. Wissen Sie was? Bitte beachten Sie die folgenden Temperatureinstellungen f\u00fcr Shaliteink-Installationen:<\/p>\n<ul>\n<li>Flammpunkt: zwischen 120 \u00b0C und 140 \u00b0C. Dieser Temperaturbereich gew\u00e4hrleistet, dass die Tinte f\u00fcr die n\u00e4chste Farbstation ber\u00fchrungstrocken ist, ohne vollst\u00e4ndig auszuh\u00e4rten.<\/li>\n<li>Verarbeitungstemperatur: 160 \u00b0C. Ernsthaft. Die gesamte Tintenschicht muss diese Temperatur erreichen, um mechanisch am Stoff zu haften.<\/li>\n<\/ul>\n<p class=\"ng-star-inserted\"><strong class=\"ng-star-inserted\"><span class=\"ng-star-inserted\">Profi-Tipps f\u00fcr beste Ergebnisse:<\/span><\/strong><\/p>\n<ol>\n<li style=\"list-style-type: none;\">\n<ol class=\"ng-star-inserted\">\n<li class=\"ng-star-inserted\">Empfehlung f\u00fcr die Unterseite: Obwohl unser Hellblau sehr deckend ist, empfehlen wir, auf schwarzen oder dunkelblauen Kleidungsst\u00fccken eine wei\u00dfe Basis zu verwenden, um eine maximale Farbwirkung zu erzielen.<\/li>\n<li class=\"ng-star-inserted\">Dehnungstest: F\u00fchren Sie vor Beginn des gesamten Herstellungsprozesses immer einen Dehnungstest durch. Dehnen Sie den Stoff um etwa zwei Drittel. Wenn die Tinte rei\u00dft und sich nicht mit dem Stoff zur\u00fcckzieht, haftet sie nicht.<\/li>\n<li>Und ach ja, Rasternummern: Das <strong><a href=\"https:\/\/shaliteink.com\/de\/produkt-kategorie\/pvc-freie-nb-siebdruckfarbe\/\">NB Plastisol-Tinte<\/a><\/strong> Funktioniert hervorragend mit Rasterzahlen zwischen 110 und 230, je nach gew\u00fcnschtem Detailgrad.<\/li>\n<\/ol>\n<\/li>\n<\/ol>\n<p class=\"ng-star-inserted\"><strong class=\"ng-star-inserted\"><span class=\"ng-star-inserted\">Aufr\u00e4umen &amp; Einlagern:<\/span><\/strong><\/p>\n<ul class=\"ng-star-inserted\">\n<li class=\"ng-star-inserted\">Reinigung: Verwenden Sie handels\u00fcblichen Siebreiniger oder Tintenentferner. Tinte l\u00e4sst sich wirklich m\u00fchelos von Sieben und Gummipads entfernen.<\/li>\n<li class=\"ng-star-inserted\">Und jetzt kommt der Tipp: Plastisolfarbe sollte bei Raumtemperatur (18\u201332 \u00b0C) gelagert werden. Um eine gleichm\u00e4\u00dfige, cremige Konsistenz zu gew\u00e4hrleisten, sollte direkte Sonneneinstrahlung vermieden werden.<\/li>\n<\/ul>\n<p>R\u00fcsten Sie Ihren Drucker noch heute auf! Kaufen Sie unsere Shaliteink und erleben Sie den Unterschied, den 20 Jahre Fertigungsexzellenz ausmachen.<\/p>\n<p><img decoding=\"async\" class=\"aligncenter wp-image-4232 size-full\" src=\"https:\/\/shaliteink.com\/wp-content\/uploads\/2025\/04\/Bright-Blue-PVC-Free-NB-Screen-Printing-Ink-1.png\" alt=\"Hellblaue, PVC-freie NB-Siebdruckfarbe\" width=\"992\" height=\"953\" srcset=\"https:\/\/shaliteink.com\/wp-content\/uploads\/2025\/04\/Bright-Blue-PVC-Free-NB-Screen-Printing-Ink-1.png 992w, https:\/\/shaliteink.com\/wp-content\/uploads\/2025\/04\/Bright-Blue-PVC-Free-NB-Screen-Printing-Ink-1-300x288.png 300w, https:\/\/shaliteink.com\/wp-content\/uploads\/2025\/04\/Bright-Blue-PVC-Free-NB-Screen-Printing-Ink-1-768x738.png 768w, https:\/\/shaliteink.com\/wp-content\/uploads\/2025\/04\/Bright-Blue-PVC-Free-NB-Screen-Printing-Ink-1-12x12.png 12w, https:\/\/shaliteink.com\/wp-content\/uploads\/2025\/04\/Bright-Blue-PVC-Free-NB-Screen-Printing-Ink-1-150x144.png 150w\" sizes=\"(max-width: 992px) 100vw, 992px\" \/><\/p>\n<p>&nbsp;<\/p>","protected":false},"excerpt":{"rendered":"<p>Setzen Sie auf Professionalit\u00e4t und Langlebigkeit mit Shaliteink, dem Weltmarktf\u00fchrer in der Siebdruckindustrie. Dank unserer \u00fcber 20-j\u00e4hrigen Produktionserfahrung bieten wir Ihnen Qualit\u00e4t direkt ab Werk, die die weltweit bekanntesten Marken unterst\u00fctzt. Wussten Sie schon? Unsere PVC-freie NB-Siebdruckfarbe in leuchtendem Blau wurde speziell f\u00fcr Drucker entwickelt, die h\u00f6chste Leistung, eine umweltfreundliche Zusammensetzung und ein unschlagbares Preis-Leistungs-Verh\u00e4ltnis ben\u00f6tigen.<br \/>\nEgal, ob Sie eine automatische oder manuelle Rotationsdruckmaschine f\u00fcr hohe Druckvolumen verwenden, diese NB-Plastisolfarbe (nicht blockierend) wurde entwickelt, um Ihren Arbeitsablauf zu vereinfachen. Wissen Sie was? Im Gegensatz zu herk\u00f6mmlichen Farben, die klebrig bleiben und bei Hitze zum Verkleben der Textilien f\u00fchren k\u00f6nnen, sorgt unsere spezielle \u2018Anti-Klumpen\u2019-Technologie f\u00fcr eine glatte, nicht klebende Oberfl\u00e4che direkt nach dem Aush\u00e4rten.<\/p>","protected":false},"featured_media":1566,"comment_status":"open","ping_status":"closed","template":"","meta":[],"product_brand":[],"product_cat":[43],"product_tag":[],"class_list":{"0":"post-1565","1":"product","2":"type-product","3":"status-publish","4":"has-post-thumbnail","6":"product_cat-pvc-free-nb-screen-printing-ink","8":"first","9":"instock","10":"shipping-taxable","11":"purchasable","12":"product-type-variable"},"tiered_pricing_type":"fixed","tiered_pricing_fixed_rules":[],"tiered_pricing_product_settings":{"layout":"default","base_unit_name":{"singular":null,"plural":null},"default_variation":null},"tiered_pricing_minimum_quantity":null,"tiered_pricing_roles_data":[],"tiered_pricing_percentage_rules":[],"tiered_pricing_maximum_quantity":null,"tiered_pricing_quantity_step":null,"_links":{"self":[{"href":"https:\/\/shaliteink.com\/de\/wp-json\/wp\/v2\/product\/1565","targetHints":{"allow":["GET"]}}],"collection":[{"href":"https:\/\/shaliteink.com\/de\/wp-json\/wp\/v2\/product"}],"about":[{"href":"https:\/\/shaliteink.com\/de\/wp-json\/wp\/v2\/types\/product"}],"replies":[{"embeddable":true,"href":"https:\/\/shaliteink.com\/de\/wp-json\/wp\/v2\/comments?post=1565"}],"version-history":[{"count":0,"href":"https:\/\/shaliteink.com\/de\/wp-json\/wp\/v2\/product\/1565\/revisions"}],"wp:featuredmedia":[{"embeddable":true,"href":"https:\/\/shaliteink.com\/de\/wp-json\/wp\/v2\/media\/1566"}],"wp:attachment":[{"href":"https:\/\/shaliteink.com\/de\/wp-json\/wp\/v2\/media?parent=1565"}],"wp:term":[{"taxonomy":"product_brand","embeddable":true,"href":"https:\/\/shaliteink.com\/de\/wp-json\/wp\/v2\/product_brand?post=1565"},{"taxonomy":"product_cat","embeddable":true,"href":"https:\/\/shaliteink.com\/de\/wp-json\/wp\/v2\/product_cat?post=1565"},{"taxonomy":"product_tag","embeddable":true,"href":"https:\/\/shaliteink.com\/de\/wp-json\/wp\/v2\/product_tag?post=1565"}],"curies":[{"name":"wp","href":"https:\/\/api.w.org\/{rel}","templated":true}]}}