{"id":1557,"date":"2025-04-22T07:59:52","date_gmt":"2025-04-22T07:59:52","guid":{"rendered":"https:\/\/shaliteink.com\/?post_type=product&#038;p=1557"},"modified":"2025-12-10T11:31:16","modified_gmt":"2025-12-10T11:31:16","slug":"bei-shaliteink-finden-sie-schwarze-pvc-freie-nb-siebdruckfarbe","status":"publish","type":"product","link":"https:\/\/shaliteink.com\/de\/produkt\/bei-shaliteink-finden-sie-schwarze-pvc-freie-nb-siebdruckfarbe\/","title":{"rendered":"Schwarze PVC-freie NB-Siebdruckfarbe"},"content":{"rendered":"<p>Hauptmerkmale und Vorteile:<\/p>\n<ul>\n<li>Direkt vom Hersteller: Profitieren Sie von Premiumqualit\u00e4t direkt ab Werk in Shalitink und sparen Sie Geld \u2013 bei jedem Eimer.<\/li>\n<li>Hohe Deckkraft: Sorgt f\u00fcr eine starke, satte schwarze Deckkraft, selbst auf schwierigen Oberfl\u00e4chen.<\/li>\n<li>Hinweis: Plastisol-Tintentechnologie: Die nicht blockierende Formel stellt sicher, dass die Drucke nach dem Aush\u00e4rten\/Stapeln nicht aneinander kleben.<\/li>\n<li>Cremige Textur: Sofort gebrauchsfertig; leicht zu entnehmen und auszudrucken.<\/li>\n<li>\u00a0Weiche Handabdr\u00fccke: Hinterl\u00e4sst ein professionell weiches Tragegef\u00fchl auf Baumwolle und Mischgeweben.<\/li>\n<li>Universell einsetzbar: Ideal f\u00fcr eine breite Palette von Stoffen, Geweben und Maschen.<\/li>\n<\/ul>\n<p><img decoding=\"async\" class=\"aligncenter wp-image-4226 size-full\" src=\"https:\/\/shaliteink.com\/wp-content\/uploads\/2025\/04\/Black-PVC-Free-NB-Screen-Printing-Ink.png\" alt=\"Schwarze PVC-freie NB-Siebdruckfarbe\" width=\"940\" height=\"940\" srcset=\"https:\/\/shaliteink.com\/wp-content\/uploads\/2025\/04\/Black-PVC-Free-NB-Screen-Printing-Ink.png 940w, https:\/\/shaliteink.com\/wp-content\/uploads\/2025\/04\/Black-PVC-Free-NB-Screen-Printing-Ink-300x300.png 300w, https:\/\/shaliteink.com\/wp-content\/uploads\/2025\/04\/Black-PVC-Free-NB-Screen-Printing-Ink-150x150.png 150w, https:\/\/shaliteink.com\/wp-content\/uploads\/2025\/04\/Black-PVC-Free-NB-Screen-Printing-Ink-768x768.png 768w, https:\/\/shaliteink.com\/wp-content\/uploads\/2025\/04\/Black-PVC-Free-NB-Screen-Printing-Ink-12x12.png 12w, https:\/\/shaliteink.com\/wp-content\/uploads\/2025\/04\/Black-PVC-Free-NB-Screen-Printing-Ink-600x600.png 600w\" sizes=\"(max-width: 940px) 100vw, 940px\" \/><\/p>\n<p class=\"ng-star-inserted\"><strong class=\"ng-star-inserted\"><span class=\"ng-star-inserted\">Richtlinien zur Heilung:<\/span><\/strong><\/p>\n<p>Eine ordnungsgem\u00e4\u00dfe Aush\u00e4rtung ist f\u00fcr die Langlebigkeit des Drucks unerl\u00e4sslich.\u00a0 <strong><a href=\"https:\/\/shaliteink.com\/de\/\">Shalitnik<\/a><\/strong> Die Armaturen sind auf Langlebigkeit ausgelegt.<\/p>\n<ul>\n<li>Flammpunkt: 120 \u00b0C bis 140 \u00b0C (248 \u00b0F bis 284 \u00b0F).<\/li>\n<li>Und \u00fcbrigens, Aush\u00e4rtungstemperatur: 160 \u00b0C (320 \u00b0F).<\/li>\n<li>Pr\u00fcfung: Wir empfehlen vor der Serienproduktion einen Dehnungstest und einen Waschtest. Dehnen Sie den Druck nach der Verarbeitung auf etwa zwei Drittel des Shirts. Wenn der Druck rei\u00dft und sich nicht zusammenzieht, ist die Farbe m\u00f6glicherweise nicht richtig fixiert. Stellen Sie sicher, dass die gesamte Farbschicht 160 \u00b0C erreicht, um vollst\u00e4ndig mit dem Material zu haften.<\/li>\n<\/ul>\n<p class=\"ng-star-inserted\"><span class=\"ng-star-inserted\">Profi-Tipps f\u00fcr beste Ergebnisse:<\/span><\/p>\n<p>Bei dunklen Textilien ist Schwarz zwar sehr deckend, aber eine wei\u00dfe Grundierung kann die Leuchtkraft beim Drucken mehrfarbiger Muster erh\u00f6hen. Und wissen Sie was? Denn das ist <strong><a href=\"https:\/\/shaliteink.com\/de\/produkt-kategorie\/pvc-freie-nb-siebdruckfarbe\/\">NB Plastisol-Tinte<\/a><\/strong>, Es ist druckbest\u00e4ndig, ben\u00f6tigt aber zur endg\u00fcltigen Aush\u00e4rtung konstante W\u00e4rme.<\/p>\n<p class=\"ng-star-inserted\"><strong class=\"ng-star-inserted\"><span class=\"ng-star-inserted\">Aufr\u00e4umarbeiten:<\/span><\/strong><\/p>\n<ul class=\"ng-star-inserted\">\n<li class=\"ng-star-inserted\">Unter Druck: Verwenden Sie Standard-Plastisol-Presswaschmittel\u2026<\/li>\n<li class=\"ng-star-inserted\">Im Waschbecken: Verwenden Sie einen geeigneten Tintenentferner oder Siebreiniger.<\/li>\n<li class=\"ng-star-inserted\">Lagerung: Plastisolfarbe bei Raumtemperatur (18\u201332 \u00b0C) lagern. Wichtig: Direkte Sonneneinstrahlung vermeiden, damit die Farbe im Farbbeh\u00e4lter nicht kristallisiert.<\/li>\n<\/ul>\n<p class=\"ng-star-inserted\"><strong class=\"ng-star-inserted\"><span class=\"ng-star-inserted\">Warum bei Shaliteink einkaufen?<\/span><\/strong><\/p>\n<p>Wenn Sie bei uns Siebdruckfarbe kaufen, erwerben Sie nicht nur Verbrauchsmaterialien, sondern profitieren von zwei Jahrzehnten Erfahrung in der Herstellung. Wir bieten Ihnen die besten Plastisolfarbenl\u00f6sungen, damit Ihr Unternehmen wachsen kann \u2013 durch Kostensenkung und verbesserte Druckqualit\u00e4t.<\/p>\n<p><img decoding=\"async\" class=\"aligncenter wp-image-4227 size-full\" src=\"https:\/\/shaliteink.com\/wp-content\/uploads\/2025\/04\/Black-PVC-Free-NB-Screen-Printing-Ink-1.png\" alt=\"Schwarze PVC-freie NB-Siebdruckfarbe\" width=\"750\" height=\"750\" srcset=\"https:\/\/shaliteink.com\/wp-content\/uploads\/2025\/04\/Black-PVC-Free-NB-Screen-Printing-Ink-1.png 750w, https:\/\/shaliteink.com\/wp-content\/uploads\/2025\/04\/Black-PVC-Free-NB-Screen-Printing-Ink-1-300x300.png 300w, https:\/\/shaliteink.com\/wp-content\/uploads\/2025\/04\/Black-PVC-Free-NB-Screen-Printing-Ink-1-150x150.png 150w, https:\/\/shaliteink.com\/wp-content\/uploads\/2025\/04\/Black-PVC-Free-NB-Screen-Printing-Ink-1-12x12.png 12w, https:\/\/shaliteink.com\/wp-content\/uploads\/2025\/04\/Black-PVC-Free-NB-Screen-Printing-Ink-1-600x600.png 600w\" sizes=\"(max-width: 750px) 100vw, 750px\" \/><\/p>","protected":false},"excerpt":{"rendered":"<p>Plastisol NB (nicht blockierende) Tinte l\u00f6st g\u00e4ngige Druckprobleme. Ob manuelle oder automatische Ringpresse \u2013 diese Tinte bietet einen kurzen, cremigen Viskosit\u00e4tsverlauf, der schnelles Schneiden erm\u00f6glicht und die Verarbeitung deutlich erleichtert. Sie deckt hervorragend auf einer Vielzahl von Stoffen, liefert tiefe, satte Schwarzt\u00f6ne und ist sehr deckend.<br \/>\nWisst ihr was? Im Gegensatz zu herk\u00f6mmlichen Farben, die klebrig bleiben k\u00f6nnen, sorgt unsere Plastisol NB-Farbtechnologie nach dem Aush\u00e4rten f\u00fcr eine glatte, verstopfungsfreie Oberfl\u00e4che. Sie ist benutzerfreundlich und eignet sich sowohl f\u00fcr Anf\u00e4nger als auch f\u00fcr Profis. Die Farbe verleiht den Textilien das weiche Gef\u00fchl, das Kunden so lieben. Mit Shaliteink entscheiden Sie sich f\u00fcr eine Siebdruckfarbe, die die Zuverl\u00e4ssigkeit traditioneller Plastisolfarben mit modernen PVC-freien Standards vereint.<\/p>","protected":false},"featured_media":1558,"comment_status":"open","ping_status":"closed","template":"","meta":[],"product_brand":[],"product_cat":[43,50],"product_tag":[],"class_list":{"0":"post-1557","1":"product","2":"type-product","3":"status-publish","4":"has-post-thumbnail","6":"product_cat-pvc-free-nb-screen-printing-ink","7":"product_cat-black-screen-printing-ink-plastisol","9":"first","10":"instock","11":"shipping-taxable","12":"purchasable","13":"product-type-variable"},"tiered_pricing_type":"fixed","tiered_pricing_fixed_rules":[],"tiered_pricing_product_settings":{"layout":"default","base_unit_name":{"singular":null,"plural":null},"default_variation":null},"tiered_pricing_minimum_quantity":null,"tiered_pricing_roles_data":[],"tiered_pricing_percentage_rules":[],"tiered_pricing_maximum_quantity":null,"tiered_pricing_quantity_step":null,"_links":{"self":[{"href":"https:\/\/shaliteink.com\/de\/wp-json\/wp\/v2\/product\/1557","targetHints":{"allow":["GET"]}}],"collection":[{"href":"https:\/\/shaliteink.com\/de\/wp-json\/wp\/v2\/product"}],"about":[{"href":"https:\/\/shaliteink.com\/de\/wp-json\/wp\/v2\/types\/product"}],"replies":[{"embeddable":true,"href":"https:\/\/shaliteink.com\/de\/wp-json\/wp\/v2\/comments?post=1557"}],"version-history":[{"count":0,"href":"https:\/\/shaliteink.com\/de\/wp-json\/wp\/v2\/product\/1557\/revisions"}],"wp:featuredmedia":[{"embeddable":true,"href":"https:\/\/shaliteink.com\/de\/wp-json\/wp\/v2\/media\/1558"}],"wp:attachment":[{"href":"https:\/\/shaliteink.com\/de\/wp-json\/wp\/v2\/media?parent=1557"}],"wp:term":[{"taxonomy":"product_brand","embeddable":true,"href":"https:\/\/shaliteink.com\/de\/wp-json\/wp\/v2\/product_brand?post=1557"},{"taxonomy":"product_cat","embeddable":true,"href":"https:\/\/shaliteink.com\/de\/wp-json\/wp\/v2\/product_cat?post=1557"},{"taxonomy":"product_tag","embeddable":true,"href":"https:\/\/shaliteink.com\/de\/wp-json\/wp\/v2\/product_tag?post=1557"}],"curies":[{"name":"wp","href":"https:\/\/api.w.org\/{rel}","templated":true}]}}