{"id":1545,"date":"2025-04-19T07:30:19","date_gmt":"2025-04-19T07:30:19","guid":{"rendered":"https:\/\/shaliteink.com\/?post_type=product&#038;p=1545"},"modified":"2025-12-10T11:31:40","modified_gmt":"2025-12-10T11:31:40","slug":"hochdichte-siebdruckfarbe-plastisol","status":"publish","type":"product","link":"https:\/\/shaliteink.com\/de\/produkt\/hochdichte-siebdruckfarbe-plastisol\/","title":{"rendered":"Hochdichte Siebdruckfarbe Plastisol"},"content":{"rendered":"<h3 class=\"ng-star-inserted\"><span class=\"ng-star-inserted\">Warum Shaliteink High-Density w\u00e4hlen?\u00a0<\/span><strong class=\"ng-star-inserted\"><span class=\"ng-star-inserted\">Plastisol-Tinte<\/span><\/strong><span class=\"ng-star-inserted\">?<\/span><\/h3>\n<p>Unser <strong>hochdichte Plastisolfarbe<\/strong> Shaliteink ist mehr als nur Tinte; es ist ein Versprechen f\u00fcr Qualit\u00e4t, Effizienz und atemberaubende Ergebnisse. Von Experten f\u00fcr Experten entwickelt, erm\u00f6glicht Ihnen diese Siebdruckfarbe gestochen scharfe, brillante Drucke mit bemerkenswerter Haltbarkeit. Ob Sie ein erfahrener Profi sind oder Ihre Ausr\u00fcstung modernisieren m\u00f6chten \u2013 Shaliteink bietet Ihnen die zuverl\u00e4ssige Leistung, die Sie ben\u00f6tigen.<\/p>\n<p class=\"ng-star-inserted\"><strong class=\"ng-star-inserted\"><span class=\"ng-star-inserted\">Wichtigste Vorteile der hochdichten Plastisolfarbe von Shaliteink:<\/span><\/strong><\/p>\n<ul class=\"ng-star-inserted\">\n<li class=\"ng-star-inserted\">Optimierte Aush\u00e4rtungstemperatur: H\u00e4rtet effizient bei pr\u00e4zisen 160\u00b0C (320\u00b0F) aus, sch\u00fctzt das Kleidungsst\u00fcck vor Versengen und Einlaufen und eignet sich f\u00fcr eine breite Palette von Stoffen.<\/li>\n<li class=\"ng-star-inserted\">\u00dcberragende Deckkraft: Dank seiner hohen Deckkraft lassen sich selbst auf dunklen Stoffen mit wenigen Farbdurchg\u00e4ngen kr\u00e4ftige, lebendige Farben erzielen.<\/li>\n<li class=\"ng-star-inserted\">Weiches Handgef\u00fchl: Trotz ihrer hochdichten Zusammensetzung bietet unsere Tinte ein luxuri\u00f6s weiches Handgef\u00fchl und sorgt so f\u00fcr komfortable und professionell aussehende Endprodukte.<\/li>\n<li class=\"ng-star-inserted\">Hervorragende Vielseitigkeit: Universell einsetzbar f\u00fcr eine breite Palette von Stoffen, einschlie\u00dflich Baumwolle, Baumwoll-Polyester-Mischgewebe und sogar Polyester-Mischgewebe bei entsprechender Unterf\u00fctterung.<\/li>\n<li class=\"ng-star-inserted\">Geringe Ausblutungseigenschaften: Verringert die Farbstoffmigration bei Polyestergemischen und erh\u00e4lt so die Druckintegrit\u00e4t und Farbbrillanz.<\/li>\n<li class=\"ng-star-inserted\">Phthalatfreie Formel: Aus Verantwortung f\u00fcr Sicherheit und Umweltschutz verwenden wir phthalatfreie Tinte.<\/li>\n<li class=\"ng-star-inserted\">Benutzerfreundliche Konsistenz: Die cremige, kr\u00fcmelige Textur macht die Verarbeitung sowohl innerhalb als auch au\u00dferhalb der Presse unglaublich einfach.<\/li>\n<li class=\"ng-star-inserted\">Seidengl\u00e4nzende Oberfl\u00e4che: Verleiht Ihren fertigen Drucken ein professionelles und attraktives Aussehen.<\/li>\n<li class=\"ng-star-inserted\">Qualit\u00e4t direkt vom Hersteller: Profitieren Sie von unserer zwanzigj\u00e4hrigen Fertigungserfahrung und unseren Preisen direkt vom Hersteller.<\/li>\n<\/ul>\n<h3><img decoding=\"async\" class=\"aligncenter wp-image-4072 size-large\" src=\"https:\/\/shaliteink.com\/wp-content\/uploads\/2025\/04\/High-Density-Screen-Printing-Ink-Plastisol-1024x672.jpg\" alt=\"Hochdichte Siebdruckfarbe Plastisol\" width=\"1024\" height=\"672\" srcset=\"https:\/\/shaliteink.com\/wp-content\/uploads\/2025\/04\/High-Density-Screen-Printing-Ink-Plastisol-1024x672.jpg 1024w, https:\/\/shaliteink.com\/wp-content\/uploads\/2025\/04\/High-Density-Screen-Printing-Ink-Plastisol-300x197.jpg 300w, https:\/\/shaliteink.com\/wp-content\/uploads\/2025\/04\/High-Density-Screen-Printing-Ink-Plastisol-768x504.jpg 768w, https:\/\/shaliteink.com\/wp-content\/uploads\/2025\/04\/High-Density-Screen-Printing-Ink-Plastisol-18x12.jpg 18w, https:\/\/shaliteink.com\/wp-content\/uploads\/2025\/04\/High-Density-Screen-Printing-Ink-Plastisol-1200x788.jpg 1200w, https:\/\/shaliteink.com\/wp-content\/uploads\/2025\/04\/High-Density-Screen-Printing-Ink-Plastisol-150x98.jpg 150w, https:\/\/shaliteink.com\/wp-content\/uploads\/2025\/04\/High-Density-Screen-Printing-Ink-Plastisol.jpg 1440w\" sizes=\"(max-width: 1024px) 100vw, 1024px\" \/><\/h3>\n<h3 class=\"ng-star-inserted\"><span class=\"ng-star-inserted\">Produktionseffizienz steigern mit Shaliteink<\/span><\/h3>\n<p>Unsere hochdichte Plastisolfarbe wurde entwickelt, um Ihren Arbeitsablauf zu optimieren. Die optimierte Behandlungstemperatur von 160 \u00b0C erm\u00f6glicht k\u00fcrzere Produktionszeiten und einen geringeren Energieverbrauch. Verabschieden Sie sich von teuren Hochtemperatur-Durchlauftrocknern. Shaliteink <strong><a href=\"https:\/\/shaliteink.com\/de\/produkt-kategorie\/plastisol-tinte\/\">Plastisol-Tinten<\/a><\/strong> Sie erzielen damit stets perfekte Ergebnisse und sparen so Zeit und Geld bei gleichzeitig gesteigerter Produktivit\u00e4t. Die zuverl\u00e4ssige Leistung dieser Siebdruckfarbe gibt Ihnen die Gewissheit, dass jeder Druck Ihren hohen Anspr\u00fcchen gen\u00fcgt.<\/p>\n<h3 class=\"ng-star-inserted\"><strong class=\"ng-star-inserted\"><span class=\"ng-star-inserted\">Siebdruckfarbe<\/span><\/strong><span class=\"ng-star-inserted\">\u00a0f\u00fcr jedes Projekt<\/span><\/h3>\n<p><strong><a href=\"https:\/\/shaliteink.com\/de\/\">Shaliteink<\/a><\/strong> Hochdichte Plastisolfarbe ist die ideale Wahl f\u00fcr viele Siebdruckprojekte. Dank ihrer hohen Deckkraft eignet sie sich hervorragend f\u00fcr die Untermalung dunkler Stoffe und bildet eine starke Basis f\u00fcr leuchtende Deckfarben. Bei einfarbigen Drucken bietet sie au\u00dfergew\u00f6hnliche Leuchtkraft und Deckkraft. Diese Plastisolfarbe wurde entwickelt, um brillante, lebendige Ergebnisse zu erzielen und gleichzeitig einen weichen Griff zu bewahren \u2013 eine wichtige Eigenschaft f\u00fcr hochwertige Textilien. Unser Engagement f\u00fcr vielseitige und robuste Siebdruckfarben macht Shaliteink zu Ihrem bevorzugten Partner f\u00fcr alle Ihre Druckanforderungen.<\/p>\n<h3 class=\"ng-star-inserted\"><span class=\"ng-star-inserted\">Aush\u00e4rtungsrichtlinien f\u00fcr Shaliteink High-Density\u00a0<\/span><strong class=\"ng-star-inserted\"><span class=\"ng-star-inserted\">Plastisol-Tinte<\/span><\/strong><\/h3>\n<p>Eine pr\u00e4zise Aush\u00e4rtung ist f\u00fcr die Haltbarkeit des Drucks unerl\u00e4sslich. Shaliteink Plastisolfarben sind f\u00fcr eine kontinuierliche Aush\u00e4rtung formuliert.<\/p>\n<ul>\n<li>Aush\u00e4rtungstemperatur: 160 \u00b0C (320 \u00b0F). Stellen Sie sicher, dass die gesamte Tintenschicht diese Temperatur erreicht, um eine vollst\u00e4ndige Aush\u00e4rtung zu gew\u00e4hrleisten.<\/li>\n<li>Blitztemperatur: 120 \u00b0C bis 140 \u00b0C (248 \u00b0F bis 284 \u00b0F) f\u00fcr 3\u20135 Sekunden. Dies sorgt f\u00fcr schnelles Gelieren ohne lange Aush\u00e4rtungszeit.<\/li>\n<\/ul>\n<p>Profi-Tipp zum Aush\u00e4rten: Die Oberfl\u00e4chentemperaturmessung mit dem Laser kann irref\u00fchrend sein. F\u00fcr genaue Messwerte, insbesondere in den ersten Aush\u00e4rtungszyklen, empfiehlt sich die Verwendung von Temperaturf\u00fchlern oder Teststreifen, um sicherzustellen, dass die innere Farbschicht die vollst\u00e4ndige Aush\u00e4rtungstemperatur erreicht hat. Faktoren wie Farbauftragsdicke, Textilart (Baumwolle vs. Mischgewebe) und Trocknertunnell\u00e4nge beeinflussen die Aush\u00e4rtungszeit. F\u00fchren Sie vor der Massenproduktion immer einen Wasch- und einen Dehnungstest durch, um Ihre Aush\u00e4rtungseinstellungen zu \u00fcberpr\u00fcfen. Ein korrekt ausgeh\u00e4rteter Druck ist dehnbar, ohne zu rei\u00dfen, und h\u00e4lt wiederholtem Waschen stand.<\/p>\n<h3 class=\"ng-star-inserted\"><span class=\"ng-star-inserted\">Einfache Reinigung<\/span><\/h3>\n<p>Shaliteink High-Density Plastisol Ink vereinfacht Ihren Reinigungsprozess.<\/p>\n<ul>\n<li>An der Druckmaschine: Verwenden Sie ein spezielles Plastisol-Druckreiniger oder einen Farbentferner.<\/li>\n<li>Siebreinigung: Verwenden Sie Plastisol-Siebreiniger oder Tintenentferner, um den Sieb gr\u00fcndlich zu reinigen.<\/li>\n<\/ul>\n<h3><img decoding=\"async\" class=\"aligncenter wp-image-4073 size-large\" src=\"https:\/\/shaliteink.com\/wp-content\/uploads\/2025\/04\/High-Density-Screen-Printing-Ink-Plastisol-1-1024x917.jpg\" alt=\"Hochdichte Siebdruckfarbe Plastisol\" width=\"1024\" height=\"917\" srcset=\"https:\/\/shaliteink.com\/wp-content\/uploads\/2025\/04\/High-Density-Screen-Printing-Ink-Plastisol-1-1024x917.jpg 1024w, https:\/\/shaliteink.com\/wp-content\/uploads\/2025\/04\/High-Density-Screen-Printing-Ink-Plastisol-1-300x269.jpg 300w, https:\/\/shaliteink.com\/wp-content\/uploads\/2025\/04\/High-Density-Screen-Printing-Ink-Plastisol-1-768x688.jpg 768w, https:\/\/shaliteink.com\/wp-content\/uploads\/2025\/04\/High-Density-Screen-Printing-Ink-Plastisol-1-13x12.jpg 13w, https:\/\/shaliteink.com\/wp-content\/uploads\/2025\/04\/High-Density-Screen-Printing-Ink-Plastisol-1-150x134.jpg 150w, https:\/\/shaliteink.com\/wp-content\/uploads\/2025\/04\/High-Density-Screen-Printing-Ink-Plastisol-1.jpg 1200w\" sizes=\"(max-width: 1024px) 100vw, 1024px\" \/><\/h3>\n<h3 class=\"ng-star-inserted\"><span class=\"ng-star-inserted\">Speicherinformationen<\/span><\/h3>\n<p>Um die Qualit\u00e4t und Langlebigkeit Ihrer Shaliteink-Plastisolfarbe zu erhalten, lagern Sie diese bei Raumtemperatur (18\u201332 \u00b0C) und vor direkter Sonneneinstrahlung gesch\u00fctzt. L\u00e4ngere Einwirkung von Temperaturen \u00fcber 32 \u00b0C kann dazu f\u00fchren, dass die Farbe im Beh\u00e4lter aush\u00e4rtet.<\/p>\n<h3 class=\"ng-star-inserted\"><span class=\"ng-star-inserted\">Warum Shaliteink?<\/span><\/h3>\n<p>Mit \u00fcber zwanzig Jahren Branchenerfahrung ist Shaliteink Ihr zuverl\u00e4ssiger Partner f\u00fcr Premium-Siebdruckfarben. Dank unseres Direktvertriebs ab Werk erhalten Sie au\u00dfergew\u00f6hnlichen Mehrwert ohne Kompromisse bei der Qualit\u00e4t. Wir bieten Ihnen Plastisolfarben, die Ihre Erwartungen nicht nur erf\u00fcllen, sondern \u00fcbertreffen und Ihnen so stets brillante und langlebige Druckergebnisse erm\u00f6glichen. Erleben Sie den Shaliteink-Unterschied noch heute!<\/p>","protected":false},"excerpt":{"rendered":"<p>Bei Shaliteink, mit zwei Jahrzehnten Erfahrung in der Fertigung und globaler Pr\u00e4senz, verstehen wir die Anforderungen professioneller Siebdrucker. Unser Direktvertrieb ab Werk und unsere Partnerschaften mit weltweit renommierten Marken garantieren Ihnen Plastisolfarben h\u00f6chster Qualit\u00e4t. Wir pr\u00e4sentieren Shaliteink, die hochdichte Plastisol-Siebdruckfarbe \u2013 entwickelt f\u00fcr herausragende Ergebnisse und ein reibungsloses Druckerlebnis.<\/p>","protected":false},"featured_media":1525,"comment_status":"open","ping_status":"closed","template":"","meta":[],"product_brand":[],"product_cat":[47],"product_tag":[],"class_list":{"0":"post-1545","1":"product","2":"type-product","3":"status-publish","4":"has-post-thumbnail","6":"product_cat-screenprinting-ink-special-effects-specialty-ink","8":"first","9":"instock","10":"shipping-taxable","11":"purchasable","12":"product-type-variable"},"tiered_pricing_type":"fixed","tiered_pricing_fixed_rules":[],"tiered_pricing_product_settings":{"layout":"default","base_unit_name":{"singular":null,"plural":null},"default_variation":null},"tiered_pricing_minimum_quantity":null,"tiered_pricing_roles_data":[],"tiered_pricing_percentage_rules":[],"tiered_pricing_maximum_quantity":null,"tiered_pricing_quantity_step":null,"_links":{"self":[{"href":"https:\/\/shaliteink.com\/de\/wp-json\/wp\/v2\/product\/1545","targetHints":{"allow":["GET"]}}],"collection":[{"href":"https:\/\/shaliteink.com\/de\/wp-json\/wp\/v2\/product"}],"about":[{"href":"https:\/\/shaliteink.com\/de\/wp-json\/wp\/v2\/types\/product"}],"replies":[{"embeddable":true,"href":"https:\/\/shaliteink.com\/de\/wp-json\/wp\/v2\/comments?post=1545"}],"version-history":[{"count":0,"href":"https:\/\/shaliteink.com\/de\/wp-json\/wp\/v2\/product\/1545\/revisions"}],"wp:featuredmedia":[{"embeddable":true,"href":"https:\/\/shaliteink.com\/de\/wp-json\/wp\/v2\/media\/1525"}],"wp:attachment":[{"href":"https:\/\/shaliteink.com\/de\/wp-json\/wp\/v2\/media?parent=1545"}],"wp:term":[{"taxonomy":"product_brand","embeddable":true,"href":"https:\/\/shaliteink.com\/de\/wp-json\/wp\/v2\/product_brand?post=1545"},{"taxonomy":"product_cat","embeddable":true,"href":"https:\/\/shaliteink.com\/de\/wp-json\/wp\/v2\/product_cat?post=1545"},{"taxonomy":"product_tag","embeddable":true,"href":"https:\/\/shaliteink.com\/de\/wp-json\/wp\/v2\/product_tag?post=1545"}],"curies":[{"name":"wp","href":"https:\/\/api.w.org\/{rel}","templated":true}]}}