{"id":1543,"date":"2025-04-19T07:26:57","date_gmt":"2025-04-19T07:26:57","guid":{"rendered":"https:\/\/shaliteink.com\/?post_type=product&#038;p=1543"},"modified":"2025-12-10T11:27:37","modified_gmt":"2025-12-10T11:27:37","slug":"puff-siebdruckfarbe-plastisol","status":"publish","type":"product","link":"https:\/\/shaliteink.com\/de\/produkt\/puff-siebdruckfarbe-plastisol\/","title":{"rendered":"Puff Siebdruckfarbe Plastisol"},"content":{"rendered":"<h3 class=\"ng-star-inserted\"><span class=\"ng-star-inserted\">Wichtigste Vorteile der Shaliteink Puff Plastisol-Tinte:<\/span><\/h3>\n<ul class=\"ng-star-inserted\">\n<li class=\"ng-star-inserted\">Dynamischer Puff-Effekt: Erzielen Sie beeindruckende, erhabene Drucke, die Ihrem Design Textur und Tiefe verleihen.<\/li>\n<li class=\"ng-star-inserted\">Optimale Aush\u00e4rtungstemperatur: H\u00e4rtet effizient bei einer niedrigen Temperatur von 160\u00b0C aus, wodurch Energiekosten gesenkt und das Versengen des Kleidungsst\u00fccks reduziert werden.<\/li>\n<li class=\"ng-star-inserted\">Ausgezeichnete Deckkraft: Sorgt f\u00fcr kr\u00e4ftige, lebendige Farben, die sowohl auf hellen als auch auf dunklen Stoffen gut zur Geltung kommen, wodurch oft eine Untergrundierung \u00fcberfl\u00fcssig wird.<\/li>\n<li class=\"ng-star-inserted\">Benutzerfreundliche Stabilit\u00e4t: Entwickelt f\u00fcr reibungsloses, einfaches Drucken direkt aus dem Beh\u00e4lter, wodurch es sich ideal f\u00fcr eine Vielzahl von Druckkonfigurationen eignet.<\/li>\n<li class=\"ng-star-inserted\">Weiches Handgef\u00fchl (nach dem Aufspr\u00fchen): Die Tinte beh\u00e4lt nach dem Trocknen ein angenehmes Gef\u00fchl und erzeugt gleichzeitig einen zweidimensionalen Effekt.<\/li>\n<li class=\"ng-star-inserted\">Phthalatfreie Formel: Eine sichere Wahl f\u00fcr Drucker und Umwelt.<\/li>\n<li class=\"ng-star-inserted\">Vielseitige Stoffvertr\u00e4glichkeit: Erzielt hervorragende Ergebnisse auf einer breiten Palette von Materialien, darunter Baumwolle, Baumwoll-Polyester-Mischgewebe und sogar einige Polyestergewebe (bei Anwendung geeigneter Drucktechniken).<\/li>\n<li class=\"ng-star-inserted\">Geringe Farbausblutung: Entwickelt f\u00fcr minimale Farbstoffmigration, besonders wichtig bei der Verarbeitung von Polyestergemischen.<\/li>\n<\/ul>\n<h3><img decoding=\"async\" class=\"aligncenter wp-image-4069 size-full\" src=\"https:\/\/shaliteink.com\/wp-content\/uploads\/2025\/04\/Puff-Screen-Printing-Ink-Plastisol.jpg\" alt=\"Puff Siebdruckfarbe Plastisol\" width=\"736\" height=\"654\" srcset=\"https:\/\/shaliteink.com\/wp-content\/uploads\/2025\/04\/Puff-Screen-Printing-Ink-Plastisol.jpg 736w, https:\/\/shaliteink.com\/wp-content\/uploads\/2025\/04\/Puff-Screen-Printing-Ink-Plastisol-300x267.jpg 300w, https:\/\/shaliteink.com\/wp-content\/uploads\/2025\/04\/Puff-Screen-Printing-Ink-Plastisol-14x12.jpg 14w, https:\/\/shaliteink.com\/wp-content\/uploads\/2025\/04\/Puff-Screen-Printing-Ink-Plastisol-150x133.jpg 150w\" sizes=\"(max-width: 736px) 100vw, 736px\" \/><\/h3>\n<h3 class=\"ng-star-inserted\"><span class=\"ng-star-inserted\">Warum Shaliteink Puff Plastisol-Tinte w\u00e4hlen?<\/span><\/h3>\n<p>Unser <a href=\"https:\/\/shaliteink.com\/de\/produkt-kategorie\/siebdruckfarbe-spezialeffekte-spezialfarbe\/\"><strong>Puff-Plastisolfarbe<\/strong><\/a> ist mehr als nur Tinte; es ist ein Werkzeug, um Ihre gew\u00f6hnlichen Designs in au\u00dfergew\u00f6hnliche Kreationen zu verwandeln. Die einzigartige Expansionseigenschaft dieser <strong><a href=\"https:\/\/shaliteink.com\/de\/screen-printing-ink\/\">Siebdruckfarbe<\/a><\/strong> Durch den Aush\u00e4rtungsprozess entsteht eine markante, erhabene Oberfl\u00e4che, die jedem Kleidungsst\u00fcck eine hochwertige, edle Anmutung verleiht. Dadurch eignet es sich perfekt f\u00fcr Modebekleidung, Sportbekleidung und jedes Design, bei dem Sie ein Statement setzen m\u00f6chten.<br \/>\nEntwickelt speziell f\u00fcr Siebdrucker, <a href=\"https:\/\/shaliteink.com\/de\/\"><strong>Shaliteink Puff Plastisol Tinte<\/strong><\/a> Es bietet eine cremige, fl\u00fcssige Textur, die sich angenehm verarbeiten l\u00e4sst. Seine hohe Deckkraft gew\u00e4hrleistet eine hervorragende Deckkraft selbst auf dunklen Stoffen, vereinfacht Ihren Druckprozess und spart Ihnen Zeit und Material. Die niedrige Aush\u00e4rtungstemperatur von 160 \u00b0C ist ein wesentlicher Vorteil, da sie h\u00e4ufige Probleme wie Einlaufen oder Versengen der Textilien, die bei Hochtemperaturfarben auftreten k\u00f6nnen, verhindert. Zudem tr\u00e4gt sie zur Energieeinsparung bei und macht Ihre Produktion wirtschaftlicher und umweltfreundlicher.<br \/>\nWir bei Shaliteink sind stolz darauf, Ihnen nicht nur Produkte, sondern L\u00f6sungen anzubieten. Dank unserer zwanzigj\u00e4hrigen Erfahrung in der Herstellung erhalten Sie sorgf\u00e4ltig formulierte Plastisolfarben, die h\u00f6chsten Industriestandards entsprechen. Ob Sie eine dezente Textur oder einen ausdrucksstarken Relief-Effekt erzielen m\u00f6chten \u2013 mit unserer Puff-Plastisolfarbe gelingen Ihnen professionelle Ergebnisse garantiert.<\/p>\n<h3 class=\"ng-star-inserted\"><span class=\"ng-star-inserted\">Aush\u00e4rtungsrichtlinien f\u00fcr Shaliteink Puff Plastisolfarbe:<\/span><\/h3>\n<p>Eine pr\u00e4zise Aush\u00e4rtung ist wichtig f\u00fcr die Haltbarkeit und das Aussehen Ihres Drucks.<\/p>\n<ul>\n<li>Aush\u00e4rtungstemperatur: Stellen Sie sicher, dass die gesamte Tintenschicht f\u00fcr die empfohlene Zeit 160 \u00b0C (320 \u00b0F) erreicht und beibeh\u00e4lt.<\/li>\n<li>Blitztemperatur: Blitzen Sie bei 120\u00b0C \u2013 140\u00b0C (248\u00b0F \u2013 284\u00b0F) f\u00fcr 3-5 Sekunden, um klebefreie Oberfl\u00e4chen f\u00fcr mehrfarbige Drucke oder zus\u00e4tzliche Schichten zu erzielen.<\/li>\n<li>Wichtiger Hinweis zu Polyester: Unsere Tinten sind zwar vielseitig einsetzbar, dennoch ist beim Bedrucken von Polyester- oder Mischgeweben die Aush\u00e4rtungstemperatur unbedingt zu beachten. Eine Aush\u00e4rtung nahe 160 \u00b0C kann das Ausbluten der Farbe verhindern, das h\u00e4ufig auftritt, wenn Polyesterfarbstoffe bei h\u00f6heren Temperaturen (typischerweise 132\u2013149 \u00b0C) in den gasf\u00f6rmigen Zustand \u00fcbergehen. F\u00fchren Sie stets Vorproduktionstests durch.<\/li>\n<li class=\"ng-star-inserted\"><strong class=\"ng-star-inserted\"><span class=\"ng-star-inserted\">Test auf Heilung:<\/span><\/strong><\/li>\n<\/ul>\n<ul class=\"ng-star-inserted\">\n<li class=\"ng-star-inserted\">Dehnungstest: Nach dem Abk\u00fchlen den Druck auf etwa zwei Drittel der normalen Dehnbarkeit des Kleidungsst\u00fccks dehnen. Wenn die Farbe platzt und sich nicht zusammenzieht, kann die Reparatur beeintr\u00e4chtigt sein.<\/li>\n<li class=\"ng-star-inserted\">Waschtest: F\u00fcr einen aussagekr\u00e4ftigen Test waschen Sie das Kleidungsst\u00fcck 5-10 Mal. Unzureichend fixierte Drucke zeigen bereits nach 1-3 W\u00e4schen deutliche Abnutzungserscheinungen.<\/li>\n<\/ul>\n<h3 class=\"ng-star-inserted\"><span class=\"ng-star-inserted\">Allgemeine Testverfahren und bew\u00e4hrte Vorgehensweisen:<\/span><\/h3>\n<p>Vor Beginn der Massenproduktion sollte stets ein gr\u00fcndlicher Dehnungs- und Waschtest durchgef\u00fchrt werden, um die korrekte Aush\u00e4rtung und Druckqualit\u00e4t sicherzustellen. Bei einem negativen Testergebnis die Aush\u00e4rtungszeit verl\u00e4ngern oder die Trocknereinstellungen anpassen. F\u00fcr optimale Ergebnisse, <strong>Shaliteink Puff Plastisol Tinte<\/strong> Erzielt hervorragende Ergebnisse auf 100% Baumwollgeweben, erzielt aber bei richtiger Technik auch auf Mischgeweben gute Ergebnisse.<\/p>\n<h3 class=\"ng-star-inserted\"><span class=\"ng-star-inserted\">Aufr\u00e4umarbeiten:<\/span><\/h3>\n<p>Shaliteink Puff Plastisol-Tinte l\u00e4sst sich nach dem Drucken leicht entfernen.<\/p>\n<ul>\n<li>An der Druckmaschine: Verwenden Sie ein spezielles Plastisol-Druckreiniger- oder Tintenabbau-Mittel, um Siebe und Rakel schnell zu reinigen.<\/li>\n<li>Im Waschbecken: Verwenden Sie Plastisol Screen Wash oder Ink Degradation zur gr\u00fcndlichen Reinigung des Siebs.<\/li>\n<\/ul>\n<h3><img decoding=\"async\" class=\"aligncenter wp-image-4070 size-large\" src=\"https:\/\/shaliteink.com\/wp-content\/uploads\/2025\/04\/Puff-Screen-Printing-Ink-Plastisol-1-733x1024.jpg\" alt=\"Puff Siebdruckfarbe Plastisol\" width=\"733\" height=\"1024\" srcset=\"https:\/\/shaliteink.com\/wp-content\/uploads\/2025\/04\/Puff-Screen-Printing-Ink-Plastisol-1-733x1024.jpg 733w, https:\/\/shaliteink.com\/wp-content\/uploads\/2025\/04\/Puff-Screen-Printing-Ink-Plastisol-1-215x300.jpg 215w, https:\/\/shaliteink.com\/wp-content\/uploads\/2025\/04\/Puff-Screen-Printing-Ink-Plastisol-1-768x1072.jpg 768w, https:\/\/shaliteink.com\/wp-content\/uploads\/2025\/04\/Puff-Screen-Printing-Ink-Plastisol-1-1100x1536.jpg 1100w, https:\/\/shaliteink.com\/wp-content\/uploads\/2025\/04\/Puff-Screen-Printing-Ink-Plastisol-1-9x12.jpg 9w, https:\/\/shaliteink.com\/wp-content\/uploads\/2025\/04\/Puff-Screen-Printing-Ink-Plastisol-1-1200x1676.jpg 1200w, https:\/\/shaliteink.com\/wp-content\/uploads\/2025\/04\/Puff-Screen-Printing-Ink-Plastisol-1-150x209.jpg 150w, https:\/\/shaliteink.com\/wp-content\/uploads\/2025\/04\/Puff-Screen-Printing-Ink-Plastisol-1.jpg 1279w\" sizes=\"(max-width: 733px) 100vw, 733px\" \/><\/h3>\n<h3 class=\"ng-star-inserted\"><span class=\"ng-star-inserted\">Profi-Tipps von Shaliteink:<\/span><\/h3>\n<ul>\n<li>Plastisolfarbe bildet eine mechanische Verbindung, indem sie sich um die Stofffasern legt, anstatt sie zu f\u00e4rben.<\/li>\n<li>Bewahren Sie Ihre Puff-Plastisol-Tinte bei Raumtemperatur auf, idealerweise zwischen 18 und 32 \u00b0C. Vermeiden Sie l\u00e4ngere Einwirkung von Temperaturen \u00fcber 32 \u00b0C, da die Tinte im Beh\u00e4lter sonst aush\u00e4rten kann.<\/li>\n<li>Beim Bedrucken sehr dunkler Stoffe mit hellen Pufffarben empfiehlt sich die Verwendung einer wei\u00dfen Grundfarbe, um noch hellere und gleichm\u00e4\u00dfigere Puffeffekte zu erzielen.<\/li>\n<\/ul>\n<p>Shaliteink ist Ihr zuverl\u00e4ssiger Partner f\u00fcr hochwertige Siebdruckmaterialien. Entdecken Sie unser Sortiment an Plastisolfarben und erleben Sie den Unterschied, den zwanzig Jahre Erfahrung ausmachen.<\/p>","protected":false},"excerpt":{"rendered":"<p><strong>Shalitink Puff Siebdruckfarbe<\/strong> Entdecken Sie die Kraft der Dreidimensionalit\u00e4t mit Plastisol. Als weltweit f\u00fchrender Hersteller von Siebdruckfarben seit zwei Jahrzehnten bietet Ihnen Shalitink eine Premium-L\u00f6sung direkt vom Hersteller, mit der Sie atemberaubende 3D-Effekte auf Ihren Textilien erzielen. Wir verstehen die Bed\u00fcrfnisse erfahrener Siebdrucker und Einsteiger gleicherma\u00dfen. Unsere Puff-Plastisolfarbe ist f\u00fcr au\u00dfergew\u00f6hnliche Ergebnisse, Effizienz und einfache Anwendung entwickelt.<br \/>\nShalitink hat sich durch die enge Zusammenarbeit mit vielen weltbekannten Marken einen Ruf f\u00fcr Qualit\u00e4t und Zuverl\u00e4ssigkeit erworben. <strong>Puff Plastisol-Tinte<\/strong> Dieses Versprechen wird hiermit eingel\u00f6st: Die Tinte liefert gleichbleibende Leistung und brillante, langlebige Drucke. Mit dieser innovativen Plastisolfarbe lassen sich auff\u00e4llige Designs kreieren, die sich von der Masse abheben und T-Shirts, Hoodies und anderen Kleidungsst\u00fccken eine einzigartige Haptik und Optik verleihen.<\/p>","protected":false},"featured_media":1527,"comment_status":"open","ping_status":"closed","template":"","meta":[],"product_brand":[],"product_cat":[47],"product_tag":[],"class_list":{"0":"post-1543","1":"product","2":"type-product","3":"status-publish","4":"has-post-thumbnail","6":"product_cat-screenprinting-ink-special-effects-specialty-ink","8":"first","9":"instock","10":"shipping-taxable","11":"purchasable","12":"product-type-variable"},"tiered_pricing_type":"fixed","tiered_pricing_fixed_rules":[],"tiered_pricing_product_settings":{"layout":"default","base_unit_name":{"singular":null,"plural":null},"default_variation":null},"tiered_pricing_minimum_quantity":null,"tiered_pricing_roles_data":[],"tiered_pricing_percentage_rules":[],"tiered_pricing_maximum_quantity":null,"tiered_pricing_quantity_step":null,"_links":{"self":[{"href":"https:\/\/shaliteink.com\/de\/wp-json\/wp\/v2\/product\/1543","targetHints":{"allow":["GET"]}}],"collection":[{"href":"https:\/\/shaliteink.com\/de\/wp-json\/wp\/v2\/product"}],"about":[{"href":"https:\/\/shaliteink.com\/de\/wp-json\/wp\/v2\/types\/product"}],"replies":[{"embeddable":true,"href":"https:\/\/shaliteink.com\/de\/wp-json\/wp\/v2\/comments?post=1543"}],"version-history":[{"count":0,"href":"https:\/\/shaliteink.com\/de\/wp-json\/wp\/v2\/product\/1543\/revisions"}],"wp:featuredmedia":[{"embeddable":true,"href":"https:\/\/shaliteink.com\/de\/wp-json\/wp\/v2\/media\/1527"}],"wp:attachment":[{"href":"https:\/\/shaliteink.com\/de\/wp-json\/wp\/v2\/media?parent=1543"}],"wp:term":[{"taxonomy":"product_brand","embeddable":true,"href":"https:\/\/shaliteink.com\/de\/wp-json\/wp\/v2\/product_brand?post=1543"},{"taxonomy":"product_cat","embeddable":true,"href":"https:\/\/shaliteink.com\/de\/wp-json\/wp\/v2\/product_cat?post=1543"},{"taxonomy":"product_tag","embeddable":true,"href":"https:\/\/shaliteink.com\/de\/wp-json\/wp\/v2\/product_tag?post=1543"}],"curies":[{"name":"wp","href":"https:\/\/api.w.org\/{rel}","templated":true}]}}