{"id":1537,"date":"2025-04-19T07:19:35","date_gmt":"2025-04-19T07:19:35","guid":{"rendered":"https:\/\/shaliteink.com\/?post_type=product&#038;p=1537"},"modified":"2025-12-10T11:31:49","modified_gmt":"2025-12-10T11:31:49","slug":"silberne-siebdruckfarbe-plastisol","status":"publish","type":"product","link":"https:\/\/shaliteink.com\/de\/produkt\/silberne-siebdruckfarbe-plastisol\/","title":{"rendered":"Silberne Siebdruckfarbe Plastisol"},"content":{"rendered":"<p class=\"ng-star-inserted\"><strong class=\"ng-star-inserted\"><span class=\"ng-star-inserted\">Titel: Shaliteink Silberne Siebdruck-Plastisolfarbe \u2013 Hohe Deckkraft, weicher Griff<\/span><\/strong><\/p>\n<p>Shaliteink Silver wurde f\u00fcr Effizienz und Kosteneffektivit\u00e4t entwickelt. <strong><a href=\"https:\/\/shaliteink.com\/de\/produkt\/silberne-siebdruckfarbe-plastisol\/\">Plastisol-Tinte f\u00fcr den Siebdruck<\/a><\/strong> Bei 160 \u00b0C (320 \u00b0F) h\u00e4rtet es schnell und zuverl\u00e4ssig aus. Diese niedrige Aush\u00e4rtungstemperatur verhindert das Versengen und Einlaufen des Textils und ist besonders vorteilhaft bei hitzeempfindlichen Materialien. Profitieren Sie von k\u00fcrzeren Produktionszeiten und geringeren Energiekosten, ohne Kompromisse bei Druckqualit\u00e4t oder Waschbest\u00e4ndigkeit einzugehen. Ob Sie mit 100%-Baumwolle, Mischgeweben oder anderen Stoffen arbeiten \u2013 Shaliteink liefert stets professionelle Ergebnisse.<\/p>\n<p>Unser Qualit\u00e4tsanspruch erstreckt sich auch auf die Verantwortung f\u00fcr die Umwelt. <strong><a href=\"https:\/\/shaliteink.com\/de\/\">Shaliteink<\/a><\/strong> Unsere silberne Plastisolfarbe ist phthalatfrei und gew\u00e4hrleistet so ein sicheres Druckumfeld f\u00fcr Sie und Ihr Team. Wir kennen die Anforderungen des modernen Siebdrucks. Deshalb sind unsere Farben hochdeckend und bieten selbst auf dunklen Stoffen eine hervorragende Deckkraft. F\u00fcr maximale Farbbrillanz auf dunklen Untergr\u00fcnden empfehlen wir eine wei\u00dfe Grundierung. Sie werden jedoch feststellen, dass unsere silberne Farbe auch ohne diese sehr gute Ergebnisse liefert. Entscheiden Sie sich f\u00fcr Shaliteink \u2013 f\u00fcr zuverl\u00e4ssige, leistungsstarke Siebdruckfarben, die Ihre kreativen Visionen in hochwertige Produkte verwandeln.<\/p>\n<p><img decoding=\"async\" class=\"aligncenter wp-image-4063 size-large\" src=\"https:\/\/shaliteink.com\/wp-content\/uploads\/2025\/04\/Silver-Screen-Printing-Ink-Plastisol-1024x1022.jpg\" alt=\"Silberne Siebdruckfarbe Plastisol\" width=\"1024\" height=\"1022\" srcset=\"https:\/\/shaliteink.com\/wp-content\/uploads\/2025\/04\/Silver-Screen-Printing-Ink-Plastisol-1024x1022.jpg 1024w, https:\/\/shaliteink.com\/wp-content\/uploads\/2025\/04\/Silver-Screen-Printing-Ink-Plastisol-300x300.jpg 300w, https:\/\/shaliteink.com\/wp-content\/uploads\/2025\/04\/Silver-Screen-Printing-Ink-Plastisol-150x150.jpg 150w, https:\/\/shaliteink.com\/wp-content\/uploads\/2025\/04\/Silver-Screen-Printing-Ink-Plastisol-768x766.jpg 768w, https:\/\/shaliteink.com\/wp-content\/uploads\/2025\/04\/Silver-Screen-Printing-Ink-Plastisol-12x12.jpg 12w, https:\/\/shaliteink.com\/wp-content\/uploads\/2025\/04\/Silver-Screen-Printing-Ink-Plastisol-600x600.jpg 600w, https:\/\/shaliteink.com\/wp-content\/uploads\/2025\/04\/Silver-Screen-Printing-Ink-Plastisol-1200x1198.jpg 1200w, https:\/\/shaliteink.com\/wp-content\/uploads\/2025\/04\/Silver-Screen-Printing-Ink-Plastisol.jpg 1506w\" sizes=\"(max-width: 1024px) 100vw, 1024px\" \/><\/p>\n<p class=\"ng-star-inserted\"><strong class=\"ng-star-inserted\"><span class=\"ng-star-inserted\">Wichtigste Vorteile:<\/span><\/strong><\/p>\n<ul class=\"ng-star-inserted\">\n<li class=\"ng-star-inserted\">Zuverl\u00e4ssige Aush\u00e4rtung bei 160\u2103 (320\u00b0F): schnelle Produktion, geringe Energiekosten und minimale Besch\u00e4digung der Kleidung.<\/li>\n<li class=\"ng-star-inserted\">Soft Hand Print: Erhalten Sie ein angenehmes, hochwertiges Tragegef\u00fchl Ihrer fertigen Kleidungsst\u00fccke.<\/li>\n<li class=\"ng-star-inserted\">Hohe Deckkraft und strahlendes Silber: Hervorragende Deckkraft und atemberaubender Metallic-Glanz.<\/li>\n<li class=\"ng-star-inserted\">Geringer Farbausbluten bei Mischgeweben: Zuverl\u00e4ssiges Drucken auf einer Vielzahl von Stoffen.<\/li>\n<li class=\"ng-star-inserted\">Phthalatfreie Formel: Eine sichere Wahl f\u00fcr Ihren Arbeitsplatz und Ihre Umwelt.<\/li>\n<li class=\"ng-star-inserted\">Einfache Handhabung: Cremige, k\u00f6rnige Konsistenz f\u00fcr ein gleichm\u00e4\u00dfiges Druckergebnis.<\/li>\n<li class=\"ng-star-inserted\">Universell f\u00fcr eine Vielzahl von Stoffen: optimiert f\u00fcr diverse textile Anwendungen.<\/li>\n<li>Qualit\u00e4t direkt vom Hersteller: Profitieren Sie von zwei Jahrzehnten Fertigungsexzellenz.<\/li>\n<\/ul>\n<p class=\"ng-star-inserted\"><strong class=\"ng-star-inserted\"><span class=\"ng-star-inserted\">Richtlinien zur Heilung:<\/span><\/strong><\/p>\n<p>Shaliteink Silber-Plastisol-Tinte ist f\u00fcr eine optimale Aush\u00e4rtung bei 160\u2103 (320\u00b0F) formuliert.<\/p>\n<ul>\n<li>Blitzh\u00e4rtung: Zur Blitzh\u00e4rtung eine Temperatur von 120 \u00b0C bis 140 \u00b0C (248 \u00b0F bis 284 \u00b0F) f\u00fcr 3\u20135 Sekunden aufrechterhalten. Die Blitzh\u00e4rtungszeit kann je nach Ger\u00e4t und Tintenauftragsdicke variieren.<\/li>\n<li>Vollst\u00e4ndige Aush\u00e4rtung: Die Tinte ist vollst\u00e4ndig ausgeh\u00e4rtet, wenn die gesamte Tintenschicht 160 \u00b0C (320 \u00b0F) erreicht hat. Oberfl\u00e4chentemperaturmessungen mit Laserpistolen k\u00f6nnen irref\u00fchrend sein; wir empfehlen daher die Verwendung von Ringf\u00fchlern oder Temperaturstreifen zur genauen Messung der Tinteninnentemperatur.<\/li>\n<li>Waschtest: Warten Sie nach dem Aush\u00e4rten 24 Stunden, bevor Sie einen Waschtest durchf\u00fchren. Ein vollst\u00e4ndig ausgeh\u00e4rteter Druck \u00fcbersteht mehrere W\u00e4schen ohne zu rei\u00dfen oder auszubleichen. F\u00fchren Sie f\u00fcr einen ersten Test einen Dehnungstest durch, indem Sie das bedruckte Kleidungsst\u00fcck um etwa zwei Drittel seiner Breite dehnen. Rei\u00dft der Druck dabei und zieht er sich nicht wieder zusammen, ist er m\u00f6glicherweise nicht richtig ausgeh\u00e4rtet.<\/li>\n<li>Stoffvertr\u00e4glichkeit: Shaliteink erzielt hervorragende Ergebnisse auf einer Vielzahl von Stoffen, die besten Resultate werden jedoch in der Regel auf 100%-Baumwolle erzielt. Beim Bedrucken von Polyester oder Polyestergemischen tr\u00e4gt die niedrige Aush\u00e4rtungstemperatur von Shaliteink dazu bei, ein Ausbluten der Farbe zu verhindern, das bei der Reaktion von Polyesterfarbstoffen mit hoher Hitze auftreten kann.<\/li>\n<\/ul>\n<p class=\"ng-star-inserted\"><strong class=\"ng-star-inserted\"><span class=\"ng-star-inserted\">Aufr\u00e4umarbeiten:<\/span><\/strong><\/p>\n<p>Shaliteink Plastisolfarben lassen sich nach dem Drucken leicht entfernen.<\/p>\n<ul>\n<li>An der Druckmaschine: Verwenden Sie ein spezielles Plastisol-Druckmaschinenreinigungsmittel oder einen Farbl\u00f6ser zur schnellen und effizienten Reinigung von Sieben und Rakeln.<\/li>\n<li>Im Waschbecken: F\u00fcr eine gr\u00fcndlichere Reinigung des Siebs verwenden Sie Plastisol Screen Wash oder einen Tintenl\u00f6ser, um alle Tintenreste zu entfernen.<\/li>\n<\/ul>\n<p class=\"ng-star-inserted\"><strong class=\"ng-star-inserted\"><span class=\"ng-star-inserted\">Speicherinformationen:<\/span><\/strong><\/p>\n<p>Shaliteink Silber-Siebdruck-Plastisolfarbe sollte k\u00fchl, trocken und vor direkter Sonneneinstrahlung gesch\u00fctzt gelagert werden, idealerweise zwischen 18 und 32 \u00b0C. L\u00e4ngerer Kontakt mit Temperaturen \u00fcber 32 \u00b0C kann zum Gefrieren der Farbe im Beh\u00e4lter f\u00fchren und die Leistung beeintr\u00e4chtigen.<\/p>\n<p class=\"ng-star-inserted\"><strong class=\"ng-star-inserted\"><span class=\"ng-star-inserted\">Profi-Tipps f\u00fcr beste Ergebnisse:<\/span><\/strong><\/p>\n<ul class=\"ng-star-inserted\">\n<li class=\"ng-star-inserted\">Grundierung f\u00fcr dunkle Stoffe: Beim Bedrucken dunkler Stoffe mit Silber kann die Verwendung einer wei\u00dfen Grundierung die Helligkeit und Deckkraft des fertigen Drucks deutlich erh\u00f6hen.<\/li>\n<li class=\"ng-star-inserted\">Mechanische Verbindung: Plastisolfarbe verbindet sich mechanisch mit den Textilfasern, anstatt sie nur zu f\u00e4rben. Eine geeignete Vorbehandlung ist notwendig, um diese Verbindung stark und dauerhaft zu machen.<\/li>\n<li class=\"ng-star-inserted\">Vor Produktionsbeginn pr\u00fcfen: F\u00fchren Sie vor Beginn der Massenproduktion immer einen Dehnungs- und Waschtest mit dem von Ihnen gew\u00e4hlten Stoff und Ihren spezifischen Ger\u00e4teeinstellungen durch, um eine optimale Aush\u00e4rtung und Druckqualit\u00e4t zu gew\u00e4hrleisten.<\/li>\n<\/ul>\n<p class=\"ng-star-inserted\"><strong class=\"ng-star-inserted\"><span class=\"ng-star-inserted\">Sicherheitsdatenblatt:<\/span><\/strong><\/p>\n<p>[Link zum Sicherheitsdatenblatt f\u00fcr Shaliteink Silber-Plastisolfarbe]<\/p>\n<p class=\"ng-star-inserted\"><strong class=\"ng-star-inserted\"><span class=\"ng-star-inserted\">Entdecken Sie unser gesamtes Sortiment:<\/span><\/strong><\/p>\n<p>Finden Sie weitere hochwertige Shaliteink-Plastisolfarben und <strong><a href=\"https:\/\/shaliteink.com\/de\/screen-printing-ink\/\">Siebdruckfarbe<\/a><\/strong> auf unserer Website!<\/p>\n<p>&nbsp;<\/p>","protected":false},"excerpt":{"rendered":"<p>Verbessern Sie Ihre Siebdruckprojekte mit Shaliteink Silber-Siebdruck-Plastisolfarbe \u2013 einer hochwertigen, hochdeckenden L\u00f6sung f\u00fcr herausragende Ergebnisse. Dank \u00fcber 20 Jahren Erfahrung in der Herstellung bietet Shaliteink Ihnen Qualit\u00e4t direkt vom Hersteller, die das Vertrauen vieler weltbekannter Marken genie\u00dft. Unsere Plastisolfarben sind auf h\u00f6chste Leistung ausgelegt und bieten die perfekte Kombination aus Leuchtkraft, Haltbarkeit und Benutzerfreundlichkeit. Damit sind sie die ideale Wahl f\u00fcr professionelle Druckereien und ambitionierte Hobbyk\u00fcnstler.<br \/>\nShaliteink Silber-Plastisolfarbe verleiht Ihren Designs einen brillanten Metallic-Schimmer und sorgt f\u00fcr ein herausragendes Finish. Diese Siebdruckfarbe zeichnet sich durch eine unglaublich cremige, feink\u00f6rnige Textur aus, die f\u00fcr gleichm\u00e4\u00dfigen Druck und einen optimalen Farbauftrag sorgt. Erleben Sie gestochen scharfe, detailreiche Drucke mit einer bemerkenswert weichen Haptik, die Ihre Kunden begeistern wird. Unsere fortschrittliche Rezeptur minimiert das Ausbluten selbst auf anspruchsvollen Stoffen wie Polyestergemischen und gibt Ihnen so die Sicherheit, dass jeder Druckvorgang gelingt.<\/p>","protected":false},"featured_media":1529,"comment_status":"open","ping_status":"closed","template":"","meta":[],"product_brand":[],"product_cat":[46],"product_tag":[],"class_list":{"0":"post-1537","1":"product","2":"type-product","3":"status-publish","4":"has-post-thumbnail","6":"product_cat-metallic-screen-printing-ink","8":"first","9":"instock","10":"shipping-taxable","11":"purchasable","12":"product-type-variable"},"tiered_pricing_type":"fixed","tiered_pricing_fixed_rules":[],"tiered_pricing_product_settings":{"layout":"default","base_unit_name":{"singular":null,"plural":null},"default_variation":null},"tiered_pricing_minimum_quantity":null,"tiered_pricing_roles_data":[],"tiered_pricing_percentage_rules":[],"tiered_pricing_maximum_quantity":null,"tiered_pricing_quantity_step":null,"_links":{"self":[{"href":"https:\/\/shaliteink.com\/de\/wp-json\/wp\/v2\/product\/1537","targetHints":{"allow":["GET"]}}],"collection":[{"href":"https:\/\/shaliteink.com\/de\/wp-json\/wp\/v2\/product"}],"about":[{"href":"https:\/\/shaliteink.com\/de\/wp-json\/wp\/v2\/types\/product"}],"replies":[{"embeddable":true,"href":"https:\/\/shaliteink.com\/de\/wp-json\/wp\/v2\/comments?post=1537"}],"version-history":[{"count":0,"href":"https:\/\/shaliteink.com\/de\/wp-json\/wp\/v2\/product\/1537\/revisions"}],"wp:featuredmedia":[{"embeddable":true,"href":"https:\/\/shaliteink.com\/de\/wp-json\/wp\/v2\/media\/1529"}],"wp:attachment":[{"href":"https:\/\/shaliteink.com\/de\/wp-json\/wp\/v2\/media?parent=1537"}],"wp:term":[{"taxonomy":"product_brand","embeddable":true,"href":"https:\/\/shaliteink.com\/de\/wp-json\/wp\/v2\/product_brand?post=1537"},{"taxonomy":"product_cat","embeddable":true,"href":"https:\/\/shaliteink.com\/de\/wp-json\/wp\/v2\/product_cat?post=1537"},{"taxonomy":"product_tag","embeddable":true,"href":"https:\/\/shaliteink.com\/de\/wp-json\/wp\/v2\/product_tag?post=1537"}],"curies":[{"name":"wp","href":"https:\/\/api.w.org\/{rel}","templated":true}]}}