{"id":1319,"date":"2025-04-12T11:41:36","date_gmt":"2025-04-12T11:41:36","guid":{"rendered":"https:\/\/shaliteink.com\/?post_type=product&#038;p=1319"},"modified":"2025-12-10T11:31:14","modified_gmt":"2025-12-10T11:31:14","slug":"prozessgelbe-siebdruck-plastisolfarbe","status":"publish","type":"product","link":"https:\/\/shaliteink.com\/de\/produkt\/prozessgelbe-siebdruck-plastisolfarbe\/","title":{"rendered":"Prozessgelbe Siebdruck-Plastisoltinte"},"content":{"rendered":"<p class=\"ng-star-inserted\"><strong class=\"ng-star-inserted\"><span class=\"ng-star-inserted\">Wichtigste Vorteile der Shaliteink-Prozess-Gelben Plastisolfarbe:<\/span><\/strong><\/p>\n<ul class=\"ng-star-inserted\">\n<li class=\"ng-star-inserted\">Leuchtende, deckende Farben: Erhalten Sie leuchtende, kr\u00e4ftige und hochdeckende Prozessgelbdrucke, die die Intention Ihres Designs perfekt widerspiegeln.<\/li>\n<li class=\"ng-star-inserted\">Optimale Aush\u00e4rtungstemperatur: H\u00e4rtet effizient bei 160 \u00b0C (320 \u00b0F) aus, reduziert den Energieaufwand und sch\u00fctzt das Kleidungsst\u00fcck vor Versengen und Einlaufen.<\/li>\n<li class=\"ng-star-inserted\">Kurze Aufhellzeit: Mit einer Aufhelltemperatur zwischen 120 \u00b0C (248 \u00b0F) und 140 \u00b0C (284 \u00b0F) k\u00f6nnen Sie Ihren Produktionsprozess beschleunigen.<\/li>\n<li class=\"ng-star-inserted\">Weiches Tragegef\u00fchl: Trotz ihrer Opazit\u00e4t behalten die Drucke ein luxuri\u00f6ses, weiches Tragegef\u00fchl, was den Tragekomfort und die Attraktivit\u00e4t des Kleidungsst\u00fccks erh\u00f6ht.<\/li>\n<li class=\"ng-star-inserted\">Universelle Stoffvertr\u00e4glichkeit: Hervorragend geeignet f\u00fcr eine breite Palette von Stoffen, von 100% Baumwolle bis hin zu anspruchsvollen Polyester-Mischgeweben, wodurch Vielseitigkeit bei Ihren Siebdruckprojekten gew\u00e4hrleistet wird.<\/li>\n<li class=\"ng-star-inserted\">Geringe Ausblutungseigenschaften: Speziell entwickelt, um die Farbstoffmigration auf Polyestergemischen zu reduzieren und die Integrit\u00e4t Ihrer Plastisolfarben zu erhalten.<\/li>\n<li class=\"ng-star-inserted\">Benutzerfreundliche Konsistenz: Dank ihrer cremigen, fl\u00fcssigen Textur l\u00e4sst sich diese Siebdruck-Plastisolfarbe sowohl in als auch au\u00dferhalb der Druckmaschine unglaublich einfach verarbeiten.<\/li>\n<li>Phthalatfreie Formel: Aus Verantwortung f\u00fcr Sicherheit und Umweltschutz verwenden wir f\u00fcr unsere Plastisolfarbe keine Phthalate.<\/li>\n<\/ul>\n<p><img decoding=\"async\" class=\"aligncenter wp-image-4057 size-large\" src=\"https:\/\/shaliteink.com\/wp-content\/uploads\/2025\/04\/Process-Yellow-Screen-Printing-Plastisol-Ink-1024x683.jpg\" alt=\"Prozessgelbe Siebdruck-Plastisoltinte\" width=\"1024\" height=\"683\" srcset=\"https:\/\/shaliteink.com\/wp-content\/uploads\/2025\/04\/Process-Yellow-Screen-Printing-Plastisol-Ink-1024x683.jpg 1024w, https:\/\/shaliteink.com\/wp-content\/uploads\/2025\/04\/Process-Yellow-Screen-Printing-Plastisol-Ink-300x200.jpg 300w, https:\/\/shaliteink.com\/wp-content\/uploads\/2025\/04\/Process-Yellow-Screen-Printing-Plastisol-Ink-768x512.jpg 768w, https:\/\/shaliteink.com\/wp-content\/uploads\/2025\/04\/Process-Yellow-Screen-Printing-Plastisol-Ink-1536x1024.jpg 1536w, https:\/\/shaliteink.com\/wp-content\/uploads\/2025\/04\/Process-Yellow-Screen-Printing-Plastisol-Ink-2048x1365.jpg 2048w, https:\/\/shaliteink.com\/wp-content\/uploads\/2025\/04\/Process-Yellow-Screen-Printing-Plastisol-Ink-18x12.jpg 18w, https:\/\/shaliteink.com\/wp-content\/uploads\/2025\/04\/Process-Yellow-Screen-Printing-Plastisol-Ink-1200x800.jpg 1200w, https:\/\/shaliteink.com\/wp-content\/uploads\/2025\/04\/Process-Yellow-Screen-Printing-Plastisol-Ink-150x100.jpg 150w\" sizes=\"(max-width: 1024px) 100vw, 1024px\" \/><\/p>\n<p class=\"ng-star-inserted\"><strong class=\"ng-star-inserted\"><span class=\"ng-star-inserted\">Erschlie\u00dfen Sie sich un\u00fcbertroffene Produktivit\u00e4t und Qualit\u00e4t mit Shaliteink<\/span><\/strong><\/p>\n<p>Shalitinks <strong><a href=\"https:\/\/shaliteink.com\/de\/produkt\/prozessgelbe-siebdruck-plastisolfarbe\/\">Prozessgelbe Plastisolfarbe<\/a><\/strong> ist mehr als nur eine Farbe; sie ist ein Werkzeug, das Ihre Effizienz im Siebdruck steigert und das Endergebnis verbessert. Die sorgf\u00e4ltig abgestimmte Konsistenz sorgt f\u00fcr einen gleichm\u00e4\u00dfigen Farbauftrag und reduziert so h\u00e4ufige Druckprobleme. Dank der hohen Deckkraft erzielen Sie die gew\u00fcnschte Farbbrillanz oft mit weniger Durchg\u00e4ngen und sparen dadurch Zeit und Farbe. F\u00fcr dunkle Stoffe empfiehlt sich die Verwendung einer wei\u00dfen Grundierung, um die Leuchtkraft Ihrer Prozessgelben Plastisolfarbe optimal zur Geltung zu bringen.<\/p>\n<p>Unser Qualit\u00e4tsanspruch, gest\u00fctzt auf \u00fcber zwanzig Jahre Erfahrung in der Siebdruckherstellung, garantiert Ihnen eine zuverl\u00e4ssige und best\u00e4ndige Siebdruckfarbe. Pr\u00e4zise Aush\u00e4rtungs- und Fixiertemperaturen sind entscheidend f\u00fcr langlebige Drucke, die auch nach mehrmaligem Waschen nicht rei\u00dfen oder verblassen. Diese hohe Leistungsf\u00e4higkeit sichert die Kundenzufriedenheit und st\u00e4rkt Ihren Ruf f\u00fcr erstklassigen Siebdruck.<\/p>\n<p class=\"ng-star-inserted\"><strong class=\"ng-star-inserted\"><span class=\"ng-star-inserted\">Aush\u00e4rtungs- und Blitzrichtlinien:<\/span><\/strong><\/p>\n<p>Um eine optimale Druckbest\u00e4ndigkeit und Waschechtheit zu gew\u00e4hrleisten, beachten Sie bitte folgende Richtlinien f\u00fcr Shalitink Process Yellow Plastisolfarbe:<\/p>\n<ul>\n<li>Aush\u00e4rtung: 160 \u00b0C (320 \u00b0F). Stellen Sie sicher, dass die gesamte Tintenschicht diese Temperatur f\u00fcr eine vollst\u00e4ndige Aush\u00e4rtung erreicht. Oberfl\u00e4chentemperaturmessungen mit Laserpistolen k\u00f6nnen irref\u00fchrend sein; verwenden Sie daher am besten einen Ringf\u00fchler, um die Temperatur der inneren Tintenschicht genau zu messen.<\/li>\n<li>Blitzen: bei 120 \u00b0C (248 \u00b0F) bis 140 \u00b0C (284 \u00b0F) f\u00fcr etwa 3\u20135 Sekunden. Die Blitzzeit kann je nach Ger\u00e4t und Tintenauftragsdicke variieren.<br \/>\nWaschtest: Warten Sie nach der Aush\u00e4rtung 24 Stunden, bevor Sie einen Waschtest durchf\u00fchren. Ein perfekt ausgeh\u00e4rteter Druck verschlechtert sich auch nach 5\u201310 W\u00e4schen nicht. Unvollst\u00e4ndig ausgeh\u00e4rtete Drucke rei\u00dfen oder verblassen bereits nach 1\u20133 W\u00e4schen.<\/li>\n<li>Dehnungstest: Dehnen Sie das bedruckte Kleidungsst\u00fcck vorsichtig um etwa zwei Drittel. Rei\u00dft der Druck und zieht er sich nicht wieder zusammen, ist eine ordnungsgem\u00e4\u00dfe Aush\u00e4rtung m\u00f6glicherweise nicht gegeben. Passen Sie die Aush\u00e4rtungszeit oder -temperatur entsprechend an.<\/li>\n<li>Polyestermischung und Farbstoffmigration: Unsere Plastisolfarben sind f\u00fcr geringes Durchbluten entwickelt. Durch die Behandlung bei 160 \u00b0C bleiben Sie effektiv unterhalb des Farbstoffmigrationspunktes der meisten Polyestergewebe und verhindern so ein Ausbluten der Farbe in Ihr leuchtendes Prozessgelb.<\/li>\n<\/ul>\n<p class=\"ng-star-inserted\"><strong class=\"ng-star-inserted\"><span class=\"ng-star-inserted\">Einfache Bereinigung f\u00fcr einen effizienten Arbeitsablauf:<\/span><\/strong><\/p>\n<p class=\"ng-star-inserted\"><span class=\"ng-star-inserted\">Mit Shaliteink ist die Sauberhaltung von Arbeitsplatz und Ger\u00e4ten m\u00fchelos.\u00a0<\/span><strong class=\"ng-star-inserted\"><span class=\"ng-star-inserted\">Plastisol-Tinte<\/span><\/strong><span class=\"ng-star-inserted\">.<\/span><\/p>\n<ul class=\"ng-star-inserted\">\n<li class=\"ng-star-inserted\">Reinigung an der Druckmaschine: Verwenden Sie ein spezielles Plastisol-Druckmaschinenreinigungsmittel oder einen Farbentferner, um Siebe und Rakel w\u00e4hrend der Produktion schnell zu reinigen.<\/li>\n<li class=\"ng-star-inserted\">Siebreinigung: Zur Reinigung und Siebaufbereitung am Ende des Tages entfernt ein starkes Plastisol-Siebwaschmittel oder ein Farbl\u00f6ser effektiv alle Farbreste.<\/li>\n<\/ul>\n<p><img decoding=\"async\" class=\"aligncenter wp-image-4058 size-large\" src=\"https:\/\/shaliteink.com\/wp-content\/uploads\/2025\/04\/Deep-Lemon-Yellow-Screen-Printing-Plastisol-Ink-2-1024x683.jpg\" alt=\"Tief zitronengelbe Plastisol-Siebdrucktinte\" width=\"1024\" height=\"683\" srcset=\"https:\/\/shaliteink.com\/wp-content\/uploads\/2025\/04\/Deep-Lemon-Yellow-Screen-Printing-Plastisol-Ink-2-1024x683.jpg 1024w, https:\/\/shaliteink.com\/wp-content\/uploads\/2025\/04\/Deep-Lemon-Yellow-Screen-Printing-Plastisol-Ink-2-300x200.jpg 300w, https:\/\/shaliteink.com\/wp-content\/uploads\/2025\/04\/Deep-Lemon-Yellow-Screen-Printing-Plastisol-Ink-2-768x512.jpg 768w, https:\/\/shaliteink.com\/wp-content\/uploads\/2025\/04\/Deep-Lemon-Yellow-Screen-Printing-Plastisol-Ink-2-1536x1024.jpg 1536w, https:\/\/shaliteink.com\/wp-content\/uploads\/2025\/04\/Deep-Lemon-Yellow-Screen-Printing-Plastisol-Ink-2-2048x1365.jpg 2048w, https:\/\/shaliteink.com\/wp-content\/uploads\/2025\/04\/Deep-Lemon-Yellow-Screen-Printing-Plastisol-Ink-2-18x12.jpg 18w, https:\/\/shaliteink.com\/wp-content\/uploads\/2025\/04\/Deep-Lemon-Yellow-Screen-Printing-Plastisol-Ink-2-1200x800.jpg 1200w, https:\/\/shaliteink.com\/wp-content\/uploads\/2025\/04\/Deep-Lemon-Yellow-Screen-Printing-Plastisol-Ink-2-150x100.jpg 150w\" sizes=\"(max-width: 1024px) 100vw, 1024px\" \/><\/p>\n<p class=\"ng-star-inserted\"><strong class=\"ng-star-inserted\"><span class=\"ng-star-inserted\">Profi-Tipps f\u00fcr optimale Ergebnisse:<\/span><\/strong><\/p>\n<ul>\n<li>Lagerung: Lagern <strong><a href=\"https:\/\/shaliteink.com\/de\/\">Shalightink<\/a><\/strong> Plastisolfarbe bei Raumtemperatur (18\u201332 \u00b0C) und vor direkter Sonneneinstrahlung gesch\u00fctzt lagern. L\u00e4ngere Einwirkung von Temperaturen \u00fcber 32 \u00b0C kann zum Aush\u00e4rten der Farbe im Beh\u00e4lter f\u00fchren.<\/li>\n<li>Stoffauswahl: Obwohl vielseitig einsetzbar, erzielen Naturfasern wie Baumwolle (z. B. 100%) im Allgemeinen die besten Ergebnisse mit Plastisolfarben.<\/li>\n<li>Mechanische Verbindung: Nicht vergessen!, <strong><a href=\"https:\/\/shaliteink.com\/de\/produkt-kategorie\/plastisol-tinte\/\">Plastisol-Tinte<\/a><\/strong> Die Tinte erzeugt eine mechanische Verbindung, indem sie die Stofffasern umh\u00fcllt, anstatt sie zu f\u00e4rben. Diese einzigartige Eigenschaft tr\u00e4gt zur Haltbarkeit und Leuchtkraft der Tinte bei.<\/li>\n<\/ul>\n<p>Entscheiden Sie sich f\u00fcr Shalitink Process Yellow Siebdruck-Plastisolfarbe f\u00fcr gleichbleibende Qualit\u00e4t, brillante Farben und ein reibungsloses Siebdruckerlebnis. Dank unserer Preise direkt ab Werk erhalten Sie Premium-Siebdruckfarben, ohne Ihr Budget zu sprengen.<\/p>\n<p>&nbsp;<\/p>","protected":false},"excerpt":{"rendered":"<p>Erleben Sie h\u00f6chste Siebdruckqualit\u00e4t mit Shalitinks Prozessgelber Plastisolfarbe. Als weltweit f\u00fchrender Hersteller von Plastisolfarben seit \u00fcber zwei Jahrzehnten bietet Ihnen Shalitink zuverl\u00e4ssige L\u00f6sungen direkt vom Hersteller \u2013 von weltbekannten Marken. Unsere Prozessgelbe Plastisolfarbe wurde f\u00fcr \u00fcberragende Leistung entwickelt und liefert brillante, gleichm\u00e4\u00dfige Ergebnisse, die Ihre Designs optimal zur Geltung bringen. Ob Sie ein erfahrener Profi oder Einsteiger sind: Diese Farbe bietet ein au\u00dfergew\u00f6hnliches Siebdruckerlebnis und sorgt daf\u00fcr, dass Ihre Projekte herausstechen.<\/p>","protected":false},"featured_media":1495,"comment_status":"open","ping_status":"closed","template":"","meta":[],"product_brand":[],"product_cat":[63],"product_tag":[],"class_list":{"0":"post-1319","1":"product","2":"type-product","3":"status-publish","4":"has-post-thumbnail","6":"product_cat-plastisol-cmyk-ink","8":"first","9":"instock","10":"shipping-taxable","11":"purchasable","12":"product-type-variable"},"tiered_pricing_type":"fixed","tiered_pricing_fixed_rules":[],"tiered_pricing_product_settings":{"layout":"default","base_unit_name":{"singular":null,"plural":null},"default_variation":null},"tiered_pricing_minimum_quantity":null,"tiered_pricing_roles_data":[],"tiered_pricing_percentage_rules":[],"tiered_pricing_maximum_quantity":null,"tiered_pricing_quantity_step":null,"_links":{"self":[{"href":"https:\/\/shaliteink.com\/de\/wp-json\/wp\/v2\/product\/1319","targetHints":{"allow":["GET"]}}],"collection":[{"href":"https:\/\/shaliteink.com\/de\/wp-json\/wp\/v2\/product"}],"about":[{"href":"https:\/\/shaliteink.com\/de\/wp-json\/wp\/v2\/types\/product"}],"replies":[{"embeddable":true,"href":"https:\/\/shaliteink.com\/de\/wp-json\/wp\/v2\/comments?post=1319"}],"version-history":[{"count":0,"href":"https:\/\/shaliteink.com\/de\/wp-json\/wp\/v2\/product\/1319\/revisions"}],"wp:featuredmedia":[{"embeddable":true,"href":"https:\/\/shaliteink.com\/de\/wp-json\/wp\/v2\/media\/1495"}],"wp:attachment":[{"href":"https:\/\/shaliteink.com\/de\/wp-json\/wp\/v2\/media?parent=1319"}],"wp:term":[{"taxonomy":"product_brand","embeddable":true,"href":"https:\/\/shaliteink.com\/de\/wp-json\/wp\/v2\/product_brand?post=1319"},{"taxonomy":"product_cat","embeddable":true,"href":"https:\/\/shaliteink.com\/de\/wp-json\/wp\/v2\/product_cat?post=1319"},{"taxonomy":"product_tag","embeddable":true,"href":"https:\/\/shaliteink.com\/de\/wp-json\/wp\/v2\/product_tag?post=1319"}],"curies":[{"name":"wp","href":"https:\/\/api.w.org\/{rel}","templated":true}]}}