{"id":1314,"date":"2025-04-12T11:36:33","date_gmt":"2025-04-12T11:36:33","guid":{"rendered":"https:\/\/shaliteink.com\/?post_type=product&#038;p=1314"},"modified":"2025-12-10T11:29:31","modified_gmt":"2025-12-10T11:29:31","slug":"extra-schwarze-siebdruck-plastisolfarbe-2","status":"publish","type":"product","link":"https:\/\/shaliteink.com\/de\/produkt\/extra-schwarze-siebdruck-plastisolfarbe-2\/","title":{"rendered":"Extra schwarze Plastisol-Siebdrucktinte"},"content":{"rendered":"<p>Zus\u00e4tzlich <strong>Extar Black Plastisolfarbe<\/strong> Diese Tinte wurde entwickelt, um Ihren Arbeitsablauf zu vereinfachen und die Qualit\u00e4t Ihres Endprodukts zu steigern. Die fettfreie Formel ist gebrauchsfertig, cremig, stabil und d\u00fcnnfl\u00fcssig. Dadurch l\u00e4sst sie sich m\u00fchelos aus dem Eimer entnehmen und ist besonders einfach in der Druckmaschine zu verarbeiten. Ihre hohe Deckkraft sorgt f\u00fcr exzellente Ergebnisse, selbst auf dunkler Kleidung, und macht eine Grundierung oft \u00fcberfl\u00fcssig. Das seidenmatte Finish verleiht Ihren Designs einen professionellen Touch und l\u00e4sst die Farben leuchten. Diese Tinte ist universell mit verschiedenen Textilarten kompatibel und bietet somit eine vielseitige L\u00f6sung f\u00fcr all Ihre Druckprojekte. <strong>Siebdruck<\/strong> Projekte.<\/p>\n<p><a href=\"https:\/\/shaliteink.com\/de\/\"><strong>Shaliteink<\/strong><\/a> besitzt seine effizienten Behandlungseigenschaften, eine der herausragenden Eigenschaften von zus\u00e4tzlichen<strong> schwarze Plastisolfarbe<\/strong>. Mit einer Blitztemperatur zwischen der<strong> Behandlungstemperatur von 160 \u00b0C (320 \u00b0F) und eine Blitztemperatur zwischen 120 \u00b0C (248 \u00b0F-284 \u00b0F),<\/strong> Es erm\u00f6glicht eine schnelle Produktion und beugt dem Versengen und Einlaufen der Textilien vor, insbesondere bei hitzeempfindlichen Stoffen wie Polyestergemischen. Die niedrige Aufheiz- und Behandlungstemperatur spart nicht nur Energiekosten, sondern gew\u00e4hrleistet auch die Langlebigkeit und Farbbrillanz Ihres Drucks. Vertrauen Sie uns. <strong>Shaliteink<\/strong> ist erforderlich, um bewusste, professionelle Ergebnisse zu erzielen und Ihnen hohe Qualit\u00e4t zu liefern. <a href=\"https:\/\/shaliteink.com\/de\/produkt-kategorie\/plastisol-tinte\/\"><strong>Plastisol-Tinte<\/strong><\/a>.<\/p>\n<h3><img decoding=\"async\" class=\"wp-image-3820 size-large aligncenter\" src=\"https:\/\/shaliteink.com\/wp-content\/uploads\/2025\/04\/Extar-Black-Screen-Printing-Plastisol-Ink-871x1024.png\" alt=\"Extra schwarze Plastisol-Siebdrucktinte\" width=\"871\" height=\"1024\" srcset=\"https:\/\/shaliteink.com\/wp-content\/uploads\/2025\/04\/Extar-Black-Screen-Printing-Plastisol-Ink-871x1024.png 871w, https:\/\/shaliteink.com\/wp-content\/uploads\/2025\/04\/Extar-Black-Screen-Printing-Plastisol-Ink-255x300.png 255w, https:\/\/shaliteink.com\/wp-content\/uploads\/2025\/04\/Extar-Black-Screen-Printing-Plastisol-Ink-768x903.png 768w, https:\/\/shaliteink.com\/wp-content\/uploads\/2025\/04\/Extar-Black-Screen-Printing-Plastisol-Ink-1306x1536.png 1306w, https:\/\/shaliteink.com\/wp-content\/uploads\/2025\/04\/Extar-Black-Screen-Printing-Plastisol-Ink-1741x2048.png 1741w, https:\/\/shaliteink.com\/wp-content\/uploads\/2025\/04\/Extar-Black-Screen-Printing-Plastisol-Ink-10x12.png 10w, https:\/\/shaliteink.com\/wp-content\/uploads\/2025\/04\/Extar-Black-Screen-Printing-Plastisol-Ink-1200x1411.png 1200w, https:\/\/shaliteink.com\/wp-content\/uploads\/2025\/04\/Extar-Black-Screen-Printing-Plastisol-Ink-150x176.png 150w\" sizes=\"(max-width: 871px) 100vw, 871px\" \/><\/h3>\n<h3 class=\"ng-star-inserted\"><span class=\"ng-star-inserted\">Hauptmerkmale und Vorteile<\/span><\/h3>\n<ul class=\"ng-star-inserted\">\n<li class=\"ng-star-inserted\"><strong>Tiefschwarz, satt:<\/strong> Erhalten Sie tiefschwarze und gleichm\u00e4\u00dfige Ausdrucke mit hoher Pigmentierung.<\/li>\n<li class=\"ng-star-inserted\"><strong>Superior opkar:<\/strong> Hervorragende Deckkraft, auch auf dunkler Kleidung, wodurch die Notwendigkeit vieler \u00dcberfl\u00fcge oder Unterbettungen reduziert wird.<\/li>\n<li class=\"ng-star-inserted\"><strong>Weiche Handabdr\u00fccke:<\/strong> Ein glatter, weicher Stoff erh\u00f6ht den Tragekomfort des Kleidungsst\u00fccks.<\/li>\n<li class=\"ng-star-inserted\"><strong>Es ist einfach damit zu arbeiten:<\/strong> Kurzviskosit\u00e4t f\u00fcr cremiges, spontanes Drucken und gleichm\u00e4\u00dfigen Materialfluss durch den Siebdruck.<\/li>\n<li class=\"ng-star-inserted\"><strong>Universelle Stoffkompatibilit\u00e4t:<\/strong> Ideal f\u00fcr verschiedene Arten von Kleidung, einschlie\u00dflich 100% Baumwolle, Baumwoll-Polyester-Mischgewebe und die meisten Polyester-Mischgewebe.<\/li>\n<li class=\"ng-star-inserted\"><strong>Phthalatfreie Formel:<\/strong> Umweltfreundlich und sicher in der Anwendung.<\/li>\n<li class=\"ng-star-inserted\"><strong>Eigenschaften mit geringer Blutung:<\/strong> Sorgt f\u00fcr ein sauberes, klares Design und reduziert die Farbstoffmigration bei Polyester- und Poly-Mittering-Kleidung.<\/li>\n<li class=\"ng-star-inserted\"><strong>Fachgerechte Behandlung:<\/strong> Behandlung bei 160 \u00b0C (320 \u00b0F), das spart Zeit und Energie.<\/li>\n<li><strong>Blitzschnell:<\/strong> F\u00fcr eine schnelle Produktion gl\u00e4nzt es rasch bei 120 \u00b0 C bis 140 \u00b0 C (248 \u00b0 F-284 \u00b0 F).<\/li>\n<\/ul>\n<p><strong>Halbgl\u00e4nzendes Finnisch:<\/strong> Verleiht Ihren vorbereiteten Ausdrucken ein professionelles, elegantes Aussehen.<\/p>\n<h3 class=\"ng-star-inserted\"><span class=\"ng-star-inserted\">Aush\u00e4rtungsanleitung<\/span><\/h3>\n<p class=\"ng-star-inserted\">F\u00fcr optimale Haftung und Waschbest\u00e4ndigkeit ben\u00f6tigt die extra schwarze Plastisolfarbe von shaliteink eine vollst\u00e4ndige Aush\u00e4rtung. Sobald die gesamte Farbschicht eine Temperatur von 160 \u00b0C erreicht hat, ist die Farbe vollst\u00e4ndig ausgeh\u00e4rtet.<\/p>\n<ul class=\"ng-star-inserted\">\n<li class=\"ng-star-inserted\">Blitztemperatur: 120 \u00b0C bis 140 \u00b0C (248 \u00b0F bis 284 \u00b0F) f\u00fcr 3\u20135 Sekunden. Die Blitzzeit kann je nach Ger\u00e4t und Druckdicke variieren.<\/li>\n<li>Behandlungstemperatur: 160 \u00b0 C (320 \u00b0 F) in der gesamten Tintenschicht.<\/li>\n<li>Pr\u00fcfung der Behandlung: Eine zuverl\u00e4ssige Behandlung ist unerl\u00e4sslich. Wir empfehlen einen Dehnungstest und einen Waschtest. Dehnen Sie das bedruckte Kleidungsst\u00fcck beim Dehnungstest auf etwa zwei Drittel seiner urspr\u00fcnglichen Gr\u00f6\u00dfe. Wenn die Farbe rei\u00dft und sich nicht wieder zur\u00fcckbildet, ist die Behandlung m\u00f6glicherweise unzureichend. Lassen Sie den Druck beim Waschtest vollst\u00e4ndig abk\u00fchlen und waschen Sie das Kleidungsst\u00fcck anschlie\u00dfend. Wenn sich die Farbe nach 1\u20133 W\u00e4schen verbessert, ist die Wahrscheinlichkeit geringer, dass die Farbe besch\u00e4digt ist. Passen Sie die Einstellungen Ihres Trockners (Geschwindigkeit und Temperatur) entsprechend an. Beachten Sie, dass Zeit und Temperatur voneinander abh\u00e4ngen. Dicke Farbschichten ben\u00f6tigen eine l\u00e4ngere Einwirkzeit.<\/li>\n<li>Polyestergemisch: Bei der Verarbeitung von Polyester oder Poly-Denim sollte die Temperatur so niedrig wie m\u00f6glich gehalten werden, um ein Auslaufen des Farbstoffs zu verhindern. Die geringen Behandlungseigenschaften von Shaliteink tragen dazu bei, dieses h\u00e4ufige Problem zu reduzieren.<\/li>\n<\/ul>\n<h3 class=\"ng-star-inserted\"><span class=\"ng-star-inserted\">Aufr\u00e4umen<\/span><\/h3>\n<p>F\u00fcr gleichbleibende Ergebnisse ist es wichtig, Ihre Ausr\u00fcstung sauber zu halten. Unsere Plastisolfarbe l\u00e4sst sich leicht reinigen:<\/p>\n<ul>\n<li>An der Druckmaschine: Verwenden Sie ein spezielles Plastisol-Druckreiniger-\/Farbenabbauprodukt, um das saubere Sieb auszupressen und effizient zu drucken.<\/li>\n<li>Im Waschbecken: Zur gr\u00fcndlichen Reinigung verwenden Sie Plastisol-Siebreiniger\/Tintenentferner, um alle Tintenreste von Ihrem Sieb zu entfernen.<\/li>\n<\/ul>\n<h3 class=\"ng-star-inserted\"><span class=\"ng-star-inserted\">Speicherinformationen<br \/>\n<\/span><\/h3>\n<p>Lagern Sie die Shaliteink-Plastisolfarbe bei Raumtemperatur, idealerweise zwischen 18 und 32 \u00b0C. Vermeiden Sie direkte Sonneneinstrahlung und Temperaturen \u00fcber 32 \u00b0C, da dies zu einer Reaktion in den Farbbeh\u00e4ltern f\u00fchren kann.<\/p>\n<p><img decoding=\"async\" class=\"wp-image-3821 size-large aligncenter\" src=\"https:\/\/shaliteink.com\/wp-content\/uploads\/2025\/04\/Extar-Black-Screen-Printing-Plastisol-Ink-1-1024x992.png\" alt=\"Extra schwarze Plastisol-Siebdrucktinte\" width=\"1024\" height=\"992\" srcset=\"https:\/\/shaliteink.com\/wp-content\/uploads\/2025\/04\/Extar-Black-Screen-Printing-Plastisol-Ink-1-1024x992.png 1024w, https:\/\/shaliteink.com\/wp-content\/uploads\/2025\/04\/Extar-Black-Screen-Printing-Plastisol-Ink-1-300x291.png 300w, https:\/\/shaliteink.com\/wp-content\/uploads\/2025\/04\/Extar-Black-Screen-Printing-Plastisol-Ink-1-768x744.png 768w, https:\/\/shaliteink.com\/wp-content\/uploads\/2025\/04\/Extar-Black-Screen-Printing-Plastisol-Ink-1-1536x1489.png 1536w, https:\/\/shaliteink.com\/wp-content\/uploads\/2025\/04\/Extar-Black-Screen-Printing-Plastisol-Ink-1-2048x1985.png 2048w, https:\/\/shaliteink.com\/wp-content\/uploads\/2025\/04\/Extar-Black-Screen-Printing-Plastisol-Ink-1-12x12.png 12w, https:\/\/shaliteink.com\/wp-content\/uploads\/2025\/04\/Extar-Black-Screen-Printing-Plastisol-Ink-1-1200x1163.png 1200w, https:\/\/shaliteink.com\/wp-content\/uploads\/2025\/04\/Extar-Black-Screen-Printing-Plastisol-Ink-1-150x145.png 150w\" sizes=\"(max-width: 1024px) 100vw, 1024px\" \/><\/p>","protected":false},"excerpt":{"rendered":"<p class=\"ng-star-inserted\">Willkommen bei <strong>Shaliteink<\/strong>, Ihr weltweit f\u00fchrender Anbieter von <strong>Siebdruck-Plastisolfarbe<\/strong>. Mit zwei Jahrzehnten Fertigungserfahrung und Direktverkauf ab Werk sind wir stolz darauf, mit weltber\u00fchmten Marken zusammenzuarbeiten, um Ihnen Premiumqualit\u00e4t zu bieten <strong>Plastisol-Tinte<\/strong>. Zus\u00e4tzlich zu uns, <strong>Schwarze Plastisol-Tinte<\/strong> wurde f\u00fcr eine bessere Leistung entwickelt, die einzigartige optimale und gro\u00dfartige weiche Haptik bietet, die Ihre Druckqualit\u00e4t verbessert. Verabschieden Sie sich von matten, verblassten Drucken und freuen Sie sich auf lebendige, kr\u00e4ftige Ergebnisse, die nur <strong>shaliteink<\/strong> k\u00f6nnen wir verteilen. Egal, ob Sie an Baumwolle, Schichtkleidung oder anderen Textilien arbeiten, unser <strong>Siebdruckfarbe<\/strong> bietet au\u00dfergew\u00f6hnliche Deckkraft und Haltbarkeit und ist somit eine ideale Option sowohl f\u00fcr erfahrene Profis als auch f\u00fcr aufstrebende K\u00fcnstler. Sp\u00fcren Sie den Unterschied, den Premium <strong>Siebdruckversorgung<\/strong> kann unz\u00e4hlige zufriedene Kunden schaffen und diejenigen einschlie\u00dfen, die sich auf <strong>shaliteink<\/strong> f\u00fcr ihre Druckanforderungen.<\/p>","protected":false},"featured_media":1491,"comment_status":"open","ping_status":"closed","template":"","meta":[],"product_brand":[],"product_cat":[50,63],"product_tag":[],"class_list":{"0":"post-1314","1":"product","2":"type-product","3":"status-publish","4":"has-post-thumbnail","6":"product_cat-black-screen-printing-ink-plastisol","7":"product_cat-plastisol-cmyk-ink","9":"first","10":"instock","11":"shipping-taxable","12":"purchasable","13":"product-type-variable"},"tiered_pricing_type":"fixed","tiered_pricing_fixed_rules":[],"tiered_pricing_product_settings":{"layout":"default","base_unit_name":{"singular":null,"plural":null},"default_variation":null},"tiered_pricing_minimum_quantity":null,"tiered_pricing_roles_data":[],"tiered_pricing_percentage_rules":[],"tiered_pricing_maximum_quantity":null,"tiered_pricing_quantity_step":null,"_links":{"self":[{"href":"https:\/\/shaliteink.com\/de\/wp-json\/wp\/v2\/product\/1314","targetHints":{"allow":["GET"]}}],"collection":[{"href":"https:\/\/shaliteink.com\/de\/wp-json\/wp\/v2\/product"}],"about":[{"href":"https:\/\/shaliteink.com\/de\/wp-json\/wp\/v2\/types\/product"}],"replies":[{"embeddable":true,"href":"https:\/\/shaliteink.com\/de\/wp-json\/wp\/v2\/comments?post=1314"}],"version-history":[{"count":0,"href":"https:\/\/shaliteink.com\/de\/wp-json\/wp\/v2\/product\/1314\/revisions"}],"wp:featuredmedia":[{"embeddable":true,"href":"https:\/\/shaliteink.com\/de\/wp-json\/wp\/v2\/media\/1491"}],"wp:attachment":[{"href":"https:\/\/shaliteink.com\/de\/wp-json\/wp\/v2\/media?parent=1314"}],"wp:term":[{"taxonomy":"product_brand","embeddable":true,"href":"https:\/\/shaliteink.com\/de\/wp-json\/wp\/v2\/product_brand?post=1314"},{"taxonomy":"product_cat","embeddable":true,"href":"https:\/\/shaliteink.com\/de\/wp-json\/wp\/v2\/product_cat?post=1314"},{"taxonomy":"product_tag","embeddable":true,"href":"https:\/\/shaliteink.com\/de\/wp-json\/wp\/v2\/product_tag?post=1314"}],"curies":[{"name":"wp","href":"https:\/\/api.w.org\/{rel}","templated":true}]}}