{"id":1309,"date":"2025-04-12T11:32:22","date_gmt":"2025-04-12T11:32:22","guid":{"rendered":"https:\/\/shaliteink.com\/?post_type=product&#038;p=1309"},"modified":"2025-12-10T11:31:22","modified_gmt":"2025-12-10T11:31:22","slug":"prozessrote-siebdruck-plastisolfarbe","status":"publish","type":"product","link":"https:\/\/shaliteink.com\/de\/produkt\/prozessrote-siebdruck-plastisolfarbe\/","title":{"rendered":"Prozessrote Siebdruck-Plastisolfarbe"},"content":{"rendered":"<p>Wir bei Shaliteink verstehen die Bedeutung von Effizienz und Qualit\u00e4t im Siebdruck. <strong>Prozessrote Plastisolfarben<\/strong> Die cremige, k\u00f6rnige Textur erm\u00f6glicht eine besonders einfache Verarbeitung auf der Druckmaschine und sorgt f\u00fcr gleichm\u00e4\u00dfige, glatte Druckergebnisse. Dank der hohen Deckkraft erzielen Sie selbst auf dunklen Stoffen brillante Ergebnisse und reduzieren so oft die Anzahl der ben\u00f6tigten Druckvorg\u00e4nge. Diese Siebdruckfarbe f\u00fchlt sich angenehm weich an und garantiert, dass Ihre fertigen Textilien nicht nur gut aussehen, sondern auch angenehm zu tragen sind. Mit Shaliteink Process Red erwerben Sie nicht nur eine Farbe, sondern investieren in eine L\u00f6sung, die die Produktivit\u00e4t steigert, Abfall reduziert und Ihren Kunden stets die professionellen Ergebnisse liefert, die sie erwarten.<\/p>\n<h3><img decoding=\"async\" class=\"aligncenter wp-image-4051 size-large\" src=\"https:\/\/shaliteink.com\/wp-content\/uploads\/2025\/04\/Process-Red-Screen-Printing-Plastisol-Ink-1-1024x683.jpg\" alt=\"Prozessrote Siebdruck-Plastisolfarbe\" width=\"1024\" height=\"683\" srcset=\"https:\/\/shaliteink.com\/wp-content\/uploads\/2025\/04\/Process-Red-Screen-Printing-Plastisol-Ink-1-1024x683.jpg 1024w, https:\/\/shaliteink.com\/wp-content\/uploads\/2025\/04\/Process-Red-Screen-Printing-Plastisol-Ink-1-300x200.jpg 300w, https:\/\/shaliteink.com\/wp-content\/uploads\/2025\/04\/Process-Red-Screen-Printing-Plastisol-Ink-1-768x512.jpg 768w, https:\/\/shaliteink.com\/wp-content\/uploads\/2025\/04\/Process-Red-Screen-Printing-Plastisol-Ink-1-1536x1024.jpg 1536w, https:\/\/shaliteink.com\/wp-content\/uploads\/2025\/04\/Process-Red-Screen-Printing-Plastisol-Ink-1-2048x1365.jpg 2048w, https:\/\/shaliteink.com\/wp-content\/uploads\/2025\/04\/Process-Red-Screen-Printing-Plastisol-Ink-1-18x12.jpg 18w, https:\/\/shaliteink.com\/wp-content\/uploads\/2025\/04\/Process-Red-Screen-Printing-Plastisol-Ink-1-1200x800.jpg 1200w, https:\/\/shaliteink.com\/wp-content\/uploads\/2025\/04\/Process-Red-Screen-Printing-Plastisol-Ink-1-150x100.jpg 150w\" sizes=\"(max-width: 1024px) 100vw, 1024px\" \/><\/h3>\n<h3 class=\"ng-star-inserted\"><span class=\"ng-star-inserted\">Wichtigste Vorteile und Funktionen<\/span><\/h3>\n<ul class=\"ng-star-inserted\">\n<li class=\"ng-star-inserted\">Aush\u00e4rtung bei 160 \u00b0C: Profitieren Sie von schnelleren Produktionszyklen und geringeren Energiekosten dank unserer Niedrigtemperatur-Aush\u00e4rtung. <strong><a href=\"https:\/\/shaliteink.com\/de\/produkt-kategorie\/plastisol-tinte\/\">Plastisol-Tinte<\/a><\/strong>S.<\/li>\n<li class=\"ng-star-inserted\">Weicher Handdruck: Erhalten Sie ein au\u00dfergew\u00f6hnlich weiches Tragegef\u00fchl Ihrer bedruckten Kleidungsst\u00fccke und steigern Sie so den Tragekomfort.<\/li>\n<li class=\"ng-star-inserted\">Universell einsetzbar f\u00fcr eine Vielzahl von Stoffen: Die vielseitige Siebdruckfarbe eignet sich f\u00fcr eine breite Palette von Materialien, darunter Baumwolle, Baumwoll-Polyester-Mischgewebe und andere.<\/li>\n<li class=\"ng-star-inserted\">Low Blead Foe Polyblends: Speziell entwickelt, um die Farbstoffmigration bei der Verarbeitung von anspruchsvollen Polyester- und Mischgeweben zu reduzieren.<\/li>\n<li class=\"ng-star-inserted\">Phthalatfrei: Umweltfreundlich und sicher f\u00fcr Drucker und Endbenutzer.<\/li>\n<li class=\"ng-star-inserted\">Hochdeckend: Sorgt auch auf dunklen Untergr\u00fcnden mit wenigen Farbdurchg\u00e4ngen f\u00fcr eine starke, lebendige Farbabdeckung.<\/li>\n<li class=\"ng-star-inserted\">Einfache Handhabung: Die cremige, feine Textur sorgt f\u00fcr gleichm\u00e4\u00dfiges Drucken und reduziert die Erm\u00fcdung des Bedieners.<\/li>\n<li class=\"ng-star-inserted\">Seidengl\u00e4nzende Oberfl\u00e4che: Verleiht Ihren fertigen Drucken ein professionelles und attraktives Aussehen.<\/li>\n<li class=\"ng-star-inserted\">Leuchtendes Prozessrot: Ein kr\u00e4ftiger und satter Rotton, der Aufmerksamkeit erregt.<\/li>\n<li class=\"ng-star-inserted\">Qualit\u00e4t direkt vom Hersteller: Profitieren Sie von unserer zwanzigj\u00e4hrigen Erfahrung in der Fertigung und im Direktvertrieb \u2013 so garantieren wir Ihnen konstant hohe Qualit\u00e4t bei Plastisolfarben.<\/li>\n<\/ul>\n<h3 class=\"ng-star-inserted\"><span class=\"ng-star-inserted\">Heilungsrichtlinien<\/span><\/h3>\n<p class=\"ng-star-inserted\"><span class=\"ng-star-inserted\">Eine ordnungsgem\u00e4\u00dfe Aush\u00e4rtung ist entscheidend f\u00fcr die Haltbarkeit und Waschbarkeit Ihrer Drucke.<strong><a href=\"https:\/\/shaliteink.com\/de\/\"> Shaliteink<\/a><\/strong> Prozess Rot\u00a0<\/span><strong><a href=\"https:\/\/shaliteink.com\/de\/produkt-kategorie\/plastisol-tinte\/\"><span class=\"ng-star-inserted\">Plastisol-Tinte<\/span><\/a><\/strong><span class=\"ng-star-inserted\">\u00a0ist auf effiziente Aush\u00e4rtung ausgelegt.<\/span><\/p>\n<ul class=\"ng-star-inserted\">\n<li class=\"ng-star-inserted\">Aush\u00e4rtungstemperatur: Unsere Plastisolfarben h\u00e4rten bei 160 \u00b0C (320 \u00b0F) vollst\u00e4ndig aus. Stellen Sie sicher, dass die gesamte Farbschicht diese Temperatur f\u00fcr eine vollst\u00e4ndige Aush\u00e4rtung erreicht.<\/li>\n<li>Blitztemperatur: Bei mehrfarbigen Drucken oder wenn eine Untergrundierung erforderlich ist, 3-5 Sekunden lang bei 120\u00b0C bis 140\u00b0C (248\u00b0F bis 284\u00b0F) blitzen.<\/li>\n<li>Profi-Tipp: Die Oberfl\u00e4chentemperaturanzeige von Laserpistolen kann irref\u00fchrend sein. F\u00fcr eine pr\u00e4zise Aush\u00e4rtung ist es wichtig, dass die gesamte Farbschicht die vorgegebene Temperatur erreicht. Passen Sie die Geschwindigkeits- und Temperatureinstellungen des Trockners an die Farbschichtdicke und die Art des Kleidungsst\u00fccks an. Baumwollkleidung ben\u00f6tigt aufgrund der Feuchtigkeitsaufnahme m\u00f6glicherweise etwas l\u00e4nger zum Trocknen.<\/li>\n<li><strong class=\"ng-star-inserted\"><span class=\"ng-star-inserted\">Test auf Heilung:<\/span><\/strong>\n<ul class=\"ng-star-inserted\">\n<li class=\"ng-star-inserted\">Dehnungstest: Nach dem Abk\u00fchlen den Druck auf etwa zwei Drittel der normalen Dehnbarkeit des Kleidungsst\u00fccks dehnen. Wenn die Farbe platzt und sich nicht zusammenzieht, ist sie noch nicht ausgeh\u00e4rtet.<\/li>\n<li class=\"ng-star-inserted\">Waschtest: F\u00fcr einen aussagekr\u00e4ftigen Test waschen Sie das Kleidungsst\u00fcck 5-10 Mal. Anzeichen von Abnutzung nach 1-3 W\u00e4schen deuten auf eine unzureichende Behandlung hin.<\/li>\n<\/ul>\n<\/li>\n<\/ul>\n<h3 class=\"ng-star-inserted\"><span class=\"ng-star-inserted\">Aufr\u00e4umen<\/span><\/h3>\n<p>Mit Shaliteink Process Red Plastisolfarbe ist die Wartung Ihrer Ger\u00e4te ganz einfach.<\/p>\n<ul>\n<li>An der Druckmaschine: Verwenden Sie ein spezielles Plastisol-Druckmaschinenreinigungsmittel oder einen Farbl\u00f6ser, um Siebe und Rakel schnell zu reinigen.<\/li>\n<li>Im Waschbecken: F\u00fcr eine gr\u00fcndliche Reinigung des Siebs verwenden Sie Plastisol Screen Wash oder einen Tintenl\u00f6ser, um alle Tintenreste zu entfernen.<\/li>\n<\/ul>\n<h3 class=\"ng-star-inserted\"><span class=\"ng-star-inserted\">Speicherinformationen<\/span><\/h3>\n<p>Um die Haltbarkeit und Leistungsf\u00e4higkeit Ihrer Plastisolfarben zu maximieren:<\/p>\n<ul>\n<li>Lagern Sie Shalighteink Process Red Plastisolfarbe bei Raumtemperatur, idealerweise zwischen 18 und 32 \u00b0C (65-90 \u00b0F).<\/li>\n<li>Vermeiden Sie l\u00e4ngere Einwirkung von direktem Sonnenlicht und Temperaturen \u00fcber 32 \u00b0C (90 \u00b0F), da dies zum Aush\u00e4rten der Tinte im Beh\u00e4lter f\u00fchren kann.<\/li>\n<\/ul>\n<h3 class=\"ng-star-inserted\"><span class=\"ng-star-inserted\">Warum sollte man sich f\u00fcr Shaliteink Process Red Plastisolfarbe entscheiden?<\/span><\/h3>\n<p>Seit zwei Jahrzehnten steht Shaliteink f\u00fcr Qualit\u00e4t und Zuverl\u00e4ssigkeit in der Siebdruckbranche. Unsere Prozessrote Plastisolfarbe verk\u00f6rpert diese Tradition und bietet eine \u00fcberzeugende Kombination aus brillanten Farben, hervorragender Deckkraft und benutzerfreundlichen Eigenschaften. Ob Sie filigrane Designs oder ausdrucksstarke Grafiken drucken m\u00f6chten \u2013 diese Siebdruckfarbe bietet die Stabilit\u00e4t und Leistung, die Sie f\u00fcr professionelle Ergebnisse ben\u00f6tigen. Schlie\u00dfen Sie sich den unz\u00e4hligen zufriedenen Kunden an, die Shaliteink bei ihren Plastisolfarben vertrauen, und erleben Sie den Unterschied, den zwanzig Jahre Erfahrung ausmachen.<\/p>","protected":false},"excerpt":{"rendered":"<p>Willkommen bei Shaliteink, Ihrem weltweit f\u00fchrenden Anbieter von Plastisolfarben f\u00fcr den Siebdruck seit \u00fcber zwei Jahrzehnten. Dank unserer langj\u00e4hrigen Erfahrung in der Herstellung und dem Direktvertrieb ab Werk arbeiten wir mit weltbekannten Marken zusammen, um Ihnen erstklassige Plastisolfarben zu bieten. Unsere Prozessrot-Plastisolfarben f\u00fcr den Siebdruck wurden sorgf\u00e4ltig entwickelt, um den hohen Anspr\u00fcchen moderner Siebdrucker gerecht zu werden und stets herausragende Ergebnisse zu garantieren. Diese Premium-Plastisolfarbe liefert ein leuchtendes, kr\u00e4ftiges Rot und ist damit die ideale Wahl f\u00fcr eine Vielzahl von Textilprojekten. Shaliteink Prozessrot ist benutzerfreundlich und liefert gleichbleibende Leistung \u2013 perfekt f\u00fcr erfahrene Profis und Einsteiger im Siebdruck. Erleben Sie den Unterschied, den hochwertige, phthalatfreie Plastisolfarben ausmachen: Sie vereinfachen Ihren Workflow und verbessern Ihre Druckergebnisse.<\/p>","protected":false},"featured_media":1493,"comment_status":"open","ping_status":"closed","template":"","meta":[],"product_brand":[],"product_cat":[63],"product_tag":[],"class_list":{"0":"post-1309","1":"product","2":"type-product","3":"status-publish","4":"has-post-thumbnail","6":"product_cat-plastisol-cmyk-ink","8":"first","9":"instock","10":"shipping-taxable","11":"purchasable","12":"product-type-variable"},"tiered_pricing_type":"fixed","tiered_pricing_fixed_rules":[],"tiered_pricing_product_settings":{"layout":"default","base_unit_name":{"singular":null,"plural":null},"default_variation":null},"tiered_pricing_minimum_quantity":null,"tiered_pricing_roles_data":[],"tiered_pricing_percentage_rules":[],"tiered_pricing_maximum_quantity":null,"tiered_pricing_quantity_step":null,"_links":{"self":[{"href":"https:\/\/shaliteink.com\/de\/wp-json\/wp\/v2\/product\/1309","targetHints":{"allow":["GET"]}}],"collection":[{"href":"https:\/\/shaliteink.com\/de\/wp-json\/wp\/v2\/product"}],"about":[{"href":"https:\/\/shaliteink.com\/de\/wp-json\/wp\/v2\/types\/product"}],"replies":[{"embeddable":true,"href":"https:\/\/shaliteink.com\/de\/wp-json\/wp\/v2\/comments?post=1309"}],"version-history":[{"count":0,"href":"https:\/\/shaliteink.com\/de\/wp-json\/wp\/v2\/product\/1309\/revisions"}],"wp:featuredmedia":[{"embeddable":true,"href":"https:\/\/shaliteink.com\/de\/wp-json\/wp\/v2\/media\/1493"}],"wp:attachment":[{"href":"https:\/\/shaliteink.com\/de\/wp-json\/wp\/v2\/media?parent=1309"}],"wp:term":[{"taxonomy":"product_brand","embeddable":true,"href":"https:\/\/shaliteink.com\/de\/wp-json\/wp\/v2\/product_brand?post=1309"},{"taxonomy":"product_cat","embeddable":true,"href":"https:\/\/shaliteink.com\/de\/wp-json\/wp\/v2\/product_cat?post=1309"},{"taxonomy":"product_tag","embeddable":true,"href":"https:\/\/shaliteink.com\/de\/wp-json\/wp\/v2\/product_tag?post=1309"}],"curies":[{"name":"wp","href":"https:\/\/api.w.org\/{rel}","templated":true}]}}