{"id":1299,"date":"2025-04-12T11:24:31","date_gmt":"2025-04-12T11:24:31","guid":{"rendered":"https:\/\/shaliteink.com\/?post_type=product&#038;p=1299"},"modified":"2025-12-10T11:31:55","modified_gmt":"2025-12-10T11:31:55","slug":"fluoreszierende-violette-siebdruck-plastisolfarbe","status":"publish","type":"product","link":"https:\/\/shaliteink.com\/de\/produkt\/fluoreszierende-violette-siebdruck-plastisolfarbe\/","title":{"rendered":"Fluoreszierende violette Plastisol-Siebdrucktinte"},"content":{"rendered":"<p class=\"ng-star-inserted\"><strong class=\"ng-star-inserted\"><span class=\"ng-star-inserted\">Titel: Shaliteink Fluoreszierende violette Siebdruck-Plastisolfarbe \u2013 Hohe Deckkraft, geringe Aush\u00e4rtungszeit, brillante Drucke<\/span><\/strong><\/p>\n<p>Was die Shaliteink Fluoreszierende Violett-Siebdruck-Plastisolfarbe so revolution\u00e4r macht, ist ihre niedrige Aush\u00e4rtungstemperatur. Mit einer effektiven Aush\u00e4rtung bei nur 160 \u00b0C (320 \u00b0F) reduziert diese Farbe das Risiko von Versengen oder Einlaufen der Textilien deutlich, insbesondere bei empfindlichen Stoffen wie Polyestergemischen. Diese niedrigere Temperaturanforderung bietet erhebliche Vorteile f\u00fcr Ihre Werkstatt: schnellere Produktionszyklen, geringerer Energieverbrauch und eine gr\u00f6\u00dfere Vielseitigkeit der Textilien. Der beeindruckende Trocknungstemperaturbereich von 120 \u00b0C bis 140 \u00b0C (248 \u00b0F bis 284 \u00b0F) steigert die Effizienz zus\u00e4tzlich und erm\u00f6glicht ein schnelles Zwischentrocknen zwischen den Farbschichten. Profitieren Sie von einer hervorragenden Farbmigrationsbest\u00e4ndigkeit, die sicherstellt, dass Ihre fluoreszierenden Violettt\u00f6ne auch auf anspruchsvollen Polyestergeweben dauerhaft brillant und farbtreu bleiben.<\/p>\n<p>Egal ob Sie individuelle Bekleidung, Werbeartikel oder k\u00fcnstlerische Drucke erstellen, <strong><a href=\"https:\/\/shaliteink.com\/de\/\">Shaliteink<\/a><\/strong> Fluoreszierende violette Plastisolfarbe bietet Ihnen die Zuverl\u00e4ssigkeit und Leistung, die Sie ben\u00f6tigen. Ihre robuste Rezeptur garantiert hervorragende Waschechtheit und Langlebigkeit. Ihre Drucke \u00fcberstehen somit zahlreiche W\u00e4schen ohne Risse oder Ausbleichen. Schlie\u00dfen Sie sich den unz\u00e4hligen zufriedenen Kunden an, die Shaliteink f\u00fcr ihre Siebdruckfarben vertrauen, und entdecken Sie den Unterschied, den Qualit\u00e4t, Innovation und zwanzig Jahre Erfahrung f\u00fcr Ihr Druckprojekt ausmachen. Diese Plastisolfarbe hilft Siebdruckern, optimale und wirtschaftliche Ergebnisse zu erzielen, die Produktivit\u00e4t zu steigern und Kosten zu sparen.<\/p>\n<p><img decoding=\"async\" class=\"aligncenter wp-image-4043 size-large\" src=\"https:\/\/shaliteink.com\/wp-content\/uploads\/2025\/04\/Fluorescent-Violet-Screen-Printing-Plastisol-Ink-1024x683.jpg\" alt=\"Fluoreszierende violette Plastisol-Siebdrucktinte\" width=\"1024\" height=\"683\" srcset=\"https:\/\/shaliteink.com\/wp-content\/uploads\/2025\/04\/Fluorescent-Violet-Screen-Printing-Plastisol-Ink-1024x683.jpg 1024w, https:\/\/shaliteink.com\/wp-content\/uploads\/2025\/04\/Fluorescent-Violet-Screen-Printing-Plastisol-Ink-300x200.jpg 300w, https:\/\/shaliteink.com\/wp-content\/uploads\/2025\/04\/Fluorescent-Violet-Screen-Printing-Plastisol-Ink-768x512.jpg 768w, https:\/\/shaliteink.com\/wp-content\/uploads\/2025\/04\/Fluorescent-Violet-Screen-Printing-Plastisol-Ink-1536x1024.jpg 1536w, https:\/\/shaliteink.com\/wp-content\/uploads\/2025\/04\/Fluorescent-Violet-Screen-Printing-Plastisol-Ink-2048x1365.jpg 2048w, https:\/\/shaliteink.com\/wp-content\/uploads\/2025\/04\/Fluorescent-Violet-Screen-Printing-Plastisol-Ink-18x12.jpg 18w, https:\/\/shaliteink.com\/wp-content\/uploads\/2025\/04\/Fluorescent-Violet-Screen-Printing-Plastisol-Ink-1200x800.jpg 1200w, https:\/\/shaliteink.com\/wp-content\/uploads\/2025\/04\/Fluorescent-Violet-Screen-Printing-Plastisol-Ink-150x100.jpg 150w\" sizes=\"(max-width: 1024px) 100vw, 1024px\" \/><\/p>\n<p class=\"ng-star-inserted\"><strong class=\"ng-star-inserted\"><span class=\"ng-star-inserted\">Wichtigste Vorteile:<\/span><\/strong><\/p>\n<ul class=\"ng-star-inserted\">\n<li class=\"ng-star-inserted\">Leuchtendes, fluoreszierendes Lila: Erhalten Sie auff\u00e4llige, ausdrucksstarke Farben.<\/li>\n<li class=\"ng-star-inserted\">Aush\u00e4rtung bei 160\u00b0C (320\u00b0F): Die Aush\u00e4rtung bei niedriger Temperatur verhindert das Versengen und Einlaufen der Textilien und spart dadurch Energie.<\/li>\n<li class=\"ng-star-inserted\">Hohe Deckkraft: Ausgezeichnete Deckkraft sowohl auf hellen als auch auf dunklen Stoffen, minimiert die Anzahl der Druckdurchg\u00e4nge.<\/li>\n<li class=\"ng-star-inserted\">Soft Hand Print: Sorgt f\u00fcr ein angenehmes, hochwertiges Tragegef\u00fchl auf Kleidungsst\u00fccken.<\/li>\n<li class=\"ng-star-inserted\">Phthalatfreie Formel: Sicher und umweltbewusst.<\/li>\n<li class=\"ng-star-inserted\">Einfache Verarbeitung: Cremige, feine Textur f\u00fcr gleichm\u00e4\u00dfiges Drucken und feine Details.<\/li>\n<li class=\"ng-star-inserted\">Universelle Anwendung: Geeignet f\u00fcr eine Vielzahl von Stoffen, einschlie\u00dflich Mischgewebe.<\/li>\n<li class=\"ng-star-inserted\">Blitztrocknung bei 120 \u00b0C bis 140 \u00b0C (248 \u00b0F bis 284 \u00b0F): Effiziente Zwischentrocknung.<\/li>\n<\/ul>\n<p class=\"ng-star-inserted\"><strong class=\"ng-star-inserted\"><span class=\"ng-star-inserted\">Aush\u00e4rtungshinweise:<\/span><\/strong><\/p>\n<p>Shaliteink Fluoreszierende Violett-Plastisolfarbe erzielt optimale Ergebnisse bei einer Aush\u00e4rtungstemperatur von 160 \u00b0C. Sobald die gesamte Farbschicht diese Temperatur erreicht und gehalten hat, ist die Farbe vollst\u00e4ndig ausgeh\u00e4rtet. Zum Abl\u00fcften wird eine Temperatur von 120 \u00b0C bis 140 \u00b0C f\u00fcr 3\u20135 Sekunden empfohlen. Bitte beachten Sie, dass die genauen Aush\u00e4rtungs- und Abl\u00fcftzeiten je nach Ger\u00e4t, Farbauftragsdicke und Umgebungsbedingungen variieren k\u00f6nnen.<\/p>\n<ul>\n<li>Pr\u00fcfung der Behandlung: Ein zuverl\u00e4ssiger Test f\u00fcr die korrekte Behandlung ist der Dehnungstest. Dehnen Sie den bedruckten Stoff auf etwa zwei Drittel seiner urspr\u00fcnglichen L\u00e4nge. Wenn die Farbe austritt und sich nicht zusammenzieht, ist die Aush\u00e4rtung m\u00f6glicherweise nicht erfolgreich. F\u00fcr einen endg\u00fcltigen Test waschen Sie den Stoff, nachdem die Farbe vollst\u00e4ndig abgek\u00fchlt ist. Ein ordnungsgem\u00e4\u00df ausgeh\u00e4rteter Druck h\u00e4lt 5\u201310 W\u00e4schen ohne Qualit\u00e4tsverlust stand. Wir empfehlen dringend, vor Beginn der Serienproduktion sowohl Dehnungs- als auch Waschtests durchzuf\u00fchren, um optimale Ergebnisse zu erzielen.<\/li>\n<li>Polyester-Mischung und Farbstoffmigration: Unsere Niedrigtemperatur-Farben sind so formuliert, dass die Farbstoffmigration minimiert wird. Dies ist besonders wichtig bei der Verarbeitung von Polyester. Durch die Aush\u00e4rtung bei 160 \u00b0C bleiben die Textilfarbstoffe unterhalb ihrer Aktivierungstemperatur (oft 270\u2013300 \u00b0F) und verhindern so ein Ausbluten in Ihre leuchtend violette Farbe.<\/li>\n<\/ul>\n<p class=\"ng-star-inserted\"><strong class=\"ng-star-inserted\"><span class=\"ng-star-inserted\">Aufr\u00e4umarbeiten:<\/span><\/strong><\/p>\n<p class=\"ng-star-inserted\"><span class=\"ng-star-inserted\">Aufr\u00e4umen nach der Verwendung von Shaliteink\u00a0<\/span><strong><a href=\"https:\/\/shaliteink.com\/de\/produkt-kategorie\/plastisol-tinte\/\"><span class=\"ng-star-inserted\">Plastisol-Tinte<\/span><\/a><\/strong><span class=\"ng-star-inserted\">\u00a0ist unkompliziert.<\/span><\/p>\n<ul class=\"ng-star-inserted\">\n<li class=\"ng-star-inserted\">Beim Drucken: Verwenden Sie ein spezielles Plastisol-Druckreiniger oder einen Farbentferner.<\/li>\n<li class=\"ng-star-inserted\">Im Waschbecken: F\u00fcr Siebdrucksysteme verwenden Sie Plastisol Screen Wash oder Ink Degrader, um Tintenreste effektiv zu entfernen.<\/li>\n<\/ul>\n<p><img decoding=\"async\" class=\"aligncenter wp-image-4044 size-large\" src=\"https:\/\/shaliteink.com\/wp-content\/uploads\/2025\/04\/Fluorescent-Violet-Screen-Printing-Plastisol-Ink-1-1024x683.jpg\" alt=\"Fluoreszierende violette Plastisol-Siebdrucktinte\" width=\"1024\" height=\"683\" srcset=\"https:\/\/shaliteink.com\/wp-content\/uploads\/2025\/04\/Fluorescent-Violet-Screen-Printing-Plastisol-Ink-1-1024x683.jpg 1024w, https:\/\/shaliteink.com\/wp-content\/uploads\/2025\/04\/Fluorescent-Violet-Screen-Printing-Plastisol-Ink-1-300x200.jpg 300w, https:\/\/shaliteink.com\/wp-content\/uploads\/2025\/04\/Fluorescent-Violet-Screen-Printing-Plastisol-Ink-1-768x512.jpg 768w, https:\/\/shaliteink.com\/wp-content\/uploads\/2025\/04\/Fluorescent-Violet-Screen-Printing-Plastisol-Ink-1-1536x1024.jpg 1536w, https:\/\/shaliteink.com\/wp-content\/uploads\/2025\/04\/Fluorescent-Violet-Screen-Printing-Plastisol-Ink-1-2048x1365.jpg 2048w, https:\/\/shaliteink.com\/wp-content\/uploads\/2025\/04\/Fluorescent-Violet-Screen-Printing-Plastisol-Ink-1-18x12.jpg 18w, https:\/\/shaliteink.com\/wp-content\/uploads\/2025\/04\/Fluorescent-Violet-Screen-Printing-Plastisol-Ink-1-1200x800.jpg 1200w, https:\/\/shaliteink.com\/wp-content\/uploads\/2025\/04\/Fluorescent-Violet-Screen-Printing-Plastisol-Ink-1-150x100.jpg 150w\" sizes=\"(max-width: 1024px) 100vw, 1024px\" \/><\/p>\n<p class=\"ng-star-inserted\"><strong class=\"ng-star-inserted\"><span class=\"ng-star-inserted\">Speicherinformationen:<\/span><\/strong><\/p>\n<p>Shaliteink Fluoreszierende Violette Plastisol-Tinte sollte bei Raumtemperatur, idealerweise zwischen 18 und 32 \u00b0C, gelagert und vor direkter Sonneneinstrahlung gesch\u00fctzt werden. L\u00e4ngere Einwirkung von Temperaturen \u00fcber 32 \u00b0C kann dazu f\u00fchren, dass die Tinte im Beh\u00e4lter aush\u00e4rtet.<\/p>","protected":false},"excerpt":{"rendered":"<p>Verleihen Sie Ihren Textildesigns mit Shaliteink Fluoreszierend Violett Siebdruck-Plastisolfarbe das gewisse Extra \u2013 die Premium-Wahl f\u00fcr professionelle Siebdrucker und ambitionierte Hobbydrucker. Dank zweier Jahrzehnte Erfahrung in der Fertigung und Direktvertrieb ab Werk ist Shaliteink ein weltweit f\u00fchrender Anbieter, der mit weltbekannten Marken zusammenarbeitet, um Ihnen erstklassige Plastisolfarben zu bieten. Unsere fluoreszierende violette Farbe wurde sorgf\u00e4ltig entwickelt, um atemberaubend leuchtende, ausdrucksstarke Drucke zu erzeugen, die alle Blicke auf sich ziehen. Diese au\u00dfergew\u00f6hnliche Siebdruckfarbe zeichnet sich durch unvergleichliche Benutzerfreundlichkeit aus und garantiert so jederzeit ein reibungsloses und effizientes Druckergebnis.<br \/>\nShaliteink Fluorescent Violet Plastisol-Tinte bietet eine beeindruckende Kombination herausragender Eigenschaften. Ihre hohe Deckkraft garantiert tiefe, lebendige Farbwiedergabe, selbst auf dunklen Stoffen, wodurch oft weniger Druckvorg\u00e4nge n\u00f6tig sind. Das spart nicht nur Produktionszeit, sondern reduziert auch den Tintenverbrauch. Die phthalatfreie Tinte entspricht modernen Sicherheits- und Umweltstandards und gibt Ihnen somit ein gutes Gef\u00fchl. Die cremige, feink\u00f6rnige Textur der Tinte erm\u00f6glicht eine besonders einfache Verarbeitung, einen gleichm\u00e4\u00dfigen Druckverlauf und die detailgetreue Wiedergabe Ihrer Designs. Erzielen Sie weiche, angenehme Drucke, die nicht nur optisch ansprechend, sondern auch haptisch ansprechend sind und die Gesamtqualit\u00e4t Ihrer Endprodukte steigern.<\/p>","protected":false},"featured_media":1509,"comment_status":"open","ping_status":"closed","template":"","meta":[],"product_brand":[],"product_cat":[39],"product_tag":[],"class_list":{"0":"post-1299","1":"product","2":"type-product","3":"status-publish","4":"has-post-thumbnail","6":"product_cat-plastisol-ink","8":"first","9":"instock","10":"shipping-taxable","11":"purchasable","12":"product-type-variable"},"tiered_pricing_type":"fixed","tiered_pricing_fixed_rules":[],"tiered_pricing_product_settings":{"layout":"default","base_unit_name":{"singular":null,"plural":null},"default_variation":null},"tiered_pricing_minimum_quantity":null,"tiered_pricing_roles_data":[],"tiered_pricing_percentage_rules":[],"tiered_pricing_maximum_quantity":null,"tiered_pricing_quantity_step":null,"_links":{"self":[{"href":"https:\/\/shaliteink.com\/de\/wp-json\/wp\/v2\/product\/1299","targetHints":{"allow":["GET"]}}],"collection":[{"href":"https:\/\/shaliteink.com\/de\/wp-json\/wp\/v2\/product"}],"about":[{"href":"https:\/\/shaliteink.com\/de\/wp-json\/wp\/v2\/types\/product"}],"replies":[{"embeddable":true,"href":"https:\/\/shaliteink.com\/de\/wp-json\/wp\/v2\/comments?post=1299"}],"version-history":[{"count":0,"href":"https:\/\/shaliteink.com\/de\/wp-json\/wp\/v2\/product\/1299\/revisions"}],"wp:featuredmedia":[{"embeddable":true,"href":"https:\/\/shaliteink.com\/de\/wp-json\/wp\/v2\/media\/1509"}],"wp:attachment":[{"href":"https:\/\/shaliteink.com\/de\/wp-json\/wp\/v2\/media?parent=1299"}],"wp:term":[{"taxonomy":"product_brand","embeddable":true,"href":"https:\/\/shaliteink.com\/de\/wp-json\/wp\/v2\/product_brand?post=1299"},{"taxonomy":"product_cat","embeddable":true,"href":"https:\/\/shaliteink.com\/de\/wp-json\/wp\/v2\/product_cat?post=1299"},{"taxonomy":"product_tag","embeddable":true,"href":"https:\/\/shaliteink.com\/de\/wp-json\/wp\/v2\/product_tag?post=1299"}],"curies":[{"name":"wp","href":"https:\/\/api.w.org\/{rel}","templated":true}]}}