{"id":1294,"date":"2025-04-12T11:20:59","date_gmt":"2025-04-12T11:20:59","guid":{"rendered":"https:\/\/shaliteink.com\/?post_type=product&#038;p=1294"},"modified":"2025-12-10T11:30:15","modified_gmt":"2025-12-10T11:30:15","slug":"fluoreszierende-rosarote-siebdruck-plastisolfarbe","status":"publish","type":"product","link":"https:\/\/shaliteink.com\/de\/produkt\/fluoreszierende-rosarote-siebdruck-plastisolfarbe\/","title":{"rendered":"Fluoreszierende rosarote Plastisol-Siebdrucktinte"},"content":{"rendered":"<h3 class=\"ng-star-inserted\"><span class=\"ng-star-inserted\">Wichtigste Vorteile, die Sie lieben werden:<\/span><\/h3>\n<ul class=\"ng-star-inserted\">\n<li class=\"ng-star-inserted\">Leuchtendes, fluoreszierendes Rosenrot: Erhalten Sie auff\u00e4llige, leuchtende Drucke, die die Blicke auf sich ziehen.<\/li>\n<li class=\"ng-star-inserted\">Optimale Aush\u00e4rtungstemperatur: H\u00e4rtet effizient bei 160\u2103 aus, wodurch die Produktionszeit verk\u00fcrzt und das Kleidungsst\u00fcck vor Verbrennungen gesch\u00fctzt wird.<\/li>\n<li class=\"ng-star-inserted\">Weiches Tragegef\u00fchl: Erzeugt unglaublich weiche, flexible Drucke, die den nat\u00fcrlichen Fall des Stoffes nicht beeintr\u00e4chtigen.<\/li>\n<li class=\"ng-star-inserted\">Universelle Stoffvertr\u00e4glichkeit: Hervorragend geeignet f\u00fcr eine breite Palette von Materialien, wodurch es eine vielseitige Wahl f\u00fcr eine Vielzahl von Siebdruckprojekten darstellt.<\/li>\n<li class=\"ng-star-inserted\">Geringe Farbausblutung bei Mischgeweben: Speziell entwickelt, um die Farbstoffmigration auf Polyester- und Mischgeweben zu reduzieren und so saubere, klare Ergebnisse zu gew\u00e4hrleisten.<\/li>\n<li class=\"ng-star-inserted\">Phthalatfreie Formel: Wir setzen uns f\u00fcr Sicherheit und Umweltverantwortung ein.<\/li>\n<li class=\"ng-star-inserted\">Hervorragende Deckkraft: Sorgt f\u00fcr kr\u00e4ftige, lebendige Farben auf hellen wie dunklen Stoffen, oft ohne dass eine Grundierung erforderlich ist.<\/li>\n<li class=\"ng-star-inserted\">Benutzerfreundliche Konsistenz: Dank seiner cremigen, feink\u00f6rnigen Textur l\u00e4sst es sich leicht verarbeiten und sorgt f\u00fcr einen gleichm\u00e4\u00dfigen Auftrag und scharfe Details.<\/li>\n<li class=\"ng-star-inserted\">Seidengl\u00e4nzendes Finish: Sorgt f\u00fcr einen professionellen, attraktiven Glanz, der Ihr Design aufwertet.<\/li>\n<\/ul>\n<h3><img decoding=\"async\" class=\"aligncenter wp-image-4040 size-large\" src=\"https:\/\/shaliteink.com\/wp-content\/uploads\/2025\/04\/Fluorescent-Rose-Red-Screen-Printing-Plastisol-Ink-1024x683.jpg\" alt=\"Fluoreszierende rosarote Plastisol-Siebdrucktinte\" width=\"1024\" height=\"683\" srcset=\"https:\/\/shaliteink.com\/wp-content\/uploads\/2025\/04\/Fluorescent-Rose-Red-Screen-Printing-Plastisol-Ink-1024x683.jpg 1024w, https:\/\/shaliteink.com\/wp-content\/uploads\/2025\/04\/Fluorescent-Rose-Red-Screen-Printing-Plastisol-Ink-300x200.jpg 300w, https:\/\/shaliteink.com\/wp-content\/uploads\/2025\/04\/Fluorescent-Rose-Red-Screen-Printing-Plastisol-Ink-768x512.jpg 768w, https:\/\/shaliteink.com\/wp-content\/uploads\/2025\/04\/Fluorescent-Rose-Red-Screen-Printing-Plastisol-Ink-1536x1024.jpg 1536w, https:\/\/shaliteink.com\/wp-content\/uploads\/2025\/04\/Fluorescent-Rose-Red-Screen-Printing-Plastisol-Ink-2048x1365.jpg 2048w, https:\/\/shaliteink.com\/wp-content\/uploads\/2025\/04\/Fluorescent-Rose-Red-Screen-Printing-Plastisol-Ink-18x12.jpg 18w, https:\/\/shaliteink.com\/wp-content\/uploads\/2025\/04\/Fluorescent-Rose-Red-Screen-Printing-Plastisol-Ink-1200x800.jpg 1200w, https:\/\/shaliteink.com\/wp-content\/uploads\/2025\/04\/Fluorescent-Rose-Red-Screen-Printing-Plastisol-Ink-150x100.jpg 150w\" sizes=\"(max-width: 1024px) 100vw, 1024px\" \/><\/h3>\n<h3 class=\"ng-star-inserted\"><span class=\"ng-star-inserted\">Beschreibung:<\/span><\/h3>\n<p>Unser <strong>Fluoreszierende rosarote Plastisol-Siebdrucktinte <\/strong>ist mehr als nur eine Farbe \u2013 es ist ein Statement. Mit Pr\u00e4zision und Leidenschaft gefertigt von <strong><a href=\"https:\/\/shaliteink.com\/de\/\">Shaliteink<\/a><\/strong>, Das <strong><a href=\"https:\/\/shaliteink.com\/de\/produkt-kategorie\/plastisol-tinte\/\">Plastisol-Tinte<\/a><\/strong> Es liefert ein brillantes, ausdrucksstarkes Finish, das sich von der Masse abhebt. Speziell f\u00fcr moderne Siebdrucker entwickelt, zeichnet es sich durch seine Vielseitigkeit aus und ist somit die ideale Siebdruckfarbe f\u00fcr eine breite Palette von Materialien, einschlie\u00dflich anspruchsvoller Polyestergemische. Die innovative Niedrigtemperaturh\u00e4rtung bei 160 \u00b0C (320 \u00b0F) reduziert das Risiko von Einlaufen und Ausbleichen des Gewebes deutlich \u2013 ein h\u00e4ufiges Problem bei Farben mit hoher Aush\u00e4rtungstemperatur. Dies sch\u00fctzt nicht nur Ihre Textilien, sondern optimiert auch Ihren Produktionsprozess und erm\u00f6glicht schnellere Produktionszeiten ohne den Einsatz teurer, leistungsstarker Trockner.<\/p>\n<p>Die reichhaltige, cremige und feink\u00f6rnige Textur der Tinte sorgt f\u00fcr einen gleichm\u00e4\u00dfigen Druckvorgang und gleitet m\u00fchelos durch Ihr Sieb \u2013 f\u00fcr stets scharfe und detailreiche Druckergebnisse. Dank ihrer hohen Deckkraft erzielen Sie selbst auf dunklen Stoffen brillante und farbtreue Ergebnisse. F\u00fcr optimale Leuchtkraft auf extrem dunkler Kleidung empfehlen wir eine wei\u00dfe Grundierung f\u00fcr einen besonders strahlenden Effekt. Wir bei Shaliteink verstehen die Feinheiten des Siebdrucks, und unsere fluoreszierende rosarote Plastisolfarbe ist der Beweis f\u00fcr unser Engagement, Produkte anzubieten, die die Industriestandards nicht nur erf\u00fcllen, sondern \u00fcbertreffen. Erleben Sie den Shaliteink-Unterschied \u2013 Qualit\u00e4t, der Sie vertrauen k\u00f6nnen, Farben, die faszinieren.<\/p>\n<h3 class=\"ng-star-inserted\"><span class=\"ng-star-inserted\">Aush\u00e4rtungsrichtlinien f\u00fcr Shaliteink Fluorescent Rose Red Plastisolfarbe:<\/span><\/h3>\n<ul class=\"ng-star-inserted\">\n<li class=\"ng-star-inserted\">Aush\u00e4rtungstemperatur: Vollst\u00e4ndige Aush\u00e4rtung bei 160 \u00b0C (320 \u00b0F). Stellen Sie sicher, dass die gesamte Tintenschicht diese Temperatur erreicht und beibeh\u00e4lt, um vollst\u00e4ndig auszuh\u00e4rten.<\/li>\n<li class=\"ng-star-inserted\">Blitztemperatur: Blitzen Sie bei 120\u2103 bis 140\u2103 (248-284\u00b0F) f\u00fcr 3-5 Sekunden.<\/li>\n<li class=\"ng-star-inserted\">Pr\u00fcfung der vollst\u00e4ndigen Aush\u00e4rtung: Wir empfehlen, vor der Serienproduktion sowohl einen Dehnungstest als auch einen Waschtest durchzuf\u00fchren. Dehnen Sie das bedruckte Kleidungsst\u00fcck beim Dehnungstest um etwa zwei Drittel seiner L\u00e4nge. Wenn die Farbe austritt und sich nicht zur\u00fcckzieht, ist die Aush\u00e4rtung m\u00f6glicherweise nicht optimal. Waschen Sie das Kleidungsst\u00fcck nach dem Bedrucken 24 Stunden lang und anschlie\u00dfend 5-10 Mal. Anzeichen von Abnutzung nach 1-3 W\u00e4schen deuten auf eine unzureichende Aush\u00e4rtung hin. Sollte der Test fehlschlagen, passen Sie die Einwirkzeit oder die Temperatur an. Optimale Ergebnisse werden h\u00e4ufig auf 100%-Baumwolle erzielt, unsere Plastisolfarben eignen sich jedoch f\u00fcr eine Vielzahl von Stoffen.<\/li>\n<\/ul>\n<p>Profi-Tipp f\u00fcr Polyester-Mischgewebe: Die niedrige Aush\u00e4rtungstemperatur der Shaliteink-Plastisolfarbe ist besonders vorteilhaft f\u00fcr Polyester- und Mischgewebe. Durch die Aush\u00e4rtung bei 160 \u00b0C wird das Risiko des Ausblutens der Farbe deutlich reduziert, da viele Polyesterfarbstoffe erst bei h\u00f6heren Temperaturen (typischerweise 132\u2013149 \u00b0C) aktiviert werden. Die Aush\u00e4rtung unterhalb dieser Ausblutungstemperatur verhindert das Ausgasen der Textilfarbe und damit das Verf\u00e4rben Ihres Drucks. So bleiben die Leuchtkraft und die Farbbrillanz Ihres fluoreszierenden Rosenrots erhalten.<\/p>\n<h3><img decoding=\"async\" class=\"aligncenter wp-image-4041 size-large\" src=\"https:\/\/shaliteink.com\/wp-content\/uploads\/2025\/04\/Fluorescent-Rose-Red-Screen-Printing-Plastisol-Ink-1-1024x683.jpg\" alt=\"Fluoreszierende rosarote Plastisol-Siebdrucktinte\" width=\"1024\" height=\"683\" srcset=\"https:\/\/shaliteink.com\/wp-content\/uploads\/2025\/04\/Fluorescent-Rose-Red-Screen-Printing-Plastisol-Ink-1-1024x683.jpg 1024w, https:\/\/shaliteink.com\/wp-content\/uploads\/2025\/04\/Fluorescent-Rose-Red-Screen-Printing-Plastisol-Ink-1-300x200.jpg 300w, https:\/\/shaliteink.com\/wp-content\/uploads\/2025\/04\/Fluorescent-Rose-Red-Screen-Printing-Plastisol-Ink-1-768x512.jpg 768w, https:\/\/shaliteink.com\/wp-content\/uploads\/2025\/04\/Fluorescent-Rose-Red-Screen-Printing-Plastisol-Ink-1-1536x1024.jpg 1536w, https:\/\/shaliteink.com\/wp-content\/uploads\/2025\/04\/Fluorescent-Rose-Red-Screen-Printing-Plastisol-Ink-1-2048x1365.jpg 2048w, https:\/\/shaliteink.com\/wp-content\/uploads\/2025\/04\/Fluorescent-Rose-Red-Screen-Printing-Plastisol-Ink-1-18x12.jpg 18w, https:\/\/shaliteink.com\/wp-content\/uploads\/2025\/04\/Fluorescent-Rose-Red-Screen-Printing-Plastisol-Ink-1-1200x800.jpg 1200w, https:\/\/shaliteink.com\/wp-content\/uploads\/2025\/04\/Fluorescent-Rose-Red-Screen-Printing-Plastisol-Ink-1-150x100.jpg 150w\" sizes=\"(max-width: 1024px) 100vw, 1024px\" \/><\/h3>\n<h3 class=\"ng-star-inserted\"><span class=\"ng-star-inserted\">Aufr\u00e4umarbeiten:<\/span><\/h3>\n<ul class=\"ng-star-inserted\">\n<li class=\"ng-star-inserted\">Beim Drucken: Verwenden Sie ein spezielles Plastisol-Druckreiniger oder einen Farbentferner, um das Sieb zwischen den Druckvorg\u00e4ngen oder bei Farbwechseln schnell zu reinigen.<\/li>\n<li class=\"ng-star-inserted\">Im Sp\u00fclbecken: F\u00fcr eine gr\u00fcndliche Reinigung des Siebs verwenden Sie Plastisol Screen Wash oder Ink Degrader.<\/li>\n<\/ul>\n<h3 class=\"ng-star-inserted\"><span class=\"ng-star-inserted\">Speicherinformationen:<\/span><\/h3>\n<p>Shaliteink Fluorescent Rose Red Siebdruck-Plastisolfarbe lagern Sie an einem k\u00fchlen, trockenen Ort zwischen 18 und 32 \u00b0C (65\u201390 \u00b0F) und sch\u00fctzen Sie sie vor direkter Sonneneinstrahlung. L\u00e4ngere Einwirkung von Temperaturen \u00fcber diesem Bereich kann zu vorzeitiger Aush\u00e4rtung im Beh\u00e4lter f\u00fchren.<\/p>\n<p>Shaliteink ist Ihr zuverl\u00e4ssiger Partner f\u00fcr hochwertige Plastisolfarben. Erleben Sie bei jedem Kauf brillante Farben, zuverl\u00e4ssige Leistung und erstklassigen Kundenservice.<\/p>","protected":false},"excerpt":{"rendered":"<p>Shaliteink pr\u00e4sentiert stolz seine fluoreszierende rosarote Siebdruck-Plastisolfarbe \u2013 eine brillante und leistungsstarke L\u00f6sung, die Ihre Designs mit einzigartiger Leuchtkraft zum Leben erweckt. Mit \u00fcber 20 Jahren Erfahrung in der Herstellung und dem Direktvertrieb ab Werk ist Shaliteink ein weltweit f\u00fchrender Anbieter von Plastisolfarben und arbeitet mit vielen weltbekannten Marken zusammen. Unsere fluoreszierende rosarote Farbe verk\u00f6rpert diese Tradition und bietet au\u00dfergew\u00f6hnliche Qualit\u00e4t und Konsistenz f\u00fcr all Ihre Siebdruckanforderungen.<\/p>","protected":false},"featured_media":1513,"comment_status":"open","ping_status":"closed","template":"","meta":[],"product_brand":[],"product_cat":[39],"product_tag":[],"class_list":{"0":"post-1294","1":"product","2":"type-product","3":"status-publish","4":"has-post-thumbnail","6":"product_cat-plastisol-ink","8":"first","9":"instock","10":"shipping-taxable","11":"purchasable","12":"product-type-variable"},"tiered_pricing_type":"fixed","tiered_pricing_fixed_rules":[],"tiered_pricing_product_settings":{"layout":"default","base_unit_name":{"singular":null,"plural":null},"default_variation":null},"tiered_pricing_minimum_quantity":null,"tiered_pricing_roles_data":[],"tiered_pricing_percentage_rules":[],"tiered_pricing_maximum_quantity":null,"tiered_pricing_quantity_step":null,"_links":{"self":[{"href":"https:\/\/shaliteink.com\/de\/wp-json\/wp\/v2\/product\/1294","targetHints":{"allow":["GET"]}}],"collection":[{"href":"https:\/\/shaliteink.com\/de\/wp-json\/wp\/v2\/product"}],"about":[{"href":"https:\/\/shaliteink.com\/de\/wp-json\/wp\/v2\/types\/product"}],"replies":[{"embeddable":true,"href":"https:\/\/shaliteink.com\/de\/wp-json\/wp\/v2\/comments?post=1294"}],"version-history":[{"count":0,"href":"https:\/\/shaliteink.com\/de\/wp-json\/wp\/v2\/product\/1294\/revisions"}],"wp:featuredmedia":[{"embeddable":true,"href":"https:\/\/shaliteink.com\/de\/wp-json\/wp\/v2\/media\/1513"}],"wp:attachment":[{"href":"https:\/\/shaliteink.com\/de\/wp-json\/wp\/v2\/media?parent=1294"}],"wp:term":[{"taxonomy":"product_brand","embeddable":true,"href":"https:\/\/shaliteink.com\/de\/wp-json\/wp\/v2\/product_brand?post=1294"},{"taxonomy":"product_cat","embeddable":true,"href":"https:\/\/shaliteink.com\/de\/wp-json\/wp\/v2\/product_cat?post=1294"},{"taxonomy":"product_tag","embeddable":true,"href":"https:\/\/shaliteink.com\/de\/wp-json\/wp\/v2\/product_tag?post=1294"}],"curies":[{"name":"wp","href":"https:\/\/api.w.org\/{rel}","templated":true}]}}