{"id":1288,"date":"2025-04-12T10:21:39","date_gmt":"2025-04-12T10:21:39","guid":{"rendered":"https:\/\/shaliteink.com\/?post_type=product&#038;p=1288"},"modified":"2025-12-10T11:27:05","modified_gmt":"2025-12-10T11:27:05","slug":"fluoreszierend-rosa-siebdruck-plastisolfarbe","status":"publish","type":"product","link":"https:\/\/shaliteink.com\/de\/produkt\/fluoreszierend-rosa-siebdruck-plastisolfarbe\/","title":{"rendered":"Fluoreszierende rosa Plastisol-Siebdrucktinte"},"content":{"rendered":"<p class=\"ng-star-inserted\"><strong class=\"ng-star-inserted\"><span class=\"ng-star-inserted\">Wichtigste Vorteile der Shaliteink fluoreszierenden rosa Plastisolfarbe:<\/span><\/strong><\/p>\n<ul class=\"ng-star-inserted\">\n<li class=\"ng-star-inserted\">Leuchtendes Neonpink: Erhalten Sie auff\u00e4llige, spritzige Muster, die alle Blicke auf sich ziehen.<\/li>\n<li class=\"ng-star-inserted\">Niedrige Aush\u00e4rtungstemperatur: H\u00e4rtet effizient bei 160 \u00b0C (320 \u00b0F) aus, wodurch die Energiekosten gesenkt und das Risiko des Versengens des Kleidungsst\u00fccks verringert werden.<\/li>\n<li class=\"ng-star-inserted\">Soft Hand Print: Sorgt f\u00fcr ein glattes, angenehmes Tragegef\u00fchl auf Kleidungsst\u00fccken.<\/li>\n<li class=\"ng-star-inserted\">Extrem deckend: Hervorragende Deckkraft auch auf dunkler Kleidung, wodurch oft eine Untergrundierung \u00fcberfl\u00fcssig wird.<\/li>\n<li class=\"ng-star-inserted\">Universelle Stoffkompatibilit\u00e4t: Funktioniert nahtlos mit einer breiten Palette von Stoffen, einschlie\u00dflich Baumwolle, Polyester und Mischgewebe.<\/li>\n<li class=\"ng-star-inserted\">Phthalatfreie Formel: Umweltfreundlich und sicher in der Anwendung.<\/li>\n<li class=\"ng-star-inserted\">Benutzerfreundliche Kompatibilit\u00e4t: Einfache Bedienung, bietet ein reibungsloses Druckerlebnis.<\/li>\n<li class=\"ng-star-inserted\">VERRINGERN SIE DAS AUSBL\u00c4HEN: Speziell f\u00fcr Poly-Mischgewebe entwickelt, um die Farbstoffmigration zu reduzieren.<\/li>\n<li class=\"ng-star-inserted\">Schnelle Aufheizzeit: Schnelles Aufheizen zwischen 120\u00b0C und 140\u00b0C (248\u00b0F bis 284\u00b0F), wodurch die Produktionseffizienz gesteigert wird.<\/li>\n<\/ul>\n<p><img decoding=\"async\" class=\"aligncenter wp-image-4036 size-large\" src=\"https:\/\/shaliteink.com\/wp-content\/uploads\/2025\/04\/Fluorescent-Pink-Screen-Printing-Plastisol-Ink-1024x683.jpg\" alt=\"Fluoreszierende rosa Plastisol-Siebdrucktinte\" width=\"1024\" height=\"683\" srcset=\"https:\/\/shaliteink.com\/wp-content\/uploads\/2025\/04\/Fluorescent-Pink-Screen-Printing-Plastisol-Ink-1024x683.jpg 1024w, https:\/\/shaliteink.com\/wp-content\/uploads\/2025\/04\/Fluorescent-Pink-Screen-Printing-Plastisol-Ink-300x200.jpg 300w, https:\/\/shaliteink.com\/wp-content\/uploads\/2025\/04\/Fluorescent-Pink-Screen-Printing-Plastisol-Ink-768x512.jpg 768w, https:\/\/shaliteink.com\/wp-content\/uploads\/2025\/04\/Fluorescent-Pink-Screen-Printing-Plastisol-Ink-1536x1024.jpg 1536w, https:\/\/shaliteink.com\/wp-content\/uploads\/2025\/04\/Fluorescent-Pink-Screen-Printing-Plastisol-Ink-2048x1365.jpg 2048w, https:\/\/shaliteink.com\/wp-content\/uploads\/2025\/04\/Fluorescent-Pink-Screen-Printing-Plastisol-Ink-18x12.jpg 18w, https:\/\/shaliteink.com\/wp-content\/uploads\/2025\/04\/Fluorescent-Pink-Screen-Printing-Plastisol-Ink-1200x800.jpg 1200w, https:\/\/shaliteink.com\/wp-content\/uploads\/2025\/04\/Fluorescent-Pink-Screen-Printing-Plastisol-Ink-150x100.jpg 150w\" sizes=\"(max-width: 1024px) 100vw, 1024px\" \/><\/p>\n<p>Shaliteink <strong>Fluoreszierende rosa Plastisol-Tinte<\/strong> Diese gebrauchsfertige Plastisolfarbe wurde von Siebdruckern f\u00fcr Siebdrucker entwickelt und bietet un\u00fcbertroffene Leistung und ein hervorragendes Preis-Leistungs-Verh\u00e4ltnis. Sie flie\u00dft leicht aus dem Eimer und garantiert so stets einen gleichm\u00e4\u00dfigen und hochwertigen Druck. Dank ihrer leuchtenden Farben und der \u00fcberragenden Deckkraft eignet sie sich ideal f\u00fcr ausdrucksstarke und wirkungsvolle Designs.<\/p>\n<p>Die niedrige Aush\u00e4rtungstemperatur unserer fluoreszierenden, pinkfarbenen Plastisolfarbe erm\u00f6glicht deutliche Produktionssteigerungen und einen geringeren Energieverbrauch. Durch die Behandlung bei nur 160 \u00b0C (320 \u00b0F) wird das Risiko des Einlaufens oder Versengens hitzeempfindlicher Textilien minimiert. Zudem wird das Abf\u00e4rben verhindert, insbesondere bei Polyestergemischen, da die Farbe unterhalb des typischen Ausblutungspunktes der meisten Polyesterfarben aush\u00e4rtet. Dies ist besonders wichtig f\u00fcr gestochen scharfe, saubere Drucke auf anspruchsvollen Stoffen.<\/p>\n<p>Unser <strong><a href=\"https:\/\/shaliteink.com\/de\/produkt-kategorie\/plastisol-tinte\/\">Plastisol-Tinte<\/a><\/strong> Es bildet eine starke mechanische Verbindung mit den Textilfasern und gew\u00e4hrleistet so Langlebigkeit und Waschechtheit. F\u00fcr optimale Ergebnisse empfehlen wir die Verwendung von Naturfasern, idealerweise Baumwolle (100%). Beim Bedrucken dunkler Stoffe kann eine wei\u00dfe Grundierung die Leuchtkraft des fluoreszierenden Pinktons zus\u00e4tzlich verst\u00e4rken, obwohl unsere Farben hochdeckend sind.<\/p>\n<p class=\"ng-star-inserted\"><strong class=\"ng-star-inserted\"><span class=\"ng-star-inserted\">Richtlinien zur Heilung:<\/span><\/strong><\/p>\n<ul class=\"ng-star-inserted\">\n<li class=\"ng-star-inserted\">Aush\u00e4rten bei 160 \u00b0C (320 \u00b0F). Die Tinte ist vollst\u00e4ndig ausgeh\u00e4rtet, wenn die gesamte Tintenschicht 160 \u00b0C (320 \u00b0F) erreicht hat.<\/li>\n<li class=\"ng-star-inserted\">Bei 120 \u00b0C bis 140 \u00b0C (248 \u00b0F bis 284 \u00b0F) 3\u20135 Sekunden lang blitzen lassen. Die Blitz- und Aush\u00e4rtungszeiten k\u00f6nnen je nach Ger\u00e4t, Farbauftragsdicke und Art des Kleidungsst\u00fccks variieren.<\/li>\n<li class=\"ng-star-inserted\">Dehnungstest: Dehnen Sie das bedruckte Kleidungsst\u00fcck nach dem Aush\u00e4rten auf etwa zwei Drittel seiner L\u00e4nge. Wenn der Druck rei\u00dft und sich nicht zusammenzieht, ist eine ordnungsgem\u00e4\u00dfe Aush\u00e4rtung m\u00f6glicherweise nicht gegeben.<\/li>\n<li class=\"ng-star-inserted\">Waschtest: Warten Sie nach der Behandlung 24 Stunden, bevor Sie einen Waschtest durchf\u00fchren. Eine vollst\u00e4ndige Heilung ist in der Regel nach 5\u201310 Haarw\u00e4schen zu erwarten. Schwere, nicht geheilte Erkrankungen k\u00f6nnen sich jedoch bereits nach 1\u20133 Haarw\u00e4schen verschlimmern.<\/li>\n<li>Profi-Tipp: Die Oberfl\u00e4chentemperaturmessung mit Laserpistolen kann irref\u00fchrend sein. F\u00fcr genaue Aush\u00e4rtungsmessungen, insbesondere bei dicken Farbschichten, empfiehlt sich die Verwendung von Ringf\u00fchlern oder Temperaturstreifen, um sicherzustellen, dass die gesamte Farbschicht die Zieltemperatur erreicht.<\/li>\n<\/ul>\n<p><img decoding=\"async\" class=\"aligncenter wp-image-4037 size-large\" src=\"https:\/\/shaliteink.com\/wp-content\/uploads\/2025\/04\/Fluorescent-Pink-Screen-Printing-Plastisol-Ink-1-1024x683.jpg\" alt=\"Fluoreszierende rosa Plastisol-Siebdrucktinte\" width=\"1024\" height=\"683\" srcset=\"https:\/\/shaliteink.com\/wp-content\/uploads\/2025\/04\/Fluorescent-Pink-Screen-Printing-Plastisol-Ink-1-1024x683.jpg 1024w, https:\/\/shaliteink.com\/wp-content\/uploads\/2025\/04\/Fluorescent-Pink-Screen-Printing-Plastisol-Ink-1-300x200.jpg 300w, https:\/\/shaliteink.com\/wp-content\/uploads\/2025\/04\/Fluorescent-Pink-Screen-Printing-Plastisol-Ink-1-768x512.jpg 768w, https:\/\/shaliteink.com\/wp-content\/uploads\/2025\/04\/Fluorescent-Pink-Screen-Printing-Plastisol-Ink-1-1536x1024.jpg 1536w, https:\/\/shaliteink.com\/wp-content\/uploads\/2025\/04\/Fluorescent-Pink-Screen-Printing-Plastisol-Ink-1-2048x1365.jpg 2048w, https:\/\/shaliteink.com\/wp-content\/uploads\/2025\/04\/Fluorescent-Pink-Screen-Printing-Plastisol-Ink-1-18x12.jpg 18w, https:\/\/shaliteink.com\/wp-content\/uploads\/2025\/04\/Fluorescent-Pink-Screen-Printing-Plastisol-Ink-1-1200x800.jpg 1200w, https:\/\/shaliteink.com\/wp-content\/uploads\/2025\/04\/Fluorescent-Pink-Screen-Printing-Plastisol-Ink-1-150x100.jpg 150w\" sizes=\"(max-width: 1024px) 100vw, 1024px\" \/><\/p>\n<p class=\"ng-star-inserted\"><strong class=\"ng-star-inserted\"><span class=\"ng-star-inserted\">Aufr\u00e4umarbeiten:<\/span><\/strong><\/p>\n<ul>\n<li>An der Druckmaschine: Verwenden Sie ein spezielles Plastisol-Druckreiniger-\/Farbenentfernermittel.<\/li>\n<\/ul>\n<p>Siebreinigung: Verwenden Sie Plastisol-Siebreiniger\/Farbenentferner f\u00fcr eine gr\u00fcndliche Reinigung.<\/p>\n<p class=\"ng-star-inserted\"><strong class=\"ng-star-inserted\"><span class=\"ng-star-inserted\">Speicherinformationen:<\/span><\/strong><\/p>\n<ul class=\"ng-star-inserted\">\n<li class=\"ng-star-inserted\">Shaliteink Fluorescent Pink Plastisol-Tinte sollte bei Raumtemperatur, idealerweise zwischen 18 und 32 \u00b0C, gelagert und vor direkter Sonneneinstrahlung gesch\u00fctzt werden. L\u00e4ngere Einwirkung von Temperaturen \u00fcber 32 \u00b0C kann dazu f\u00fchren, dass die Tinte im Beh\u00e4lter aush\u00e4rtet.<\/li>\n<\/ul>\n<p>W\u00e4hlen <strong><a href=\"https:\/\/shaliteink.com\/de\/\">Shaliteink<\/a><\/strong> Erleben Sie den Unterschied, den zwanzig Jahre Erfahrung ausmachen \u2013 f\u00fcr Ihre Siebdruckprojekte. Unsere fluoreszierende, pinkfarbene Plastisolfarbe bietet au\u00dfergew\u00f6hnliche Qualit\u00e4t, leuchtende Farben und einfache Anwendung und ist damit die perfekte Wahl f\u00fcr Ihr n\u00e4chstes Projekt.<\/p>\n<p>&nbsp;<\/p>","protected":false},"excerpt":{"rendered":"<p>Mit \u00fcber zwanzig Jahren Erfahrung in der Herstellung von Siebdruckfarben ist Shaliteink ein weltweit f\u00fchrender Anbieter und bietet Preise direkt ab Werk. Wir sind stolz darauf, mit vielen weltbekannten Marken zusammenzuarbeiten und Ihnen Premiumprodukte f\u00fcr herausragende Ergebnisse anzubieten. Unsere Spezialit\u00e4t sind Plastisolfarben f\u00fcr den Siebdruck, und wir freuen uns, Ihnen unser leuchtendes Fluoreszenzpink vorzustellen.<\/p>","protected":false},"featured_media":1507,"comment_status":"open","ping_status":"closed","template":"","meta":[],"product_brand":[],"product_cat":[39],"product_tag":[],"class_list":{"0":"post-1288","1":"product","2":"type-product","3":"status-publish","4":"has-post-thumbnail","6":"product_cat-plastisol-ink","8":"first","9":"instock","10":"shipping-taxable","11":"purchasable","12":"product-type-variable"},"tiered_pricing_type":"fixed","tiered_pricing_fixed_rules":[],"tiered_pricing_product_settings":{"layout":"default","base_unit_name":{"singular":null,"plural":null},"default_variation":null},"tiered_pricing_minimum_quantity":null,"tiered_pricing_roles_data":[],"tiered_pricing_percentage_rules":[],"tiered_pricing_maximum_quantity":null,"tiered_pricing_quantity_step":null,"_links":{"self":[{"href":"https:\/\/shaliteink.com\/de\/wp-json\/wp\/v2\/product\/1288","targetHints":{"allow":["GET"]}}],"collection":[{"href":"https:\/\/shaliteink.com\/de\/wp-json\/wp\/v2\/product"}],"about":[{"href":"https:\/\/shaliteink.com\/de\/wp-json\/wp\/v2\/types\/product"}],"replies":[{"embeddable":true,"href":"https:\/\/shaliteink.com\/de\/wp-json\/wp\/v2\/comments?post=1288"}],"version-history":[{"count":0,"href":"https:\/\/shaliteink.com\/de\/wp-json\/wp\/v2\/product\/1288\/revisions"}],"wp:featuredmedia":[{"embeddable":true,"href":"https:\/\/shaliteink.com\/de\/wp-json\/wp\/v2\/media\/1507"}],"wp:attachment":[{"href":"https:\/\/shaliteink.com\/de\/wp-json\/wp\/v2\/media?parent=1288"}],"wp:term":[{"taxonomy":"product_brand","embeddable":true,"href":"https:\/\/shaliteink.com\/de\/wp-json\/wp\/v2\/product_brand?post=1288"},{"taxonomy":"product_cat","embeddable":true,"href":"https:\/\/shaliteink.com\/de\/wp-json\/wp\/v2\/product_cat?post=1288"},{"taxonomy":"product_tag","embeddable":true,"href":"https:\/\/shaliteink.com\/de\/wp-json\/wp\/v2\/product_tag?post=1288"}],"curies":[{"name":"wp","href":"https:\/\/api.w.org\/{rel}","templated":true}]}}