{"id":1281,"date":"2025-04-12T10:09:45","date_gmt":"2025-04-12T10:09:45","guid":{"rendered":"https:\/\/shaliteink.com\/?post_type=product&#038;p=1281"},"modified":"2025-12-10T11:30:49","modified_gmt":"2025-12-10T11:30:49","slug":"fluoreszierende-rot-pinke-siebdruck-plastisolfarbe","status":"publish","type":"product","link":"https:\/\/shaliteink.com\/de\/produkt\/fluoreszierende-rot-pinke-siebdruck-plastisolfarbe\/","title":{"rendered":"Fluoreszierende rot-pinke Plastisol-Siebdrucktinte"},"content":{"rendered":"<h2 class=\"ng-star-inserted\"><span class=\"ng-star-inserted\">Hauptvorteile von Shaliteink Fluorescent Red Pink\u00a0<\/span><strong class=\"ng-star-inserted\"><span class=\"ng-star-inserted\">Plastisol-Tinte<\/span><\/strong><span class=\"ng-star-inserted\">:<\/span><\/h2>\n<ul class=\"ng-star-inserted\">\n<li class=\"ng-star-inserted\">Leuchtendes, fluoreszierendes Rot-Pink: Erhalten Sie strahlende, unvergessliche Designs, die sofort ins Auge fallen.<\/li>\n<li class=\"ng-star-inserted\">Optimale Aush\u00e4rtungstemperatur: Effiziente Behandlung bereits bei 160\u00b0C (320\u00b0F), wodurch der Energieverbrauch reduziert und die Kleidung vor Versengen gesch\u00fctzt wird.<\/li>\n<li class=\"ng-star-inserted\">Niedrige Blitztemperatur: Blitzt schnell zwischen 120\u00b0C und 140\u00b0C (248\u00b0F bis 284\u00b0F) f\u00fcr schnelles Arbeiten mit Mehrfarben.<\/li>\n<li class=\"ng-star-inserted\">Soft Hand Print: Sorgt f\u00fcr ein glattes, angenehmes Tragegef\u00fchl und verbessert so das Trageerlebnis.<\/li>\n<li class=\"ng-star-inserted\">Hohe Deckkraft: Hervorragende Deckkraft auch auf dunklen Stoffen, wodurch die Notwendigkeit mehrerer Durchg\u00e4nge reduziert wird.<\/li>\n<li class=\"ng-star-inserted\">Einfache Handhabung: Die Formel sorgt f\u00fcr eine cremige, kr\u00fcmelige Textur und gew\u00e4hrleistet so ein gleichm\u00e4\u00dfiges Druckergebnis und weniger Materialerm\u00fcdung.<\/li>\n<li class=\"ng-star-inserted\">Universelle Stoffkompatibilit\u00e4t: Funktioniert nahtlos mit einer Vielzahl von Stoffen, darunter Baumwolle, Polyester-Mischgewebe und andere.<\/li>\n<li class=\"ng-star-inserted\">Phthalatfreie Formel: Eine sichere Wahl f\u00fcr Drucker und Umwelt.<\/li>\n<li class=\"ng-star-inserted\">Halbgl\u00e4nzendes Finish: Verleiht Ihren fertigen Drucken einen professionellen Glanz.<\/li>\n<li class=\"ng-star-inserted\">Qualit\u00e4t direkt vom Hersteller: Profitieren Sie von zwanzig Jahren Fertigungserfahrung und direkten Preisen.<\/li>\n<\/ul>\n<h2><img decoding=\"async\" class=\"aligncenter wp-image-4033 size-large\" src=\"https:\/\/shaliteink.com\/wp-content\/uploads\/2025\/04\/Fluorescent-Red-Pink-Screen-Printing-Plastisol-Ink-1024x683.jpg\" alt=\"Fluoreszierende rot-pinke Plastisol-Siebdrucktinte\" width=\"1024\" height=\"683\" srcset=\"https:\/\/shaliteink.com\/wp-content\/uploads\/2025\/04\/Fluorescent-Red-Pink-Screen-Printing-Plastisol-Ink-1024x683.jpg 1024w, https:\/\/shaliteink.com\/wp-content\/uploads\/2025\/04\/Fluorescent-Red-Pink-Screen-Printing-Plastisol-Ink-300x200.jpg 300w, https:\/\/shaliteink.com\/wp-content\/uploads\/2025\/04\/Fluorescent-Red-Pink-Screen-Printing-Plastisol-Ink-768x512.jpg 768w, https:\/\/shaliteink.com\/wp-content\/uploads\/2025\/04\/Fluorescent-Red-Pink-Screen-Printing-Plastisol-Ink-1536x1024.jpg 1536w, https:\/\/shaliteink.com\/wp-content\/uploads\/2025\/04\/Fluorescent-Red-Pink-Screen-Printing-Plastisol-Ink-2048x1365.jpg 2048w, https:\/\/shaliteink.com\/wp-content\/uploads\/2025\/04\/Fluorescent-Red-Pink-Screen-Printing-Plastisol-Ink-18x12.jpg 18w, https:\/\/shaliteink.com\/wp-content\/uploads\/2025\/04\/Fluorescent-Red-Pink-Screen-Printing-Plastisol-Ink-1200x800.jpg 1200w, https:\/\/shaliteink.com\/wp-content\/uploads\/2025\/04\/Fluorescent-Red-Pink-Screen-Printing-Plastisol-Ink-150x100.jpg 150w\" sizes=\"(max-width: 1024px) 100vw, 1024px\" \/><\/h2>\n<h2 class=\"ng-star-inserted\"><span class=\"ng-star-inserted\">Entdecken Sie die Vorteile von Shaliteink<\/span><\/h2>\n<p>Unser <strong>fluoreszierende rote und pinke Plastisolfarbe<\/strong> Es geht nicht nur um die brillante Farbe, sondern um das gesamte Druckerlebnis. Die sorgf\u00e4ltig abgestimmte Viskosit\u00e4t und die hohe Pigmentierung garantieren stets gleichbleibend leuchtende Ergebnisse. Die Aush\u00e4rtung bei niedrigen Temperaturen ist ein entscheidender Vorteil: Sie verhindert das Auslaufen der Farbe auf Polyestergemischen und reduziert das Risiko von Besch\u00e4digungen an Textilien deutlich. Das bedeutet weniger Abfall, h\u00f6here Effizienz und letztendlich h\u00f6here Gewinne f\u00fcr Ihr Unternehmen.<\/p>\n<p><strong><a href=\"https:\/\/shaliteink.com\/de\/\">Shaliteink<\/a><\/strong> versteht die Anforderungen des modernen Siebdrucks. Deshalb unser <strong><a href=\"https:\/\/shaliteink.com\/de\/produkt-kategorie\/plastisol-tinte\/\">Plastisol-Tinten<\/a><\/strong> Sie sind f\u00fcr zuverl\u00e4ssige Ergebnisse entwickelt und bieten kurze Abl\u00fcftzeiten sowie gleichm\u00e4\u00dfige Aush\u00e4rtung. Die brillanten Fluoreszenzpigmente behalten ihre Intensit\u00e4t auch nach dem Waschen, sodass Ihre Designs lange nach dem Verlassen Ihres Gesch\u00e4fts ihre auff\u00e4llige Wirkung behalten. F\u00fcr beste Ergebnisse auf dunklen Stoffen empfehlen wir, Wei\u00df als Grundierung aufzutragen.<\/p>\n<h2 class=\"ng-star-inserted\"><span class=\"ng-star-inserted\">Aush\u00e4rtungsrichtlinien f\u00fcr Shaliteink\u00a0<\/span><strong class=\"ng-star-inserted\"><span class=\"ng-star-inserted\">Plastisol-Tinte<\/span><\/strong><span class=\"ng-star-inserted\">:<\/span><\/h2>\n<p class=\"ng-star-inserted\"><span class=\"ng-star-inserted\">Eine ordnungsgem\u00e4\u00dfe Aush\u00e4rtung ist entscheidend f\u00fcr die Haltbarkeit Ihrer Drucke.<\/span><\/p>\n<ul class=\"ng-star-inserted\">\n<li class=\"ng-star-inserted\">Aush\u00e4rtungstemperatur: Bei 160 \u00b0C (320 \u00b0F) aush\u00e4rten. Stellen Sie sicher, dass die gesamte Farbschicht diese Temperatur erreicht und beibeh\u00e4lt, um optimale Haftung und Waschbest\u00e4ndigkeit zu gew\u00e4hrleisten.<\/li>\n<li>Blitztemperatur: Blitzen Sie bei 120 \u00b0C \u2013 140 \u00b0C (248 \u00b0F \u2013 284 \u00b0F) f\u00fcr 3\u20135 Sekunden. Die Blitzzeit kann je nach Ger\u00e4t und Tintenauftragsdicke variieren.<\/li>\n<li>Pr\u00fcfung: Wir empfehlen dringend, vor der Serienproduktion einen Dehnungs- und einen Waschtest durchzuf\u00fchren. Sollte der Druck nach dem Waschen rei\u00dfen oder Abnutzungserscheinungen aufweisen, erh\u00f6hen Sie die Aush\u00e4rtungszeit oder -temperatur. F\u00fcr genaue Temperaturmessungen empfiehlt sich die Verwendung eines Ringthermometers, da Laser-Thermometer ungenaue Oberfl\u00e4chenwerte liefern k\u00f6nnen. Beachten Sie, dass die gesamte Farbschicht die angegebene Aush\u00e4rtungstemperatur erreichen muss. Baumwollkleidung ben\u00f6tigt aufgrund ihrer Saugf\u00e4higkeit m\u00f6glicherweise etwas l\u00e4nger zum Erw\u00e4rmen.<\/li>\n<\/ul>\n<h2 class=\"ng-star-inserted\"><span class=\"ng-star-inserted\">Aufr\u00e4umen &amp; Lagern:<\/span><\/h2>\n<ul>\n<li>An der Druckmaschine: Verwenden Sie ein spezielles Plastisol-Druckmaschinenreinigungsmittel oder einen Farbl\u00f6ser zur einfachen Reinigung.<\/li>\n<li>Im Waschbecken: F\u00fcr Siebdrucksysteme Plastisol Screen Wash oder Ink Degradant verwenden.<\/li>\n<li>Lagerung: Shaliteink Plastisolfarbe bei Raumtemperatur, idealerweise zwischen 18 und 32 \u00b0C, lagern und vor direkter Sonneneinstrahlung sch\u00fctzen. L\u00e4ngere Einwirkung von Temperaturen \u00fcber 32 \u00b0C kann zum Aush\u00e4rten der Farbe im Beh\u00e4lter f\u00fchren.<\/li>\n<\/ul>\n<h2><img decoding=\"async\" class=\"aligncenter wp-image-4034 size-large\" src=\"https:\/\/shaliteink.com\/wp-content\/uploads\/2025\/04\/Fluorescent-Red-Pink-Screen-Printing-Plastisol-Ink-1-1024x683.jpg\" alt=\"Fluoreszierende rot-pinke Plastisol-Siebdrucktinte\" width=\"1024\" height=\"683\" srcset=\"https:\/\/shaliteink.com\/wp-content\/uploads\/2025\/04\/Fluorescent-Red-Pink-Screen-Printing-Plastisol-Ink-1-1024x683.jpg 1024w, https:\/\/shaliteink.com\/wp-content\/uploads\/2025\/04\/Fluorescent-Red-Pink-Screen-Printing-Plastisol-Ink-1-300x200.jpg 300w, https:\/\/shaliteink.com\/wp-content\/uploads\/2025\/04\/Fluorescent-Red-Pink-Screen-Printing-Plastisol-Ink-1-768x512.jpg 768w, https:\/\/shaliteink.com\/wp-content\/uploads\/2025\/04\/Fluorescent-Red-Pink-Screen-Printing-Plastisol-Ink-1-1536x1024.jpg 1536w, https:\/\/shaliteink.com\/wp-content\/uploads\/2025\/04\/Fluorescent-Red-Pink-Screen-Printing-Plastisol-Ink-1-2048x1365.jpg 2048w, https:\/\/shaliteink.com\/wp-content\/uploads\/2025\/04\/Fluorescent-Red-Pink-Screen-Printing-Plastisol-Ink-1-18x12.jpg 18w, https:\/\/shaliteink.com\/wp-content\/uploads\/2025\/04\/Fluorescent-Red-Pink-Screen-Printing-Plastisol-Ink-1-1200x800.jpg 1200w, https:\/\/shaliteink.com\/wp-content\/uploads\/2025\/04\/Fluorescent-Red-Pink-Screen-Printing-Plastisol-Ink-1-150x100.jpg 150w\" sizes=\"(max-width: 1024px) 100vw, 1024px\" \/><\/h2>\n<h2 class=\"ng-star-inserted\"><span class=\"ng-star-inserted\">Warum Sie sich f\u00fcr Shaliteink entscheiden sollten\u00a0<\/span><strong class=\"ng-star-inserted\"><span class=\"ng-star-inserted\">Siebdruck<\/span><\/strong><span class=\"ng-star-inserted\">\u00a0Bed\u00fcrfnisse?<\/span><\/h2>\n<p>Mit \u00fcber zwanzig Jahren Erfahrung in der Herstellung hochwertiger Siebdruckfarben ist Shaliteink Ihr zuverl\u00e4ssiger Partner. Unsere fluoreszierende rot-pinke Plastisolfarbe ist ein Beweis f\u00fcr unser Engagement f\u00fcr Innovation und Leistung. Wir erm\u00f6glichen Druckereien, mit unseren Produkten, die nicht nur effektiv, sondern auch kosteng\u00fcnstig und benutzerfreundlich sind, hervorragende Ergebnisse zu erzielen. Schlie\u00dfen Sie sich den unz\u00e4hligen zufriedenen Kunden an, die auf die brillanten und langlebigen Drucke von Shaliteink vertrauen.<\/p>\n<p>Sie suchen nach Plastisolfarbe, die sich von der Masse abhebt? Shaliteink liefert.<\/p>","protected":false},"excerpt":{"rendered":"<p>Erleben Sie den Unterschied mit Shaliteink, dem seit zwei Jahrzehnten weltweit f\u00fchrenden Hersteller von Plastisolfarben f\u00fcr den Siebdruck. Dank unseres Direktvertriebs ab Werk und der Zusammenarbeit mit weltbekannten Marken erhalten Sie Premiumqualit\u00e4t zu wettbewerbsf\u00e4higen Preisen. Wir pr\u00e4sentieren unsere fluoreszierende rot-pinke Plastisolfarbe f\u00fcr den Siebdruck \u2013 entwickelt f\u00fcr atemberaubende, wirkungsvolle Ergebnisse, einfach und effizient.<\/p>\n<p>Ob Sie ein erfahrener Profi oder Einsteiger sind: Die fluoreszierende rot-pinke Plastisolfarbe von Shaliteink wurde entwickelt, um Ihre Produktion zu optimieren und Ihre Drucke aufzuwerten. Diese leuchtende, auff\u00e4llige Farbe bietet au\u00dfergew\u00f6hnliche Deckkraft und einen weichen Griff und ist somit vielseitig einsetzbar f\u00fcr eine breite Palette von Stoffen und Projekten.<\/p>","protected":false},"featured_media":1515,"comment_status":"open","ping_status":"closed","template":"","meta":[],"product_brand":[],"product_cat":[39],"product_tag":[],"class_list":{"0":"post-1281","1":"product","2":"type-product","3":"status-publish","4":"has-post-thumbnail","6":"product_cat-plastisol-ink","8":"first","9":"instock","10":"shipping-taxable","11":"purchasable","12":"product-type-variable"},"tiered_pricing_type":"fixed","tiered_pricing_fixed_rules":[],"tiered_pricing_product_settings":{"layout":"default","base_unit_name":{"singular":null,"plural":null},"default_variation":null},"tiered_pricing_minimum_quantity":null,"tiered_pricing_roles_data":[],"tiered_pricing_percentage_rules":[],"tiered_pricing_maximum_quantity":null,"tiered_pricing_quantity_step":null,"_links":{"self":[{"href":"https:\/\/shaliteink.com\/de\/wp-json\/wp\/v2\/product\/1281","targetHints":{"allow":["GET"]}}],"collection":[{"href":"https:\/\/shaliteink.com\/de\/wp-json\/wp\/v2\/product"}],"about":[{"href":"https:\/\/shaliteink.com\/de\/wp-json\/wp\/v2\/types\/product"}],"replies":[{"embeddable":true,"href":"https:\/\/shaliteink.com\/de\/wp-json\/wp\/v2\/comments?post=1281"}],"version-history":[{"count":0,"href":"https:\/\/shaliteink.com\/de\/wp-json\/wp\/v2\/product\/1281\/revisions"}],"wp:featuredmedia":[{"embeddable":true,"href":"https:\/\/shaliteink.com\/de\/wp-json\/wp\/v2\/media\/1515"}],"wp:attachment":[{"href":"https:\/\/shaliteink.com\/de\/wp-json\/wp\/v2\/media?parent=1281"}],"wp:term":[{"taxonomy":"product_brand","embeddable":true,"href":"https:\/\/shaliteink.com\/de\/wp-json\/wp\/v2\/product_brand?post=1281"},{"taxonomy":"product_cat","embeddable":true,"href":"https:\/\/shaliteink.com\/de\/wp-json\/wp\/v2\/product_cat?post=1281"},{"taxonomy":"product_tag","embeddable":true,"href":"https:\/\/shaliteink.com\/de\/wp-json\/wp\/v2\/product_tag?post=1281"}],"curies":[{"name":"wp","href":"https:\/\/api.w.org\/{rel}","templated":true}]}}