{"id":1276,"date":"2025-04-12T10:04:52","date_gmt":"2025-04-12T10:04:52","guid":{"rendered":"https:\/\/shaliteink.com\/?post_type=product&#038;p=1276"},"modified":"2025-12-10T11:31:11","modified_gmt":"2025-12-10T11:31:11","slug":"fluoreszierende-rote-siebdruck-plastisolfarbe","status":"publish","type":"product","link":"https:\/\/shaliteink.com\/de\/produkt\/fluoreszierende-rote-siebdruck-plastisolfarbe\/","title":{"rendered":"Fluoreszierende rote Plastisol-Siebdrucktinte"},"content":{"rendered":"<p class=\"ng-star-inserted\"><strong class=\"ng-star-inserted\"><span class=\"ng-star-inserted\">Wichtigste Vorteile der Shaliteink fluoreszierenden roten Plastisolfarbe:<\/span><\/strong><\/p>\n<ul class=\"ng-star-inserted\">\n<li class=\"ng-star-inserted\">Leuchtendes Fluoreszierendes Rot: Erhalten Sie auff\u00e4llige, wirkungsvolle Designs, die sich von der Masse abheben.<\/li>\n<li class=\"ng-star-inserted\">Optimale Aush\u00e4rtungstemperatur: H\u00e4rtet effizient bei 160\u00b0C aus, reduziert den Energieaufwand und sch\u00fctzt das Kleidungsst\u00fcck vor Versengen.<\/li>\n<li class=\"ng-star-inserted\">Weiches Griffgef\u00fchl: Erzeugt glatte, flexible Drucke, die auf Stoffen hervorragend aussehen.<\/li>\n<li class=\"ng-star-inserted\">Ausgezeichnete Deckkraft: Sorgt f\u00fcr kr\u00e4ftige, lebendige Farben auf einer Vielzahl von Stoffen, sogar auf dunklen Stoffen (Untergrundierung f\u00fcr optimale Farbbrillanz empfohlen).<\/li>\n<li class=\"ng-star-inserted\">Einfache Anwendung: Unser cremiges, d\u00fcnnfl\u00fcssiges Siebdruckplastisol ist f\u00fcr nahtloses Drucken direkt aus dem Farbeimer konzipiert.<\/li>\n<li class=\"ng-star-inserted\">Geringe Ausblutungseigenschaften: Ideal f\u00fcr die Anwendung auf Polyestergemischen, da die Farbstoffmigration reduziert wird.<\/li>\n<li class=\"ng-star-inserted\">Phthalatfreie Formel: Eine sichere Wahl f\u00fcr Drucker und Umwelt.<\/li>\n<li>Halbgl\u00e4nzendes Finish: Verleiht Ihren fertigen Drucken eine professionelle Note.<\/li>\n<\/ul>\n<p><img decoding=\"async\" class=\"aligncenter wp-image-4030 size-large\" src=\"https:\/\/shaliteink.com\/wp-content\/uploads\/2025\/04\/Fluorescent-Red-Screen-Printing-Plastisol-Ink-1024x683.jpg\" alt=\"Fluoreszierende rote Plastisol-Siebdrucktinte\" width=\"1024\" height=\"683\" srcset=\"https:\/\/shaliteink.com\/wp-content\/uploads\/2025\/04\/Fluorescent-Red-Screen-Printing-Plastisol-Ink-1024x683.jpg 1024w, https:\/\/shaliteink.com\/wp-content\/uploads\/2025\/04\/Fluorescent-Red-Screen-Printing-Plastisol-Ink-300x200.jpg 300w, https:\/\/shaliteink.com\/wp-content\/uploads\/2025\/04\/Fluorescent-Red-Screen-Printing-Plastisol-Ink-768x512.jpg 768w, https:\/\/shaliteink.com\/wp-content\/uploads\/2025\/04\/Fluorescent-Red-Screen-Printing-Plastisol-Ink-1536x1024.jpg 1536w, https:\/\/shaliteink.com\/wp-content\/uploads\/2025\/04\/Fluorescent-Red-Screen-Printing-Plastisol-Ink-2048x1365.jpg 2048w, https:\/\/shaliteink.com\/wp-content\/uploads\/2025\/04\/Fluorescent-Red-Screen-Printing-Plastisol-Ink-18x12.jpg 18w, https:\/\/shaliteink.com\/wp-content\/uploads\/2025\/04\/Fluorescent-Red-Screen-Printing-Plastisol-Ink-1200x800.jpg 1200w, https:\/\/shaliteink.com\/wp-content\/uploads\/2025\/04\/Fluorescent-Red-Screen-Printing-Plastisol-Ink-150x100.jpg 150w\" sizes=\"(max-width: 1024px) 100vw, 1024px\" \/><\/p>\n<p class=\"ng-star-inserted\"><strong class=\"ng-star-inserted\"><span class=\"ng-star-inserted\">Erleben Sie den Shaliteink-Unterschied<\/span><\/strong><\/p>\n<p>Bei <strong><a href=\"https:\/\/shaliteink.com\/de\/\">Shaliteink<\/a><\/strong>, Wir verstehen die Anforderungen des professionellen Siebdrucks. Deshalb bieten wir Ihnen <strong>Fluoreszierende rote Plastisol-Tinte<\/strong> Es wurde entwickelt, um Ihre Produktivit\u00e4t zu steigern und gleichbleibend hochwertige Ergebnisse zu gew\u00e4hrleisten. Die niedrige Aush\u00e4rtungstemperatur spart nicht nur wertvolle Produktionszeit, sondern verl\u00e4ngert auch die Lebensdauer Ihrer Textilien durch reduzierte Hitzeeinwirkung. Verabschieden Sie sich von Einlaufen und Ausbleichen Ihrer Textilien und begr\u00fc\u00dfen Sie effiziente, brillante Drucke.<\/p>\n<p>Unser <strong><a href=\"https:\/\/shaliteink.com\/de\/produkt-kategorie\/plastisol-tinte\/\">Plastisol-Tinte<\/a><\/strong> Shaliteink bietet eine au\u00dfergew\u00f6hnliche Deckkraft und ist daher die ideale Wahl f\u00fcr Highlights und vollfl\u00e4chige Designs. Die glatte Oberfl\u00e4che erm\u00f6glicht eine einfache Reinigung des Siebs, reduziert die Erm\u00fcdung und verbessert die Druckkonsistenz. Ob Sie ein erfahrener Profi oder Einsteiger sind \u2013 mit Shaliteink wird Siebdruck zum angenehmen und lohnenden Prozess.<\/p>\n<p class=\"ng-star-inserted\"><strong class=\"ng-star-inserted\"><span class=\"ng-star-inserted\">Richtlinien zur Heilung:<\/span><\/strong><\/p>\n<ul class=\"ng-star-inserted\">\n<li class=\"ng-star-inserted\">Aush\u00e4rtungstemperatur: 160 \u00b0C (320 \u00b0F). Stellen Sie sicher, dass die gesamte Tintenschicht diese Temperatur erreicht, um vollst\u00e4ndig auszuh\u00e4rten.<\/li>\n<li class=\"ng-star-inserted\">Blitztemperatur: 120 \u00b0C \u2013 140 \u00b0C (248 \u00b0F \u2013 284 \u00b0F). Blitzdauer: 3\u20135 Sekunden, je nach Ger\u00e4t und Tintenauftragsdicke.<\/li>\n<\/ul>\n<p class=\"ng-star-inserted\"><strong class=\"ng-star-inserted\"><span class=\"ng-star-inserted\">Eine perfekte Heilung erreichen:<\/span><\/strong><\/p>\n<p>F\u00fcr die Haltbarkeit eines vollst\u00e4ndig ausgeh\u00e4rteten Drucks ist die richtige Aush\u00e4rtung entscheidend. Oberfl\u00e4chenthermometer sind zwar hilfreich, k\u00f6nnen aber irref\u00fchrende Ergebnisse liefern, da sie nur die oberste Schicht messen. F\u00fcr eine pr\u00e4zise Aush\u00e4rtung empfehlen wir die Verwendung eines Ringthermometers oder eines Ringthermometers, um sicherzustellen, dass der Kern der Tintenschicht 160 \u00b0C erreicht.<\/p>\n<p class=\"ng-star-inserted\"><strong class=\"ng-star-inserted\"><span class=\"ng-star-inserted\">Testen Ihrer Ausdrucke:<\/span><\/strong><\/p>\n<ul class=\"ng-star-inserted\">\n<li class=\"ng-star-inserted\">Dehnungstest: Nach dem Abk\u00fchlen den Druck auf etwa zwei Drittel der normalen Dehnbarkeit des Kleidungsst\u00fccks dehnen. Wenn die Farbe verl\u00e4uft und sich nicht zusammenzieht, deutet dies auf eine unvollst\u00e4ndige Aush\u00e4rtung hin.<\/li>\n<li class=\"ng-star-inserted\">Waschtest: F\u00fcr einen aussagekr\u00e4ftigen Test waschen Sie das Kleidungsst\u00fcck 5-10 Mal. Schlecht fixierte Drucke k\u00f6nnen sich bereits nach 1-3 W\u00e4schen abnutzen.<\/li>\n<li class=\"ng-star-inserted\">Profi-Tipp: F\u00fchren Sie vor Produktionsbeginn immer einen Dehnungs- und Waschtest an einem Musterkleidungsst\u00fcck durch, um die optimalen Aush\u00e4rtungseinstellungen zu best\u00e4tigen. Falls der Test fehlschl\u00e4gt, verl\u00e4ngern Sie die Behandlungszeit.<\/li>\n<\/ul>\n<p class=\"ng-star-inserted\"><strong class=\"ng-star-inserted\"><span class=\"ng-star-inserted\">Aufr\u00e4umarbeiten:<\/span><\/strong><\/p>\n<p>Mit Shaliteink ist die Reinigung nach einem Druckvorgang ganz einfach.<\/p>\n<ul>\n<li>An der Druckmaschine: Verwenden Sie ein spezielles Plastisol-Druckreiniger oder einen Farbentferner.<\/li>\n<li>Im Sp\u00fclbecken: Verwenden Sie Plastisol Screen Wash oder Ink Degradant f\u00fcr eine gr\u00fcndliche Reinigung des Siebs.<\/li>\n<\/ul>\n<p class=\"ng-star-inserted\"><strong class=\"ng-star-inserted\"><span class=\"ng-star-inserted\"><img decoding=\"async\" class=\"aligncenter wp-image-4031 size-large\" src=\"https:\/\/shaliteink.com\/wp-content\/uploads\/2025\/04\/Fluorescent-Red-Screen-Printing-Plastisol-Ink-1-1024x683.jpg\" alt=\"Fluoreszierende rote Plastisol-Siebdrucktinte\" width=\"1024\" height=\"683\" srcset=\"https:\/\/shaliteink.com\/wp-content\/uploads\/2025\/04\/Fluorescent-Red-Screen-Printing-Plastisol-Ink-1-1024x683.jpg 1024w, https:\/\/shaliteink.com\/wp-content\/uploads\/2025\/04\/Fluorescent-Red-Screen-Printing-Plastisol-Ink-1-300x200.jpg 300w, https:\/\/shaliteink.com\/wp-content\/uploads\/2025\/04\/Fluorescent-Red-Screen-Printing-Plastisol-Ink-1-768x512.jpg 768w, https:\/\/shaliteink.com\/wp-content\/uploads\/2025\/04\/Fluorescent-Red-Screen-Printing-Plastisol-Ink-1-1536x1024.jpg 1536w, https:\/\/shaliteink.com\/wp-content\/uploads\/2025\/04\/Fluorescent-Red-Screen-Printing-Plastisol-Ink-1-2048x1365.jpg 2048w, https:\/\/shaliteink.com\/wp-content\/uploads\/2025\/04\/Fluorescent-Red-Screen-Printing-Plastisol-Ink-1-18x12.jpg 18w, https:\/\/shaliteink.com\/wp-content\/uploads\/2025\/04\/Fluorescent-Red-Screen-Printing-Plastisol-Ink-1-1200x800.jpg 1200w, https:\/\/shaliteink.com\/wp-content\/uploads\/2025\/04\/Fluorescent-Red-Screen-Printing-Plastisol-Ink-1-150x100.jpg 150w\" sizes=\"(max-width: 1024px) 100vw, 1024px\" \/>Speicherinformationen:<\/span><\/strong><\/p>\n<p>Um die Qualit\u00e4t und Haltbarkeit Ihrer Plastisolfarbe zu erhalten, lagern Sie sie bei Raumtemperatur, idealerweise zwischen 18 und 32 \u00b0C. Vermeiden Sie l\u00e4ngere direkte Sonneneinstrahlung und Temperaturen \u00fcber 32 \u00b0C, da die Farbe im Beh\u00e4lter sonst aush\u00e4rten kann.<\/p>\n<p>Hinweis: Alle Farben sind ann\u00e4hernd und k\u00f6nnen je nach Monitoreinstellung abweichen. F\u00fcr optimale Ergebnisse auf dunklen Stoffen empfehlen wir dringend, mit einer wei\u00dfen Grundierung zu drucken.<\/p>\n<p>&nbsp;<\/p>","protected":false},"excerpt":{"rendered":"<p>Werten Sie Ihre Siebdruckprojekte mit Shaliteink Fluorescent Red Siebdruck-Plastisolfarbe auf. Als weltweit f\u00fchrender Hersteller mit \u00fcber 20 Jahren Erfahrung liefert Shaliteink Ihnen Premium-Plastisolfarben direkt ab Werk. In Zusammenarbeit mit weltbekannten Marken bieten wir Ihnen eine Farbe, die leuchtende Farben, herausragende Leistung und einfache Anwendung vereint. Dieses brillante Fluoreszenzrot ist ideal, um Ihre Designs optimal zur Geltung zu bringen und sicherzustellen, dass Ihre Drucke immer wieder die Blicke auf sich ziehen.<\/p>","protected":false},"featured_media":1499,"comment_status":"open","ping_status":"closed","template":"","meta":[],"product_brand":[],"product_cat":[39],"product_tag":[],"class_list":{"0":"post-1276","1":"product","2":"type-product","3":"status-publish","4":"has-post-thumbnail","6":"product_cat-plastisol-ink","8":"first","9":"instock","10":"shipping-taxable","11":"purchasable","12":"product-type-variable"},"tiered_pricing_type":"fixed","tiered_pricing_fixed_rules":[],"tiered_pricing_product_settings":{"layout":"default","base_unit_name":{"singular":null,"plural":null},"default_variation":null},"tiered_pricing_minimum_quantity":null,"tiered_pricing_roles_data":[],"tiered_pricing_percentage_rules":[],"tiered_pricing_maximum_quantity":null,"tiered_pricing_quantity_step":null,"_links":{"self":[{"href":"https:\/\/shaliteink.com\/de\/wp-json\/wp\/v2\/product\/1276","targetHints":{"allow":["GET"]}}],"collection":[{"href":"https:\/\/shaliteink.com\/de\/wp-json\/wp\/v2\/product"}],"about":[{"href":"https:\/\/shaliteink.com\/de\/wp-json\/wp\/v2\/types\/product"}],"replies":[{"embeddable":true,"href":"https:\/\/shaliteink.com\/de\/wp-json\/wp\/v2\/comments?post=1276"}],"version-history":[{"count":0,"href":"https:\/\/shaliteink.com\/de\/wp-json\/wp\/v2\/product\/1276\/revisions"}],"wp:featuredmedia":[{"embeddable":true,"href":"https:\/\/shaliteink.com\/de\/wp-json\/wp\/v2\/media\/1499"}],"wp:attachment":[{"href":"https:\/\/shaliteink.com\/de\/wp-json\/wp\/v2\/media?parent=1276"}],"wp:term":[{"taxonomy":"product_brand","embeddable":true,"href":"https:\/\/shaliteink.com\/de\/wp-json\/wp\/v2\/product_brand?post=1276"},{"taxonomy":"product_cat","embeddable":true,"href":"https:\/\/shaliteink.com\/de\/wp-json\/wp\/v2\/product_cat?post=1276"},{"taxonomy":"product_tag","embeddable":true,"href":"https:\/\/shaliteink.com\/de\/wp-json\/wp\/v2\/product_tag?post=1276"}],"curies":[{"name":"wp","href":"https:\/\/api.w.org\/{rel}","templated":true}]}}